{"id":746,"date":"2021-04-22T12:48:19","date_gmt":"2021-04-22T12:48:19","guid":{"rendered":"https:\/\/blogs2.abo.fi\/hyvinvoivahoiva-opas\/?page_id=746"},"modified":"2022-07-01T10:25:06","modified_gmt":"2022-07-01T10:25:06","slug":"resilienssi","status":"publish","type":"page","link":"https:\/\/blogs2.abo.fi\/hyvinvoivahoiva-opas\/tyontekija-oman-hyvinvointinsa-kehittajana\/resilienssi\/","title":{"rendered":"Resilienssi"},"content":{"rendered":"<p><strong>Teksti: Bodil Julin, Yrkesh\u00f6gskolan Novia<\/strong><\/p>\n<p>Resilienssi\u00e4 kuvataan usein ominaisuutena, jolla k\u00e4sittelemme vastoink\u00e4ymisi\u00e4 ja johon vaikuttavat sosiaaliset, kulttuuriset ja henkiset tekij\u00e4t. Se on my\u00f6s ominaisuus, jota voimme vahvistaa ja kehitt\u00e4\u00e4 koko el\u00e4m\u00e4mme ajan.<\/p>\n<p>Resilienssill\u00e4 kuvataan siis yksil\u00f6n kyky\u00e4 k\u00e4sitell\u00e4 vastoink\u00e4ymisi\u00e4, psyykkist\u00e4 painetta tai esimerkiksi stressaavia ty\u00f6tilanteita ja kyky\u00e4 toipua niist\u00e4. K\u00e4site pit\u00e4\u00e4 sis\u00e4ll\u00e4\u00e4n viisi ulottuvuutta:<\/p>\n<ol>\n<li>Mielenrauha (terve ja tasapainoinen n\u00e4kemys el\u00e4m\u00e4st\u00e4).<\/li>\n<li>Kest\u00e4vyys (halu selvit\u00e4 vastoink\u00e4ymisist\u00e4 ja sopeutua el\u00e4m\u00e4n eri vaiheisiin).<\/li>\n<li>Itseluottamus (usko itseen ja omiin kykyihin).<\/li>\n<li>Eksistentiaalinen yksin\u00e4isyys (jokainen ihminen on ainutlaatuinen ja selvi\u00e4\u00e4 vastoink\u00e4ymisist\u00e4 yksin ja yhdess\u00e4 toisten kanssa).<\/li>\n<li>Mielekkyys (kyky n\u00e4hd\u00e4 el\u00e4m\u00e4n ja sen mukanaan tuoman merkitys).<\/li>\n<\/ol>\n<p>Vanhustenhuollossa ty\u00f6skentely on vaativaa ty\u00f6t\u00e4. Henkil\u00f6st\u00f6n suuren vaihtuvuuden lis\u00e4ksi p\u00e4tev\u00e4n henkil\u00f6st\u00f6n puute ja vaativat ty\u00f6teht\u00e4v\u00e4t nostavat stressiin liittyvien oireiden, uupumisen ja loppuunpalamisen riski\u00e4. Vaativista olosuhteista huolimatta on kuitenkin mahdollista kehitt\u00e4\u00e4 resilienssi\u00e4 ja parantaa hoitohenkil\u00f6st\u00f6n hyvinvointia, niin yksil\u00f6n kuin organisaation tasolla. Ohjaus, reflektointi, t\u00e4ydennyskoulutus, harjoitukset ja ty\u00f6n ja vapaa-ajan tasapaino ovat hoitajien resilienssi\u00e4 ja hyvinvointia edist\u00e4vi\u00e4 toimia. T\u00e4rkeit\u00e4 tekij\u00f6it\u00e4 organisaation tasolla ovat tukea tarjoava ty\u00f6ymp\u00e4rist\u00f6, hyv\u00e4 johtajuus sek\u00e4 stressioireiden tunnistamista edist\u00e4v\u00e4 tiet\u00e4mys ja eri tavat k\u00e4sitell\u00e4 stressi\u00e4. Resilienssin tunteminen antaa hoitajalle valmiuksia k\u00e4sitell\u00e4 ty\u00f6per\u00e4ist\u00e4 stressi\u00e4 ja ehk\u00e4ist\u00e4 uupumusta. Reflektointi, kollegoiden v\u00e4liset keskustelut ja ohjatut ty\u00f6pajat auttavat hoitajia kehitt\u00e4m\u00e4\u00e4n resilienssi\u00e4 ja edist\u00e4m\u00e4\u00e4n hyvinvointia niin yksil\u00f6n tasolla kuin koko ty\u00f6yhteis\u00f6ss\u00e4, mik\u00e4 puolestaan edist\u00e4\u00e4 potilaiden ja asiakkaiden hyvinvointia.<\/p>\n<p>Resilienssi on ominaisuus, jota voi vahvistaa ja kehitt\u00e4\u00e4 yksil\u00f6n tasolla, ty\u00f6yhteis\u00f6ss\u00e4 ja hoiva- ja hoitoty\u00f6ss\u00e4. Resilienssitiet\u00e4myst\u00e4 lis\u00e4\u00e4m\u00e4ll\u00e4 keskustelujen ja harjoitusten avulla hoitaja voi kehitt\u00e4\u00e4 sek\u00e4 omaa ett\u00e4 hoitotiimins\u00e4 resilienssi\u00e4. Vahvat sosiaaliset suhteet ty\u00f6yhteis\u00f6n sis\u00e4ll\u00e4 ovat laadukkaan hoitoty\u00f6n ja terveellisen ty\u00f6ymp\u00e4rist\u00f6n keski\u00f6ss\u00e4. Hoitaja voi hy\u00f6dynt\u00e4\u00e4 resilienssi\u00e4 my\u00f6s hoitoty\u00f6ss\u00e4\u00e4n i\u00e4kk\u00e4iden potilaiden ja asiakkaiden parissa keskittym\u00e4ll\u00e4 sairaudelta suojaaviin tekij\u00f6ihin.<\/p>\n<h3>Haluatko testata omaa resilienssi\u00e4si?<\/h3>\n<p><em>Recilience Scale (RS)<\/em><\/p>\n<p>Jokaista v\u00e4itt\u00e4m\u00e4\u00e4 arvioidaan asteikolla yhdest\u00e4 seitsem\u00e4\u00e4n:<\/p>\n<p><strong>1 = Ei yht\u00e4\u00e4n samaa mielt\u00e4.<\/strong><br \/>\n<strong>7 = T\u00e4ysin samaa mielt\u00e4.<\/strong><\/p>\n<p>Merkitse asteikolla 1\u20137, miss\u00e4 m\u00e4\u00e4rin olet samaa mielt\u00e4 kunkin v\u00e4itt\u00e4m\u00e4n kanssa. Laske lopuksi yhteen pisteesi. Mit\u00e4 korkeammat pisteet, sit\u00e4 vahvemmin olet samaa mielt\u00e4 v\u00e4itt\u00e4m\u00e4n kanssa, ja sit\u00e4 korkeampi oma resilienssisi on.<\/p>\n<ul>\n<li>Suunniteltuani jotain aion sen my\u00f6s toteuttaa.<\/li>\n<li>Yleens\u00e4 selviydyn tavalla tai toisella.<\/li>\n<li>Luotan enemm\u00e4n itseeni kuin muihin ihmisiin.<\/li>\n<li>Minulle on t\u00e4rke\u00e4\u00e4 olla kiinnostunut eri asioista.<\/li>\n<li>Pystyn olemaan yksin, jos minun t\u00e4ytyy.<\/li>\n<li>Olen ylpe\u00e4 siit\u00e4, ett\u00e4 olen saavuttanut jotain el\u00e4m\u00e4ss\u00e4ni.<\/li>\n<li>Yleens\u00e4 otan asiat vastaan sellaisina kuin ne ovat.<\/li>\n<li>Tunnen olevani oman itseni yst\u00e4v\u00e4.<\/li>\n<li>Koen pystyv\u00e4ni pit\u00e4m\u00e4\u00e4n samanaikaisesti &#8220;monta rautaa tulessa&#8221;.<\/li>\n<li>Olen p\u00e4\u00e4tt\u00e4v\u00e4inen.<\/li>\n<li>Pohdin harvoin, mik\u00e4 on kaiken pohjimmainen tarkoitus.<\/li>\n<li>El\u00e4n p\u00e4iv\u00e4n kerrallaan.<\/li>\n<li>Selviydyn vaikeista ajoista aiemmin kokemieni vaikeuksien ansiosta.<\/li>\n<li>Minulla on itsekuria.<\/li>\n<li>Suhtaudun uteliaisuudella tuleviin tapahtumiin.<\/li>\n<li>L\u00f6yd\u00e4n yleens\u00e4 jotain aihetta iloon.<\/li>\n<li>Usko itseeni auttaa minut vaikeuksien l\u00e4pi.<\/li>\n<li>H\u00e4t\u00e4tilanteissa olen yleens\u00e4 se, johon ihmisill\u00e4 on tapana luottaa.<\/li>\n<li>Yleens\u00e4 kykenen tarkastelemaan tilanteita monelta eri kantilta.<\/li>\n<li>Joskus pakotan itseni tekem\u00e4\u00e4n asioita riippumatta siit\u00e4, halusinko niit\u00e4 vai en.<\/li>\n<li>El\u00e4m\u00e4ni tuntuu merkitykselliselt\u00e4.<\/li>\n<li>En haudo mieless\u00e4ni asioita, joihin en voi vaikuttaa.<\/li>\n<li>Vaikeissa tilanteissa l\u00f6yd\u00e4n yleens\u00e4 jonkinlaisen ratkaisun.<\/li>\n<li>Minulla on riitt\u00e4v\u00e4sti energiaa velvollisuuksieni hoitamiseksi.<\/li>\n<li>Hyv\u00e4ksyn sen, etteiv\u00e4t kaikki pid\u00e4 minusta.<\/li>\n<\/ul>\n<hr \/>\n<h5>L\u00e4hteet<\/h5>\n<ul>\n<li>Al\u00e9x, L. 2010 Resilience among very old men and women. <i>Journal of Research in Nursing<\/i>.<\/li>\n<li>Brennan, E. 2017. Towards resilience and wellbeing in nurses<i>. British Journal of Nursing<\/i>.<\/li>\n<li>Edward, K. &amp; Hercelinskyj, G. 2017. Burnout in the caring nurse: learning resillent behaviours. <i>British Journal of Nursing<\/i>.<\/li>\n<li>Hornett, M. 2012. Keep calm and carry on: a look at nurse resilience. <i>British Journal of Nursing<\/i>.<\/li>\n<li>Kester, K. &amp; Wei, H. 2018. Building nurse resilience. <i>Nursing management.<\/i><\/li>\n<li>Lipponen, K. 2020. Resilienssi arjessa.<\/li>\n<li>Leverence, K. 2015. Become a more Resilient nurse. <i>ONC Oncology nursing society.<\/i><\/li>\n<li>Lundman mfl. 2007. Recilience Scale (RS). Svensk \u00f6vers\u00e4ttning (k\u00e4\u00e4nn\u00f6s suomeksi Niklas Ollila).<\/li>\n<\/ul>\n<h5><a href=\"http:\/\/blogs2.abo.fi\/hyvinvoivahoiva-opas\/tyontekija-oman-hyvinvointinsa-kehittajana\/\">Takaisin Ty\u00f6ntekij\u00e4 oman hyvinvointinsa kehitt\u00e4j\u00e4n\u00e4 -osioon.<\/a><\/h5>\n","protected":false},"excerpt":{"rendered":"<p>Teksti: Bodil Julin, Yrkesh\u00f6gskolan Novia Resilienssi\u00e4 kuvataan usein ominaisuutena, jolla k\u00e4sittelemme vastoink\u00e4ymisi\u00e4 ja johon vaikuttavat sosiaaliset, kulttuuriset ja henkiset tekij\u00e4t. Se on my\u00f6s ominaisuus, jota voimme vahvistaa ja kehitt\u00e4\u00e4 koko el\u00e4m\u00e4mme ajan. Resilienssill\u00e4 kuvataan siis yksil\u00f6n kyky\u00e4 k\u00e4sitell\u00e4 vastoink\u00e4ymisi\u00e4, psyykkist\u00e4 painetta tai esimerkiksi stressaavia ty\u00f6tilanteita ja kyky\u00e4 toipua niist\u00e4. K\u00e4site pit\u00e4\u00e4 sis\u00e4ll\u00e4\u00e4n viisi ulottuvuutta: Mielenrauha [&hellip;]<\/p>\n","protected":false},"author":469,"featured_media":0,"parent":22,"menu_order":0,"comment_status":"closed","ping_status":"closed","template":"","meta":{"footnotes":""},"class_list":["post-746","page","type-page","status-publish","hentry"],"_links":{"self":[{"href":"https:\/\/blogs2.abo.fi\/hyvinvoivahoiva-opas\/wp-json\/wp\/v2\/pages\/746","targetHints":{"allow":["GET"]}}],"collection":[{"href":"https:\/\/blogs2.abo.fi\/hyvinvoivahoiva-opas\/wp-json\/wp\/v2\/pages"}],"about":[{"href":"https:\/\/blogs2.abo.fi\/hyvinvoivahoiva-opas\/wp-json\/wp\/v2\/types\/page"}],"author":[{"embeddable":true,"href":"https:\/\/blogs2.abo.fi\/hyvinvoivahoiva-opas\/wp-json\/wp\/v2\/users\/469"}],"replies":[{"embeddable":true,"href":"https:\/\/blogs2.abo.fi\/hyvinvoivahoiva-opas\/wp-json\/wp\/v2\/comments?post=746"}],"version-history":[{"count":8,"href":"https:\/\/blogs2.abo.fi\/hyvinvoivahoiva-opas\/wp-json\/wp\/v2\/pages\/746\/revisions"}],"predecessor-version":[{"id":850,"href":"https:\/\/blogs2.abo.fi\/hyvinvoivahoiva-opas\/wp-json\/wp\/v2\/pages\/746\/revisions\/850"}],"up":[{"embeddable":true,"href":"https:\/\/blogs2.abo.fi\/hyvinvoivahoiva-opas\/wp-json\/wp\/v2\/pages\/22"}],"wp:attachment":[{"href":"https:\/\/blogs2.abo.fi\/hyvinvoivahoiva-opas\/wp-json\/wp\/v2\/media?parent=746"}],"curies":[{"name":"wp","href":"https:\/\/api.w.org\/{rel}","templated":true}]}}