{"id":734,"date":"2021-04-21T12:00:30","date_gmt":"2021-04-21T12:00:30","guid":{"rendered":"https:\/\/blogs2.abo.fi\/hyvinvoivahoiva-opas\/?page_id=734"},"modified":"2021-04-26T09:04:37","modified_gmt":"2021-04-26T09:04:37","slug":"ratkaisukeskeinen-suhtautumistapa","status":"publish","type":"page","link":"https:\/\/blogs2.abo.fi\/hyvinvoivahoiva-opas\/tyontekija-oman-hyvinvointinsa-kehittajana\/ratkaisukeskeinen-suhtautumistapa\/","title":{"rendered":"Ratkaisukeskeinen suhtautumistapa"},"content":{"rendered":"<p><strong>Teksti: Camilla Pitk\u00e4nen, Yrkesh\u00f6gskolan Novia<\/strong><\/p>\n<p>Steve de Shazer ja Insoo Kim Berg kehittiv\u00e4t 1980-luvulla ratkaisukeskeisen keskustelumenetelm\u00e4n. Se oli alun perin tarkoitettu terapiamenetelm\u00e4ksi psykoterapeuteille yksitt\u00e4isten asiakkaiden hoitoon. Ratkaisukeskeisen suhtautumistavan juuret ovat systeemiteoriassa. Lyhyesti ilmaistuna menetelm\u00e4ll\u00e4 pyrit\u00e4\u00e4n yhdess\u00e4 l\u00f6yt\u00e4m\u00e4\u00e4n voimavarat jonkin ongelman ratkaisemiseksi pelkk\u00e4\u00e4n ongelmaan keskittymisen sijaan. Perusperiaatteena on, ett\u00e4 jokaisella ihmisell\u00e4 on kyky omistaa oma ratkaisunsa. Vahvuuksien ja voimavarojen k\u00e4sitteist\u00e4 l\u00e4htev\u00e4 ajattelu auttaa l\u00f6yt\u00e4m\u00e4\u00e4n ratkaisuja ongelmiin.<\/p>\n<p>Nyky\u00e4\u00e4n menetelm\u00e4\u00e4 k\u00e4ytet\u00e4\u00e4n yh\u00e4 useammin organisaatioissa ja kouluissa menetelm\u00e4n\u00e4 muutosty\u00f6lle. Ratkaisukeskeinen suhtautumistapa on my\u00f6s ajattelutapa, jonka avulla voimme ongelmien vatvomisen sijaan pohtia, mit\u00e4 oikeastaan haluamme:<\/p>\n<ol>\n<li>Kun tied\u00e4t, mik\u00e4 toimii, k\u00e4yt\u00e4 samaa menetelm\u00e4\u00e4 enemm\u00e4n. T\u00e4ss\u00e4 s\u00e4\u00e4nn\u00f6ss\u00e4 on kyse siit\u00e4, ett\u00e4 tutkitaan tarkasti tilanteita, jotka ovat menneet suunnitellusti, ja mietit\u00e4\u00e4n, mik\u00e4 johti onnistumiseen, jotta sen j\u00e4lkeen voidaan selvitt\u00e4\u00e4, miten saadaan aikaan sama tulos uudelleen.<\/li>\n<li>Kun jokin ei toimi, muuta menetelm\u00e4\u00e4.<\/li>\n<li>\u00c4l\u00e4 yrit\u00e4 korjata mit\u00e4\u00e4n toimivaa.<\/li>\n<\/ol>\n<p>Kun toista ihmist\u00e4 autetaan luomaan tulevaisuuskuvaa tai asettamaan tavoitteita tulee l\u00e4hte\u00e4 liikkeelle henkil\u00f6n vahvuuksista. On t\u00e4rke\u00e4\u00e4 kysy\u00e4, mik\u00e4 ongelma on kyseess\u00e4 ja mit\u00e4 henkil\u00f6 on aiemmin tehnyt sen ratkaisemiseksi, jotta n\u00e4hd\u00e4\u00e4n, millaisia muutoksia henkil\u00f6 toivoo. Ratkaisukeskeinen ty\u00f6skentelytapa merkitsee pyrkimyst\u00e4 pohtia, milt\u00e4 henkil\u00f6n kokema tilanne n\u00e4ytt\u00e4ytyy ongelman pienennytty\u00e4 tai sen poistuttua kokonaan. Jos aamulla her\u00e4tess\u00e4\u00e4n huomaisi, ett\u00e4 ongelma on ratkaistu, miten olisi mahdollistaa tiet\u00e4\u00e4, ett\u00e4 ongelma on todella poissa? Mit\u00e4 silloin huomaisi? T\u00e4m\u00e4 nimenomainen kysymys motivoi keksim\u00e4\u00e4n ratkaisuja, sill\u00e4 toivomme usein, ett\u00e4 asiat el\u00e4m\u00e4ss\u00e4mme olisivat toisin.<\/p>\n<hr \/>\n<h5>L\u00e4hteet<\/h5>\n<ul>\n<li>Berg, I. K., &amp; De Jong, P. (2011). Att bygga l\u00f6sningar \u2013 en l\u00f6sningsfokuserad arbetsmodell (upplaga 3:2). Lund: Studentlitteratur.<\/li>\n<li>De Jong, P., &amp; Berg, I. K. (2013). L\u00f6sningsbyggande samtal, Lund: Studentlitteratur.<\/li>\n<li><a href=\"https:\/\/attention-riks.se\/wp-content\/uploads\/2014\/02\/pdf-projekt-fri-losningsfokus.pdf\" target=\"_blank\" rel=\"noopener\">L\u00f6sningsfokus. Riksf\u00f6rbundet Attention, Fri-projektet. Rapporti avautuu pdf-muodossa uuteen v\u00e4lilehteen).<\/a><\/li>\n<\/ul>\n<p>&nbsp;<\/p>\n<h5><a href=\"http:\/\/blogs2.abo.fi\/hyvinvoivahoiva-opas\/tyontekija-oman-hyvinvointinsa-kehittajana\/\">Takaisin Ty\u00f6ntekij\u00e4 oman hyvinvointinsa kehitt\u00e4j\u00e4n\u00e4 -osioon.<\/a><\/h5>\n","protected":false},"excerpt":{"rendered":"<p>Teksti: Camilla Pitk\u00e4nen, Yrkesh\u00f6gskolan Novia Steve de Shazer ja Insoo Kim Berg kehittiv\u00e4t 1980-luvulla ratkaisukeskeisen keskustelumenetelm\u00e4n. Se oli alun perin tarkoitettu terapiamenetelm\u00e4ksi psykoterapeuteille yksitt\u00e4isten asiakkaiden hoitoon. Ratkaisukeskeisen suhtautumistavan juuret ovat systeemiteoriassa. Lyhyesti ilmaistuna menetelm\u00e4ll\u00e4 pyrit\u00e4\u00e4n yhdess\u00e4 l\u00f6yt\u00e4m\u00e4\u00e4n voimavarat jonkin ongelman ratkaisemiseksi pelkk\u00e4\u00e4n ongelmaan keskittymisen sijaan. Perusperiaatteena on, ett\u00e4 jokaisella ihmisell\u00e4 on kyky omistaa oma ratkaisunsa. [&hellip;]<\/p>\n","protected":false},"author":469,"featured_media":0,"parent":22,"menu_order":0,"comment_status":"closed","ping_status":"closed","template":"","meta":{"footnotes":""},"class_list":["post-734","page","type-page","status-publish","hentry"],"_links":{"self":[{"href":"https:\/\/blogs2.abo.fi\/hyvinvoivahoiva-opas\/wp-json\/wp\/v2\/pages\/734","targetHints":{"allow":["GET"]}}],"collection":[{"href":"https:\/\/blogs2.abo.fi\/hyvinvoivahoiva-opas\/wp-json\/wp\/v2\/pages"}],"about":[{"href":"https:\/\/blogs2.abo.fi\/hyvinvoivahoiva-opas\/wp-json\/wp\/v2\/types\/page"}],"author":[{"embeddable":true,"href":"https:\/\/blogs2.abo.fi\/hyvinvoivahoiva-opas\/wp-json\/wp\/v2\/users\/469"}],"replies":[{"embeddable":true,"href":"https:\/\/blogs2.abo.fi\/hyvinvoivahoiva-opas\/wp-json\/wp\/v2\/comments?post=734"}],"version-history":[{"count":4,"href":"https:\/\/blogs2.abo.fi\/hyvinvoivahoiva-opas\/wp-json\/wp\/v2\/pages\/734\/revisions"}],"predecessor-version":[{"id":759,"href":"https:\/\/blogs2.abo.fi\/hyvinvoivahoiva-opas\/wp-json\/wp\/v2\/pages\/734\/revisions\/759"}],"up":[{"embeddable":true,"href":"https:\/\/blogs2.abo.fi\/hyvinvoivahoiva-opas\/wp-json\/wp\/v2\/pages\/22"}],"wp:attachment":[{"href":"https:\/\/blogs2.abo.fi\/hyvinvoivahoiva-opas\/wp-json\/wp\/v2\/media?parent=734"}],"curies":[{"name":"wp","href":"https:\/\/api.w.org\/{rel}","templated":true}]}}