{"id":574,"date":"2021-04-06T06:38:09","date_gmt":"2021-04-06T06:38:09","guid":{"rendered":"http:\/\/blogs2.abo.fi\/hyvinvoivahoiva-opas\/?page_id=574"},"modified":"2021-04-19T10:41:34","modified_gmt":"2021-04-19T10:41:34","slug":"yhdenvertaisuus-tasa-arvo-ja-syrjinta-laissa","status":"publish","type":"page","link":"https:\/\/blogs2.abo.fi\/hyvinvoivahoiva-opas\/moninaisuus-voimavarana-hoivatyossa\/yhdenvertaisuus-tasa-arvo-ja-syrjinta-laissa\/","title":{"rendered":"Mit\u00e4 yhdenvertaisuus ja syrjim\u00e4tt\u00f6myys k\u00e4yt\u00e4nn\u00f6ss\u00e4 tarkoittaa?"},"content":{"rendered":"<p><strong>Kooste: Mona Riska, Centret f\u00f6r livsl\u00e5ngt l\u00e4rande vid \u00c5bo Akademi<\/strong><\/p>\n<p>Yhdenvertaisuuslaki velvoittaa huomioimaan yhdenvertaisuuden sosiaali- ja terveydenhuollossa, muun muassa huomioimalla asiakkaiden kieli- ja kulttuuritausta. Sen lis\u00e4ksi laki velvoittaa henkil\u00f6st\u00f6\u00e4 ehk\u00e4isem\u00e4\u00e4n kaikentyyppist\u00e4 syrjint\u00e4\u00e4 hoito- ja hoivaty\u00f6ss\u00e4.<\/p>\n<p><em>Syrjint\u00e4\u00e4 on se, ett\u00e4 ihmist\u00e4 kohdellaan perusteettomasti huonommin jonkin henkil\u00f6kohtaisen ominaisuuden perusteella. Yleinen syrjint\u00e4kielto on m\u00e4\u00e4ritelty Suomen perustuslaissa (6 \u00a7). Sen mukaan ihmiset ovat yhdenvertaisia lain edess\u00e4, eik\u00e4 ket\u00e4\u00e4n saa ilman hyv\u00e4ksytt\u00e4v\u00e4\u00e4 perustetta asettaa eri asemaan sukupuolen, i\u00e4n, alkuper\u00e4n, kielen, uskonnon, vakaumuksen, mielipiteen, terveydentilan, vammaisuuden tai muun henkil\u00f6\u00f6n liittyv\u00e4n syyn perusteella. Syrjinn\u00e4st\u00e4 s\u00e4\u00e4det\u00e4\u00e4n tarkemmin tasa-arvo- ja yhdenvertaisuuslaeissa. Syrjint\u00e4 on kielletty\u00e4 riippumatta siit\u00e4, perustuuko se henkil\u00f6\u00e4 itse\u00e4\u00e4n vai jotakuta toista koskevaan tosiseikkaan tai oletukseen. V\u00e4litt\u00f6m\u00e4n ja v\u00e4lillisen syrjinn\u00e4n lis\u00e4ksi lain mukaan syrjint\u00e4\u00e4 on h\u00e4irint\u00e4, kohtuullisten mukautusten ep\u00e4\u00e4minen sek\u00e4 ohje tai k\u00e4sky syrji\u00e4. <\/em><a href=\"https:\/\/thl.fi\/fi\/web\/sukupuolten-tasa-arvo\/sukupuoli\/tasa-arvosanasto\" target=\"_blank\" rel=\"noopener\"><em>L\u00e4hde: THL:n Tasa-arvosanasto (avautuu uuteen v\u00e4lilehteen).<\/em><\/a><\/p>\n<p><strong>Yhdenvertaisuus<\/strong> tarkoittaa sit\u00e4, ett\u00e4 kaikki ihmiset ovat yhdenvertaisia sukupuoleen, ik\u00e4\u00e4n, etniseen tai kansalliseen alkuper\u00e4\u00e4n, kansallisuuteen, kieleen, uskontoon tai muuhun vakaumukseen, mielipiteisiin, vammaisuuteen, terveydentilaan, seksuaaliseen suuntautumiseen tai muuhun henkil\u00f6\u00f6n liittyv\u00e4\u00e4n seikkaan katsomatta. Lains\u00e4\u00e4d\u00e4nn\u00f6ss\u00e4 yhdenvertaisuus m\u00e4\u00e4ritell\u00e4\u00e4n muun muassa perustuslaissa. Tasa-arvolla ja yhdenvertaisuudella viitataan usein eri asioihin. Tasa-arvolla tarkoitetaan usein sukupuolten v\u00e4list\u00e4 tasa-arvoa, kun taas yhdenvertaisuus koskee kaikkia v\u00e4est\u00f6nosia ja yksil\u00f6it\u00e4.<\/p>\n<p><em>Tasa-arvolaki eli viralliselta nimelt\u00e4\u00e4n laki naisten ja miesten v\u00e4lisest\u00e4 tasa-arvosta (609\/1986) kielt\u00e4\u00e4 v\u00e4litt\u00f6m\u00e4n ja v\u00e4lillisen syrjinn\u00e4n sukupuolen perusteella ja velvoittaa edist\u00e4m\u00e4\u00e4n sukupuolten tasa-arvoa. Laki sis\u00e4lt\u00e4\u00e4 my\u00f6s sukupuoliv\u00e4hemmist\u00f6jen syrjint\u00e4suojan sek\u00e4 velvoitteen syrjinn\u00e4n ehk\u00e4isyyn. Tasa-arvolain noudattamista valvovat Suomessa tasa-arvovaltuutettu sek\u00e4 yhdenvertaisuus- ja tasa-arvolautakunta. <\/em><a href=\"https:\/\/thl.fi\/fi\/web\/sukupuolten-tasa-arvo\/sukupuoli\/tasa-arvosanasto\" target=\"_blank\" rel=\"noopener\"><em>L\u00e4hde: THL:n Tasa-arvosanasto (avautuu uuteen v\u00e4lilehteen).<\/em><\/a><\/p>\n<p><strong>Sukupuolten v\u00e4lisell\u00e4 tasa-arvolla<\/strong> tarkoitetaan sukupuolesta riippumattomia samoja oikeuksia ja mahdollisuuksia ja vallan ja resurssien tasapuolista jakautumista. Usein tehd\u00e4\u00e4n ero muodollisen tasa-arvon ja tosiasiallisen tasa-arvon v\u00e4lill\u00e4. Muodolliseen tasa-arvoon kuuluvat syrjim\u00e4tt\u00f6myys sek\u00e4 yht\u00e4l\u00e4iset oikeudet ja yhdenvertainen kohtelu. Tosiasiallisessa tasa-arvossa on kyse konkreettisten tilanteiden tasa-arvoisesta lopputuloksesta. My\u00f6s muut yhteiskunnallista eriarvoisuutta aiheuttavat tekij\u00e4t vaikuttavat tasa-arvoon. Sukupuolten v\u00e4lisen tasa-arvon edist\u00e4miseksi on sen vuoksi t\u00e4rke\u00e4\u00e4 selvitt\u00e4\u00e4 eri tekij\u00f6iden yhteisvaikutusta intersektionaalisen tarkastelun avulla.<\/p>\n<p><em>Klikkaa suurentaaksesi kuvaa.<\/em><\/p>\n<p><span style=\"color: #ff0000\"><a href=\"http:\/\/blogs2.abo.fi\/hyvinvoivahoiva-opas\/wp-content\/uploads\/sites\/178\/2021\/04\/yhdenvcertaisuus-ekvalita.png\"><img loading=\"lazy\" decoding=\"async\" class=\"alignnone size-full wp-image-604\" src=\"http:\/\/blogs2.abo.fi\/hyvinvoivahoiva-opas\/wp-content\/uploads\/sites\/178\/2021\/04\/yhdenvcertaisuus-ekvalita.png\" alt=\"\" width=\"966\" height=\"600\" srcset=\"https:\/\/blogs2.abo.fi\/hyvinvoivahoiva-opas\/wp-content\/uploads\/sites\/178\/2021\/04\/yhdenvcertaisuus-ekvalita.png 966w, https:\/\/blogs2.abo.fi\/hyvinvoivahoiva-opas\/wp-content\/uploads\/sites\/178\/2021\/04\/yhdenvcertaisuus-ekvalita-300x186.png 300w, https:\/\/blogs2.abo.fi\/hyvinvoivahoiva-opas\/wp-content\/uploads\/sites\/178\/2021\/04\/yhdenvcertaisuus-ekvalita-768x477.png 768w\" sizes=\"auto, (max-width: 966px) 100vw, 966px\" \/><\/a><\/span>Yhdenvertaisuus. <em>Kuvan omistaa <a href=\"https:\/\/ekvalita.fi\/\" target=\"_blank\" rel=\"noopener\">Ekvalita<\/a>, jonka luvalla se t\u00e4ss\u00e4 julkaistaan.\u00a0<\/em><\/p>\n<p><strong>Yll\u00e4 oleva kuva havainnollistaa yhdenvertaisuuden eri aspekteja:<\/strong><\/p>\n<ul>\n<li>Sukupuoli-identiteetti.<\/li>\n<li>Ik\u00e4.<\/li>\n<li>Alkuper\u00e4.<\/li>\n<li>Kansallisuus.<\/li>\n<li>Kieli.<\/li>\n<li>Uskonto tai muu el\u00e4m\u00e4nkatsomus.<\/li>\n<li>Vakaumus tai mielipiteet.<\/li>\n<li>Poliittinen toiminta.<\/li>\n<li>Ammattiyhdistystoiminta.<\/li>\n<li>Perhesuhteet.<\/li>\n<li>Terveydentila.<\/li>\n<li>Vammaisuus.<\/li>\n<li>Seksuaalinen suuntautuminen.<\/li>\n<li>Muu henkil\u00f6\u00f6n liittyv\u00e4 syy.<\/li>\n<\/ul>\n<p>&nbsp;<\/p>\n<p>Videomateriaalia yhdenvertaisuudesta ja syrjinn\u00e4st\u00e4. Materiaalin on tuottanut Oikeusministeri\u00f6.<\/p>\n<h5>Yhdenvertaisuus ja syrjim\u00e4tt\u00f6myys: Mit\u00e4 ne tarkoittavat?<\/h5>\n<p><iframe loading=\"lazy\"  id=\"_ytid_20870\"  width=\"580\" height=\"326\"  data-origwidth=\"580\" data-origheight=\"326\" src=\"https:\/\/www.youtube.com\/embed\/whZaFz_8NRM?enablejsapi=1&#038;autoplay=0&#038;cc_load_policy=0&#038;cc_lang_pref=&#038;iv_load_policy=1&#038;loop=0&#038;rel=1&#038;fs=1&#038;playsinline=0&#038;autohide=2&#038;theme=dark&#038;color=red&#038;controls=1&#038;disablekb=0&#038;\" class=\"__youtube_prefs__  epyt-is-override  no-lazyload\" title=\"YouTube player\"  allow=\"fullscreen; accelerometer; autoplay; clipboard-write; encrypted-media; gyroscope; picture-in-picture; web-share\" referrerpolicy=\"strict-origin-when-cross-origin\" allowfullscreen data-no-lazy=\"1\" data-skipgform_ajax_framebjll=\"\"><\/iframe><\/p>\n<h5>Yhdenvertaisuus ja syrjim\u00e4tt\u00f6myys: Omakohtaisia tarinoita.<\/h5>\n<p><iframe loading=\"lazy\"  id=\"_ytid_43085\"  width=\"580\" height=\"326\"  data-origwidth=\"580\" data-origheight=\"326\" src=\"https:\/\/www.youtube.com\/embed\/fCrWDLVxz_4?enablejsapi=1&#038;autoplay=0&#038;cc_load_policy=0&#038;cc_lang_pref=&#038;iv_load_policy=1&#038;loop=0&#038;rel=1&#038;fs=1&#038;playsinline=0&#038;autohide=2&#038;theme=dark&#038;color=red&#038;controls=1&#038;disablekb=0&#038;\" class=\"__youtube_prefs__  epyt-is-override  no-lazyload\" title=\"YouTube player\"  allow=\"fullscreen; accelerometer; autoplay; clipboard-write; encrypted-media; gyroscope; picture-in-picture; web-share\" referrerpolicy=\"strict-origin-when-cross-origin\" allowfullscreen data-no-lazy=\"1\" data-skipgform_ajax_framebjll=\"\"><\/iframe><\/p>\n<p>&nbsp;<\/p>\n<p><a href=\"https:\/\/www.finlex.fi\/fi\/laki\/alkup\/2014\/20141325\" target=\"_blank\" rel=\"noopener\">Yhdenvertaisuuslaki (Finlex avautuu uuteen v\u00e4lilehteen).<\/a><\/p>\n<p><a href=\"https:\/\/www.finlex.fi\/fi\/laki\/alkup\/1986\/19860609\" target=\"_blank\" rel=\"noopener\">Laki naisten ja miesten v\u00e4lisest\u00e4 tasa-arvosta (Finlex avautuu uuteen v\u00e4lilehteen).<\/a><span style=\"color: #ff0000\"><br \/>\n<\/span><\/p>\n<hr \/>\n<h5>L\u00e4hteet:<\/h5>\n<ul>\n<li><a href=\"https:\/\/thl.fi\/fi\/web\/sukupuolten-tasa-arvo\/sukupuoli\/tasa-arvosanasto\" target=\"_blank\" rel=\"noopener\">Tasa-arvosanasto: Terveyden ja hyvinvoinnin laitos (THL) [viite: 15.10.2020] (Avautuu uuteen v\u00e4lilehteen).<\/a><\/li>\n<\/ul>\n<h5><\/h5>\n<h5><a href=\"https:\/\/blogs2.abo.fi\/hyvinvoivahoiva-opas\/moninaisuus-voimavarana-hoivatyossa\/\">Takaisin Moninaisuus voimavarana hoivaty\u00f6ss\u00e4 -osion alkuun.<\/a><\/h5>\n","protected":false},"excerpt":{"rendered":"<p>Kooste: Mona Riska, Centret f\u00f6r livsl\u00e5ngt l\u00e4rande vid \u00c5bo Akademi Yhdenvertaisuuslaki velvoittaa huomioimaan yhdenvertaisuuden sosiaali- ja terveydenhuollossa, muun muassa huomioimalla asiakkaiden kieli- ja kulttuuritausta. Sen lis\u00e4ksi laki velvoittaa henkil\u00f6st\u00f6\u00e4 ehk\u00e4isem\u00e4\u00e4n kaikentyyppist\u00e4 syrjint\u00e4\u00e4 hoito- ja hoivaty\u00f6ss\u00e4. Syrjint\u00e4\u00e4 on se, ett\u00e4 ihmist\u00e4 kohdellaan perusteettomasti huonommin jonkin henkil\u00f6kohtaisen ominaisuuden perusteella. Yleinen syrjint\u00e4kielto on m\u00e4\u00e4ritelty Suomen perustuslaissa (6 \u00a7). [&hellip;]<\/p>\n","protected":false},"author":469,"featured_media":0,"parent":20,"menu_order":0,"comment_status":"closed","ping_status":"closed","template":"","meta":{"footnotes":""},"class_list":["post-574","page","type-page","status-publish","hentry"],"_links":{"self":[{"href":"https:\/\/blogs2.abo.fi\/hyvinvoivahoiva-opas\/wp-json\/wp\/v2\/pages\/574","targetHints":{"allow":["GET"]}}],"collection":[{"href":"https:\/\/blogs2.abo.fi\/hyvinvoivahoiva-opas\/wp-json\/wp\/v2\/pages"}],"about":[{"href":"https:\/\/blogs2.abo.fi\/hyvinvoivahoiva-opas\/wp-json\/wp\/v2\/types\/page"}],"author":[{"embeddable":true,"href":"https:\/\/blogs2.abo.fi\/hyvinvoivahoiva-opas\/wp-json\/wp\/v2\/users\/469"}],"replies":[{"embeddable":true,"href":"https:\/\/blogs2.abo.fi\/hyvinvoivahoiva-opas\/wp-json\/wp\/v2\/comments?post=574"}],"version-history":[{"count":14,"href":"https:\/\/blogs2.abo.fi\/hyvinvoivahoiva-opas\/wp-json\/wp\/v2\/pages\/574\/revisions"}],"predecessor-version":[{"id":722,"href":"https:\/\/blogs2.abo.fi\/hyvinvoivahoiva-opas\/wp-json\/wp\/v2\/pages\/574\/revisions\/722"}],"up":[{"embeddable":true,"href":"https:\/\/blogs2.abo.fi\/hyvinvoivahoiva-opas\/wp-json\/wp\/v2\/pages\/20"}],"wp:attachment":[{"href":"https:\/\/blogs2.abo.fi\/hyvinvoivahoiva-opas\/wp-json\/wp\/v2\/media?parent=574"}],"curies":[{"name":"wp","href":"https:\/\/api.w.org\/{rel}","templated":true}]}}