{"id":50,"date":"2020-12-30T10:26:25","date_gmt":"2020-12-30T10:26:25","guid":{"rendered":"http:\/\/blogs2.abo.fi\/hyvinvoivahoiva-opas\/?page_id=50"},"modified":"2021-03-22T09:39:13","modified_gmt":"2021-03-22T09:39:13","slug":"tyohyvinvoinnin-kehittaminen","status":"publish","type":"page","link":"https:\/\/blogs2.abo.fi\/hyvinvoivahoiva-opas\/mita-on-tyohyvinvointi\/tyohyvinvoinnin-kehittaminen\/","title":{"rendered":"Ty\u00f6hyvinvoinnin kehitt\u00e4minen"},"content":{"rendered":"<p><strong>Teksti ja kuvio: <\/strong><strong>Kirsi Nurminen, Tampereen yliopisto<br \/>\n<\/strong><\/p>\n<p>Ty\u00f6hyvinvoinnin kehitt\u00e4misen pohjaksi tarvitaan tietoa ty\u00f6paikan ty\u00f6hyvinvoinnin tilasta. T\u00e4m\u00e4n tiedon saamiseksi voidaan hy\u00f6dynt\u00e4\u00e4 erilaisia l\u00e4hteit\u00e4 ja mittareita. Kehitt\u00e4misen on hyv\u00e4 tapahtua osallistavasti. Aluksi luodaan yhteinen ymm\u00e4rrys ty\u00f6hyvinvoinnin l\u00e4ht\u00f6tilanteesta. T\u00e4m\u00e4n j\u00e4lkeen pohditaan yhdess\u00e4 tavoitteet, toimenpiteet ja tehd\u00e4\u00e4n ty\u00f6hyvinvointisuunnitelma. Suunnitelman toteutumista seurataan ja verrataan organisaation strategisiin tavoitteisiin. Ty\u00f6hyvinvoinnin suunnitelmallinen kehitt\u00e4minen johtaa parhaimmillaan sek\u00e4 henkil\u00f6st\u00f6n hyvinvointiin ett\u00e4 tulokselliseen toimintaan.<\/p>\n<p><em>Klikkaa suurentaaksesi kuviota.<\/em><\/p>\n<p><a href=\"http:\/\/blogs2.abo.fi\/hyvinvoivahoiva-opas\/wp-content\/uploads\/sites\/178\/2021\/01\/A_Ty\u00f6hyvinvoinnin-kehitt\u00e4minen_graf.jpg\"><img loading=\"lazy\" decoding=\"async\" class=\"aligncenter size-full wp-image-228\" src=\"http:\/\/blogs2.abo.fi\/hyvinvoivahoiva-opas\/wp-content\/uploads\/sites\/178\/2021\/01\/A_Ty\u00f6hyvinvoinnin-kehitt\u00e4minen_graf.jpg\" alt=\"\" width=\"2198\" height=\"1256\" srcset=\"https:\/\/blogs2.abo.fi\/hyvinvoivahoiva-opas\/wp-content\/uploads\/sites\/178\/2021\/01\/A_Ty\u00f6hyvinvoinnin-kehitt\u00e4minen_graf.jpg 2198w, https:\/\/blogs2.abo.fi\/hyvinvoivahoiva-opas\/wp-content\/uploads\/sites\/178\/2021\/01\/A_Ty\u00f6hyvinvoinnin-kehitt\u00e4minen_graf-300x171.jpg 300w, https:\/\/blogs2.abo.fi\/hyvinvoivahoiva-opas\/wp-content\/uploads\/sites\/178\/2021\/01\/A_Ty\u00f6hyvinvoinnin-kehitt\u00e4minen_graf-768x439.jpg 768w, https:\/\/blogs2.abo.fi\/hyvinvoivahoiva-opas\/wp-content\/uploads\/sites\/178\/2021\/01\/A_Ty\u00f6hyvinvoinnin-kehitt\u00e4minen_graf-1024x585.jpg 1024w, https:\/\/blogs2.abo.fi\/hyvinvoivahoiva-opas\/wp-content\/uploads\/sites\/178\/2021\/01\/A_Ty\u00f6hyvinvoinnin-kehitt\u00e4minen_graf-1200x686.jpg 1200w, https:\/\/blogs2.abo.fi\/hyvinvoivahoiva-opas\/wp-content\/uploads\/sites\/178\/2021\/01\/A_Ty\u00f6hyvinvoinnin-kehitt\u00e4minen_graf-1980x1131.jpg 1980w\" sizes=\"auto, (max-width: 2198px) 100vw, 2198px\" \/><\/a><em>L\u00e4hde: Manka &amp; Bordi (toim.): Tosiel\u00e4m\u00e4n ty\u00f6hyvinvointia \u2013 ratkaisuja &amp; kokemuksia, 2014<\/em><\/p>\n<p><a href=\"http:\/\/blogs2.abo.fi\/hyvinvoivahoiva-opas\/wp-content\/uploads\/sites\/178\/2021\/03\/Tyohyvinvoinnin-kehittaminen_mediavastine-1.pdf\" target=\"_blank\" rel=\"noopener\">Ty\u00f6hyvinvoinnin kehitt\u00e4minen -kuvion saavutettava mediavastine pdf-muodossa.<\/a><\/p>\n<p>Jokaisella organisaatiolla on omat strategiset tavoitteensa ja painopisteens\u00e4. Siksi jokaisen organisaation tulee pohtia itse, mink\u00e4laisia henkil\u00f6st\u00f6voimavaroja se tarvitsee, jotta strategiset tavoitteet voidaan saavuttaa. Lis\u00e4ksi organisaation tulee p\u00e4\u00e4tt\u00e4\u00e4 itse, mink\u00e4laisia mittareita se tarvitsee, jotta niill\u00e4 voidaan arvioida henkil\u00f6st\u00f6voimavarojen arvoa ja ty\u00f6hyvinvoinnin kehittymist\u00e4 sek\u00e4 seurata strategisten tavoitteiden saavuttamista.<\/p>\n<p>Henkil\u00f6st\u00f6n ja sen hyvinvoinnin tilasta on hyv\u00e4 saada jatkuvasti informaatiota. Varsin paljon k\u00e4ytettyj\u00e4 ovat tunnusluvut, jotka kertovat m\u00e4\u00e4r\u00e4llisesti toiminnasta ja jo syntyneist\u00e4 ongelmista kuten sairauspoissaolot, varhaista el\u00e4k\u00f6itymist\u00e4 koskevat tiedot ja ty\u00f6tapaturmien sattuma taajuus. N\u00e4it\u00e4 tunnuslukuja voitaisiin katsoa my\u00f6s my\u00f6nteisest\u00e4 n\u00e4k\u00f6kulmasta: mik\u00e4 on l\u00e4sn\u00e4oloprosentti, kuinka suuri osa ty\u00f6ntekij\u00f6ist\u00e4 on ollut vuoden aikana terveit\u00e4 ja mink\u00e4laisia turvallisuushavaintoja on tehty.<\/p>\n<p>Toimintaa kuvaavien m\u00e4\u00e4r\u00e4llisten tunnuslukujen rinnalle on hyv\u00e4 l\u00f6yt\u00e4\u00e4 toiminnan laadusta ja vaikuttavuudesta kertovia tunnuslukuja. N\u00e4iden tunnuslukujen perusteella voidaan ennakoida tulevia riskej\u00e4 ja ehk\u00e4ist\u00e4 niiden syntymist\u00e4. T\u00e4llaisia tunnuslukuja ovat esimerkiksi ty\u00f6hyvinvointi kartoitusten kysymyksist\u00e4 tehdyt indeksit ja niihin liittyv\u00e4t yksitt\u00e4iset muuttujat kuten sosiaalinen p\u00e4\u00e4oma.<br \/>\nKer\u00e4tty\u00e4 tietoa on tulkittava, jotta havaitaan jo olemassa olevat ongelmat, mahdolliset tulevat riskit ja haasteet sek\u00e4 asiat, jotka ovat t\u00e4ll\u00e4 hetkell\u00e4 hyvin. Tulkintojen pohjalta laaditaan ty\u00f6hyvinvointisuunnitelma, jolla tartutaan havaittuihin ongelmiin ja haasteisiin. Ty\u00f6hyvinvointisuunnitelman tekeminen mahdollistaa ty\u00f6hyvinvoinnin kytkemisen organisaation strategisiin tavoitteisiin: mit\u00e4 strategisten tavoitteiden saavuttaminen edellytt\u00e4\u00e4 henkil\u00f6st\u00f6n fyysiselt\u00e4 ja psyykkiselt\u00e4 kunnosta ja mill\u00e4 toimenpiteill\u00e4 niit\u00e4 voidaan kehitt\u00e4\u00e4, jotta tavoitteet saavutetaan.<\/p>\n<p>Ty\u00f6hyvinvointisuunnitelma voi muodostua kehitt\u00e4miskohteiden valinnasta ja kuvauksesta, toimenpiteist\u00e4, joilla ongelmiin ja haasteisiin tartutaan, vastuista, aikataulusta ja seurannasta. Usein kehitt\u00e4misen kohteita ja niihin suunnattuja toimenpiteit\u00e4 kannattaa priorisoida, koska kovin montaa kohdetta ei voi kehitt\u00e4\u00e4 samanaikaisesti.<\/p>\n<p>Ty\u00f6hyvinvointisuunnitelmaa laadittaessa on t\u00e4rke\u00e4\u00e4, ett\u00e4 toimenpiteet ovat tarpeeksi konkreettisia ja ett\u00e4 niill\u00e4 on vastuuhenkil\u00f6t ja aikataulut. Lis\u00e4ksi on t\u00e4rke\u00e4\u00e4, ett\u00e4 toimenpiteiden arvioinnista ja seurannasta on sovittu. Ty\u00f6hyvinvointisuunnitelma on lis\u00e4ksi hyv\u00e4 tarkistaa vuosittain.<br \/>\nPelkk\u00e4 suunnitelma ei kuitenkaan takaa, ett\u00e4 toimenpiteet siirtyv\u00e4t k\u00e4yt\u00e4nt\u00f6\u00f6n, vaan niiden toteuttamista on seurattava pitkin vuotta. Kun toimenpiteet on toteutettu, arvioidaan, miten hyvin niiden toteuttamisessa on onnistuttu ja miten hyvin asetetut tavoitteet on saavutettu. Toteutettujen kehitt\u00e4mistoimenpiteiden vaikuttavuuden vertailu organisaation strategisiin tavoitteisiin voi tapahtua esimerkiksi vuosittain laadittavassa henkil\u00f6st\u00f6kertomuksessa.<\/p>\n<h4>Esimerkki: K\u00e4yt\u00e4nn\u00f6n ohjeet ty\u00f6hyvinvointisuunnitelman tekemisest\u00e4<\/h4>\n<p>Ty\u00f6yhteis\u00f6n hyvinvointia voidaan kehitt\u00e4\u00e4 yhdess\u00e4 pohtimalla, mik\u00e4 lis\u00e4isi hyvinvointia sen sijaan, ett\u00e4 valitetaan yhdess\u00e4 sit\u00e4, mik\u00e4 on vialla. Taustaksi henkil\u00f6st\u00f6lle on hyv\u00e4 kertoa seurattavien tunnuslukujen pohjalta tehty tulkinta ty\u00f6hyvinvoinnin tilasta. Ty\u00f6hyvinvointia lis\u00e4\u00e4vien tavoitteiden ja toimenpiteiden pohdinnassa voi k\u00e4ytt\u00e4\u00e4 apuna esimerkiksi seuraavaa keskustelumenetelm\u00e4\u00e4:<\/p>\n<p><strong>1)<\/strong> Kukin ty\u00f6yhteis\u00f6n j\u00e4sen pohtii omalta kohdaltaan, mik\u00e4 lis\u00e4isi omaa ty\u00f6hyvinvointia. Pohdinnan voi kohdistaa esimerkiksi ty\u00f6paikkaan organisaationa, johtamiseen ja esimiesty\u00f6h\u00f6n, ty\u00f6ymp\u00e4rist\u00f6n toimivuuteen, ty\u00f6n sis\u00e4lt\u00f6\u00f6n, ty\u00f6yhteis\u00f6n ilmapiiriin ja yhteisty\u00f6h\u00f6n sek\u00e4 henkil\u00f6kohtaisiin keinoihin vaikuttaa omaan ty\u00f6hyvinvointiin. Ehdotukset ty\u00f6hyvinvointia lis\u00e4\u00e4vist\u00e4 asioista kirjoitetaan papereille tai tarralapuille \u2013 yksi ehdotus yhdelle paperille. Lopuksi paperit kiinnitet\u00e4\u00e4n sein\u00e4lle muiden n\u00e4ht\u00e4v\u00e4ksi. Kukin voi kirjoittaa niin monta ehdotusta kuin vain keksii.<\/p>\n<p><strong>2)<\/strong> K\u00e4yd\u00e4\u00e4n kirjoitetut ehdotukset yhdess\u00e4 l\u00e4pi ja luokitellaan samalla samansis\u00e4lt\u00f6iset ehdotukset yhteen.<\/p>\n<p><strong>3)<\/strong> Valitaan luokitelluista ehdotuksista 3\u20134 t\u00e4rkeint\u00e4 esimerkiksi \u00e4\u00e4nest\u00e4m\u00e4ll\u00e4 siten, ett\u00e4 jokainen ty\u00f6yhteis\u00f6n j\u00e4sen saa k\u00e4ytt\u00e4\u00e4 kolme \u00e4\u00e4nt\u00e4. Kukin voi antaa omat \u00e4\u00e4nens\u00e4 piirt\u00e4m\u00e4ll\u00e4 viivat sein\u00e4ll\u00e4 oleviin ehdotuspapereihin. Eniten \u00e4\u00e4ni\u00e4 saaneet ty\u00f6hyvinvointia parantavat asiat muutetaan ty\u00f6hyvinvoinnin kehitt\u00e4misen tavoitteiksi.<\/p>\n<p><strong>4)<\/strong> Jatkok\u00e4sittelyss\u00e4 ty\u00f6stet\u00e4\u00e4n valittuja tavoitteita joko kaikki yhdess\u00e4 tai pienryhmiss\u00e4 seuraavien kysymysten avulla:<\/p>\n<ul>\n<li>Mit\u00e4 hy\u00f6ty\u00e4 olisi kunkin tavoitteen toteutumisesta itselle\/ty\u00f6nantajalle\/asiakkaalle?\u00a0Mit\u00e4 enemm\u00e4n hy\u00f6tyj\u00e4 on l\u00f6ydett\u00e4viss\u00e4, sit\u00e4 helpommin kaikki sitoutuvat tavoitteeseen.<\/li>\n<li>Mik\u00e4 est\u00e4\u00e4 tavoitteiden toteutumista? Mitk\u00e4 ovat karikoita ja huolenaiheita? Mill\u00e4 keinoin n\u00e4m\u00e4 ovat v\u00e4ltett\u00e4viss\u00e4?<\/li>\n<li>Mit\u00e4 tietoa, taitoa ja tukea tarvitaan, jotta tavoitteet toteutuisivat?<\/li>\n<li>Mill\u00e4 konkreettisilla toimenpiteill\u00e4 tavoitteisiin p\u00e4\u00e4st\u00e4\u00e4n? Kuka voi tehd\u00e4 n\u00e4it\u00e4 toimenpiteit\u00e4 ja mill\u00e4 aikataululla?<\/li>\n<\/ul>\n<p>Edell\u00e4 kuvatulla ns. Tiikerinloikka -keskustelumenetelm\u00e4ll\u00e4 saadaan luotua ty\u00f6hyvinvointisuunnitelman tavoitteet ja toimenpiteet sek\u00e4 vastuut ja aikataulu.<\/p>\n<p><em>L\u00e4hde: Marja-Liisa Manka: Tiikerinloikka ty\u00f6niloon ja menestykseen, 2006<\/em><\/p>\n<p><a href=\"http:\/\/blogs2.abo.fi\/hyvinvoivahoiva-opas\/wp-content\/uploads\/sites\/178\/2021\/02\/K\u00e4yt\u00e4nn\u00f6n-ohjeet-ty\u00f6hyvinvointisuunnitelman-tekemisest\u00e4.pdf\" target=\"_blank\" rel=\"noopener noreferrer\"> Lataa t\u00e4st\u00e4 helposti tulostettavat K\u00e4yt\u00e4nn\u00f6n ohjeet ty\u00f6hyvinvointisuunnitelman tekemisest\u00e4 pdf-muodossa.<\/a><\/p>\n<hr \/>\n<h5>L\u00e4hteet<\/h5>\n<ul>\n<li>Marja-Liisa Manka, Marjut Manka: Ty\u00f6hyvinvointi, 2016<\/li>\n<li>Jaana-Piia M\u00e4kiniemi, Kirsi Heikkil\u00e4-Tammi, Marja-Liisa Manka: Miten kuntaesimies voi parantaa ty\u00f6hyvinvointia? 2015<\/li>\n<li>Marja-Liisa Manka &amp; Laura Bordi (toim.): Tosiel\u00e4m\u00e4n ty\u00f6hyvinvointia \u2013 ratkaisuja &amp; kokemuksia, 2014<\/li>\n<li>Marja-Liisa Manka, Kirsi Heikkil\u00e4-Tammi, Anne Vauhkonen: Ty\u00f6hyvinvointi ja tuloksellisuus \u2013 henkil\u00f6st\u00f6n arvoa kuvaavat tunnusluvut johtamisen tukena kunnissa, 2012<\/li>\n<li>Marja-Liisa Manka, Liisa Hakala: Henkil\u00f6st\u00f6tunnusluvut johtamisen tukena \u2013 tukea tuottavuuden ja ty\u00f6yhteis\u00f6n hyvinvoinnin kehitt\u00e4miseen, 2011<\/li>\n<\/ul>\n<h5><a href=\"http:\/\/blogs2.abo.fi\/hyvinvoivahoiva-opas\/mita-on-tyohyvinvointi\/\">Takaisin Mit\u00e4 on ty\u00f6hyvinvointi? -osion alkuun.<\/a><\/h5>\n","protected":false},"excerpt":{"rendered":"<p>Teksti ja kuvio: Kirsi Nurminen, Tampereen yliopisto Ty\u00f6hyvinvoinnin kehitt\u00e4misen pohjaksi tarvitaan tietoa ty\u00f6paikan ty\u00f6hyvinvoinnin tilasta. T\u00e4m\u00e4n tiedon saamiseksi voidaan hy\u00f6dynt\u00e4\u00e4 erilaisia l\u00e4hteit\u00e4 ja mittareita. Kehitt\u00e4misen on hyv\u00e4 tapahtua osallistavasti. Aluksi luodaan yhteinen ymm\u00e4rrys ty\u00f6hyvinvoinnin l\u00e4ht\u00f6tilanteesta. T\u00e4m\u00e4n j\u00e4lkeen pohditaan yhdess\u00e4 tavoitteet, toimenpiteet ja tehd\u00e4\u00e4n ty\u00f6hyvinvointisuunnitelma. Suunnitelman toteutumista seurataan ja verrataan organisaation strategisiin tavoitteisiin. Ty\u00f6hyvinvoinnin suunnitelmallinen kehitt\u00e4minen [&hellip;]<\/p>\n","protected":false},"author":469,"featured_media":0,"parent":18,"menu_order":0,"comment_status":"closed","ping_status":"closed","template":"","meta":{"footnotes":""},"class_list":["post-50","page","type-page","status-publish","hentry"],"_links":{"self":[{"href":"https:\/\/blogs2.abo.fi\/hyvinvoivahoiva-opas\/wp-json\/wp\/v2\/pages\/50","targetHints":{"allow":["GET"]}}],"collection":[{"href":"https:\/\/blogs2.abo.fi\/hyvinvoivahoiva-opas\/wp-json\/wp\/v2\/pages"}],"about":[{"href":"https:\/\/blogs2.abo.fi\/hyvinvoivahoiva-opas\/wp-json\/wp\/v2\/types\/page"}],"author":[{"embeddable":true,"href":"https:\/\/blogs2.abo.fi\/hyvinvoivahoiva-opas\/wp-json\/wp\/v2\/users\/469"}],"replies":[{"embeddable":true,"href":"https:\/\/blogs2.abo.fi\/hyvinvoivahoiva-opas\/wp-json\/wp\/v2\/comments?post=50"}],"version-history":[{"count":15,"href":"https:\/\/blogs2.abo.fi\/hyvinvoivahoiva-opas\/wp-json\/wp\/v2\/pages\/50\/revisions"}],"predecessor-version":[{"id":517,"href":"https:\/\/blogs2.abo.fi\/hyvinvoivahoiva-opas\/wp-json\/wp\/v2\/pages\/50\/revisions\/517"}],"up":[{"embeddable":true,"href":"https:\/\/blogs2.abo.fi\/hyvinvoivahoiva-opas\/wp-json\/wp\/v2\/pages\/18"}],"wp:attachment":[{"href":"https:\/\/blogs2.abo.fi\/hyvinvoivahoiva-opas\/wp-json\/wp\/v2\/media?parent=50"}],"curies":[{"name":"wp","href":"https:\/\/api.w.org\/{rel}","templated":true}]}}