{"id":476,"date":"2021-03-07T12:56:25","date_gmt":"2021-03-07T12:56:25","guid":{"rendered":"http:\/\/blogs2.abo.fi\/hyvinvoivahoiva-opas\/?page_id=476"},"modified":"2021-12-27T09:02:21","modified_gmt":"2021-12-27T09:02:21","slug":"tyoyhteison-sosiaalinen-paaoma","status":"publish","type":"page","link":"https:\/\/blogs2.abo.fi\/hyvinvoivahoiva-opas\/hyvinvoiva-tyoyhteiso\/tyoyhteison-sosiaalinen-paaoma\/","title":{"rendered":"Ty\u00f6yhteis\u00f6n sosiaalinen p\u00e4\u00e4oma"},"content":{"rendered":"<p><strong>Teksti ja kuvio: Johanna Lilja, Tampereen yliopisto<\/strong><\/p>\n<p>Nykyp\u00e4iv\u00e4n toimintaymp\u00e4rist\u00f6ss\u00e4 nopeatempoinen ty\u00f6tahti, yll\u00e4tt\u00e4v\u00e4t tilanteet ja jatkuvasti l\u00e4sn\u00e4 oleva paine luovat herk\u00e4sti kuormitustekij\u00f6it\u00e4 ty\u00f6h\u00f6n. Yksi ty\u00f6ntekij\u00e4n keskeinen voimavara on kuitenkin toimiva ty\u00f6yhteis\u00f6, joka parhaimmillaan tarjoaa arvokasta tukea ja turvaa my\u00f6s haasteellisten ty\u00f6aikojen keskell\u00e4. Toimivassa ty\u00f6yhteis\u00f6ss\u00e4 korostuvat yhteis\u00f6llisyys, luottamus, jaetut tavoitteet ja normit, jotka yhdess\u00e4 muodostavat ty\u00f6yhteis\u00f6n sosiaalisen p\u00e4\u00e4oman. Sosiaalista p\u00e4\u00e4omaa tulisi kehitt\u00e4\u00e4 ja vaalia, sill\u00e4 sen on tutkitusti osoitettu edist\u00e4v\u00e4n ty\u00f6yhteis\u00f6n hyvinvointia (Ruuskanen, 2002) sek\u00e4 tehostavan yhteis\u00f6n tavoitteiden toteutumista (Iisakka &amp; Alanen 2006).<\/p>\n<p><span style=\"color: #ff00ff\"><a href=\"http:\/\/blogs2.abo.fi\/hyvinvoivahoiva-opas\/wp-content\/uploads\/sites\/178\/2021\/03\/kuvio_johanna_sospaaoma-1.jpg\"><img loading=\"lazy\" decoding=\"async\" class=\"alignnone size-large wp-image-520\" src=\"http:\/\/blogs2.abo.fi\/hyvinvoivahoiva-opas\/wp-content\/uploads\/sites\/178\/2021\/03\/kuvio_johanna_sospaaoma-1-1024x387.jpg\" alt=\"Kuvio n\u00e4yt\u00e4\u00e4 ett\u00e4 tavoitteet, normit, luottamus ja yhteis\u00f6llisyys rakentavat ty\u00f6yhteis\u00f6n sosiaalista p\u00e4\u00e4omaa. \" width=\"580\" height=\"219\" srcset=\"https:\/\/blogs2.abo.fi\/hyvinvoivahoiva-opas\/wp-content\/uploads\/sites\/178\/2021\/03\/kuvio_johanna_sospaaoma-1-1024x387.jpg 1024w, https:\/\/blogs2.abo.fi\/hyvinvoivahoiva-opas\/wp-content\/uploads\/sites\/178\/2021\/03\/kuvio_johanna_sospaaoma-1-300x113.jpg 300w, https:\/\/blogs2.abo.fi\/hyvinvoivahoiva-opas\/wp-content\/uploads\/sites\/178\/2021\/03\/kuvio_johanna_sospaaoma-1-768x290.jpg 768w, https:\/\/blogs2.abo.fi\/hyvinvoivahoiva-opas\/wp-content\/uploads\/sites\/178\/2021\/03\/kuvio_johanna_sospaaoma-1-1536x581.jpg 1536w, https:\/\/blogs2.abo.fi\/hyvinvoivahoiva-opas\/wp-content\/uploads\/sites\/178\/2021\/03\/kuvio_johanna_sospaaoma-1-1200x454.jpg 1200w, https:\/\/blogs2.abo.fi\/hyvinvoivahoiva-opas\/wp-content\/uploads\/sites\/178\/2021\/03\/kuvio_johanna_sospaaoma-1.jpg 1910w\" sizes=\"auto, (max-width: 580px) 100vw, 580px\" \/><\/a><\/span>Kuvio 1. Ty\u00f6yhteis\u00f6n sosiaalinen p\u00e4\u00e4oma.<\/p>\n<p>Ty\u00f6yhteis\u00f6n sosiaalinen p\u00e4\u00e4oma (ks. kuvio 1) rakentuu tutkimusten mukaan ihmisten v\u00e4lisiss\u00e4 sosiaalisissa suhteissa jaetuista tavoitteista ja normeista, luottamuksesta ja yhteis\u00f6llisyydest\u00e4 (esim. Coleman, 1998; Laine, 2008; Koivum\u00e4ki, 2008)<\/p>\n<p><strong>Yhteiset tavoitteet<\/strong> muodostavat perustan ty\u00f6yhteis\u00f6n toiminnalle. Kun tavoitteet ovat kaikille selke\u00e4t, ty\u00f6yhteis\u00f6ss\u00e4 huokuu vankka yhdess\u00e4 tekemisen meininki ja ideointi yhteisten tavoitteiden saavuttamiseksi. Toimimalla yhteisten tavoitteiden mukaisesti voit osaltasi tukea oman ty\u00f6yhteis\u00f6si sosiaalisen p\u00e4\u00e4oman kehittymist\u00e4.<\/p>\n<p><strong>Normit<\/strong> ovat ty\u00f6yhteis\u00f6ss\u00e4 vallitsevia s\u00e4\u00e4nt\u00f6j\u00e4 ja toimintatapoja. Normit muodostavat raamit, millainen toiminta ty\u00f6yhteis\u00f6ss\u00e4 on suotavaa ja millainen ei (Coleman, 1988). Yhteis\u00f6n toimivuutta edist\u00e4v\u00e4t normit auttavat saavuttamaan jaetut tavoitteet sek\u00e4 parhaimmillaan edist\u00e4v\u00e4t ty\u00f6yhteis\u00f6n sosiaalista p\u00e4\u00e4omaa. Esimerkiksi vastavuoroisuus voi muodostua ty\u00f6yhteis\u00f6ss\u00e4 normiksi (Coleman, 1990), joka parhaimmillaan edist\u00e4\u00e4 ty\u00f6yhteis\u00f6n kokonaisvaltaista hyvinvointia. Kun esimerkiksi saat apua ty\u00f6kaveriltasi, tarjoudu my\u00f6s vastavuoroisesti auttamaan h\u00e4nt\u00e4 toisessa tilanteessa edist\u00e4\u00e4ksesi vastavuoroisen auttamisen muodostumista normiksi ty\u00f6yhteis\u00f6ss\u00e4si.<\/p>\n<p><strong>Luottamus<\/strong> on yksi ty\u00f6yhteis\u00f6n sosiaalisen p\u00e4\u00e4oman kulmakivist\u00e4. Ty\u00f6yhteis\u00f6ss\u00e4 vallitseva keskin\u00e4inen luottamus tehostaa ty\u00f6yhteis\u00f6n sis\u00e4ist\u00e4 tiedonjakoa sek\u00e4 lis\u00e4\u00e4 yhteis\u00f6llisyytt\u00e4. Voit tukea ty\u00f6yhteis\u00f6si keskin\u00e4ist\u00e4 luottamusta toimimalla yhteisten normien ja tavoitteiden mukaisesti. On t\u00e4rke\u00e4\u00e4, ettet toimi yhteis\u00f6n vastaisesti esimerkiksi tavoitellaksesi omaa henkil\u00f6kohtaista etuasi.<\/p>\n<p><strong>Yhteis\u00f6llisyys<\/strong> syntyy, kun jokainen tuntee olevansa ymm\u00e4rretty ja hyv\u00e4ksytty osana ty\u00f6yhteis\u00f6\u00e4. Yhteis\u00f6llisyyden tunnetta lis\u00e4\u00e4, kun ty\u00f6ntekij\u00e4t huomioivat toisensa ja kohtelevat toisiansa arvostavasti ja kunnioittavasti. Voit edist\u00e4\u00e4 oman ty\u00f6yhteis\u00f6si yhteis\u00f6llisyytt\u00e4 yst\u00e4v\u00e4llisell\u00e4 ja arvostavalla kohtelulla sek\u00e4 huomioimalla toiset ty\u00f6nteon lomassa.<\/p>\n<p>Jaetut normit ja tavoitteet, luottamus ja yhteis\u00f6llisyys eiv\u00e4t luonnollisestikaan muovaudu viikoissa tai edes kuukausissa, vaan tarvitsevat pohjaksi usein pitk\u00e4j\u00e4nteist\u00e4 yhdess\u00e4 tekemist\u00e4 ja vuorovaikutusta. Ty\u00f6yhteis\u00f6n sosiaalinen p\u00e4\u00e4oma vaatiikin muodostuakseen ja kukoistaakseen aikaa sek\u00e4 usein my\u00f6s esihenkil\u00f6n ja organisaatiotason panostusta. Erityisesti t\u00e4m\u00e4n p\u00e4iv\u00e4n alati tihe\u00e4mp\u00e4\u00e4n tahtiin teht\u00e4v\u00e4t organisaatiouudistukset tuovat haasteita sosiaalisen p\u00e4\u00e4oman muodostumiselle ty\u00f6yhteis\u00f6iss\u00e4. Jatkuvat muutokset vaikeuttavat ty\u00f6yhteis\u00f6ss\u00e4 vallitsevan luottamuksen rakentumista (Melin, 2010). Esihenkil\u00f6ll\u00e4 on kuitenkin mahdollisuus tukea ja edist\u00e4\u00e4 ty\u00f6yhteis\u00f6n sosiaalista p\u00e4\u00e4omaa erilaisin ty\u00f6j\u00e4rjestelyin, kuten esimerkiksi lis\u00e4\u00e4m\u00e4ll\u00e4 ty\u00f6ntekij\u00e4n vaikutusmahdollisuuksia tai selkeytt\u00e4m\u00e4ll\u00e4 ty\u00f6yhteis\u00f6n ty\u00f6njakoa (Koivum\u00e4ki, 2008). Sosiaaliseen p\u00e4\u00e4omaan satsaaminen on pitk\u00e4ll\u00e4 aikaj\u00e4nteell\u00e4 kannattavaa niin ty\u00f6pahoinvointiin liittyvien haittavaikutusten ehk\u00e4isyn kuin henkil\u00f6st\u00f6n hyvinvoinnin edist\u00e4misen n\u00e4k\u00f6kulmasta.<\/p>\n<blockquote>\n<h6>Yhteenvetona<\/h6>\n<p>Alla yhteenvetona muutamia keinoja, kuinka edist\u00e4\u00e4 sosiaalista p\u00e4\u00e4omaa ty\u00f6paikalla.<\/p><\/blockquote>\n<h6>Ty\u00f6ntekij\u00e4<\/h6>\n<ul>\n<li>Huolehdi omasta osaamisestasi ja siit\u00e4, ett\u00e4 oma perusteht\u00e4v\u00e4si hoituu. Muista, ett\u00e4 voit aina kysy\u00e4 apua, jos jokin asia tuntuu hankalalta. Pyri my\u00f6s aktiivisesti auttamaan toisia tarvittaessa.<\/li>\n<li>Vaikka kohteliaat eleet voivat k\u00e4sitteen\u00e4 kuulosta itsest\u00e4\u00e4n selv\u00e4lt\u00e4, n\u00e4m\u00e4 voivat kiireess\u00e4 unohtua. Muista tervehti\u00e4 ja kiitt\u00e4\u00e4 ty\u00f6kavereitasi. Pyyd\u00e4 my\u00f6s anteeksi tarvittaessa.<\/li>\n<li>Anna sek\u00e4 kannustavaa ett\u00e4 rakentavaa palautetta. Muista, ett\u00e4 voit my\u00f6s pyyt\u00e4\u00e4 toisilta palautetta, jos se on unohtunut. Palautteen antaminen ja saaminen v\u00e4hent\u00e4\u00e4 v\u00e4\u00e4rink\u00e4sityksi\u00e4 ja edist\u00e4\u00e4 avointa vuorovaikutusta ty\u00f6yhteis\u00f6ss\u00e4.<\/li>\n<li>Ty\u00f6skentele yhteisty\u00f6ss\u00e4 ty\u00f6kavereidesi ja esimiehesi kanssa. Yhteisty\u00f6 rakentaa luottamusta ja yhteis\u00f6llisyyden tunnetta. Yhteisty\u00f6 my\u00f6s edist\u00e4\u00e4 yhteisten normien ja tapojen muodostumista.<\/li>\n<\/ul>\n<h6>Esihenkil\u00f6<\/h6>\n<ul>\n<li>Pyri ty\u00f6nj\u00e4rjestelyiss\u00e4 olemaan oikeudenmukainen.<\/li>\n<li>Osallista ty\u00f6ntekij\u00e4t mukaan p\u00e4\u00e4t\u00f6ksentekoon ja pyri toteuttamaan p\u00e4\u00e4t\u00f6ksenteko l\u00e4pin\u00e4kyv\u00e4sti.<\/li>\n<li>Edist\u00e4 omalla esimerkill\u00e4si ty\u00f6yhteis\u00f6n eettisten arvojen noudattamista.<\/li>\n<li>Anna sek\u00e4 my\u00f6nteist\u00e4 ett\u00e4 rakentavaa palautetta alaisillesi.<\/li>\n<li>Kuuntele ja tarjoa tukea. Ole kiinnostunut ty\u00f6ntekij\u00f6idesi jaksamisesta. Puutu tilanteeseen, mik\u00e4li havaitset kuormittuneisuutta.<\/li>\n<li>Huolehdi, ett\u00e4 ty\u00f6yhteis\u00f6ss\u00e4 vallitsee my\u00f6nteinen ilmapiiri.<\/li>\n<li>Inspiroi ja innosta. Tarjoa ty\u00f6ntekij\u00f6ille sijaa luovaan ajatteluun ja ty\u00f6n kehitt\u00e4miseen.<\/li>\n<\/ul>\n<p><a href=\"http:\/\/blogs2.abo.fi\/hyvinvoivahoiva-opas\/wp-content\/uploads\/sites\/178\/2021\/03\/Sosiaalisen-paaoman-edistaminen-tyopaikalla.pdf\" target=\"_blank\" rel=\"noopener\">Lataa t\u00e4st\u00e4 helposti tulostettava yhteenveto keinoista, kuinka edist\u00e4\u00e4 sosiaalista p\u00e4\u00e4omaa ty\u00f6paikalla (pdf).<\/a><\/p>\n<p>&nbsp;<\/p>\n<p>Seuraavassa animaatiossa on koottu tietoa ty\u00f6yhteis\u00f6n sosiaalisesta p\u00e4\u00e4omasta.<\/p>\n<p><iframe loading=\"lazy\"  id=\"_ytid_87057\"  width=\"580\" height=\"326\"  data-origwidth=\"580\" data-origheight=\"326\" src=\"https:\/\/www.youtube.com\/embed\/QEi4ZyrjDqA?enablejsapi=1&#038;autoplay=0&#038;cc_load_policy=0&#038;cc_lang_pref=&#038;iv_load_policy=1&#038;loop=0&#038;rel=1&#038;fs=1&#038;playsinline=0&#038;autohide=2&#038;theme=dark&#038;color=red&#038;controls=1&#038;disablekb=0&#038;\" class=\"__youtube_prefs__  epyt-is-override  no-lazyload\" title=\"YouTube player\"  allow=\"fullscreen; accelerometer; autoplay; clipboard-write; encrypted-media; gyroscope; picture-in-picture; web-share\" referrerpolicy=\"strict-origin-when-cross-origin\" allowfullscreen data-no-lazy=\"1\" data-skipgform_ajax_framebjll=\"\"><\/iframe><\/p>\n<p><a href=\"http:\/\/blogs2.abo.fi\/hyvinvoivahoiva-opas\/wp-content\/uploads\/sites\/178\/2021\/12\/Tyohyvinvointi-tyoyhteisossa_mediavastine.pdf\" target=\"_blank\" rel=\"noopener\">Ty\u00f6hyvinvointi ty\u00f6yhteis\u00f6ss\u00e4 -animaation saavutettava mediavastine pdf-muodossa.<\/a><\/p>\n<hr \/>\n<h5>L\u00e4hteet<\/h5>\n<ul>\n<li>Coleman, J., S. 1988: Social capital in the creation of human capital. The American journal of sociology 94, Supplement: Organizations and institutions: Sociological and economic approaches to the analysis of social structure. 95\u2013120.<\/li>\n<li>Iisakka, L. &amp; Alanen, A. (2006) Sosiaalinen p\u00e4\u00e4oma Suomessa: kotimaista ja kansainv\u00e4list\u00e4 taustaa. Teoksessa Iisakka, L. (2006) (toim.) Sosiaalinen p\u00e4\u00e4oma Suomessa \u2013 Tilastokatsaus. Tilastokeskus, 5\u201314.<\/li>\n<li>Koivum\u00e4ki, J. (2008). Ty\u00f6yhteis\u00f6jen sosiaalinen p\u00e4\u00e4oma. Ty\u00f6el\u00e4m\u00e4n tutkimus, 6(2), 223\u2013225.<\/li>\n<li>Melin, H. (2010). Sosiaalisen p\u00e4\u00e4oman merkitys ty\u00f6el\u00e4m\u00e4ss\u00e4. Yhteiskuntapolitiikka 75(5), 562\u2013567.<\/li>\n<li>Ruuskanen, P. (2002). Sosiaalinen p\u00e4\u00e4oma hyvinvointipoliittisessa keskustelussa. Teoksessa Ruuskanen, P. (2002) (Toim.) Sosiaalinen p\u00e4\u00e4oma ja hyvinvointi: N\u00e4k\u00f6kulmia sosiaali- ja terveysaloille. PS-kustannus: Jyv\u00e4skyl\u00e4.<\/li>\n<li>Ruuskanen, Petri (2001) Sosiaalinen p\u00e4\u00e4oma &#8211; k\u00e4sitteet, suuntaukset ja mekanismit. VATT-tutkimuksia 81. Helsinki: Valtion taloudellinen tutkimuskeskus.<\/li>\n<\/ul>\n<h5><a href=\"http:\/\/blogs2.abo.fi\/hyvinvoivahoiva-opas\/hyvinvoiva-tyoyhteiso\/\">Takaisin Hyvinvoiva ty\u00f6yhteis\u00f6 -osion alkuun.<\/a><\/h5>\n","protected":false},"excerpt":{"rendered":"<p>Teksti ja kuvio: Johanna Lilja, Tampereen yliopisto Nykyp\u00e4iv\u00e4n toimintaymp\u00e4rist\u00f6ss\u00e4 nopeatempoinen ty\u00f6tahti, yll\u00e4tt\u00e4v\u00e4t tilanteet ja jatkuvasti l\u00e4sn\u00e4 oleva paine luovat herk\u00e4sti kuormitustekij\u00f6it\u00e4 ty\u00f6h\u00f6n. Yksi ty\u00f6ntekij\u00e4n keskeinen voimavara on kuitenkin toimiva ty\u00f6yhteis\u00f6, joka parhaimmillaan tarjoaa arvokasta tukea ja turvaa my\u00f6s haasteellisten ty\u00f6aikojen keskell\u00e4. Toimivassa ty\u00f6yhteis\u00f6ss\u00e4 korostuvat yhteis\u00f6llisyys, luottamus, jaetut tavoitteet ja normit, jotka yhdess\u00e4 muodostavat ty\u00f6yhteis\u00f6n sosiaalisen [&hellip;]<\/p>\n","protected":false},"author":469,"featured_media":0,"parent":14,"menu_order":0,"comment_status":"closed","ping_status":"closed","template":"","meta":{"footnotes":""},"class_list":["post-476","page","type-page","status-publish","hentry"],"_links":{"self":[{"href":"https:\/\/blogs2.abo.fi\/hyvinvoivahoiva-opas\/wp-json\/wp\/v2\/pages\/476","targetHints":{"allow":["GET"]}}],"collection":[{"href":"https:\/\/blogs2.abo.fi\/hyvinvoivahoiva-opas\/wp-json\/wp\/v2\/pages"}],"about":[{"href":"https:\/\/blogs2.abo.fi\/hyvinvoivahoiva-opas\/wp-json\/wp\/v2\/types\/page"}],"author":[{"embeddable":true,"href":"https:\/\/blogs2.abo.fi\/hyvinvoivahoiva-opas\/wp-json\/wp\/v2\/users\/469"}],"replies":[{"embeddable":true,"href":"https:\/\/blogs2.abo.fi\/hyvinvoivahoiva-opas\/wp-json\/wp\/v2\/comments?post=476"}],"version-history":[{"count":6,"href":"https:\/\/blogs2.abo.fi\/hyvinvoivahoiva-opas\/wp-json\/wp\/v2\/pages\/476\/revisions"}],"predecessor-version":[{"id":828,"href":"https:\/\/blogs2.abo.fi\/hyvinvoivahoiva-opas\/wp-json\/wp\/v2\/pages\/476\/revisions\/828"}],"up":[{"embeddable":true,"href":"https:\/\/blogs2.abo.fi\/hyvinvoivahoiva-opas\/wp-json\/wp\/v2\/pages\/14"}],"wp:attachment":[{"href":"https:\/\/blogs2.abo.fi\/hyvinvoivahoiva-opas\/wp-json\/wp\/v2\/media?parent=476"}],"curies":[{"name":"wp","href":"https:\/\/api.w.org\/{rel}","templated":true}]}}