{"id":413,"date":"2021-03-05T14:20:15","date_gmt":"2021-03-05T14:20:15","guid":{"rendered":"http:\/\/blogs2.abo.fi\/hyvinvoivahoiva-opas\/?page_id=413"},"modified":"2021-04-12T09:10:23","modified_gmt":"2021-04-12T09:10:23","slug":"hyva-motivaatio-ja-innostus-tekevat-tyosta-mielekkaampaa","status":"publish","type":"page","link":"https:\/\/blogs2.abo.fi\/hyvinvoivahoiva-opas\/tyontekija-oman-hyvinvointinsa-kehittajana\/hyva-motivaatio-ja-innostus-tekevat-tyosta-mielekkaampaa\/","title":{"rendered":"Hyv\u00e4 motivaatio ja innostus tekev\u00e4t ty\u00f6st\u00e4 mielekk\u00e4\u00e4mp\u00e4\u00e4"},"content":{"rendered":"<p><strong>Teksti ja kuvio: Jenna Pennanen, Laurea-ammattikorkeakoulu<\/strong><\/p>\n<p>Ty\u00f6el\u00e4m\u00e4n keskeinen toteuttaja on osaava ja motivoitunut ihminen. Jokaisen on syyt\u00e4 mietti\u00e4, mik\u00e4 omassa ty\u00f6ss\u00e4 on merkityksellist\u00e4 ja mik\u00e4 tuo siihen mielekkyytt\u00e4. Tapaa ty\u00f6skennell\u00e4, jolloin oman ty\u00f6n j\u00e4ljen pystyisi ylpe\u00e4sti tunnistamaan ja tunnustamaan kannattanee my\u00f6s tavoitella, sill\u00e4 pidemm\u00e4ll\u00e4 t\u00e4ht\u00e4imell\u00e4 hyvin tehty ty\u00f6 on palkitsevaa niin yksil\u00f6n kuin ty\u00f6yhteis\u00f6nkin n\u00e4k\u00f6kulmasta. Jokaisen tulisi visioida, millainen ty\u00f6 motivoi ja innostaa, sill\u00e4 t\u00e4m\u00e4n vision kirkkaaksi hionut ty\u00f6ntekij\u00e4 loistaa ty\u00f6ss\u00e4\u00e4n ja heijastaa kehitt\u00e4j\u00e4osaamistaan my\u00f6s muihin. (Jarenko &amp; Tukia 2017; J\u00e4rvinen 2014; Suonsivu 2014.)<\/p>\n<p>Sosiaali- ja terveysalalle kouluttautuu l\u00e4ht\u00f6kohtaisesti motivoituneita ihmisi\u00e4, koska usein miten kyseess\u00e4 olevalla alalla teht\u00e4v\u00e4 ty\u00f6 koetaan kiinnostavana ja palkitsevana, sill\u00e4 siin\u00e4 saa auttaa muita ihmisi\u00e4. Ty\u00f6ss\u00e4 viihdyt\u00e4\u00e4n, kun tietyt perusasiat ty\u00f6ss\u00e4 ovat kunnossa, ja monesti innostus ty\u00f6ss\u00e4 otetaan sielt\u00e4 mist\u00e4 se on saatavilla: asiakkaista ja ty\u00f6yhteis\u00f6st\u00e4 esihenkil\u00f6ineen. (Jaakkola 2019.) Yhteiset kokemukset ja onnistumiset ty\u00f6ss\u00e4 lis\u00e4\u00e4v\u00e4t ty\u00f6motivaatiota. Ulkoisen palkkion, rahallisen palkan, on todettu motivoivan huonosti ty\u00f6ntekij\u00f6it\u00e4. (Virolainen 2012; J\u00e4rvinen 2014). Nimenomaan aineettomat palkkiot, kuten ty\u00f6st\u00e4 saatu kiitos ja kannustus sen sijaan vaikuttavat ty\u00f6n hallinnan tunteeseen ja sit\u00e4 kautta positiivisesti ty\u00f6motivaatioon.\u00a0 (Amabile, Kramer, Bonabeau, Bingham, Litan, Klein &amp; Ross 2010.)<\/p>\n<p>Vanhusten hoitoty\u00f6ss\u00e4 ty\u00f6ntekij\u00e4t kokevat palkitsevana sen, ett\u00e4 ty\u00f6n voi tehd\u00e4 hyvin ja ett\u00e4, tehty\u00e4 ty\u00f6t\u00e4 arvostetaan. Palkkioksi koetaan my\u00f6s kehitysmahdollisuudet, urakehitys, ty\u00f6suhteen turvallisuus ja mahdollisuus syvent\u00e4\u00e4 esimerkiksi omaa ammattitaitoa (Stenman ym. 2015). Organisaatioiden tulisikin pyrki\u00e4 vahvistamaan ty\u00f6ntekij\u00f6iden mahdollisuuksia vaikuttaa omaan ty\u00f6h\u00f6ns\u00e4. Suuri vastuu on t\u00e4st\u00e4 my\u00f6s ty\u00f6ntekij\u00f6ill\u00e4 itsell\u00e4\u00e4n, sill\u00e4 he ovat oman ty\u00f6ns\u00e4 ja ty\u00f6motivaationsa l\u00e4hteiden asiantuntijoita. Jokaisen persoonasta kumpuaa se, mik\u00e4 saa kenetkin syttym\u00e4\u00e4n ja menem\u00e4\u00e4n kohti haluttuja tavoitteita ja tuloksia.<\/p>\n<p>Hoitoty\u00f6ss\u00e4 itsetietoisuus ja omien arvojen tunnistaminen on t\u00e4rke\u00e4\u00e4. Kun oman ammatillisen identiteetin punainen lanka on selvill\u00e4, ty\u00f6ntekij\u00e4 on my\u00f6s tietoisempi omasta roolistaan oman ty\u00f6hyvinvointinsa kehitt\u00e4miseen tarvittavista taidoista. (Jaakkola 2019.) Motiiviluotauksen avulla voit kartoittaa omia motiivejasi, tavoitteitasi ja arvojasi ja luoda niist\u00e4 mielekk\u00e4\u00e4n kokonaisuuden, mik\u00e4 auttaa sinua syventym\u00e4\u00e4n omaan ty\u00f6motivaatioosi ja lis\u00e4\u00e4m\u00e4\u00e4n sit\u00e4. (Ruutu &amp; Salmimies, 2015.)<\/p>\n<blockquote>\n<h6>HARJOITUS<\/h6>\n<p>Kartoita omia motiivejasi, tavoitteitasi ja arvojasi motiiviluotauksen avulla:<\/p><\/blockquote>\n<p><a href=\"http:\/\/blogs2.abo.fi\/hyvinvoivahoiva-opas\/wp-content\/uploads\/sites\/178\/2021\/03\/Kartoita-motiiveja_kuvio.jpg\"><img loading=\"lazy\" decoding=\"async\" class=\"alignnone size-large wp-image-540\" src=\"http:\/\/blogs2.abo.fi\/hyvinvoivahoiva-opas\/wp-content\/uploads\/sites\/178\/2021\/03\/Kartoita-motiiveja_kuvio-1024x477.jpg\" alt=\"Kuvio_motivaatio\" width=\"580\" height=\"270\" srcset=\"https:\/\/blogs2.abo.fi\/hyvinvoivahoiva-opas\/wp-content\/uploads\/sites\/178\/2021\/03\/Kartoita-motiiveja_kuvio-1024x477.jpg 1024w, https:\/\/blogs2.abo.fi\/hyvinvoivahoiva-opas\/wp-content\/uploads\/sites\/178\/2021\/03\/Kartoita-motiiveja_kuvio-300x140.jpg 300w, https:\/\/blogs2.abo.fi\/hyvinvoivahoiva-opas\/wp-content\/uploads\/sites\/178\/2021\/03\/Kartoita-motiiveja_kuvio-768x357.jpg 768w, https:\/\/blogs2.abo.fi\/hyvinvoivahoiva-opas\/wp-content\/uploads\/sites\/178\/2021\/03\/Kartoita-motiiveja_kuvio-1200x558.jpg 1200w, https:\/\/blogs2.abo.fi\/hyvinvoivahoiva-opas\/wp-content\/uploads\/sites\/178\/2021\/03\/Kartoita-motiiveja_kuvio.jpg 1500w\" sizes=\"auto, (max-width: 580px) 100vw, 580px\" \/><\/a><a href=\"http:\/\/blogs2.abo.fi\/hyvinvoivahoiva-opas\/wp-content\/uploads\/sites\/178\/2021\/03\/Kartoita-motiiveja.pdf\" target=\"_blank\" rel=\"noopener\">Motiiviluotaus-kuvion saavutettava mediavastine pdf-muodossa.<\/a><\/p>\n<p>Ty\u00f6st\u00e4\u00e4n innostunut ty\u00f6ntekij\u00e4 saa suorastaan ihmeit\u00e4 aikaan, sill\u00e4 h\u00e4nell\u00e4 on aidosta tunteesta kumpuavaa motivaatiota tehd\u00e4 hyv\u00e4\u00e4 ty\u00f6t\u00e4. (J\u00e4rvinen 2014). Innostus on ihmisen sis\u00e4iseen motivaatioon perustuva yksil\u00f6llinen ominaisuus ja my\u00f6s tapa suhtautua ty\u00f6h\u00f6n. (Jaakkola 2019.) Innostus tarkoittaa siis tunnetilaa, jossa korkea aktivaatio yhdistyy positiiviseen tuntemukseen. Innostunut ty\u00f6ntekij\u00e4 on aktiivinen ja haluaa suunnata omia voimavarojaan ty\u00f6paikan tai ty\u00f6yhteis\u00f6n yhteisi\u00e4 tavoitteita kohti. Innostunut ty\u00f6ntekij\u00e4 kokee etenev\u00e4ns\u00e4 ty\u00f6ss\u00e4\u00e4n ja saavansa siit\u00e4 mielihyv\u00e4\u00e4. T\u00e4ll\u00f6in ty\u00f6n koetaan sis\u00e4lt\u00e4v\u00e4n enemm\u00e4n mukavia kuin ep\u00e4mukavia asioita ja my\u00f6s ty\u00f6n haasteet koetaan positiivisina. (Vesterinen 2006.) Ty\u00f6n tekemisen kannalta t\u00e4m\u00e4 tarkoittaa useita positiivisia vaikutuksia kuten tehokasta suorittamista, parempaa ty\u00f6hyvinvointia, sinnikkyytt\u00e4 ja sitoutumista ty\u00f6h\u00f6n ja ty\u00f6h\u00f6n suuntautuvan my\u00f6nteisen asenteen vahvistumista, jota hoitoala juuri nyt tarvitsee. (Kostamo 2017.)<\/p>\n<blockquote>\n<h6>HARJOITUS:<\/h6>\n<p>Muistele omia innostuksen tunteitasi opintotojesi alkaessa tai juuri ty\u00f6el\u00e4m\u00e4\u00e4n siirtymisen j\u00e4lkeen jatkamalla seuraavia lauseita:<\/p>\n<p>&nbsp;<\/p>\n<p>Kun aloitin opinnot, ajattelin\u2026<\/p>\n<p>Kun menin ensimm\u00e4iseen ty\u00f6paikkaan, tunsin, ett\u00e4\u2026<\/p>\n<p>Innostun ty\u00f6ss\u00e4ni, kun\u2026<\/p>\n<p>Kun olen innostunut, huomaan, ett\u00e4\u2026<\/p><\/blockquote>\n<hr \/>\n<h5>L\u00e4hteet<\/h5>\n<ul>\n<li>Amabile, T. M., Kramer, S. J., Bonabeau, E., Bingham, A., Litan, R. E., Klein, J. &amp; Ross, C. 2010. The HBR List: Breakthrough Ideas for 2010. Harvard Business Review 88 (1,2), 41-57. U. S. A. <a href=\"https:\/\/hbr.org\/2010\/01\/the-hbr-list-breakthrough-ideas-for-2010\">https:\/\/hbr.org\/2010\/01\/the-hbr-list-breakthrough-ideas-for-2010<\/a>.<\/li>\n<li>Jaakkola, H. 2019. Valitse innostus. Voimakirja sosiaalialalle. Jyv\u00e4skyl\u00e4: PS-kustannus.<\/li>\n<li>Jarenko, K. &amp; Tukia, V. 2017. Paremman ty\u00f6n opas. Ty\u00f6turvallisuuskeskus.<\/li>\n<li>J\u00e4rvinen, K. 2014. Ty\u00f6n mielekkyyden johtaminen. K\u00e4yt\u00e4nn\u00f6n opas. Helsinki: Talentum.<\/li>\n<li>Kostamo, T. 2017. Ihan Intona! Miten innostusta johdetaan. Helsinki: Haaga-Helia ammattikorkeakoulu.<\/li>\n<li>Ruutu, S. &amp; Salmimies, R. 2015. Ty\u00f6nohjaajan opas. Valmentava ja ratkaisukeskeinen ote. Helsinki: Talentum.<\/li>\n<li>Stenman, P., V\u00e4h\u00e4kangas, P., Salo, P., Kivim\u00e4ki, M. &amp; Paasivaara, L. 2015. Henkil\u00f6st\u00f6n ty\u00f6tyytyv\u00e4isyys vanhustenhuollossa -kohti kuntoutumista edist\u00e4v\u00e4n hoitoty\u00f6n toimintamallin k\u00e4ytt\u00f6\u00f6nottoa. Hoitotiede, 27 (1), 31\u201342.<\/li>\n<li>Suonsivu, K. 2014. Ty\u00f6hyvinvointi osana henkil\u00f6st\u00f6johtamista. 2.painos. Helsinki: Unipress.<\/li>\n<li>Vesterinen, P. 2006. Ty\u00f6hyvinvointi ja esimiesty\u00f6. Helsinki: WSOY.<\/li>\n<li>Virolainen, H. 2012. Kokonaisvaltainen ty\u00f6hyvinvointi. Helsinki: Books on Demand.<\/li>\n<\/ul>\n<h5><a href=\"http:\/\/blogs2.abo.fi\/hyvinvoivahoiva-opas\/tyontekija-oman-hyvinvointinsa-kehittajana\/\">Takaisin Ty\u00f6ntekij\u00e4 oman hyvinvointinsa kehitt\u00e4j\u00e4n\u00e4 -osioon.<\/a><\/h5>\n","protected":false},"excerpt":{"rendered":"<p>Teksti ja kuvio: Jenna Pennanen, Laurea-ammattikorkeakoulu Ty\u00f6el\u00e4m\u00e4n keskeinen toteuttaja on osaava ja motivoitunut ihminen. Jokaisen on syyt\u00e4 mietti\u00e4, mik\u00e4 omassa ty\u00f6ss\u00e4 on merkityksellist\u00e4 ja mik\u00e4 tuo siihen mielekkyytt\u00e4. Tapaa ty\u00f6skennell\u00e4, jolloin oman ty\u00f6n j\u00e4ljen pystyisi ylpe\u00e4sti tunnistamaan ja tunnustamaan kannattanee my\u00f6s tavoitella, sill\u00e4 pidemm\u00e4ll\u00e4 t\u00e4ht\u00e4imell\u00e4 hyvin tehty ty\u00f6 on palkitsevaa niin yksil\u00f6n kuin ty\u00f6yhteis\u00f6nkin n\u00e4k\u00f6kulmasta. [&hellip;]<\/p>\n","protected":false},"author":469,"featured_media":0,"parent":22,"menu_order":0,"comment_status":"closed","ping_status":"closed","template":"","meta":{"footnotes":""},"class_list":["post-413","page","type-page","status-publish","hentry"],"_links":{"self":[{"href":"https:\/\/blogs2.abo.fi\/hyvinvoivahoiva-opas\/wp-json\/wp\/v2\/pages\/413","targetHints":{"allow":["GET"]}}],"collection":[{"href":"https:\/\/blogs2.abo.fi\/hyvinvoivahoiva-opas\/wp-json\/wp\/v2\/pages"}],"about":[{"href":"https:\/\/blogs2.abo.fi\/hyvinvoivahoiva-opas\/wp-json\/wp\/v2\/types\/page"}],"author":[{"embeddable":true,"href":"https:\/\/blogs2.abo.fi\/hyvinvoivahoiva-opas\/wp-json\/wp\/v2\/users\/469"}],"replies":[{"embeddable":true,"href":"https:\/\/blogs2.abo.fi\/hyvinvoivahoiva-opas\/wp-json\/wp\/v2\/comments?post=413"}],"version-history":[{"count":8,"href":"https:\/\/blogs2.abo.fi\/hyvinvoivahoiva-opas\/wp-json\/wp\/v2\/pages\/413\/revisions"}],"predecessor-version":[{"id":710,"href":"https:\/\/blogs2.abo.fi\/hyvinvoivahoiva-opas\/wp-json\/wp\/v2\/pages\/413\/revisions\/710"}],"up":[{"embeddable":true,"href":"https:\/\/blogs2.abo.fi\/hyvinvoivahoiva-opas\/wp-json\/wp\/v2\/pages\/22"}],"wp:attachment":[{"href":"https:\/\/blogs2.abo.fi\/hyvinvoivahoiva-opas\/wp-json\/wp\/v2\/media?parent=413"}],"curies":[{"name":"wp","href":"https:\/\/api.w.org\/{rel}","templated":true}]}}