{"id":389,"date":"2021-02-19T13:14:28","date_gmt":"2021-02-19T13:14:28","guid":{"rendered":"http:\/\/blogs2.abo.fi\/hyvinvoivahoiva-opas\/?page_id=389"},"modified":"2023-03-20T14:45:50","modified_gmt":"2023-03-20T14:45:50","slug":"verkkojulkaisun-tekijat","status":"publish","type":"page","link":"https:\/\/blogs2.abo.fi\/hyvinvoivahoiva-opas\/verkkojulkaisun-tekijat\/","title":{"rendered":"Verkkojulkaisun tekij\u00e4t"},"content":{"rendered":"<p>Hyvinvoiva hoiva \u2013 V\u00e4lm\u00e5ende omsorg -hankkeen asiantuntijaverkosto tarjoaa tukea ty\u00f6hyvinvoinnin ja muutosvalmiuksien kehitt\u00e4miselle hoivayksik\u00f6iden henkil\u00f6st\u00f6lle.<\/p>\n<p>Osana hanketta on koottu verkkojulkaisu <i>Tietoa ja ty\u00f6kaluja ty\u00f6hyvinvoinnin kehitt\u00e4miseen ik\u00e4ihmisten hoivapalveluissa. <\/i>Materiaalit ovat tuottaneet seuraavat asiantuntijat, jotka kaikki ovat osaa Hyvinvoiva hoiva -hankkeen hankehenkil\u00f6st\u00f6\u00e4:<\/p>\n<p><b>Elina Flemming<\/b>, palvelujen kehitt\u00e4misp\u00e4\u00e4llikk\u00f6, Laurea-ammattikorkeakoulu. S\u00e4hk\u00f6posti: elina.flemming( )laurea.fi<\/p>\n<p><b>Carina G\u00e4dda<\/b>, sosiaali- ja terveydenhuollon koulutussuunnittelija, Yrkesh\u00f6gskolan Novia. S\u00e4hk\u00f6posti: carina.gadda( )novia.fi<\/p>\n<p><b>Kirsi Heikkil\u00e4-Tammi<\/b>, tutkimusjohtaja, Ty\u00f6hyvinvoinnin tutkimusryhm\u00e4, Johtamisen ja talouden tiedekunta, Tampereen yliopisto. S\u00e4hk\u00f6posti: kirsi.heikkila-tammi( )tuni.fi<\/p>\n<p><strong>Mia Henriksson<\/strong>, tiedottaja, Centret f\u00f6r livsl\u00e5ngt l\u00e4rande vid \u00c5bo Akademi. S\u00e4hk\u00f6posti: mia.henriksson()abo.fi.<\/p>\n<p><b>Bodil Julin<\/b>, sosiaali- ja terveydenhuollon lehtori, Yrkesh\u00f6gskolan Novia. S\u00e4hk\u00f6posti: bodil.julin( )novia.fi<\/p>\n<p><strong>Ismo Kinnari<\/strong>, tutkija, Ty\u00f6hyvinvoinnin tutkimusryhm\u00e4, Johtamisen ja talouden tiedekunta, Tampereen yliopisto.<\/p>\n<p><b>Riitta-Liisa Larjovuori<\/b>, projektip\u00e4\u00e4llikk\u00f6, Ty\u00f6hyvinvoinnin tutkimusryhm\u00e4, Johtamisen ja talouden tiedekunta, Tampereen yliopisto. S\u00e4hk\u00f6posti: riitta-liisa.larjovuori( )tuni.fi<\/p>\n<p><b>Johanna Lilja<\/b>, tutkija, Ty\u00f6hyvinvoinnin tutkimusryhm\u00e4, Johtamisen ja talouden tiedekunta, Tampereen yliopisto.<\/p>\n<p><b>P\u00e4ivi Mantere<\/b>, lehtori, Laurea-ammattikorkeakoulu. S\u00e4hk\u00f6posti: paivi.mantere( )laurea.fi<\/p>\n<p><b>Kirsi Nurminen<\/b>, tutkija, Ty\u00f6hyvinvoinnin tutkimusryhm\u00e4, Johtamisen ja talouden tiedekunta, Tampereen yliopisto.<\/p>\n<p><strong>Niklas Ollila<\/strong>, k\u00e4\u00e4nt\u00e4j\u00e4, Centret f\u00f6r livsl\u00e5ngt l\u00e4rande vid \u00c5bo Akademi. S\u00e4hk\u00f6posti: niklas.ollila( )abo.fi<\/p>\n<p><b>Jenna Pennanen<\/b>, projektity\u00f6ntekij\u00e4, Laurea-ammattikorkeakoulu. S\u00e4hk\u00f6posti: jenna.pennanen( )laurea.fi<\/p>\n<p><b>Camilla Pitk\u00e4nen<\/b>, sosiaali- ja terveydenhuollon koulutussuunnittelija, Yrkesh\u00f6gskolan Novia. S\u00e4hk\u00f6posti: camilla.pitkanen( )novia.fi<\/p>\n<p><b>Mona Riska<\/b>, koulutusp\u00e4\u00e4llikk\u00f6, Centret f\u00f6r livsl\u00e5ngt l\u00e4rande vid \u00c5bo Akademi, Hyvinvoiva hoiva -hankkeen koordinaattori. S\u00e4hk\u00f6posti: mona.riska( )abo.fi<\/p>\n<p><b>Anna Toivonen<\/b>, koulutussuunnittelija (psykologia), Centret f\u00f6r livsl\u00e5ngt l\u00e4rande vid \u00c5bo Akademi.<\/p>\n<p><b>Kristina Wester\u00e9n<\/b>, koulutussuunnittelija (johtaminen ja organisaatio), Centret f\u00f6r livsl\u00e5ngt l\u00e4rande vid \u00c5bo Akademi. S\u00e4hk\u00f6posti: kristina.westeren( )abo.fi<\/p>\n<p>&nbsp;<\/p>\n<p>Lis\u00e4tietoa Hyvinvoiva hoiva \u2013 V\u00e4lm\u00e5ende omsorg -hankkeesta ja sen muista asiantuntijoista osoitteessa <a href=\"http:\/\/www.abo.fi\/hyvinvoivahoiva\">www.abo.fi\/hyvinvoivahoiva<\/a>.<\/p>\n<p><img loading=\"lazy\" decoding=\"async\" class=\"aligncenter wp-image-397 size-large\" src=\"http:\/\/blogs2.abo.fi\/hyvinvoivahoiva-opas\/wp-content\/uploads\/sites\/178\/2021\/02\/HVH_logokokoelma_fin-1-1024x414.png\" alt=\"Hankepartnereiden logot. \" width=\"580\" height=\"234\" srcset=\"https:\/\/blogs2.abo.fi\/hyvinvoivahoiva-opas\/wp-content\/uploads\/sites\/178\/2021\/02\/HVH_logokokoelma_fin-1-1024x414.png 1024w, https:\/\/blogs2.abo.fi\/hyvinvoivahoiva-opas\/wp-content\/uploads\/sites\/178\/2021\/02\/HVH_logokokoelma_fin-1-300x121.png 300w, https:\/\/blogs2.abo.fi\/hyvinvoivahoiva-opas\/wp-content\/uploads\/sites\/178\/2021\/02\/HVH_logokokoelma_fin-1-768x310.png 768w, https:\/\/blogs2.abo.fi\/hyvinvoivahoiva-opas\/wp-content\/uploads\/sites\/178\/2021\/02\/HVH_logokokoelma_fin-1-1200x485.png 1200w, https:\/\/blogs2.abo.fi\/hyvinvoivahoiva-opas\/wp-content\/uploads\/sites\/178\/2021\/02\/HVH_logokokoelma_fin-1-1980x800.png 1980w\" sizes=\"auto, (max-width: 580px) 100vw, 580px\" \/>Hyvinvoiva hoiva \u2013 V\u00e4lm\u00e5ende omsorg -hanketta (1.1.2019\u201331.12.2022) rahoittaa Sosiaali- ja terveysministeri\u00f6, osarahoitus Euroopan sosiaalirahastosta.<\/p>\n<p>&nbsp;<\/p>\n<p><a href=\"http:\/\/creativecommons.org\/licenses\/by-nc\/4.0\/\" rel=\"license\"><img decoding=\"async\" style=\"border-width: 0\" src=\"https:\/\/i.creativecommons.org\/l\/by-nc\/4.0\/88x31.png\" alt=\"Creative Commons -lisenssi\" \/><\/a><br \/>\nTietoa ja ty\u00f6kaluja ty\u00f6hyvinvoinnin kehitt\u00e4miseen ik\u00e4ihmisten hoivapalveluissa, jonka tekij\u00e4 on Hyvinvoiva hoiva -hanke, on lisensoitu <a href=\"http:\/\/creativecommons.org\/licenses\/by-nc\/4.0\/\" rel=\"license\">Creative Commons Nime\u00e4-EiKaupallinen 4.0 Kansainv\u00e4linen -lisenssill\u00e4<\/a>.<\/p>\n","protected":false},"excerpt":{"rendered":"<p>Hyvinvoiva hoiva \u2013 V\u00e4lm\u00e5ende omsorg -hankkeen asiantuntijaverkosto tarjoaa tukea ty\u00f6hyvinvoinnin ja muutosvalmiuksien kehitt\u00e4miselle hoivayksik\u00f6iden henkil\u00f6st\u00f6lle. Osana hanketta on koottu verkkojulkaisu Tietoa ja ty\u00f6kaluja ty\u00f6hyvinvoinnin kehitt\u00e4miseen ik\u00e4ihmisten hoivapalveluissa. Materiaalit ovat tuottaneet seuraavat asiantuntijat, jotka kaikki ovat osaa Hyvinvoiva hoiva -hankkeen hankehenkil\u00f6st\u00f6\u00e4: Elina Flemming, palvelujen kehitt\u00e4misp\u00e4\u00e4llikk\u00f6, Laurea-ammattikorkeakoulu. S\u00e4hk\u00f6posti: elina.flemming( )laurea.fi Carina G\u00e4dda, sosiaali- ja terveydenhuollon koulutussuunnittelija, Yrkesh\u00f6gskolan [&hellip;]<\/p>\n","protected":false},"author":469,"featured_media":0,"parent":0,"menu_order":0,"comment_status":"closed","ping_status":"closed","template":"","meta":{"footnotes":""},"class_list":["post-389","page","type-page","status-publish","hentry"],"_links":{"self":[{"href":"https:\/\/blogs2.abo.fi\/hyvinvoivahoiva-opas\/wp-json\/wp\/v2\/pages\/389","targetHints":{"allow":["GET"]}}],"collection":[{"href":"https:\/\/blogs2.abo.fi\/hyvinvoivahoiva-opas\/wp-json\/wp\/v2\/pages"}],"about":[{"href":"https:\/\/blogs2.abo.fi\/hyvinvoivahoiva-opas\/wp-json\/wp\/v2\/types\/page"}],"author":[{"embeddable":true,"href":"https:\/\/blogs2.abo.fi\/hyvinvoivahoiva-opas\/wp-json\/wp\/v2\/users\/469"}],"replies":[{"embeddable":true,"href":"https:\/\/blogs2.abo.fi\/hyvinvoivahoiva-opas\/wp-json\/wp\/v2\/comments?post=389"}],"version-history":[{"count":15,"href":"https:\/\/blogs2.abo.fi\/hyvinvoivahoiva-opas\/wp-json\/wp\/v2\/pages\/389\/revisions"}],"predecessor-version":[{"id":870,"href":"https:\/\/blogs2.abo.fi\/hyvinvoivahoiva-opas\/wp-json\/wp\/v2\/pages\/389\/revisions\/870"}],"wp:attachment":[{"href":"https:\/\/blogs2.abo.fi\/hyvinvoivahoiva-opas\/wp-json\/wp\/v2\/media?parent=389"}],"curies":[{"name":"wp","href":"https:\/\/api.w.org\/{rel}","templated":true}]}}