{"id":278,"date":"2021-01-29T10:13:26","date_gmt":"2021-01-29T10:13:26","guid":{"rendered":"http:\/\/blogs2.abo.fi\/hyvinvoivahoiva-opas\/?page_id=278"},"modified":"2022-08-17T07:59:15","modified_gmt":"2022-08-17T07:59:15","slug":"visuaalisuus-tyota-kehitettaessa","status":"publish","type":"page","link":"https:\/\/blogs2.abo.fi\/hyvinvoivahoiva-opas\/yhdessa-kohti-toimivampaa-hoivatyota\/visuaalisuus-tyota-kehitettaessa\/","title":{"rendered":"Visuaalisuus ty\u00f6t\u00e4 kehitett\u00e4ess\u00e4"},"content":{"rendered":"<p><strong>Teksti ja kuviot: Jenna Pennanen, Laurea-ammattikorkeakoulu<\/strong><\/p>\n<p>Visuaalisuus on tehokas tapa viesti\u00e4. Visuaaliseen ohjaukseen ja johtamiseen kannattaan panostaa, kun kehitet\u00e4\u00e4n ty\u00f6t\u00e4 ja ty\u00f6hyvinvointia. Visualisoinnin avulla yhteinen kokonaiskuva tilanteesta kuin tilanteesta hahmottuu paremmin, jolloin yhteinen ongelmanratkaisu, kehitt\u00e4minen ja ideointi mahdollistuvat. Visuaalisuuden merkitys on l\u00e4sn\u00e4 my\u00f6s palvelumuotoilun ja Leanin ajattelu- ja toimintavaoissa. Se onkin t\u00e4rke\u00e4 n\u00e4k\u00f6kulma, kun ty\u00f6t\u00e4 kehitet\u00e4\u00e4n yhdess\u00e4 ja tavoitellaan parempaa ty\u00f6hyvinvointia.<\/p>\n<h2>Visuaalinen ohjaus<\/h2>\n<p>Visuaalinen ohjaaminen mahdollistaa yhteisen ymm\u00e4rryksen ja tilannekuvan muodostamisen valitusta aiheesta, esimerkiksi jostakin ty\u00f6prosessista tai kehitt\u00e4misen kohteesta. Kokonaisuus on hahmotettavissa yhdell\u00e4 silm\u00e4yksell\u00e4, kun se visualisoidaan kuvaksi, kuvioksi, taulukoksi, luetteloksi tai konkretisoidaan symboleita k\u00e4ytt\u00e4en. V\u00e4rit, muodot, koko suhteita edustavat nuolet, kaaviot ja erilaiset merkit toimivat vihjein\u00e4, joita n\u00e4k\u00f6aistimme kautta tulkitsemme muodostaen k\u00e4sityksen esill\u00e4 olevasta asiasta. Visuaalisen ohjauksen avulla prosessit, toiminta, tavoitteet, informaatio ja monivaiheiset ohjeetkin saadaan avoimesti kaikkien n\u00e4ht\u00e4v\u00e4ksi ja ymm\u00e4rrett\u00e4v\u00e4\u00e4n muotoon. Visuaalisesti asioita mallintamalla ep\u00e4kohdat erottuvat paremmin ja kehittymist\u00e4kin on helpompi seurata.<\/p>\n<h2>Visuaalinen ohjaus osaksi hoivaty\u00f6t\u00e4<\/h2>\n<p>Niin hoivaty\u00f6n suunnittelu kuin sen toteutus kannattaa visualisoida ty\u00f6ymp\u00e4rist\u00f6\u00f6n eli siihen arkeen, jossa ty\u00f6t\u00e4 tehd\u00e4\u00e4n. Erilaiset kalenterit ja ty\u00f6teht\u00e4vien hallintaan t\u00e4ht\u00e4\u00e4v\u00e4t luettelot ja listat ovat n\u00e4pp\u00e4ri\u00e4 suunnittelun visuaalisia v\u00e4lineit\u00e4. Osa kalentereista ja luetteloista voi olla henkil\u00f6kohtaisia ty\u00f6teht\u00e4vi\u00e4 varten, osa voi olla n\u00e4kyv\u00e4sti esill\u00e4 koko ty\u00f6yhteis\u00f6lle, jolloin ne ohjaavat ty\u00f6toimintaa tavoitteellisesti.<\/p>\n<p>Kalentereilla, luetteloilla ja erilaisilla projektilistoilla voi visuaalisesti havainnollistaa ty\u00f6n suunnittelun ja toteutumisen sek\u00e4 seurata ty\u00f6n kehitt\u00e4mist\u00e4. Ty\u00f6n tehokkuutta ja hy\u00f6ty\u00e4kin voi havainnollistaa visuaalisten esitysten kautta. Vuosi-, kuukausi- ja viikkosuunnitelman tai -ohjelman voi tuoda visuaalisesti esille koko ty\u00f6yhteis\u00f6lle ja tarvittaessa my\u00f6s asiakkaille\/asukkaille. Alla oleva esimerkkikuvio, visualisoitu hoivakodin vuosikello, ilment\u00e4\u00e4 koko hoivakodin v\u00e4ke\u00e4 koskevia suunnitelmia ja tapahtumia sek\u00e4 niiden ajankohtia. Yhdess\u00e4 sovitut merkinn\u00e4t havainnollistavat kertaluonteiset tapahtumat ja erottavat esimerkiksi kuukausittain tai viikoittain toistuvat teemat toisistaan. Vuosisuunnitelman ja sen visualisoimisenhan voi ideoida ja tehd\u00e4 yhdess\u00e4, vaikka hoivakodin asukkaiden ja omaisten kanssa.<\/p>\n<p><em>Klikkaa suurentaaksesi kuvaa.<\/em> <a href=\"http:\/\/blogs2.abo.fi\/hyvinvoivahoiva-opas\/wp-content\/uploads\/sites\/178\/2021\/03\/vuosisuunnitelma.png\"><img loading=\"lazy\" decoding=\"async\" class=\"aligncenter size-full wp-image-423\" src=\"http:\/\/blogs2.abo.fi\/hyvinvoivahoiva-opas\/wp-content\/uploads\/sites\/178\/2021\/03\/vuosisuunnitelma.png\" alt=\"Esimerkki vuosisuunnitelmasta. \" width=\"798\" height=\"682\" srcset=\"https:\/\/blogs2.abo.fi\/hyvinvoivahoiva-opas\/wp-content\/uploads\/sites\/178\/2021\/03\/vuosisuunnitelma.png 798w, https:\/\/blogs2.abo.fi\/hyvinvoivahoiva-opas\/wp-content\/uploads\/sites\/178\/2021\/03\/vuosisuunnitelma-300x256.png 300w, https:\/\/blogs2.abo.fi\/hyvinvoivahoiva-opas\/wp-content\/uploads\/sites\/178\/2021\/03\/vuosisuunnitelma-768x656.png 768w\" sizes=\"auto, (max-width: 798px) 100vw, 798px\" \/><\/a><\/p>\n<p>Tarkemman kuukausi- tai viikkokohtaisen suunnitelman voi my\u00f6s visualisoida. Siit\u00e4 ilmenee s\u00e4\u00e4nn\u00f6llisesti toistuvat tapahtumat, kuten asukkaita ja hoivahenkil\u00f6kuntaa koskettavat virike-, kokous-, ruokailu- ja pesutapahtumia koskevat hetket. Ne voi kalenteroida n\u00e4kyv\u00e4sti, huomioiden asukkaiden ja ty\u00f6ntekij\u00f6iden erilaiset tarpeet kalenterin sis\u00e4lt\u00e4m\u00e4n informaation suhteen. Asukkaille visualisoitu kuukausisuunnitelma on yksinkertaisempi ja voi sis\u00e4lt\u00e4\u00e4 tekstin sijasta esimerkiksi symboleita (katso kuvio alla).<\/p>\n<p><em>Klikkaa suurentaaksesi kuvaa.<\/em><\/p>\n<p><a href=\"http:\/\/blogs2.abo.fi\/hyvinvoivahoiva-opas\/wp-content\/uploads\/sites\/178\/2021\/03\/kuukausisuunnitelma-2.png\"><img loading=\"lazy\" decoding=\"async\" class=\"aligncenter size-full wp-image-450\" src=\"http:\/\/blogs2.abo.fi\/hyvinvoivahoiva-opas\/wp-content\/uploads\/sites\/178\/2021\/03\/kuukausisuunnitelma-2.png\" alt=\"Esimerkki kuukausisuunnitelmasta. \" width=\"691\" height=\"427\" srcset=\"https:\/\/blogs2.abo.fi\/hyvinvoivahoiva-opas\/wp-content\/uploads\/sites\/178\/2021\/03\/kuukausisuunnitelma-2.png 691w, https:\/\/blogs2.abo.fi\/hyvinvoivahoiva-opas\/wp-content\/uploads\/sites\/178\/2021\/03\/kuukausisuunnitelma-2-300x185.png 300w\" sizes=\"auto, (max-width: 691px) 100vw, 691px\" \/><\/a>Hoitohenkil\u00f6kuntaa varten esimerkiksi kuukausisuunnitelmaan merkit\u00e4\u00e4n tarkemmin mm. ty\u00f6teht\u00e4v\u00e4t, vastuualueet ja ennakkosuunnittelua ja -j\u00e4rjestely\u00e4 vaativat asiat, joille on hyv\u00e4 varata aikaa. Visualisoimalla kuukausittainen, viikoittainen tai p\u00e4iv\u00e4kohtainen kalenteri koko henkil\u00f6st\u00f6lle toteutuu my\u00f6s ajatus &#8220;tied\u00e4 mit\u00e4 ty\u00f6kaveri tekee&#8221;, ja n\u00e4in ollen viestint\u00e4 voi ty\u00f6yhteis\u00f6ss\u00e4 helpottua. Hoivahenkil\u00f6st\u00f6lle visualisoidusta kalenterimuotoisesta kuukausisuunnitelmasta (katso kuvio alla) voi n\u00e4hd\u00e4 miten yksinkertaisilla merkeill\u00e4, kuvioilla, v\u00e4reill\u00e4 ja tekstin fonttikoollakin voi eritell\u00e4 ty\u00f6teht\u00e4vien luonnetta, ajankohtaa ja kuka on asiasta vastuussa. Ty\u00f6ntekij\u00f6illeh\u00e4n voi p\u00e4\u00e4tt\u00e4\u00e4 omat symbolit, nimilaput tai alla olevassa kalenteriesimerkiss\u00e4 k\u00e4ytetyt eri ty\u00f6ntekij\u00f6it\u00e4 tarkoittavat eri v\u00e4riset ympyr\u00e4t.<\/p>\n<p>My\u00f6s sanonta: &#8220;ennalta suunniteltu on jo puoliksi tehty&#8221; p\u00e4tee ty\u00f6nohjauksen, -suunnittelun ja ennen kaikkea ty\u00f6n kehitt\u00e4misen onnistuneeseen toteutukseen. Oli henkil\u00f6st\u00f6lle tarkoitetun kuukausisuunnitelman muoto tai alusta sitten mik\u00e4 tahansa, kannattanee se tehd\u00e4 kuitenkin helposti muokattavaksi nopeasti muuttuvien tilanteiden varalta.<\/p>\n<p><em>Klikkaa suurentaaksesi kuvaa.<\/em><\/p>\n<p><a href=\"http:\/\/blogs2.abo.fi\/hyvinvoivahoiva-opas\/wp-content\/uploads\/sites\/178\/2021\/03\/kuukausisuunnitelma_vaihtoehto-2.png\"><img loading=\"lazy\" decoding=\"async\" class=\"aligncenter size-full wp-image-452\" src=\"http:\/\/blogs2.abo.fi\/hyvinvoivahoiva-opas\/wp-content\/uploads\/sites\/178\/2021\/03\/kuukausisuunnitelma_vaihtoehto-2.png\" alt=\"Kuukausisuunnitelma kalenterimuodossa. \" width=\"879\" height=\"714\" srcset=\"https:\/\/blogs2.abo.fi\/hyvinvoivahoiva-opas\/wp-content\/uploads\/sites\/178\/2021\/03\/kuukausisuunnitelma_vaihtoehto-2.png 879w, https:\/\/blogs2.abo.fi\/hyvinvoivahoiva-opas\/wp-content\/uploads\/sites\/178\/2021\/03\/kuukausisuunnitelma_vaihtoehto-2-300x244.png 300w, https:\/\/blogs2.abo.fi\/hyvinvoivahoiva-opas\/wp-content\/uploads\/sites\/178\/2021\/03\/kuukausisuunnitelma_vaihtoehto-2-768x624.png 768w\" sizes=\"auto, (max-width: 879px) 100vw, 879px\" \/><\/a>Havainnollistetaan visuaalisuuden merkityst\u00e4 viel\u00e4 p\u00e4iv\u00e4kohtaisella ty\u00f6yhteis\u00f6n arkea ja ty\u00f6njakoa selkeytt\u00e4v\u00e4ll\u00e4 ty\u00f6vuoron sis\u00e4ll\u00f6n suunnitelmalla (katso kuvio alla), jossa ty\u00f6ntekij\u00f6ill\u00e4 on omat sarakkeet ja yhtenev\u00e4iset merkint\u00e4tavat. Ne helpottavat kunkin ty\u00f6vuoron ty\u00f6teht\u00e4vien hallintaa ja yhteensovittamista.<\/p>\n<p><em>Klikkaa suurentaaksesi kuvaa.<\/em><\/p>\n<p><a href=\"http:\/\/blogs2.abo.fi\/hyvinvoivahoiva-opas\/wp-content\/uploads\/sites\/178\/2021\/03\/kuukausisuunnitelma_vaihtoehto_kolmas.png\"><img loading=\"lazy\" decoding=\"async\" class=\"aligncenter size-full wp-image-426\" src=\"http:\/\/blogs2.abo.fi\/hyvinvoivahoiva-opas\/wp-content\/uploads\/sites\/178\/2021\/03\/kuukausisuunnitelma_vaihtoehto_kolmas.png\" alt=\"Ty\u00f6vuoron sis\u00e4tl\u00f6 kalenterimuodossa. \" width=\"779\" height=\"682\" srcset=\"https:\/\/blogs2.abo.fi\/hyvinvoivahoiva-opas\/wp-content\/uploads\/sites\/178\/2021\/03\/kuukausisuunnitelma_vaihtoehto_kolmas.png 779w, https:\/\/blogs2.abo.fi\/hyvinvoivahoiva-opas\/wp-content\/uploads\/sites\/178\/2021\/03\/kuukausisuunnitelma_vaihtoehto_kolmas-300x263.png 300w, https:\/\/blogs2.abo.fi\/hyvinvoivahoiva-opas\/wp-content\/uploads\/sites\/178\/2021\/03\/kuukausisuunnitelma_vaihtoehto_kolmas-768x672.png 768w\" sizes=\"auto, (max-width: 779px) 100vw, 779px\" \/><\/a>Ty\u00f6n kehitt\u00e4misen l\u00e4ht\u00f6kohta on tavoitteiden arvoisen p\u00e4\u00e4m\u00e4\u00e4r\u00e4n tunnistaminen. Kaikki kehitt\u00e4minen l\u00e4htee tarpeesta ratkaista jokin ongelma tai halusta l\u00e4hte\u00e4 viem\u00e4\u00e4n eteenp\u00e4in yksitt\u00e4ist\u00e4 mieleen juolahtanutta ideaa. T\u00e4m\u00e4n visualisoiminen voi olla hyvinkin yksinkertaista ja tuottaa tuloksia pienell\u00e4kin vaivalla. Ideoita ja kokeiluja kannattaa siis tuoda rohkeasti n\u00e4kyville, niin itselle kuin muillekin. Koko ty\u00f6yhteis\u00f6lle avoin ideataulu, johon kehitt\u00e4miskohteiden esille tuomisen lis\u00e4ksi j\u00e4tet\u00e4\u00e4n tilaa my\u00f6s ideoiden suunnitteluun (P), kokeilemiseen ja toteuttamiseen (D), sek\u00e4 niiden tutkimiseen ja tarkistamiseen (S) ja tarvittaessa korjausten tekemiseen (A) mahdollistaa ty\u00f6n jatkuvan kehitt\u00e4misen, johon my\u00f6s t\u00e4ll\u00e4 Leanist\u00e4 tutun PDSA-syklin ratkaisukeskeisell\u00e4 kehitt\u00e4mismenetelm\u00e4ll\u00e4 pyrit\u00e4\u00e4n. Ideataulun voi visualisoida esimerkiksi alla olevan kuvion lailla.<\/p>\n<p><em>Klikkaa suurentaaksesi kuvaa.<\/em><\/p>\n<p><a href=\"http:\/\/blogs2.abo.fi\/hyvinvoivahoiva-opas\/wp-content\/uploads\/sites\/178\/2021\/03\/ideataulu-2.png\"><img loading=\"lazy\" decoding=\"async\" class=\"aligncenter size-large wp-image-457\" src=\"http:\/\/blogs2.abo.fi\/hyvinvoivahoiva-opas\/wp-content\/uploads\/sites\/178\/2021\/03\/ideataulu-2-1024x573.png\" alt=\"\" width=\"580\" height=\"325\" srcset=\"https:\/\/blogs2.abo.fi\/hyvinvoivahoiva-opas\/wp-content\/uploads\/sites\/178\/2021\/03\/ideataulu-2-1024x573.png 1024w, https:\/\/blogs2.abo.fi\/hyvinvoivahoiva-opas\/wp-content\/uploads\/sites\/178\/2021\/03\/ideataulu-2-300x168.png 300w, https:\/\/blogs2.abo.fi\/hyvinvoivahoiva-opas\/wp-content\/uploads\/sites\/178\/2021\/03\/ideataulu-2-768x430.png 768w, https:\/\/blogs2.abo.fi\/hyvinvoivahoiva-opas\/wp-content\/uploads\/sites\/178\/2021\/03\/ideataulu-2.png 1052w\" sizes=\"auto, (max-width: 580px) 100vw, 580px\" \/><\/a><\/p>\n<p><a href=\"http:\/\/blogs2.abo.fi\/hyvinvoivahoiva-opas\/wp-content\/uploads\/sites\/178\/2021\/03\/Tyonkehittaminen_mediavastine.pdf\" target=\"_blank\" rel=\"noopener\">Esimerkki ty\u00f6n kehitt\u00e4misen ideataulusta saavutettavassaa pdf-muodossa. <\/a><\/p>\n<blockquote>\n<h6>Pohdittavaksi:<\/h6>\n<p>Kokoa ideapaperi tai -taulu, joka sis\u00e4lt\u00e4\u00e4 sinulle tai koko ty\u00f6yhteis\u00f6lle t\u00e4rke\u00e4n p\u00e4\u00e4m\u00e4\u00e4r\u00e4n, ongelman tai idean. Ty\u00f6st\u00e4 asiaa eteenp\u00e4in viikoittain. Pyyd\u00e4 my\u00f6s ty\u00f6kaveri mukaan ideoimaan ja kokeilemaan ty\u00f6n kehitt\u00e4mist\u00e4. Voitte my\u00f6s yhdess\u00e4 p\u00e4\u00e4tt\u00e4\u00e4 miten, miss\u00e4 ja milloin sit\u00e4 toteutatte.<\/p><\/blockquote>\n<p>&nbsp;<\/p>\n<h2>Visuaalinen johtaminen<\/h2>\n<p><strong>Teksti: P\u00e4ivi Mantere, Laurea ammattikorkeakoulu, kuvio: Jenna Pennanen<\/strong><\/p>\n<p>Visuaalinen johtaminen on yksi Lean-ajattelun perusteista. Se hy\u00f6dynt\u00e4\u00e4 erilaisia merkkej\u00e4 ja signaaleja, jotta voidaan luoda j\u00e4rjestelm\u00e4, joka tukee ja ohjaa perusty\u00f6t\u00e4. Sen avulla koko ty\u00f6yhteis\u00f6 on tietoinen ty\u00f6n prosesseista. Jokainen voi havaita mik\u00e4 toimii ja mik\u00e4 ei toimi, onko jokin asia kesken jne. Visuaalisen johtamisen avulla pyrit\u00e4\u00e4n siihen, ett\u00e4 tieto v\u00e4littyy mahdollisimman nopeasti.<\/p>\n<p>Visuaalisen johtamisen hy\u00f6tyj\u00e4 ovat:<\/p>\n<ul>\n<li>Kaikki, joille tieto on t\u00e4rke\u00e4\u00e4, ovat tiedon piiriss\u00e4.<\/li>\n<li>Koko tiimill\u00e4 on mahdollisuus kaikkeen tietoon oikea-aikaisesti.<\/li>\n<li>Ty\u00f6ntekij\u00e4t voivat olla itseohjautuvia, koska jokainen voi itse arvioida mik\u00e4 tieto on t\u00e4rke\u00e4\u00e4, tai mit\u00e4 sill\u00e4 tiedolla tekee.<\/li>\n<li>Jokainen tuntee oman roolinsa tiimiss\u00e4 ja miten itse liittyy kokonaisuuteen.<\/li>\n<li>Henkil\u00f6st\u00f6n ei tarvitse liikkua niin paljon, koska visuaalinen johtaminen mahdollistaa tiedon n\u00e4kyvyyden helposti ja kauas.<\/li>\n<\/ul>\n<p>Visuaalisen johtamisen pohjalla tulee olla huomioituna muut Lean- ajattelun periaatteet (virtauksen periaate ja arvoa tuottava ty\u00f6). Visuaalisella johtamisella pyrit\u00e4\u00e4n hukan v\u00e4hent\u00e4miseen. Sen tavoitteena on kuvata ongelmat ja normaalista poikkeavat tilanteet henkil\u00f6st\u00f6lle ja johdolle. Monesti ongelmia on helppo piilotella tai olla huomioimatta niit\u00e4. Visuaalinen johtaminen on vaihtoehto ongelmien sivuuttamiselle. Se on ennemmin ajattelutapa kuin tekniikka. Esihenkil\u00f6iden on hyv\u00e4 oppia tarkastelemaan miten prosesseista ja toiminnoista tehd\u00e4\u00e4n entist\u00e4 n\u00e4kyv\u00e4mpi\u00e4. Yksi t\u00e4rke\u00e4 keino on, ett\u00e4 opitaan m\u00e4\u00e4rittelem\u00e4\u00e4n, mik\u00e4 on ongelma ty\u00f6ss\u00e4.<\/p>\n<p>Visuaalisella johtamisella on kaksi p\u00e4\u00e4periaatetta: ongelma ja tilanne tehd\u00e4\u00e4n visuaalisesti n\u00e4kyv\u00e4ksi. Toinen periaate on pyrki\u00e4 ratkaisemaan ongelma ja l\u00f6yt\u00e4m\u00e4\u00e4n sen juurisyyt. Yll\u00e4tt\u00e4v\u00e4\u00e4 kyll\u00e4 organisaatioissa, joissa informaatiota on v\u00e4h\u00e4n, esitet\u00e4\u00e4n paljon kysymyksi\u00e4.<\/p>\n<p>Visuaalinen johtaminen n\u00e4kyy hoivaty\u00f6ss\u00e4 esimerkiksi:<\/p>\n<ul>\n<li>Eri v\u00e4rien k\u00e4ytt\u00f6 eri toimintoihin tai ohjaamiseen (vaikkapa tiet\u00e4m\u00e4\u00e4n onko jokin huone vapaana, kuvaamaan avun tarvetta it-asioissa).<\/li>\n<li>Visualisoinnin avulla voidaan kuvata loppuk\u00e4ytt\u00e4jien palvelupolkuja, eli matkaa palvelun parissa kontaktipiste kerrallaan, joka helpottaa loppuk\u00e4ytt\u00e4jien kokemuksien ymm\u00e4rt\u00e4mist\u00e4 sek\u00e4 niiden esitt\u00e4mist\u00e4 kaikille, jotka ovat kehitt\u00e4misess\u00e4 tai esimerkiksi asiakkaan hoidossa mukana.<\/li>\n<\/ul>\n<p>Visuaalisuus voi my\u00f6s nopeuttaa prosessia sill\u00e4 kaikki tiedetty voidaan tehd\u00e4 n\u00e4kyv\u00e4ksi siten, ett\u00e4 jokainen saa saman informaation ja viel\u00e4p\u00e4 samassa muodossa. Visuaalisen esityksen sanoman ja viestin tulee olla johdonmukainen. Esimerkiksi asiakkaan hoitamiseen liittyvi\u00e4 prosesseja kuten lonkkamurtuman j\u00e4lkeisen hoidon ns. vaiheita voi visualisoida magneettiselle ohjaustaululle, white boardille tai infotaululle (katso kuvio alla), jossa on k\u00e4ytetty v\u00e4rikooditusta jo tehdyst\u00e4 ja tekem\u00e4tt\u00e4 olevasta vaiheesta. Visualisoimisen avulla asioista tehd\u00e4\u00e4n my\u00f6s konkreettisia teoreettisten sijaan. Se taas puolestaan auttaa siirtym\u00e4\u00e4n k\u00e4yt\u00e4nn\u00f6n tekemiseen.<\/p>\n<p><em>Klikkaa suurentaaksesi kuvaa.<\/em><\/p>\n<p><a href=\"http:\/\/blogs2.abo.fi\/hyvinvoivahoiva-opas\/wp-content\/uploads\/sites\/178\/2021\/03\/whiteboard.png\"><img loading=\"lazy\" decoding=\"async\" class=\"aligncenter wp-image-429 size-large\" src=\"http:\/\/blogs2.abo.fi\/hyvinvoivahoiva-opas\/wp-content\/uploads\/sites\/178\/2021\/03\/whiteboard-1024x252.png\" alt=\"Taulukko jossa on k\u00e4ytetty v\u00e4rikoodausta jo tehdyst\u00e4 ja tekem\u00e4tt\u00e4 olevasta vaiheesta. Jokaisella asiakkaalla on taulukossa oma rivi. \" width=\"580\" height=\"143\" srcset=\"https:\/\/blogs2.abo.fi\/hyvinvoivahoiva-opas\/wp-content\/uploads\/sites\/178\/2021\/03\/whiteboard-1024x252.png 1024w, https:\/\/blogs2.abo.fi\/hyvinvoivahoiva-opas\/wp-content\/uploads\/sites\/178\/2021\/03\/whiteboard-300x74.png 300w, https:\/\/blogs2.abo.fi\/hyvinvoivahoiva-opas\/wp-content\/uploads\/sites\/178\/2021\/03\/whiteboard-768x189.png 768w, https:\/\/blogs2.abo.fi\/hyvinvoivahoiva-opas\/wp-content\/uploads\/sites\/178\/2021\/03\/whiteboard.png 1140w\" sizes=\"auto, (max-width: 580px) 100vw, 580px\" \/><\/a>Visuaalinen johtaminen ei ole kuitenkaan pelk\u00e4st\u00e4\u00e4n tauluja, v\u00e4rej\u00e4 ja magneetteja. Visuaalinen johtaminen on ty\u00f6kalu, joka kokoaa eri osat yhten\u00e4iseksi kokonaisuudeksi.<\/p>\n<hr \/>\n<h5>L\u00e4hteet<\/h5>\n<ul>\n<li>Graban, M. 2012. Lean hospitals: Improving quality, patient safety, and employee engagement. 2nd ed. Boca Raton, FL: CRC Press.<\/li>\n<li>M\u00e4kij\u00e4rvi, M. 2013. Lean-menetelm\u00e4 Suomalaisessa terveydenhuollossa &#8211; kokemuksia ja haasteita HUS:ssa. Sosiaali- ja terveysjohtamisen tutkielma. Tampereen yliopisto, Tampereen teknillinen yliopisto.<\/li>\n<li>Paju, S. &amp; Riekki, T. 2019. J\u00e4rki t\u00f6ihin! Parempien ty\u00f6tapojen kehitt\u00e4misopas. Jyv\u00e4skyl\u00e4: Tuuma-kustannus.<\/li>\n<li>Sangiorgi, Y &amp; D. Service Design as an Approach to Implement the Value Cocreation Perspective in New Service Development. Journal of Service Research 2018, Vol. 21(1) pp.40-58.<\/li>\n<li>Stickdorn, M., Hormess, M. E., Lawrence, A. &amp; Schneider J. 2018. This is Service Design Doing. Publisher O&#8217;Reilly Media, Incorporated.<\/li>\n<li>Suneja, A.&amp; C. 2018. Lean ja terveydenhuolto. Rajala, H. (suom.)2018. Helsinki: Duodecim.<\/li>\n<\/ul>\n<h5><a href=\"https:\/\/blogs2.abo.fi\/hyvinvoivahoiva-opas\/yhdessa-kohti-toimivampaa-hoivatyota\/\">Takaisin Yhdess\u00e4 kohti toimivampaa hoivaty\u00f6t\u00e4 -osion alkuun.<\/a><\/h5>\n","protected":false},"excerpt":{"rendered":"<p>Teksti ja kuviot: Jenna Pennanen, Laurea-ammattikorkeakoulu Visuaalisuus on tehokas tapa viesti\u00e4. Visuaaliseen ohjaukseen ja johtamiseen kannattaan panostaa, kun kehitet\u00e4\u00e4n ty\u00f6t\u00e4 ja ty\u00f6hyvinvointia. Visualisoinnin avulla yhteinen kokonaiskuva tilanteesta kuin tilanteesta hahmottuu paremmin, jolloin yhteinen ongelmanratkaisu, kehitt\u00e4minen ja ideointi mahdollistuvat. Visuaalisuuden merkitys on l\u00e4sn\u00e4 my\u00f6s palvelumuotoilun ja Leanin ajattelu- ja toimintavaoissa. Se onkin t\u00e4rke\u00e4 n\u00e4k\u00f6kulma, kun ty\u00f6t\u00e4 [&hellip;]<\/p>\n","protected":false},"author":469,"featured_media":0,"parent":24,"menu_order":0,"comment_status":"closed","ping_status":"closed","template":"","meta":{"footnotes":""},"class_list":["post-278","page","type-page","status-publish","hentry"],"_links":{"self":[{"href":"https:\/\/blogs2.abo.fi\/hyvinvoivahoiva-opas\/wp-json\/wp\/v2\/pages\/278","targetHints":{"allow":["GET"]}}],"collection":[{"href":"https:\/\/blogs2.abo.fi\/hyvinvoivahoiva-opas\/wp-json\/wp\/v2\/pages"}],"about":[{"href":"https:\/\/blogs2.abo.fi\/hyvinvoivahoiva-opas\/wp-json\/wp\/v2\/types\/page"}],"author":[{"embeddable":true,"href":"https:\/\/blogs2.abo.fi\/hyvinvoivahoiva-opas\/wp-json\/wp\/v2\/users\/469"}],"replies":[{"embeddable":true,"href":"https:\/\/blogs2.abo.fi\/hyvinvoivahoiva-opas\/wp-json\/wp\/v2\/comments?post=278"}],"version-history":[{"count":18,"href":"https:\/\/blogs2.abo.fi\/hyvinvoivahoiva-opas\/wp-json\/wp\/v2\/pages\/278\/revisions"}],"predecessor-version":[{"id":712,"href":"https:\/\/blogs2.abo.fi\/hyvinvoivahoiva-opas\/wp-json\/wp\/v2\/pages\/278\/revisions\/712"}],"up":[{"embeddable":true,"href":"https:\/\/blogs2.abo.fi\/hyvinvoivahoiva-opas\/wp-json\/wp\/v2\/pages\/24"}],"wp:attachment":[{"href":"https:\/\/blogs2.abo.fi\/hyvinvoivahoiva-opas\/wp-json\/wp\/v2\/media?parent=278"}],"curies":[{"name":"wp","href":"https:\/\/api.w.org\/{rel}","templated":true}]}}