{"id":24,"date":"2020-12-30T09:04:44","date_gmt":"2020-12-30T09:04:44","guid":{"rendered":"http:\/\/blogs2.abo.fi\/hyvinvoivahoiva-opas\/?page_id=24"},"modified":"2021-04-12T09:08:13","modified_gmt":"2021-04-12T09:08:13","slug":"yhdessa-kohti-toimivampaa-hoivatyota","status":"publish","type":"page","link":"https:\/\/blogs2.abo.fi\/hyvinvoivahoiva-opas\/yhdessa-kohti-toimivampaa-hoivatyota\/","title":{"rendered":"Yhdess\u00e4 kohti toimivampaa hoivaty\u00f6t\u00e4"},"content":{"rendered":"<p>Yhdess\u00e4, k\u00e4yt\u00e4nn\u00f6n ty\u00f6arkea, kehitt\u00e4en on mahdollisuus saavuttaa sujuvampia ty\u00f6prosesseja, jotka edesauttavat ty\u00f6yhteis\u00f6\u00e4 kohti toimivampaa hoivaty\u00f6t\u00e4 ja parempaa ty\u00f6hyvinvointia. Erilaisiin menetelmiin ja ty\u00f6kaluihin kuten palvelumuotoiluun, Leaniin ja moninaisiin, ty\u00f6yhteis\u00f6\u00e4 aktivoiviin, menetelmiin tutustumalla ty\u00f6n kehitt\u00e4misen haasteet voivat pienenty\u00e4. N\u00e4in ollen my\u00f6s ty\u00f6yhteis\u00f6jen yhdess\u00e4 koetut onnistumiset voivat kasvaa. My\u00f6s tiedon ja taidon lis\u00e4\u00e4ntyminen hoivaty\u00f6ss\u00e4 tarvittavasta asiakasymm\u00e4rryksest\u00e4 ja -l\u00e4ht\u00f6isyydest\u00e4 auttaa kehitt\u00e4m\u00e4\u00e4n omaa ty\u00f6t\u00e4 toimivammaksi. Visuaalisuuden hy\u00f6dynt\u00e4minen osana hoivaty\u00f6t\u00e4 mahdollistaa yhteisen ymm\u00e4rryksen muodostamisen monista asioista, jolloin hoivaty\u00f6ss\u00e4 k\u00e4ytetty viestint\u00e4 ja vuorovaikutus voivat my\u00f6s helpottua. Ty\u00f6n kehitt\u00e4misen kautta onkin mahdollista parantaa my\u00f6s ty\u00f6hyvinvointia kokonaisvaltaisesti.<\/p>\n<p>T\u00e4h\u00e4n osioon on koottu tietoa ja k\u00e4yt\u00e4nn\u00f6n harjoitteita ty\u00f6n kehitt\u00e4miseen. Kannattaa siis tutustua ja kokeilla yhdess\u00e4 arjen ty\u00f6n lomassa n\u00e4it\u00e4 hoivaty\u00f6n kehitt\u00e4miseen soveltuvia ty\u00f6kaluja toimivamman hoivaty\u00f6n tavoittamiseksi.<\/p>\n<h4><a href=\"https:\/\/blogs2.abo.fi\/hyvinvoivahoiva-opas\/yhdessa-kohti-toimivampaa-hoivatyota\/palvelumuotoilu\/\">Palvelumuotoilu<\/a><\/h4>\n<h4><a href=\"https:\/\/blogs2.abo.fi\/hyvinvoivahoiva-opas\/yhdessa-kohti-toimivampaa-hoivatyota\/miksi-lean-terveydenhuollossa-ja-hoiva-alalla\/\">Lean<\/a><\/h4>\n<h4><a href=\"https:\/\/blogs2.abo.fi\/hyvinvoivahoiva-opas\/yhdessa-kohti-toimivampaa-hoivatyota\/visuaalisuus-tyota-kehitettaessa\/\" rel=\"noopener noreferrer\">Visuaalisuus ty\u00f6t\u00e4 kehitett\u00e4ess\u00e4<\/a><\/h4>\n<h4><a href=\"https:\/\/blogs2.abo.fi\/hyvinvoivahoiva-opas\/yhdessa-kohti-toimivampaa-hoivatyota\/yhteiskehittaminen\/\">Yhteiskehitt\u00e4minen<\/a><\/h4>\n<h4><a href=\"https:\/\/blogs2.abo.fi\/hyvinvoivahoiva-opas\/yhdessa-kohti-toimivampaa-hoivatyota\/kehittaminen-kaytannossa\/\">Kehitt\u00e4minen k\u00e4yt\u00e4nn\u00f6ss\u00e4<\/a><\/h4>\n<h4><a href=\"https:\/\/blogs2.abo.fi\/hyvinvoivahoiva-opas\/yhdessa-kohti-toimivampaa-hoivatyota\/asiakasymmarrys-ja-asiakaslahtoisyys-hoivatyossa\/\">Asiakasymm\u00e4rrys ja asiakasl\u00e4ht\u00f6isyys hoivaty\u00f6ss\u00e4<\/a><\/h4>\n<h4><\/h4>\n","protected":false},"excerpt":{"rendered":"<p>Yhdess\u00e4, k\u00e4yt\u00e4nn\u00f6n ty\u00f6arkea, kehitt\u00e4en on mahdollisuus saavuttaa sujuvampia ty\u00f6prosesseja, jotka edesauttavat ty\u00f6yhteis\u00f6\u00e4 kohti toimivampaa hoivaty\u00f6t\u00e4 ja parempaa ty\u00f6hyvinvointia. Erilaisiin menetelmiin ja ty\u00f6kaluihin kuten palvelumuotoiluun, Leaniin ja moninaisiin, ty\u00f6yhteis\u00f6\u00e4 aktivoiviin, menetelmiin tutustumalla ty\u00f6n kehitt\u00e4misen haasteet voivat pienenty\u00e4. N\u00e4in ollen my\u00f6s ty\u00f6yhteis\u00f6jen yhdess\u00e4 koetut onnistumiset voivat kasvaa. My\u00f6s tiedon ja taidon lis\u00e4\u00e4ntyminen hoivaty\u00f6ss\u00e4 tarvittavasta asiakasymm\u00e4rryksest\u00e4 ja -l\u00e4ht\u00f6isyydest\u00e4 [&hellip;]<\/p>\n","protected":false},"author":469,"featured_media":205,"parent":0,"menu_order":0,"comment_status":"closed","ping_status":"closed","template":"templates\/template-cover.php","meta":{"footnotes":""},"class_list":["post-24","page","type-page","status-publish","has-post-thumbnail","hentry"],"_links":{"self":[{"href":"https:\/\/blogs2.abo.fi\/hyvinvoivahoiva-opas\/wp-json\/wp\/v2\/pages\/24","targetHints":{"allow":["GET"]}}],"collection":[{"href":"https:\/\/blogs2.abo.fi\/hyvinvoivahoiva-opas\/wp-json\/wp\/v2\/pages"}],"about":[{"href":"https:\/\/blogs2.abo.fi\/hyvinvoivahoiva-opas\/wp-json\/wp\/v2\/types\/page"}],"author":[{"embeddable":true,"href":"https:\/\/blogs2.abo.fi\/hyvinvoivahoiva-opas\/wp-json\/wp\/v2\/users\/469"}],"replies":[{"embeddable":true,"href":"https:\/\/blogs2.abo.fi\/hyvinvoivahoiva-opas\/wp-json\/wp\/v2\/comments?post=24"}],"version-history":[{"count":21,"href":"https:\/\/blogs2.abo.fi\/hyvinvoivahoiva-opas\/wp-json\/wp\/v2\/pages\/24\/revisions"}],"predecessor-version":[{"id":708,"href":"https:\/\/blogs2.abo.fi\/hyvinvoivahoiva-opas\/wp-json\/wp\/v2\/pages\/24\/revisions\/708"}],"wp:featuredmedia":[{"embeddable":true,"href":"https:\/\/blogs2.abo.fi\/hyvinvoivahoiva-opas\/wp-json\/wp\/v2\/media\/205"}],"wp:attachment":[{"href":"https:\/\/blogs2.abo.fi\/hyvinvoivahoiva-opas\/wp-json\/wp\/v2\/media?parent=24"}],"curies":[{"name":"wp","href":"https:\/\/api.w.org\/{rel}","templated":true}]}}