{"id":20,"date":"2020-12-30T09:03:32","date_gmt":"2020-12-30T09:03:32","guid":{"rendered":"http:\/\/blogs2.abo.fi\/hyvinvoivahoiva-opas\/?page_id=20"},"modified":"2021-04-09T12:50:59","modified_gmt":"2021-04-09T12:50:59","slug":"moninaisuus-voimavarana-hoivatyossa","status":"publish","type":"page","link":"https:\/\/blogs2.abo.fi\/hyvinvoivahoiva-opas\/moninaisuus-voimavarana-hoivatyossa\/","title":{"rendered":"Moninaisuus voimavarana hoivaty\u00f6ss\u00e4"},"content":{"rendered":"<p>Hyvin toimivassa ty\u00f6yhteis\u00f6ss\u00e4 tuetaan yksil\u00f6iden ty\u00f6hyvinvointia ja koetaan moninaisuus voimavarana. Hyvin voivassa ty\u00f6yhteis\u00f6ss\u00e4 huolehditaan jokaisen ty\u00f6ntekij\u00e4n ja asiakkaan tasa-arvon ja yhdenvertaisuuden toteutumisesta. T\u00e4m\u00e4n teemaosion tavoitteena on lis\u00e4t\u00e4 tietoisuutta yhdenvertaisuus- ja tasa-arvoty\u00f6st\u00e4 ty\u00f6paikoilla, edist\u00e4\u00e4 tasa-arvo-osaamista ja tukea yhdenvertaisuus- ja tasa-arvosuunnittelua sote-alan hoivayksik\u00f6iss\u00e4.<\/p>\n<h4><a href=\"https:\/\/blogs2.abo.fi\/hyvinvoivahoiva-opas\/moninaisuus-voimavarana-hoivatyossa\/tasa-arvon-ja-yhdenvertaisuuden-edistaminen\/\">Tasa-arvo ja yhdenvertaisuus ty\u00f6el\u00e4m\u00e4ss\u00e4 \u2013 lains\u00e4\u00e4d\u00e4nt\u00f6\u00e4<\/a><\/h4>\n<h4><a href=\"https:\/\/blogs2.abo.fi\/hyvinvoivahoiva-opas\/moninaisuus-voimavarana-hoivatyossa\/yhdenvertaisuus-tasa-arvo-ja-syrjinta-laissa\/\">Mit\u00e4 yhdenvertaisuus ja syrjim\u00e4tt\u00f6myys k\u00e4yt\u00e4nn\u00f6ss\u00e4 tarkoittaa?<\/a><\/h4>\n<h4><a href=\"https:\/\/blogs2.abo.fi\/hyvinvoivahoiva-opas\/moninaisuus-voimavarana-hoivatyossa\/moninaisuus-ja-yhdenvertaisuus-vanhustenhuollossa\/\">Tasa-arvoinen ja yhdenvertainen kohtaaminen ik\u00e4ihmisten hoivapalveluissa<\/a><\/h4>\n<h4><a href=\"https:\/\/blogs2.abo.fi\/hyvinvoivahoiva-opas\/moninaisuus-voimavarana-hoivatyossa\/ulkomaalaistaustainen-maahanmuuttajavaesto\/\">Ulkomaalaistaustaisen v\u00e4est\u00f6n osuus kasvaa ik\u00e4ihmisten hoivapalveluissa<\/a><\/h4>\n<h4><a href=\"https:\/\/blogs2.abo.fi\/hyvinvoivahoiva-opas\/moninaisuus-voimavarana-hoivatyossa\/kansalliset-kielivahemmistot-ja-etniset-vahemmistot\/\">Kansallisten v\u00e4hemmist\u00f6jen huomioiminen hoivapalveluissa<\/a><\/h4>\n<h4><a href=\"https:\/\/blogs2.abo.fi\/hyvinvoivahoiva-opas\/moninaisuus-voimavarana-hoivatyossa\/sukupuolten-moninaisuuteen-liittyvien-kasitteiden-maaritelmia\/\">Sukupuolten moninaisuus ik\u00e4ihmisten hoivapalveluissa<\/a><\/h4>\n<h4><a href=\"https:\/\/blogs2.abo.fi\/hyvinvoivahoiva-opas\/moninaisuus-voimavarana-hoivatyossa\/yhdenvertaisuussuunnitelman-laatiminen-ikaihmisten-palveluissa\/\">Yhdenvertaisuussuunnitelman laatiminen \u2013 muistilista<\/a><\/h4>\n","protected":false},"excerpt":{"rendered":"<p>Hyvin toimivassa ty\u00f6yhteis\u00f6ss\u00e4 tuetaan yksil\u00f6iden ty\u00f6hyvinvointia ja koetaan moninaisuus voimavarana. Hyvin voivassa ty\u00f6yhteis\u00f6ss\u00e4 huolehditaan jokaisen ty\u00f6ntekij\u00e4n ja asiakkaan tasa-arvon ja yhdenvertaisuuden toteutumisesta. T\u00e4m\u00e4n teemaosion tavoitteena on lis\u00e4t\u00e4 tietoisuutta yhdenvertaisuus- ja tasa-arvoty\u00f6st\u00e4 ty\u00f6paikoilla, edist\u00e4\u00e4 tasa-arvo-osaamista ja tukea yhdenvertaisuus- ja tasa-arvosuunnittelua sote-alan hoivayksik\u00f6iss\u00e4. Tasa-arvo ja yhdenvertaisuus ty\u00f6el\u00e4m\u00e4ss\u00e4 \u2013 lains\u00e4\u00e4d\u00e4nt\u00f6\u00e4 Mit\u00e4 yhdenvertaisuus ja syrjim\u00e4tt\u00f6myys k\u00e4yt\u00e4nn\u00f6ss\u00e4 tarkoittaa? Tasa-arvoinen ja [&hellip;]<\/p>\n","protected":false},"author":469,"featured_media":209,"parent":0,"menu_order":0,"comment_status":"closed","ping_status":"closed","template":"templates\/template-cover.php","meta":{"footnotes":""},"class_list":["post-20","page","type-page","status-publish","has-post-thumbnail","hentry"],"_links":{"self":[{"href":"https:\/\/blogs2.abo.fi\/hyvinvoivahoiva-opas\/wp-json\/wp\/v2\/pages\/20","targetHints":{"allow":["GET"]}}],"collection":[{"href":"https:\/\/blogs2.abo.fi\/hyvinvoivahoiva-opas\/wp-json\/wp\/v2\/pages"}],"about":[{"href":"https:\/\/blogs2.abo.fi\/hyvinvoivahoiva-opas\/wp-json\/wp\/v2\/types\/page"}],"author":[{"embeddable":true,"href":"https:\/\/blogs2.abo.fi\/hyvinvoivahoiva-opas\/wp-json\/wp\/v2\/users\/469"}],"replies":[{"embeddable":true,"href":"https:\/\/blogs2.abo.fi\/hyvinvoivahoiva-opas\/wp-json\/wp\/v2\/comments?post=20"}],"version-history":[{"count":40,"href":"https:\/\/blogs2.abo.fi\/hyvinvoivahoiva-opas\/wp-json\/wp\/v2\/pages\/20\/revisions"}],"predecessor-version":[{"id":693,"href":"https:\/\/blogs2.abo.fi\/hyvinvoivahoiva-opas\/wp-json\/wp\/v2\/pages\/20\/revisions\/693"}],"wp:featuredmedia":[{"embeddable":true,"href":"https:\/\/blogs2.abo.fi\/hyvinvoivahoiva-opas\/wp-json\/wp\/v2\/media\/209"}],"wp:attachment":[{"href":"https:\/\/blogs2.abo.fi\/hyvinvoivahoiva-opas\/wp-json\/wp\/v2\/media?parent=20"}],"curies":[{"name":"wp","href":"https:\/\/api.w.org\/{rel}","templated":true}]}}