{"id":2,"date":"2020-12-29T11:11:03","date_gmt":"2020-12-29T11:11:03","guid":{"rendered":"http:\/\/blogs2.abo.fi\/hyvinvoivahoiva-opas\/?page_id=2"},"modified":"2023-04-12T09:01:51","modified_gmt":"2023-04-12T09:01:51","slug":"sample-page","status":"publish","type":"page","link":"https:\/\/blogs2.abo.fi\/hyvinvoivahoiva-opas\/","title":{"rendered":"Tietoa ja ty\u00f6kaluja ty\u00f6hyvinvoinnin kehitt\u00e4miseen ik\u00e4ihmisten hoivapalveluissa"},"content":{"rendered":"\r\n<p><img loading=\"lazy\" decoding=\"async\" class=\"alignnone wp-image-399 size-full\" src=\"http:\/\/blogs2.abo.fi\/hyvinvoivahoiva-opas\/wp-content\/uploads\/sites\/178\/2021\/02\/logokokoelma_EU_partner_print.jpg\" alt=\"Hankepartnereiden logot.\" width=\"790\" height=\"85\" srcset=\"https:\/\/blogs2.abo.fi\/hyvinvoivahoiva-opas\/wp-content\/uploads\/sites\/178\/2021\/02\/logokokoelma_EU_partner_print.jpg 790w, https:\/\/blogs2.abo.fi\/hyvinvoivahoiva-opas\/wp-content\/uploads\/sites\/178\/2021\/02\/logokokoelma_EU_partner_print-300x32.jpg 300w, https:\/\/blogs2.abo.fi\/hyvinvoivahoiva-opas\/wp-content\/uploads\/sites\/178\/2021\/02\/logokokoelma_EU_partner_print-768x83.jpg 768w\" sizes=\"auto, (max-width: 790px) 100vw, 790px\" \/>Hyvinvoiva hoiva \u2013 V\u00e4lm\u00e5ende omsorg -hanke (1.1.2019\u201331.12.2022) on suunnattu ik\u00e4ihmisten hoivapalveluiden henkil\u00f6st\u00f6lle. Tavoitteena on edist\u00e4\u00e4 ja kehitt\u00e4\u00e4 henkil\u00f6st\u00f6n hyvinvointia, muutosvalmiutta ja ty\u00f6prosesseja. Projektiryhm\u00e4 koostuu ty\u00f6hyvinvoinnin, organisaation ja johtamisen, lean- ja palvelumuotoilun, sek\u00e4 sosiaali- ja terveydenhuollon asiantuntijoista.<\/p>\r\n<p>Osana hanketta ja henkil\u00f6st\u00f6n ty\u00f6pajojen tuloksena olemme koonneet verkkojulkaisun <em>Tietoa ja ty\u00f6kaluja ty\u00f6hyvinvoinnin kehitt\u00e4miseen ik\u00e4ihmisten hoivapalveluissa<\/em>. Opas on suunnattu sek\u00e4 esihenkil\u00f6ille ett\u00e4 henkil\u00f6st\u00f6lle kaikissa hoidon konteksteissa. Opas on my\u00f6s ilmestynyt ruotsinkielisen\u00e4: <a href=\"https:\/\/blogs2.abo.fi\/hyvinvoivahoiva-guide\/\" target=\"_blank\" rel=\"noopener\"><em>Kunskap och verktyg f\u00f6r utveckling av arbetsh\u00e4lsa inom \u00e4ldreomsorgssektorn<\/em><\/a>\u00a0(avautuu uuteen v\u00e4lilehteen).\u00a0<\/p>\r\n<p>Toivomme, ett\u00e4 t\u00e4m\u00e4 opas innostaa, antaa ajantasaista tietoa ja vahvistaa sek\u00e4 s\u00e4ilytt\u00e4\u00e4 ty\u00f6hyvinvointia ja sietokyky\u00e4 haastavassa ajassa. T\u00e4\u00e4lt\u00e4 l\u00f6yd\u00e4t paljon monipuolista materiaalia: ajankohtaista tietoa, animaatioita, linkkej\u00e4, testej\u00e4, vinkkej\u00e4, pohdintakysymyksi\u00e4 jne. Sin\u00e4 p\u00e4\u00e4t\u00e4t, mit\u00e4 haluat lukea \u2013 ehk\u00e4 l\u00f6yd\u00e4t jotain, jonka haluat my\u00f6s jakaa koko ty\u00f6yhteis\u00f6si kanssa.<\/p>\r\n<p><a href=\"https:\/\/blogs2.abo.fi\/hyvinvoivahoiva-opas\/mita-on-tyohyvinvointi\/\"><img loading=\"lazy\" decoding=\"async\" class=\"aligncenter wp-image-83 size-full\" src=\"http:\/\/blogs2.abo.fi\/hyvinvoivahoiva-opas\/wp-content\/uploads\/sites\/178\/2020\/12\/Rubrik-mita-on.jpg\" alt=\"Linkki osioon Mit\u00e4 on ty\u00f6hyvinvointi?\" width=\"600\" height=\"120\" srcset=\"https:\/\/blogs2.abo.fi\/hyvinvoivahoiva-opas\/wp-content\/uploads\/sites\/178\/2020\/12\/Rubrik-mita-on.jpg 600w, https:\/\/blogs2.abo.fi\/hyvinvoivahoiva-opas\/wp-content\/uploads\/sites\/178\/2020\/12\/Rubrik-mita-on-300x60.jpg 300w\" sizes=\"auto, (max-width: 600px) 100vw, 600px\" \/><\/a><\/p>\r\n<p><a href=\"https:\/\/blogs2.abo.fi\/hyvinvoivahoiva-opas\/hyvinvoiva-tyoyhteiso\/\"><img loading=\"lazy\" decoding=\"async\" class=\"aligncenter wp-image-85 size-full\" src=\"http:\/\/blogs2.abo.fi\/hyvinvoivahoiva-opas\/wp-content\/uploads\/sites\/178\/2020\/12\/Rubrik-hyvinvoiva.jpg\" alt=\"Linkki osioon Hyvinvoiva ty\u00f6yhteis\u00f6.\" width=\"600\" height=\"120\" srcset=\"https:\/\/blogs2.abo.fi\/hyvinvoivahoiva-opas\/wp-content\/uploads\/sites\/178\/2020\/12\/Rubrik-hyvinvoiva.jpg 600w, https:\/\/blogs2.abo.fi\/hyvinvoivahoiva-opas\/wp-content\/uploads\/sites\/178\/2020\/12\/Rubrik-hyvinvoiva-300x60.jpg 300w\" sizes=\"auto, (max-width: 600px) 100vw, 600px\" \/><\/a><a href=\"https:\/\/blogs2.abo.fi\/hyvinvoivahoiva-opas\/tyontekija-oman-hyvinvointinsa-kehittajana\/\"><img loading=\"lazy\" decoding=\"async\" class=\"aligncenter size-full wp-image-87\" src=\"http:\/\/blogs2.abo.fi\/hyvinvoivahoiva-opas\/wp-content\/uploads\/sites\/178\/2020\/12\/Rubrik_tyontekija-kehittajana.jpg\" alt=\"Linkki osioon Ty\u00f6ntekij\u00e4 oman hyvinvointinsa kehitt\u00e4j\u00e4n\u00e4.\" width=\"600\" height=\"120\" srcset=\"https:\/\/blogs2.abo.fi\/hyvinvoivahoiva-opas\/wp-content\/uploads\/sites\/178\/2020\/12\/Rubrik_tyontekija-kehittajana.jpg 600w, https:\/\/blogs2.abo.fi\/hyvinvoivahoiva-opas\/wp-content\/uploads\/sites\/178\/2020\/12\/Rubrik_tyontekija-kehittajana-300x60.jpg 300w\" sizes=\"auto, (max-width: 600px) 100vw, 600px\" \/><\/a><a href=\"https:\/\/blogs2.abo.fi\/hyvinvoivahoiva-opas\/esihenkilo-tyohyvinvoinnin-edistajana\/\"><img loading=\"lazy\" decoding=\"async\" class=\"aligncenter size-full wp-image-89\" src=\"http:\/\/blogs2.abo.fi\/hyvinvoivahoiva-opas\/wp-content\/uploads\/sites\/178\/2020\/12\/Rubrik-esihenkilo.jpg\" alt=\"Linkki osioon Esihenkil\u00f6 ty\u00f6hyvinvoinnin edist\u00e4j\u00e4n\u00e4. \" width=\"600\" height=\"120\" srcset=\"https:\/\/blogs2.abo.fi\/hyvinvoivahoiva-opas\/wp-content\/uploads\/sites\/178\/2020\/12\/Rubrik-esihenkilo.jpg 600w, https:\/\/blogs2.abo.fi\/hyvinvoivahoiva-opas\/wp-content\/uploads\/sites\/178\/2020\/12\/Rubrik-esihenkilo-300x60.jpg 300w\" sizes=\"auto, (max-width: 600px) 100vw, 600px\" \/><\/a><a href=\"https:\/\/blogs2.abo.fi\/hyvinvoivahoiva-opas\/yhdessa-kohti-toimivampaa-hoivatyota\/\"><img loading=\"lazy\" decoding=\"async\" class=\"aligncenter size-full wp-image-91\" src=\"http:\/\/blogs2.abo.fi\/hyvinvoivahoiva-opas\/wp-content\/uploads\/sites\/178\/2020\/12\/Rubrik-yhdessa.jpg\" alt=\"Linkki osioon Yhdess\u00e4 kohti toimivampaa hoivaty\u00f6t\u00e4. \" width=\"600\" height=\"120\" srcset=\"https:\/\/blogs2.abo.fi\/hyvinvoivahoiva-opas\/wp-content\/uploads\/sites\/178\/2020\/12\/Rubrik-yhdessa.jpg 600w, https:\/\/blogs2.abo.fi\/hyvinvoivahoiva-opas\/wp-content\/uploads\/sites\/178\/2020\/12\/Rubrik-yhdessa-300x60.jpg 300w\" sizes=\"auto, (max-width: 600px) 100vw, 600px\" \/><\/a><a href=\"https:\/\/blogs2.abo.fi\/hyvinvoivahoiva-opas\/moninaisuus-voimavarana-hoivatyossa\/\"><img loading=\"lazy\" decoding=\"async\" class=\"aligncenter size-full wp-image-92\" src=\"http:\/\/blogs2.abo.fi\/hyvinvoivahoiva-opas\/wp-content\/uploads\/sites\/178\/2020\/12\/Rubrik-moninaisuus.jpg\" alt=\"Linkki osioon Moninaisuus voimavarana hoivaty\u00f6ss\u00e4. \" width=\"600\" height=\"120\" srcset=\"https:\/\/blogs2.abo.fi\/hyvinvoivahoiva-opas\/wp-content\/uploads\/sites\/178\/2020\/12\/Rubrik-moninaisuus.jpg 600w, https:\/\/blogs2.abo.fi\/hyvinvoivahoiva-opas\/wp-content\/uploads\/sites\/178\/2020\/12\/Rubrik-moninaisuus-300x60.jpg 300w\" sizes=\"auto, (max-width: 600px) 100vw, 600px\" \/><\/a><\/p>\r\n<p><a href=\"https:\/\/blogs2.abo.fi\/hyvinvoivahoiva-opas\/tyokaluja-tyokyvyn-ja-tyohyvinvoinnin-yhteiskehittamiseen\/\"><img loading=\"lazy\" decoding=\"async\" class=\"alignnone size-full wp-image-875\" src=\"http:\/\/blogs2.abo.fi\/hyvinvoivahoiva-opas\/wp-content\/uploads\/sites\/178\/2023\/04\/Rubrik-sista.jpg\" alt=\"\" width=\"600\" height=\"120\" srcset=\"https:\/\/blogs2.abo.fi\/hyvinvoivahoiva-opas\/wp-content\/uploads\/sites\/178\/2023\/04\/Rubrik-sista.jpg 600w, https:\/\/blogs2.abo.fi\/hyvinvoivahoiva-opas\/wp-content\/uploads\/sites\/178\/2023\/04\/Rubrik-sista-300x60.jpg 300w\" sizes=\"auto, (max-width: 600px) 100vw, 600px\" \/><\/a><\/p>\r\n<p><a href=\"https:\/\/blogs2.abo.fi\/hyvinvoivahoiva-opas\/verkkojulkaisun-tekijat\/\">Verkkojulkaisun tekij\u00e4t.<\/a><\/p>\r\n<hr \/>\r\n<p>Hyvinvoiva hoiva \u2013 V\u00e4lm\u00e5ende omsorg -hanketta (1.1.2019\u201331.12.2022) rahoittaa Sosiaali- ja terveysministeri\u00f6, osarahoitus Euroopan sosiaalirahastosta.<\/p>\r\n<p style=\"text-align: center\">***<\/p>\r\n<p>Tietoa ja ty\u00f6kaluja ty\u00f6hyvinvoinnin kehitt\u00e4miseen ik\u00e4ihmisten hoivapalveluissa, jonka tekij\u00e4 on Hyvinvoiva hoiva -hanke, on lisensoitu <a href=\"http:\/\/creativecommons.org\/licenses\/by-nc\/4.0\/\" rel=\"license\">Creative Commons Nime\u00e4-EiKaupallinen 4.0 Kansainv\u00e4linen -lisenssill\u00e4<\/a>.<\/p>\r\n<p><\/p>","protected":false},"excerpt":{"rendered":"<p>Hyvinvoiva hoiva \u2013 V\u00e4lm\u00e5ende omsorg -hanke (1.1.2019\u201331.12.2022) on suunnattu ik\u00e4ihmisten hoivapalveluiden henkil\u00f6st\u00f6lle. Tavoitteena on edist\u00e4\u00e4 ja kehitt\u00e4\u00e4 henkil\u00f6st\u00f6n hyvinvointia, muutosvalmiutta ja ty\u00f6prosesseja. Projektiryhm\u00e4 koostuu ty\u00f6hyvinvoinnin, organisaation ja johtamisen, lean- ja palvelumuotoilun, sek\u00e4 sosiaali- ja terveydenhuollon asiantuntijoista. Osana hanketta ja henkil\u00f6st\u00f6n ty\u00f6pajojen tuloksena olemme koonneet verkkojulkaisun Tietoa ja ty\u00f6kaluja ty\u00f6hyvinvoinnin kehitt\u00e4miseen ik\u00e4ihmisten hoivapalveluissa. Opas on suunnattu [&hellip;]<\/p>\n","protected":false},"author":469,"featured_media":0,"parent":0,"menu_order":0,"comment_status":"closed","ping_status":"open","template":"","meta":{"footnotes":""},"class_list":["post-2","page","type-page","status-publish","hentry"],"_links":{"self":[{"href":"https:\/\/blogs2.abo.fi\/hyvinvoivahoiva-opas\/wp-json\/wp\/v2\/pages\/2","targetHints":{"allow":["GET"]}}],"collection":[{"href":"https:\/\/blogs2.abo.fi\/hyvinvoivahoiva-opas\/wp-json\/wp\/v2\/pages"}],"about":[{"href":"https:\/\/blogs2.abo.fi\/hyvinvoivahoiva-opas\/wp-json\/wp\/v2\/types\/page"}],"author":[{"embeddable":true,"href":"https:\/\/blogs2.abo.fi\/hyvinvoivahoiva-opas\/wp-json\/wp\/v2\/users\/469"}],"replies":[{"embeddable":true,"href":"https:\/\/blogs2.abo.fi\/hyvinvoivahoiva-opas\/wp-json\/wp\/v2\/comments?post=2"}],"version-history":[{"count":50,"href":"https:\/\/blogs2.abo.fi\/hyvinvoivahoiva-opas\/wp-json\/wp\/v2\/pages\/2\/revisions"}],"predecessor-version":[{"id":876,"href":"https:\/\/blogs2.abo.fi\/hyvinvoivahoiva-opas\/wp-json\/wp\/v2\/pages\/2\/revisions\/876"}],"wp:attachment":[{"href":"https:\/\/blogs2.abo.fi\/hyvinvoivahoiva-opas\/wp-json\/wp\/v2\/media?parent=2"}],"curies":[{"name":"wp","href":"https:\/\/api.w.org\/{rel}","templated":true}]}}