{"id":18,"date":"2020-12-30T09:03:01","date_gmt":"2020-12-30T09:03:01","guid":{"rendered":"http:\/\/blogs2.abo.fi\/hyvinvoivahoiva-opas\/?page_id=18"},"modified":"2021-01-25T09:42:58","modified_gmt":"2021-01-25T09:42:58","slug":"mita-on-tyohyvinvointi","status":"publish","type":"page","link":"https:\/\/blogs2.abo.fi\/hyvinvoivahoiva-opas\/mita-on-tyohyvinvointi\/","title":{"rendered":"Mit\u00e4 on ty\u00f6hyvinvointi?"},"content":{"rendered":"<p><span style=\"font-weight: 400\">Hoiva-alalla tehd\u00e4\u00e4n ihmisl\u00e4heist\u00e4 ty\u00f6t\u00e4, jossa on l\u00e4sn\u00e4 el\u00e4m\u00e4n koko kirjo iloineen ja suruineen. Monelle alan ammattilaiselle ty\u00f6n merkitys syntyy toisten auttamisesta ja mahdollisuudesta olla l\u00e4sn\u00e4 ja tukena vaikeissakin tilanteissa. Vaativassa ja usein kiireisess\u00e4kin hoivaty\u00f6ss\u00e4 on keskeist\u00e4, ett\u00e4 ammattilaiset itse voivat hyvin. Onneksi hyv\u00e4 ty\u00f6hyvinvointi ei ole sattumaa tai pelk\u00e4st\u00e4\u00e4n yksil\u00f6iden asia! Ty\u00f6paikoilla on paljon keinoja vaikuttaa hyvinvointiin.\u00a0<\/span><\/p>\n<p><span style=\"font-weight: 400\">T\u00e4ss\u00e4 luvussa on kuvattu, mist\u00e4 tekij\u00f6ist\u00e4 hyv\u00e4 ty\u00f6hyvinvointi muodostuu, millaiset asiat siihen vaikuttavat ja mitk\u00e4 ovat eri toimijoiden roolit ja teht\u00e4v\u00e4t ty\u00f6hyvinvoinnin yll\u00e4pit\u00e4misess\u00e4.<\/span><\/p>\n<p><span style=\"font-weight: 400\">Miten sitten l\u00e4hte\u00e4 eteenp\u00e4in, kun ty\u00f6hyvinvoinnin perusasiat ovat jo hallinnassa? Kannattaa tutustua esimerkiksi ty\u00f6hyvinvoinnin kehitt\u00e4misen prosessiin ja esimerkkiin kehitt\u00e4misen toteuttamisesta k\u00e4yt\u00e4nn\u00f6ss\u00e4. Antoisia hetki\u00e4 kehitt\u00e4misen parissa!<\/span><\/p>\n<h4><a href=\"http:\/\/blogs2.abo.fi\/hyvinvoivahoiva-opas\/mita-on-tyohyvinvointi\/tyohyvinvoinnin-laaja-alainen-malli\/\">Ty\u00f6hyvinvoinnin laaja-alainen malli<\/a><\/h4>\n<h4><a href=\"http:\/\/blogs2.abo.fi\/hyvinvoivahoiva-opas\/mita-on-tyohyvinvointi\/tyohyvinvoinnin-kehittaminen\/\">Ty\u00f6hyvinvoinnin kehitt\u00e4minen<\/a><\/h4>\n","protected":false},"excerpt":{"rendered":"<p>Hoiva-alalla tehd\u00e4\u00e4n ihmisl\u00e4heist\u00e4 ty\u00f6t\u00e4, jossa on l\u00e4sn\u00e4 el\u00e4m\u00e4n koko kirjo iloineen ja suruineen. Monelle alan ammattilaiselle ty\u00f6n merkitys syntyy toisten auttamisesta ja mahdollisuudesta olla l\u00e4sn\u00e4 ja tukena vaikeissakin tilanteissa. Vaativassa ja usein kiireisess\u00e4kin hoivaty\u00f6ss\u00e4 on keskeist\u00e4, ett\u00e4 ammattilaiset itse voivat hyvin. Onneksi hyv\u00e4 ty\u00f6hyvinvointi ei ole sattumaa tai pelk\u00e4st\u00e4\u00e4n yksil\u00f6iden asia! Ty\u00f6paikoilla on paljon keinoja [&hellip;]<\/p>\n","protected":false},"author":469,"featured_media":71,"parent":0,"menu_order":0,"comment_status":"closed","ping_status":"closed","template":"templates\/template-cover.php","meta":{"footnotes":""},"class_list":["post-18","page","type-page","status-publish","has-post-thumbnail","hentry"],"_links":{"self":[{"href":"https:\/\/blogs2.abo.fi\/hyvinvoivahoiva-opas\/wp-json\/wp\/v2\/pages\/18","targetHints":{"allow":["GET"]}}],"collection":[{"href":"https:\/\/blogs2.abo.fi\/hyvinvoivahoiva-opas\/wp-json\/wp\/v2\/pages"}],"about":[{"href":"https:\/\/blogs2.abo.fi\/hyvinvoivahoiva-opas\/wp-json\/wp\/v2\/types\/page"}],"author":[{"embeddable":true,"href":"https:\/\/blogs2.abo.fi\/hyvinvoivahoiva-opas\/wp-json\/wp\/v2\/users\/469"}],"replies":[{"embeddable":true,"href":"https:\/\/blogs2.abo.fi\/hyvinvoivahoiva-opas\/wp-json\/wp\/v2\/comments?post=18"}],"version-history":[{"count":8,"href":"https:\/\/blogs2.abo.fi\/hyvinvoivahoiva-opas\/wp-json\/wp\/v2\/pages\/18\/revisions"}],"predecessor-version":[{"id":70,"href":"https:\/\/blogs2.abo.fi\/hyvinvoivahoiva-opas\/wp-json\/wp\/v2\/pages\/18\/revisions\/70"}],"wp:featuredmedia":[{"embeddable":true,"href":"https:\/\/blogs2.abo.fi\/hyvinvoivahoiva-opas\/wp-json\/wp\/v2\/media\/71"}],"wp:attachment":[{"href":"https:\/\/blogs2.abo.fi\/hyvinvoivahoiva-opas\/wp-json\/wp\/v2\/media?parent=18"}],"curies":[{"name":"wp","href":"https:\/\/api.w.org\/{rel}","templated":true}]}}