{"id":14,"date":"2020-12-30T09:01:32","date_gmt":"2020-12-30T09:01:32","guid":{"rendered":"http:\/\/blogs2.abo.fi\/hyvinvoivahoiva-opas\/?page_id=14"},"modified":"2021-03-08T13:08:54","modified_gmt":"2021-03-08T13:08:54","slug":"hyvinvoiva-tyoyhteiso","status":"publish","type":"page","link":"https:\/\/blogs2.abo.fi\/hyvinvoivahoiva-opas\/hyvinvoiva-tyoyhteiso\/","title":{"rendered":"Hyvinvoiva ty\u00f6yhteis\u00f6"},"content":{"rendered":"<p>Hyvin toimivassa ty\u00f6yhteis\u00f6ss\u00e4 on ilo ty\u00f6skennell\u00e4, ja se onkin merkitt\u00e4v\u00e4 tuki yksil\u00f6n ty\u00f6hyvinvoinnille ja ty\u00f6kyvylle. My\u00f6s asiakaspalvelu ja toiminnan laatu ovat yhteydess\u00e4 siihen, miten yhteisty\u00f6 ja vuorovaikutus ty\u00f6paikalla toimivat.<\/p>\n<p>Ty\u00f6yhteis\u00f6n toimivuus ja yhteishenki syntyv\u00e4t jokaisen yhteis\u00f6n j\u00e4senen toiminnasta. On hyv\u00e4 muistaa, ett\u00e4 kaikilla on mahdollisuus ja my\u00f6s vastuu yll\u00e4pit\u00e4\u00e4 hyv\u00e4\u00e4 yhteisty\u00f6kulttuuria, jakaa tietoa ja antaa kannustavaa ja rakentavaa palautetta toisille.<\/p>\n<p>Olemme koonneet t\u00e4h\u00e4n lukuun tietoa, ideoita ja vinkkej\u00e4 siit\u00e4, miten ty\u00f6paikan yhteis\u00f6llisyytt\u00e4 voidaan yll\u00e4pit\u00e4\u00e4 ja kehitt\u00e4\u00e4. Luvussa kerrotaan ratkaisukeskeisest\u00e4 vuorovaikutuksesta, ty\u00f6yhteis\u00f6taidoista ja vaikeiden asioiden k\u00e4sittelemisest\u00e4 ty\u00f6paikalla.<\/p>\n<h4><a href=\"https:\/\/blogs2.abo.fi\/hyvinvoivahoiva-opas\/hyvinvoiva-tyoyhteiso\/tyoyhteison-sosiaalinen-paaoma\/\">Ty\u00f6yhteis\u00f6n sosiaalinen p\u00e4\u00e4oma<\/a><\/h4>\n<h4><a href=\"http:\/\/blogs2.abo.fi\/hyvinvoivahoiva-opas\/hyvinvoiva-tyoyhteiso\/tyoyhteisotaidot\/\">Ty\u00f6yhteis\u00f6taidot<\/a><\/h4>\n<h4><a href=\"http:\/\/blogs2.abo.fi\/hyvinvoivahoiva-opas\/hyvinvoiva-tyoyhteiso\/tyoyhteison-pelisaannot\/\">Ty\u00f6yhteis\u00f6n pelis\u00e4\u00e4nn\u00f6t<\/a><\/h4>\n<h4><a href=\"http:\/\/blogs2.abo.fi\/hyvinvoivahoiva-opas\/hyvinvoiva-tyoyhteiso\/tyoyhteison-vuorovaikutustaidot\/\">Ty\u00f6yhteis\u00f6n vuorovaikutustaidot<\/a><\/h4>\n<h4><a href=\"http:\/\/blogs2.abo.fi\/hyvinvoivahoiva-opas\/hyvinvoiva-tyoyhteiso\/ratkaisukeskeinen-vuorovaikutus\/\">Ratkaisukeskeinen vuorovaikutus<\/a><\/h4>\n<h4><a href=\"http:\/\/blogs2.abo.fi\/hyvinvoivahoiva-opas\/hyvinvoiva-tyoyhteiso\/rakentava-palaute\/\">Rakentava palaute<\/a><\/h4>\n<h4><a href=\"http:\/\/blogs2.abo.fi\/hyvinvoivahoiva-opas\/hyvinvoiva-tyoyhteiso\/vaikeiden-asioiden-puheeksi-ottaminen\/\">Vaikeiden asioiden puheeksi ottaminen<\/a><\/h4>\n","protected":false},"excerpt":{"rendered":"<p>Hyvin toimivassa ty\u00f6yhteis\u00f6ss\u00e4 on ilo ty\u00f6skennell\u00e4, ja se onkin merkitt\u00e4v\u00e4 tuki yksil\u00f6n ty\u00f6hyvinvoinnille ja ty\u00f6kyvylle. My\u00f6s asiakaspalvelu ja toiminnan laatu ovat yhteydess\u00e4 siihen, miten yhteisty\u00f6 ja vuorovaikutus ty\u00f6paikalla toimivat. Ty\u00f6yhteis\u00f6n toimivuus ja yhteishenki syntyv\u00e4t jokaisen yhteis\u00f6n j\u00e4senen toiminnasta. On hyv\u00e4 muistaa, ett\u00e4 kaikilla on mahdollisuus ja my\u00f6s vastuu yll\u00e4pit\u00e4\u00e4 hyv\u00e4\u00e4 yhteisty\u00f6kulttuuria, jakaa tietoa ja antaa [&hellip;]<\/p>\n","protected":false},"author":469,"featured_media":207,"parent":0,"menu_order":0,"comment_status":"closed","ping_status":"closed","template":"templates\/template-cover.php","meta":{"footnotes":""},"class_list":["post-14","page","type-page","status-publish","has-post-thumbnail","hentry"],"_links":{"self":[{"href":"https:\/\/blogs2.abo.fi\/hyvinvoivahoiva-opas\/wp-json\/wp\/v2\/pages\/14","targetHints":{"allow":["GET"]}}],"collection":[{"href":"https:\/\/blogs2.abo.fi\/hyvinvoivahoiva-opas\/wp-json\/wp\/v2\/pages"}],"about":[{"href":"https:\/\/blogs2.abo.fi\/hyvinvoivahoiva-opas\/wp-json\/wp\/v2\/types\/page"}],"author":[{"embeddable":true,"href":"https:\/\/blogs2.abo.fi\/hyvinvoivahoiva-opas\/wp-json\/wp\/v2\/users\/469"}],"replies":[{"embeddable":true,"href":"https:\/\/blogs2.abo.fi\/hyvinvoivahoiva-opas\/wp-json\/wp\/v2\/comments?post=14"}],"version-history":[{"count":10,"href":"https:\/\/blogs2.abo.fi\/hyvinvoivahoiva-opas\/wp-json\/wp\/v2\/pages\/14\/revisions"}],"predecessor-version":[{"id":485,"href":"https:\/\/blogs2.abo.fi\/hyvinvoivahoiva-opas\/wp-json\/wp\/v2\/pages\/14\/revisions\/485"}],"wp:featuredmedia":[{"embeddable":true,"href":"https:\/\/blogs2.abo.fi\/hyvinvoivahoiva-opas\/wp-json\/wp\/v2\/media\/207"}],"wp:attachment":[{"href":"https:\/\/blogs2.abo.fi\/hyvinvoivahoiva-opas\/wp-json\/wp\/v2\/media?parent=14"}],"curies":[{"name":"wp","href":"https:\/\/api.w.org\/{rel}","templated":true}]}}