{"id":128,"date":"2020-12-31T11:45:25","date_gmt":"2020-12-31T11:45:25","guid":{"rendered":"http:\/\/blogs2.abo.fi\/hyvinvoivahoiva-opas\/?page_id=128"},"modified":"2021-12-27T09:44:56","modified_gmt":"2021-12-27T09:44:56","slug":"rakentava-palaute","status":"publish","type":"page","link":"https:\/\/blogs2.abo.fi\/hyvinvoivahoiva-opas\/hyvinvoiva-tyoyhteiso\/rakentava-palaute\/","title":{"rendered":"Rakentava palaute"},"content":{"rendered":"<p><strong>Teksti: Kirsi Nurminen, Tampereen yliopisto<\/strong><\/p>\n<p>Jokainen tarvitsee palautetta siit\u00e4, miten on suoriutunut ty\u00f6ss\u00e4\u00e4n, koska palautteen saaminen on edellytys ty\u00f6ss\u00e4 kehittymiselle ja oppimiselle. Palautteen tarkoitus on aina kehitt\u00e4\u00e4 toimintaa ja parantaa suoritusta.<\/p>\n<p>Hyv\u00e4, korjaava palaute kohdistuu henkil\u00f6n sijasta johonkin asiaan ja on t\u00e4m\u00e4n asian kannalta hy\u00f6dyllinen. Hyv\u00e4 palaute ei syyllist\u00e4 eik\u00e4 kysy, miksi n\u00e4in tapahtui. Sen sijaan se suuntautuu tulevaisuuteen, ja pohtii<br \/>\nsit\u00e4, miten asia voitaisiin korjata tai ratkaista.<\/p>\n<p>Omat palautteensaantikokemukset antavat hyv\u00e4n pohjan palautteen antamiselle.<\/p>\n<blockquote>\n<h6>Pohdintateht\u00e4v\u00e4:<\/h6>\n<p>Milloin olen itse saanut hyv\u00e4\u00e4 palautetta? Miksi juuri t\u00e4m\u00e4 palaute oli hyv\u00e4\u00e4? Miksi taas joku toinen palaute oli huonoa?<\/p><\/blockquote>\n<p>Palautteen antaminen miellet\u00e4\u00e4n usein esihenkil\u00f6n vastuulle kuuluvaksi. Se on kuitenkin koko ty\u00f6yhteis\u00f6n yhteinen asia. Jokainen ansaitsee saada palautetta ja palautetta kannattaakin antaa usein. Palautteen<br \/>\nantamista ei tarvitse pyyt\u00e4\u00e4 anteeksi, vaikka se olisikin toisen ty\u00f6t\u00e4 tai suoritusta korjaavaa. Anna kuitenkin korjaavaa palautetta aina toisen k\u00e4ytt\u00e4ytymisest\u00e4, toiminnasta tai ty\u00f6n tuloksista, ei toisen henkil\u00f6n<br \/>\npersoonasta tai ominaisuuksista.<\/p>\n<p>Korjaavan palautteen seurauksena ihminen pyrkii yleens\u00e4 puolustautumaan. Se on ihmisen luontainen tapa ja perustuu luontaiseen haluun s\u00e4ilytt\u00e4\u00e4 omat kasvot ja v\u00e4ltt\u00e4\u00e4 nolatuksi tuleminen. Siksi palautteen saajalle t\u00e4ytyy antaa mahdollisuus kertoa oma n\u00e4kemyksens\u00e4 asiasta. Joskus ihminen voi reagoida korjaavaan palautteeseen my\u00f6s hy\u00f6kk\u00e4\u00e4v\u00e4sti.<\/p>\n<p><strong>Jotta korjaava palaute on helpompi ottaa vastaan ja hyv\u00e4ksy\u00e4, muista seuraavat:<\/strong><\/p>\n<ul>\n<li>V\u00e4lt\u00e4 k\u00e4ytt\u00e4m\u00e4st\u00e4 sanoja aina ja ei koskaan.<\/li>\n<li>V\u00e4lt\u00e4 k\u00e4ytt\u00e4m\u00e4st\u00e4 mutta-sanaa sen j\u00e4lkeen, kun olet sanonut positiivisen palautteen, sill\u00e4 vastaanottajan mieless\u00e4 se helposti mit\u00e4t\u00f6i juuri sanotut positiiviset asiat.<\/li>\n<li>\u00c4l\u00e4 vertaa palautteen saajan k\u00e4ytt\u00e4ytymist\u00e4 tai suoriutumista muihin (\u201dKyll\u00e4 sinun pit\u00e4isi selvit\u00e4 t\u00e4st\u00e4 teht\u00e4v\u00e4st\u00e4, koska Marikin selvi\u00e4\u00e4, vaikka on ollut meill\u00e4 v\u00e4hemm\u00e4n aikaa t\u00f6iss\u00e4\u201d).<\/li>\n<\/ul>\n<blockquote>\n<h6>Pohdintateht\u00e4v\u00e4:<\/h6>\n<p>Miten annan korjaavaa palautetta? Onko minulla taipumus pit\u00e4\u00e4 kiinni mielipiteist\u00e4ni kuuntelematta toista ja antamatta perusteluille mahdollisuutta? Vai pelk\u00e4\u00e4nk\u00f6 vastapuolen reaktioita niin, ett\u00e4 lievenn\u00e4n palautetta liikaa, jolloin sanoma ei mene perille?<\/p><\/blockquote>\n<p>Hyv\u00e4ss\u00e4 ty\u00f6yhteis\u00f6ss\u00e4 muistetaan antaa my\u00f6s positiivista palautetta ja tunnustusta toisille. My\u00f6nteinen palaute parantaa itsetuntoa ja oman ty\u00f6n arvostusta, pirist\u00e4\u00e4 mielt\u00e4, tukee ty\u00f6ss\u00e4 kehittymist\u00e4 sek\u00e4<br \/>\nkannustaa ponnistelemaan ja onnistumaan jatkossakin. Muiden kehuminen ei ole meille suomalaisille luonteenomainen tapa, joten sit\u00e4 on harjoiteltava.<\/p>\n<p>Samoin on harjoiteltava my\u00f6nteisen palautteen vastaanottamista. \u00c4l\u00e4 suotta kiell\u00e4, v\u00e4h\u00e4ttele tai vastustele my\u00f6nteist\u00e4 palautetta. Ota se vastaan ja sano vaikka \u201dKiitos\u201d. Tai \u201dTuntuipa hyv\u00e4lt\u00e4 kuulla. Tulin t\u00e4st\u00e4 kyll\u00e4 hyv\u00e4lle tuulelle.\u201d<\/p>\n<blockquote>\n<h6>MUISTILISTA<\/h6>\n<p>Palautteen antaminen ei ole synnynn\u00e4inen taito, vaan sit\u00e4 voi tietoisesti oppia. Alla on muistilista rakentavan palautteen antamista varten:<\/p><\/blockquote>\n<ul>\n<li>Anna palaute aina henkil\u00f6lle, jolle se kuuluu (palautteen antaminen muille on sel\u00e4n takana puhumista).<\/li>\n<li>S\u00e4ilyt\u00e4 arvostava asenne palautteen vastaanottajaa kohtaan.<\/li>\n<li>Anna palaute mahdollisimman pian onnistumisen\/korjattavan tilanteen j\u00e4lkeen.<\/li>\n<li>Anna korjaava palaute aina henkil\u00f6kohtaisesti kahden kesken, my\u00f6nteisen palautteen voit antaa my\u00f6s toisten kuullen.<\/li>\n<li>Perustele palautteesi yksiselitteisesti ja selke\u00e4sti.<\/li>\n<li>Tarkista, miten palaute on ymm\u00e4rretty, koska vastaanottaja voi tulkita palautteen v\u00e4\u00e4rin.<\/li>\n<li>Kiit\u00e4, vaikka annat korjaavaa palautetta &#8211; voit k\u00e4ytt\u00e4\u00e4 esimerkiksi ns. hampurilaismallia:\n<ul>\n<li>Anna ensin positiivista palautetta eli mainitse asiat, jotka vastaanottaja on tehnyt hyvin.<\/li>\n<li>Anna korjaava palaute.<\/li>\n<li>Anna lopuksi viel\u00e4 positiivista palautetta ja vahvista uskoa onnistumiseen.<\/li>\n<\/ul>\n<\/li>\n<\/ul>\n<p><a href=\"http:\/\/blogs2.abo.fi\/hyvinvoivahoiva-opas\/wp-content\/uploads\/sites\/178\/2021\/02\/Palautteen-antamisen-muistilista.pdf\" target=\"_blank\" rel=\"noopener noreferrer\">Lataa t\u00e4st\u00e4 helposti tulostettava Palautteen antamisen muistilista pdf-muodossa.<\/a><\/p>\n<p>&nbsp;<\/p>\n<p>Seuraavassa animaatiossa on koottu tietoa rakentavasta palautteesta.<\/p>\n<p><iframe loading=\"lazy\"  id=\"_ytid_95942\"  width=\"580\" height=\"326\"  data-origwidth=\"580\" data-origheight=\"326\" src=\"https:\/\/www.youtube.com\/embed\/pMFR0m2LCFM?enablejsapi=1&#038;autoplay=0&#038;cc_load_policy=0&#038;cc_lang_pref=&#038;iv_load_policy=1&#038;loop=0&#038;rel=1&#038;fs=1&#038;playsinline=0&#038;autohide=2&#038;theme=dark&#038;color=red&#038;controls=1&#038;disablekb=0&#038;\" class=\"__youtube_prefs__  epyt-is-override  no-lazyload\" title=\"YouTube player\"  allow=\"fullscreen; accelerometer; autoplay; clipboard-write; encrypted-media; gyroscope; picture-in-picture; web-share\" referrerpolicy=\"strict-origin-when-cross-origin\" allowfullscreen data-no-lazy=\"1\" data-skipgform_ajax_framebjll=\"\"><\/iframe><\/p>\n<p><a href=\"http:\/\/blogs2.abo.fi\/hyvinvoivahoiva-opas\/wp-content\/uploads\/sites\/178\/2021\/12\/Rakentava-palaute_mediavastine.pdf\" target=\"_blank\" rel=\"noopener\">Rakentava palaute -animaation saavutettava mediavastine pdf-muodossa.<\/a><\/p>\n<hr \/>\n<h5>L\u00e4hteit\u00e4:<\/h5>\n<ul>\n<li>Risto Ahonen, Sirke Lohtaja-Ahonen: Palaute kuuluu kaikille, 2014.<\/li>\n<li>P\u00e4ivi Kupias, Raija Peltola, Paula Saloranta: Onnistu palautteessa, 2013.<\/li>\n<li><a href=\"https:\/\/www.ttl.fi\/tyopiste\/palaute-on-tyoelaman-pienin-suuri-asia\/\" target=\"_blank\" rel=\"noopener noreferrer\">Ty\u00f6terveyslaitoksen verkkolehti Ty\u00f6piste. Artikkeli Palaute on ty\u00f6el\u00e4m\u00e4n pienin suuri asia avautuu uuteen v\u00e4lilehteen.<\/a><\/li>\n<li><a href=\"https:\/\/duunitori.fi\/tyoelama\/palautteen-antaminen\" target=\"_blank\" rel=\"noopener noreferrer\">Duunitori. Artikkeli Ahdistaako palautteen antaminen? N\u00e4ill\u00e4 helpoilla keinoilla tulet siin\u00e4 paremmaksi avautuu uuteen v\u00e4lilehteen.<\/a><\/li>\n<\/ul>\n<h5><a href=\"http:\/\/blogs2.abo.fi\/hyvinvoivahoiva-opas\/hyvinvoiva-tyoyhteiso\/\">Takaisin Hyvinvoiva ty\u00f6yhteis\u00f6 -osion alkuun.<\/a><\/h5>\n","protected":false},"excerpt":{"rendered":"<p>Teksti: Kirsi Nurminen, Tampereen yliopisto Jokainen tarvitsee palautetta siit\u00e4, miten on suoriutunut ty\u00f6ss\u00e4\u00e4n, koska palautteen saaminen on edellytys ty\u00f6ss\u00e4 kehittymiselle ja oppimiselle. Palautteen tarkoitus on aina kehitt\u00e4\u00e4 toimintaa ja parantaa suoritusta. Hyv\u00e4, korjaava palaute kohdistuu henkil\u00f6n sijasta johonkin asiaan ja on t\u00e4m\u00e4n asian kannalta hy\u00f6dyllinen. Hyv\u00e4 palaute ei syyllist\u00e4 eik\u00e4 kysy, miksi n\u00e4in tapahtui. Sen [&hellip;]<\/p>\n","protected":false},"author":469,"featured_media":0,"parent":14,"menu_order":0,"comment_status":"closed","ping_status":"closed","template":"","meta":{"footnotes":""},"class_list":["post-128","page","type-page","status-publish","hentry"],"_links":{"self":[{"href":"https:\/\/blogs2.abo.fi\/hyvinvoivahoiva-opas\/wp-json\/wp\/v2\/pages\/128","targetHints":{"allow":["GET"]}}],"collection":[{"href":"https:\/\/blogs2.abo.fi\/hyvinvoivahoiva-opas\/wp-json\/wp\/v2\/pages"}],"about":[{"href":"https:\/\/blogs2.abo.fi\/hyvinvoivahoiva-opas\/wp-json\/wp\/v2\/types\/page"}],"author":[{"embeddable":true,"href":"https:\/\/blogs2.abo.fi\/hyvinvoivahoiva-opas\/wp-json\/wp\/v2\/users\/469"}],"replies":[{"embeddable":true,"href":"https:\/\/blogs2.abo.fi\/hyvinvoivahoiva-opas\/wp-json\/wp\/v2\/comments?post=128"}],"version-history":[{"count":10,"href":"https:\/\/blogs2.abo.fi\/hyvinvoivahoiva-opas\/wp-json\/wp\/v2\/pages\/128\/revisions"}],"predecessor-version":[{"id":832,"href":"https:\/\/blogs2.abo.fi\/hyvinvoivahoiva-opas\/wp-json\/wp\/v2\/pages\/128\/revisions\/832"}],"up":[{"embeddable":true,"href":"https:\/\/blogs2.abo.fi\/hyvinvoivahoiva-opas\/wp-json\/wp\/v2\/pages\/14"}],"wp:attachment":[{"href":"https:\/\/blogs2.abo.fi\/hyvinvoivahoiva-opas\/wp-json\/wp\/v2\/media?parent=128"}],"curies":[{"name":"wp","href":"https:\/\/api.w.org\/{rel}","templated":true}]}}