{"id":114,"date":"2020-12-31T10:43:25","date_gmt":"2020-12-31T10:43:25","guid":{"rendered":"http:\/\/blogs2.abo.fi\/hyvinvoivahoiva-opas\/?page_id=114"},"modified":"2022-07-01T08:21:01","modified_gmt":"2022-07-01T08:21:01","slug":"tyoyhteison-vuorovaikutustaidot","status":"publish","type":"page","link":"https:\/\/blogs2.abo.fi\/hyvinvoivahoiva-opas\/hyvinvoiva-tyoyhteiso\/tyoyhteison-vuorovaikutustaidot\/","title":{"rendered":"Ty\u00f6yhteis\u00f6n vuorovaikutustaidot"},"content":{"rendered":"<p><strong>Teksti: Kirsi Nurminen, Tampereen yliopisto<br \/>\n<\/strong><\/p>\n<p>Sanotaan, ett\u00e4 millaista puhetta, sellainen ty\u00f6yhteis\u00f6. Ty\u00f6yhteis\u00f6ss\u00e4 voi kuulua kunnioittavaa ja arvostavaa puhetta tai siell\u00e4 voi kuulua ongelmapuhetta ja ilkeit\u00e4 huomautuksia. Sill\u00e4, miten toisille puhuu, ja mit\u00e4 asioita korostaa, on paljon merkityst\u00e4 sek\u00e4 omalle ett\u00e4 koko ty\u00f6yhteis\u00f6n hyvinvoinnille.<\/p>\n<blockquote>\n<h6>Teht\u00e4v\u00e4:<\/h6>\n<p>Pys\u00e4hdy kuuntelemaan oman ty\u00f6yhteis\u00f6si puhetta. Huomaa my\u00f6s, mink\u00e4laista ty\u00f6yhteis\u00f6\u00e4 itse tuet omalla puheellasi.<\/p><\/blockquote>\n<p>Vuorovaikutustaidot tarkoittavat kyky\u00e4 ja halua vaihtaa ajatuksia, kokemuksia ja mielipiteit\u00e4 toisten kanssa. Keskeist\u00e4 on vastavuoroisuus, mik\u00e4 tarkoittaa sit\u00e4, ett\u00e4 molemmat tai kaikki osapuolet osallistuvat ja<br \/>\nantavat panoksensa yhteiseen keskusteluun.<\/p>\n<p>Kuunteleminen on edellytys vastavuoroisuuden syntymiselle. Kuunteleminen edellytt\u00e4\u00e4 l\u00e4sn\u00e4 olemista sek\u00e4 kiinnostusta ja paneutumista puhujan tilanteeseen. Se edellytt\u00e4\u00e4 my\u00f6s neutraalia ja avointa mielentilaa. Kuuntelun arvokas taito on ehk\u00e4 yksinkertainen, mutta sen toteuttaminen arjen kiireiss\u00e4 ei aina synny<br \/>\nluonnostaan.<\/p>\n<p><strong>Vastavuoroisuuden edist\u00e4miseksi:<\/strong><\/p>\n<ul>\n<li>Keskity kuuntelemaan, mit\u00e4 toinen sanoo.<\/li>\n<li>Ole tarkkaavainen: n\u00e4e my\u00f6s sanattomat viestit, kuule \u00e4\u00e4nens\u00e4vyt ja tunnista tunnetila.<\/li>\n<li>Ilmaise kuuntelevasi ny\u00f6kyttelyll\u00e4 ja \u00e4\u00e4ntelyll\u00e4.<\/li>\n<li>Rohkaise kertomaan lis\u00e4\u00e4: pyyd\u00e4 vahvistusta tai selvennyst\u00e4 ja tee avoimia kysymyksi\u00e4.<\/li>\n<li>Malta olla kertomatta heti omia kokemuksiasi, vaan odota vuoroasi keskeytt\u00e4m\u00e4tt\u00e4.<\/li>\n<li>Yrit\u00e4 sanoittaa toisesta havaitsemasi tunnetilat. Esimerkiksi, jos toinen rypist\u00e4\u00e4 otsaansa, voit sanoa: \u201dHuomaan, ett\u00e4 rypist\u00e4t otsaasi. En varmaan osannut selitt\u00e4\u00e4 asiaa riitt\u00e4v\u00e4n hyvin,<br \/>\nhaluaisitko kuulla lis\u00e4\u00e4?\u201d<\/li>\n<li>Rohkaise ja kannusta toista tarvittaessa.<\/li>\n<li>Toista kuulemasi omin sanoin, jotta toinen tiet\u00e4\u00e4, ett\u00e4 h\u00e4nt\u00e4 on kuunneltu. N\u00e4in voit my\u00f6s varmistaa, ett\u00e4 olet ymm\u00e4rt\u00e4nyt oikein.<\/li>\n<\/ul>\n<blockquote>\n<h6>Pohdintateht\u00e4v\u00e4:<\/h6>\n<p>Annanko riitt\u00e4v\u00e4sti tilaa toisille tuoda omia ajatuksiaan ja mielipiteit\u00e4\u00e4n esille? Osaanko kuunnella riitt\u00e4v\u00e4n herk\u00e4ll\u00e4 korvalla ja asettua toisen asemaan?<\/p><\/blockquote>\n<p>Tervehtiminen, kiitt\u00e4minen, anteeksi pyyt\u00e4minen ja antaminen ovat t\u00e4rkeit\u00e4 taitoja ja tapoja ty\u00f6yhteis\u00f6ss\u00e4. N\u00e4iden lis\u00e4ksi kyky kohdata toinen vaikeassa tilanteessa sek\u00e4 palautteen antaminen ja vastaanottaminen rakentavalla tavalla kuuluvat ty\u00f6paikalla tarpeellisiin vuorovaikutustaitoihin. Ty\u00f6kavereiden aito kohtaaminen ja l\u00e4mmin, arvostava vuorovaikutus kohottaa mielialaa ja lis\u00e4\u00e4 ty\u00f6yhteis\u00f6n hyvinvointia.<\/p>\n<p>Samalla on hyv\u00e4 muistaa, ett\u00e4 ihmissuhteisiin kuuluu my\u00f6s ep\u00e4t\u00e4ydellisyyden ja keskener\u00e4isyyden hyv\u00e4ksyminen. T\u00e4ydellisi\u00e4 ihmissuhteita tai t\u00e4ydellist\u00e4 vuorovaikutusta ei ole olemassa. Kykymme olla vuorovaikutuksessa on usein rajallinen ja monet arkip\u00e4iv\u00e4n tilannetekij\u00e4t vaikuttavat siihen. Onkin t\u00e4rke\u00e4\u00e4 olla armollinen ja my\u00f6t\u00e4tuntoinen sek\u00e4 itse\u00e4 ett\u00e4 toisia kohtaan. Se auttaa ymm\u00e4rt\u00e4m\u00e4\u00e4n ihmissuhteita ja erilaisia vuorovaikutustilanteita.<\/p>\n<p>Seuraavassa animaatiossa on koottu tietoa ja vinkkej\u00e4 ty\u00f6yhteis\u00f6n vuorovaikutustaidoista.<\/p>\n<p><iframe loading=\"lazy\"  id=\"_ytid_21100\"  width=\"580\" height=\"326\"  data-origwidth=\"580\" data-origheight=\"326\" src=\"https:\/\/www.youtube.com\/embed\/cm5rAovA1mU?enablejsapi=1&#038;autoplay=0&#038;cc_load_policy=0&#038;cc_lang_pref=&#038;iv_load_policy=1&#038;loop=0&#038;rel=1&#038;fs=1&#038;playsinline=0&#038;autohide=2&#038;theme=dark&#038;color=red&#038;controls=1&#038;disablekb=0&#038;\" class=\"__youtube_prefs__  epyt-is-override  no-lazyload\" title=\"YouTube player\"  allow=\"fullscreen; accelerometer; autoplay; clipboard-write; encrypted-media; gyroscope; picture-in-picture; web-share\" referrerpolicy=\"strict-origin-when-cross-origin\" allowfullscreen data-no-lazy=\"1\" data-skipgform_ajax_framebjll=\"\"><\/iframe><\/p>\n<p><a href=\"http:\/\/blogs2.abo.fi\/hyvinvoivahoiva-opas\/wp-content\/uploads\/sites\/178\/2021\/03\/tyoyhteison-vuorovaikutustaidot_mediavastine.pdf\" target=\"_blank\" rel=\"noopener\">Ty\u00f6yhteis\u00f6n vuorovaikutustaidot -animaation saavutettava mediavastine pdf-muodossa.<\/a>.<\/p>\n<hr \/>\n<h5>L\u00e4hteit\u00e4:<\/h5>\n<ul>\n<li>Markus Talvio, Ulla Klemola: Toimiva vuorovaikutus, 2017.<\/li>\n<li><a href=\"https:\/\/www.ttl.fi\/tyopiste\/nailla-keinoilla-jokainen-voi-parantaa-tyoyhteisonsa-vuorovaikutusta\/\" target=\"_blank\" rel=\"noopener noreferrer\">Ty\u00f6terveyslaitoksen verkkolehti Ty\u00f6piste. Artikkeli N\u00e4ill\u00e4 keinoilla jokainen voi parantaa ty\u00f6yhteis\u00f6ns\u00e4 vuorovaikutusta avautuu uuteen v\u00e4lilehteen.<\/a><\/li>\n<li><a href=\"https:\/\/ttk.fi\/tyoturvallisuus\/tyoyhteiso\/\" target=\"_blank\" rel=\"noopener noreferrer\">Ty\u00f6turvallisuuskeskuksen sivu Ty\u00f6yhteis\u00f6 avautuu uuteen v\u00e4lilehteen.<\/a><\/li>\n<\/ul>\n<h5><a href=\"http:\/\/blogs2.abo.fi\/hyvinvoivahoiva-opas\/hyvinvoiva-tyoyhteiso\/\">Takaisin Hyvinvoiva ty\u00f6yhteis\u00f6 -osion alkuun.<\/a><\/h5>\n","protected":false},"excerpt":{"rendered":"<p>Teksti: Kirsi Nurminen, Tampereen yliopisto Sanotaan, ett\u00e4 millaista puhetta, sellainen ty\u00f6yhteis\u00f6. Ty\u00f6yhteis\u00f6ss\u00e4 voi kuulua kunnioittavaa ja arvostavaa puhetta tai siell\u00e4 voi kuulua ongelmapuhetta ja ilkeit\u00e4 huomautuksia. Sill\u00e4, miten toisille puhuu, ja mit\u00e4 asioita korostaa, on paljon merkityst\u00e4 sek\u00e4 omalle ett\u00e4 koko ty\u00f6yhteis\u00f6n hyvinvoinnille. Teht\u00e4v\u00e4: Pys\u00e4hdy kuuntelemaan oman ty\u00f6yhteis\u00f6si puhetta. Huomaa my\u00f6s, mink\u00e4laista ty\u00f6yhteis\u00f6\u00e4 itse tuet [&hellip;]<\/p>\n","protected":false},"author":469,"featured_media":0,"parent":14,"menu_order":0,"comment_status":"closed","ping_status":"closed","template":"","meta":{"footnotes":""},"class_list":["post-114","page","type-page","status-publish","hentry"],"_links":{"self":[{"href":"https:\/\/blogs2.abo.fi\/hyvinvoivahoiva-opas\/wp-json\/wp\/v2\/pages\/114","targetHints":{"allow":["GET"]}}],"collection":[{"href":"https:\/\/blogs2.abo.fi\/hyvinvoivahoiva-opas\/wp-json\/wp\/v2\/pages"}],"about":[{"href":"https:\/\/blogs2.abo.fi\/hyvinvoivahoiva-opas\/wp-json\/wp\/v2\/types\/page"}],"author":[{"embeddable":true,"href":"https:\/\/blogs2.abo.fi\/hyvinvoivahoiva-opas\/wp-json\/wp\/v2\/users\/469"}],"replies":[{"embeddable":true,"href":"https:\/\/blogs2.abo.fi\/hyvinvoivahoiva-opas\/wp-json\/wp\/v2\/comments?post=114"}],"version-history":[{"count":9,"href":"https:\/\/blogs2.abo.fi\/hyvinvoivahoiva-opas\/wp-json\/wp\/v2\/pages\/114\/revisions"}],"predecessor-version":[{"id":842,"href":"https:\/\/blogs2.abo.fi\/hyvinvoivahoiva-opas\/wp-json\/wp\/v2\/pages\/114\/revisions\/842"}],"up":[{"embeddable":true,"href":"https:\/\/blogs2.abo.fi\/hyvinvoivahoiva-opas\/wp-json\/wp\/v2\/pages\/14"}],"wp:attachment":[{"href":"https:\/\/blogs2.abo.fi\/hyvinvoivahoiva-opas\/wp-json\/wp\/v2\/media?parent=114"}],"curies":[{"name":"wp","href":"https:\/\/api.w.org\/{rel}","templated":true}]}}