{"id":105,"date":"2020-12-31T10:21:13","date_gmt":"2020-12-31T10:21:13","guid":{"rendered":"http:\/\/blogs2.abo.fi\/hyvinvoivahoiva-opas\/?page_id=105"},"modified":"2022-07-01T07:45:42","modified_gmt":"2022-07-01T07:45:42","slug":"tyoyhteisotaidot","status":"publish","type":"page","link":"https:\/\/blogs2.abo.fi\/hyvinvoivahoiva-opas\/hyvinvoiva-tyoyhteiso\/tyoyhteisotaidot\/","title":{"rendered":"Ty\u00f6yhteis\u00f6taidot"},"content":{"rendered":"<p><strong>Teksti ja kuvio: Riitta-Liisa Larjovuori, Tampereen yliopisto<\/strong><\/p>\n<p>Ty\u00f6paikalla jokainen vaikuttaa omalla toiminnallaan sek\u00e4 oman ett\u00e4 muiden ty\u00f6n sujumiseen ja my\u00f6s ty\u00f6ss\u00e4 viihtymiseen. Taitoja, joilla pid\u00e4mme huolta siit\u00e4, ett\u00e4 ty\u00f6nteko on tuloksellista ja yhteisty\u00f6 muiden kanssa sujuvaa, voidaan kutsua ty\u00f6yhteis\u00f6taidoiksi. Etenkin aikaisemmin puhuttiin usein my\u00f6s alaistaidoista, kun haluttiin tuoda esille jokaisen ty\u00f6ntekij\u00e4n toiminnan ja asenteen vaikutusta koko ty\u00f6paikan toimintaan ja johtamisen onnistumiseen. Ty\u00f6yhteis\u00f6taitoja tarvitaan tavallisessa ty\u00f6arjessa, mutta erityisesti niiden merkitys korostuu yll\u00e4tt\u00e4viss\u00e4 ja haasteellisissa tilanteissa.<\/p>\n<p>Ty\u00f6yhteis\u00f6taitoinen ty\u00f6ntekij\u00e4 edist\u00e4\u00e4 omalla toiminnallaan ty\u00f6yhteis\u00f6n tavoitteiden saavuttamista, sek\u00e4 pyrkii hyv\u00e4\u00e4n yhteisty\u00f6h\u00f6n ty\u00f6kavereiden, esihenkil\u00f6n ja muiden tahojen kanssa. Ty\u00f6yhteis\u00f6taitoja ovat my\u00f6s vastuullinen toiminta omassa ty\u00f6ss\u00e4 sek\u00e4 ty\u00f6nantajan resurssien j\u00e4rkev\u00e4 ja tarkoituksenmukainen k\u00e4ytt\u00f6.<\/p>\n<p>Ty\u00f6ntekij\u00e4n kannattaa muistaa, ett\u00e4 ty\u00f6ss\u00e4 ollessaan h\u00e4n edustaa ty\u00f6antajaansa ja koko organisaatioita ja h\u00e4nen toimintansa vaikuttaa asiakkaiden ja muiden sidosryhmien n\u00e4kemyksiin ty\u00f6paikan toiminnasta.<\/p>\n<p><a href=\"https:\/\/tyoturva.fi\/tyoturvallisuus\/tyoyhteiso\/\" target=\"_blank\" rel=\"noopener noreferrer\">Lis\u00e4\u00e4 tietoa esimerkiksi Ty\u00f6turvallisuuskeskuksen sivulta Ty\u00f6yhteis\u00f6taidot. Linkki avautuu uuteen v\u00e4lilehteen.<\/a><\/p>\n<h2>Kollegiaalisuus voimavarana hoitoty\u00f6ss\u00e4<\/h2>\n<p>Etenkin hoitoty\u00f6ss\u00e4 osa ty\u00f6yhteis\u00f6taitoja on kollegiaalisuus, eli ammattilaisten keskin\u00e4inen arvostus, tasavertaisuus, luottamus ja avoimuus. Kollegiaalisuuteen kuuluu my\u00f6s velvollisuus puuttua kollegan toimintaan, jos se uhkaa esimerkiksi potilasturvallisuutta.<\/p>\n<p><em>Klikkaa suurentaaksesi kuviota.<\/em><\/p>\n<p><a href=\"http:\/\/blogs2.abo.fi\/hyvinvoivahoiva-opas\/wp-content\/uploads\/sites\/178\/2021\/01\/B_organisaatiokansalaisuus-2-3.jpg\"><img loading=\"lazy\" decoding=\"async\" class=\"aligncenter size-full wp-image-236\" src=\"http:\/\/blogs2.abo.fi\/hyvinvoivahoiva-opas\/wp-content\/uploads\/sites\/178\/2021\/01\/B_organisaatiokansalaisuus-2-3.jpg\" alt=\"\" width=\"3567\" height=\"1151\" srcset=\"https:\/\/blogs2.abo.fi\/hyvinvoivahoiva-opas\/wp-content\/uploads\/sites\/178\/2021\/01\/B_organisaatiokansalaisuus-2-3.jpg 3567w, https:\/\/blogs2.abo.fi\/hyvinvoivahoiva-opas\/wp-content\/uploads\/sites\/178\/2021\/01\/B_organisaatiokansalaisuus-2-3-300x97.jpg 300w, https:\/\/blogs2.abo.fi\/hyvinvoivahoiva-opas\/wp-content\/uploads\/sites\/178\/2021\/01\/B_organisaatiokansalaisuus-2-3-768x248.jpg 768w, https:\/\/blogs2.abo.fi\/hyvinvoivahoiva-opas\/wp-content\/uploads\/sites\/178\/2021\/01\/B_organisaatiokansalaisuus-2-3-1024x330.jpg 1024w, https:\/\/blogs2.abo.fi\/hyvinvoivahoiva-opas\/wp-content\/uploads\/sites\/178\/2021\/01\/B_organisaatiokansalaisuus-2-3-1200x387.jpg 1200w, https:\/\/blogs2.abo.fi\/hyvinvoivahoiva-opas\/wp-content\/uploads\/sites\/178\/2021\/01\/B_organisaatiokansalaisuus-2-3-1980x639.jpg 1980w\" sizes=\"auto, (max-width: 3567px) 100vw, 3567px\" \/><\/a><em>L\u00e4hde: Arola, Laulainen ja Pehkonen (2018). Sosiaali- ja terveydenhuollon ty\u00f6ntekij\u00f6iden n\u00e4kemyksi\u00e4 <\/em><em>organisaatiokansalaisuuden piirteist\u00e4. Ty\u00f6el\u00e4m\u00e4n tutkimus 16(1) \u2013 2018.<\/em><\/p>\n<p><a href=\"http:\/\/blogs2.abo.fi\/hyvinvoivahoiva-opas\/wp-content\/uploads\/sites\/178\/2021\/03\/organisaatiokansalaisuus_mediavastine.pdf\" target=\"_blank\" rel=\"noopener\">Sosiaali- ja terveydenhuollon ty\u00f6ntekij\u00e4n hyv\u00e4 organisaatiokansalaisuus -kuvion saavutettava mediavastine pdf-muodossa.<\/a><\/p>\n<h2>Ty\u00f6k\u00e4ytt\u00e4ytyminen osana ty\u00f6yhteis\u00f6taitoja<\/h2>\n<p>Ty\u00f6ss\u00e4 saa olla mukavaa ja rentoa, mutta on hyv\u00e4 muistaa, ett\u00e4 ty\u00f6 on kuitenkin ty\u00f6t\u00e4. Ty\u00f6maailmaan sopiva k\u00e4ytt\u00e4ytyminen on osa ty\u00f6yhteis\u00f6taitoja. Suhteettoman voimakkaat ja toistuvat tunteenpurkaukset tai oman yksityisel\u00e4m\u00e4n ongelmien perusteellinen ja aikaa viev\u00e4 k\u00e4sittely eiv\u00e4t kuulu ty\u00f6paikalle, vaan niiden k\u00e4sittelyyn kannattaa hakea apua ja tukea muualta, esimerkiksi ty\u00f6terveyshuollosta.<\/p>\n<p>Jos huomaat k\u00e4ytt\u00e4ytyneesi huonosti, aina kannattaa pyyt\u00e4\u00e4 anteeksi!<br \/>\nJoskus omassa el\u00e4m\u00e4ss\u00e4 on meneill\u00e4\u00e4n isoja asioita, jotka vaikuttavat omaan mielialaan. Niist\u00e4 kannattaa sopivassa m\u00e4\u00e4rin kertoa ty\u00f6paikalla, jos se suinkin tuntuu luontevalta. T\u00e4ll\u00f6in muut tiet\u00e4v\u00e4t paremmin, miss\u00e4 menn\u00e4\u00e4n, ja osaavat huomioida tilanteesi.<\/p>\n<blockquote>\n<h6>Pohdittavaksi:<\/h6>\n<p><strong>Rankka ty\u00f6 vaatii rankat huvit?<\/strong><br \/>\nHoitoty\u00f6ss\u00e4 viljell\u00e4\u00e4n usein hurttiakin huumoria. Parhaimmillaan jaettu huumori ja arjen sattumuksille ja kummallisuuksille nauraminen auttaa k\u00e4sittelem\u00e4\u00e4n vaikeita asioita ja luo me-henke\u00e4.<\/p><\/blockquote>\n<ul>\n<li>Millaista huumoria meid\u00e4n ty\u00f6paikallamme k\u00e4ytet\u00e4\u00e4n?<\/li>\n<li>Onko huumorin s\u00e4vy my\u00f6nteinen, eik\u00e4 ket\u00e4\u00e4n alentava: nauretaanko muille vai muiden kanssa?<\/li>\n<li>Onko ty\u00f6paikalla sis\u00e4piirin juttuja, joista vain osa p\u00e4\u00e4see osalliseksi? Milt\u00e4 \u201dulkopuolisista\u201d t\u00e4ll\u00f6in tuntuu?<\/li>\n<li>Huomaammeko, jos joku loukkaantuu huumorista? Miten silloin toimimme?<\/li>\n<\/ul>\n<p><strong>Hyvi\u00e4 ty\u00f6yhteis\u00f6taitoja hoitoty\u00f6ss\u00e4 osoitan, kun:<\/strong><\/p>\n<ul>\n<li>Kohtelen kaikkia ty\u00f6kavereita yst\u00e4v\u00e4llisesti, reilusti ja tasapuolisesti.<\/li>\n<li>Annan my\u00f6nteist\u00e4 palautetta aina, kun sellaiseen on aihetta.<\/li>\n<li>Korjaavan palautteen kerron yst\u00e4v\u00e4lliseen ja ratkaisukeskeiseen s\u00e4vyyn ja suoraan palautteen kohteelle.<\/li>\n<li>Rakennan osaltani my\u00f6nteist\u00e4 ilmapiiri\u00e4: en valita valittamisen ilosta tai levit\u00e4 ik\u00e4vi\u00e4 juoruja.<\/li>\n<li>Kysyn, jos en tied\u00e4 tai osaa jotakin.<\/li>\n<li>Neuvon ja autan vuorostani muita.<\/li>\n<li>Seuraan ty\u00f6paikan kokonaistilannetta, ja osaan tarvittaessa huomioida sen omassa ty\u00f6ss\u00e4ni.<\/li>\n<li>Kerron ongelmista heti, jos havaitsen sellaisia.<\/li>\n<li>Osallistun aktiivisesti ty\u00f6yhteis\u00f6mme toiminnan kehitt\u00e4miseen.<\/li>\n<\/ul>\n<p><a href=\"http:\/\/blogs2.abo.fi\/hyvinvoivahoiva-opas\/wp-content\/uploads\/sites\/178\/2021\/02\/Tyoyhteisotaidot.pdf\" target=\"_blank\" rel=\"noopener noreferrer\">Lataa t\u00e4st\u00e4 pohdittavaksi Ty\u00f6k\u00e4ytt\u00e4ytyminen osana ty\u00f6yhteis\u00f6taitoja -listaa, helposti tulostettava pdf-muodossa.<\/a><\/p>\n<p>Seuraavassa animaatiossa on koottu tietoa ty\u00f6yhteis\u00f6taidoista.<\/p>\n<p><iframe loading=\"lazy\"  id=\"_ytid_71808\"  width=\"580\" height=\"326\"  data-origwidth=\"580\" data-origheight=\"326\" src=\"https:\/\/www.youtube.com\/embed\/H5lo0pqaLcE?enablejsapi=1&#038;autoplay=0&#038;cc_load_policy=0&#038;cc_lang_pref=&#038;iv_load_policy=1&#038;loop=0&#038;rel=1&#038;fs=1&#038;playsinline=0&#038;autohide=2&#038;theme=dark&#038;color=red&#038;controls=1&#038;disablekb=0&#038;\" class=\"__youtube_prefs__  epyt-is-override  no-lazyload\" title=\"YouTube player\"  allow=\"fullscreen; accelerometer; autoplay; clipboard-write; encrypted-media; gyroscope; picture-in-picture; web-share\" referrerpolicy=\"strict-origin-when-cross-origin\" allowfullscreen data-no-lazy=\"1\" data-skipgform_ajax_framebjll=\"\"><\/iframe><\/p>\n<p><a href=\"http:\/\/blogs2.abo.fi\/hyvinvoivahoiva-opas\/wp-content\/uploads\/sites\/178\/2021\/03\/Tyoyhteisotaidot_mediavastine.pdf\" target=\"_blank\" rel=\"noopener\">Ty\u00f6yhteis\u00f6taidot-animaation saavutettava mediavastine pdf-muodossa<\/a>.<\/p>\n<p>&nbsp;<\/p>\n<h5><a href=\"http:\/\/blogs2.abo.fi\/hyvinvoivahoiva-opas\/hyvinvoiva-tyoyhteiso\/\">Takaisin Hyvinvoiva ty\u00f6yhteis\u00f6 -osion alkuun.<\/a><\/h5>\n","protected":false},"excerpt":{"rendered":"<p>Teksti ja kuvio: Riitta-Liisa Larjovuori, Tampereen yliopisto Ty\u00f6paikalla jokainen vaikuttaa omalla toiminnallaan sek\u00e4 oman ett\u00e4 muiden ty\u00f6n sujumiseen ja my\u00f6s ty\u00f6ss\u00e4 viihtymiseen. Taitoja, joilla pid\u00e4mme huolta siit\u00e4, ett\u00e4 ty\u00f6nteko on tuloksellista ja yhteisty\u00f6 muiden kanssa sujuvaa, voidaan kutsua ty\u00f6yhteis\u00f6taidoiksi. Etenkin aikaisemmin puhuttiin usein my\u00f6s alaistaidoista, kun haluttiin tuoda esille jokaisen ty\u00f6ntekij\u00e4n toiminnan ja asenteen vaikutusta [&hellip;]<\/p>\n","protected":false},"author":469,"featured_media":0,"parent":14,"menu_order":0,"comment_status":"closed","ping_status":"closed","template":"","meta":{"footnotes":""},"class_list":["post-105","page","type-page","status-publish","hentry"],"_links":{"self":[{"href":"https:\/\/blogs2.abo.fi\/hyvinvoivahoiva-opas\/wp-json\/wp\/v2\/pages\/105","targetHints":{"allow":["GET"]}}],"collection":[{"href":"https:\/\/blogs2.abo.fi\/hyvinvoivahoiva-opas\/wp-json\/wp\/v2\/pages"}],"about":[{"href":"https:\/\/blogs2.abo.fi\/hyvinvoivahoiva-opas\/wp-json\/wp\/v2\/types\/page"}],"author":[{"embeddable":true,"href":"https:\/\/blogs2.abo.fi\/hyvinvoivahoiva-opas\/wp-json\/wp\/v2\/users\/469"}],"replies":[{"embeddable":true,"href":"https:\/\/blogs2.abo.fi\/hyvinvoivahoiva-opas\/wp-json\/wp\/v2\/comments?post=105"}],"version-history":[{"count":15,"href":"https:\/\/blogs2.abo.fi\/hyvinvoivahoiva-opas\/wp-json\/wp\/v2\/pages\/105\/revisions"}],"predecessor-version":[{"id":840,"href":"https:\/\/blogs2.abo.fi\/hyvinvoivahoiva-opas\/wp-json\/wp\/v2\/pages\/105\/revisions\/840"}],"up":[{"embeddable":true,"href":"https:\/\/blogs2.abo.fi\/hyvinvoivahoiva-opas\/wp-json\/wp\/v2\/pages\/14"}],"wp:attachment":[{"href":"https:\/\/blogs2.abo.fi\/hyvinvoivahoiva-opas\/wp-json\/wp\/v2\/media?parent=105"}],"curies":[{"name":"wp","href":"https:\/\/api.w.org\/{rel}","templated":true}]}}