{"id":49,"date":"2022-06-30T13:29:31","date_gmt":"2022-06-30T13:29:31","guid":{"rendered":"https:\/\/blogs2.abo.fi\/hyvinvoivahoiva-guide\/?page_id=49"},"modified":"2022-07-01T11:07:22","modified_gmt":"2022-07-01T11:07:22","slug":"vad-ar-arbetshalsa","status":"publish","type":"page","link":"https:\/\/blogs2.abo.fi\/hyvinvoivahoiva-guide\/vad-ar-arbetshalsa\/","title":{"rendered":"Vad \u00e4r arbetsh\u00e4lsa?\u00a0"},"content":{"rendered":"<p><span data-contrast=\"none\">Inom v\u00e5rdsektorn arbetar personalen n\u00e4ra den enskilda m\u00e4nniskan och upplever livet i all dess brokighet med gl\u00e4dje\u00e4mnen och sorger. F\u00f6r m\u00e5nga som arbetar i den h\u00e4r branschen blir arbetet meningsfullt i och med m\u00f6jligheten att hj\u00e4lpa andra och att n\u00e4rvara och st\u00f6tta \u00e4ven i sv\u00e5rare situationer. I det kr\u00e4vande och ofta stressiga omsorgsarbetet \u00e4r det avg\u00f6rande att de anst\u00e4llda sj\u00e4lva m\u00e5r bra. Till all lycka \u00e4r det inte slumpen eller en enskild individs insats som avg\u00f6r en god arbetsh\u00e4lsa! Arbetsplatserna har sj\u00e4lva m\u00f6jlighet att p\u00e5verka arbetsh\u00e4lsan p\u00e5 m\u00e5nga olika s\u00e4tt.<\/span><span data-ccp-props=\"{&quot;335559739&quot;:300}\">\u00a0<\/span><\/p>\n<p><span data-contrast=\"none\">Med arbetsh\u00e4lsa menas v\u00e4lm\u00e5ende\/v\u00e4lbefinnande i arbetet.\u00a0I det h\u00e4r kapitlet ges en beskrivning av de faktorer som bidrar till arbetsh\u00e4lsan, vilka saker den p\u00e5verkas av och vilka roller och uppgifter olika personer har f\u00f6r att bevara personalens arbetsf\u00f6rm\u00e5ga.<\/span><\/p>\n<p><span data-contrast=\"none\">Hur ska man d\u00e5 komma vidare, om man redan har koll p\u00e5 det mest grundl\u00e4ggande inom arbetsh\u00e4lsa? D\u00e5 f\u00e5r man g\u00e4rna bekanta sig till exempel med processen f\u00f6r hur arbetsh\u00e4lsan kan utvecklas och med hur utvecklingsarbetet g\u00e5r till i praktiken. Lycka till med utvecklingsarbetet!<\/span><span data-ccp-props=\"{&quot;335559739&quot;:300}\">\u00a0<\/span><\/p>\n<h4><a href=\"https:\/\/blogs2.abo.fi\/hyvinvoivahoiva-guide\/vad-ar-arbetshalsa\/overgripande-modell-for-arbetshalsa\/\">\u00d6vergripande modell f\u00f6r arbetsh\u00e4lsa<\/a><\/h4>\n<h4><a href=\"https:\/\/blogs2.abo.fi\/hyvinvoivahoiva-guide\/vad-ar-arbetshalsa\/utvecklande-av-arbetshalsa\/\">Utvecklande av arbetsh\u00e4lsa<\/a><\/h4>\n","protected":false},"excerpt":{"rendered":"<p>Inom v\u00e5rdsektorn arbetar personalen n\u00e4ra den enskilda m\u00e4nniskan och upplever livet i all dess brokighet med gl\u00e4dje\u00e4mnen och sorger. F\u00f6r m\u00e5nga som arbetar i den h\u00e4r branschen blir arbetet meningsfullt i och med m\u00f6jligheten att hj\u00e4lpa andra och att n\u00e4rvara och st\u00f6tta \u00e4ven i sv\u00e5rare situationer. I det kr\u00e4vande och ofta stressiga omsorgsarbetet \u00e4r det [&hellip;]<\/p>\n","protected":false},"author":469,"featured_media":51,"parent":0,"menu_order":0,"comment_status":"closed","ping_status":"closed","template":"templates\/template-cover.php","meta":{"footnotes":""},"class_list":["post-49","page","type-page","status-publish","has-post-thumbnail","hentry"],"_links":{"self":[{"href":"https:\/\/blogs2.abo.fi\/hyvinvoivahoiva-guide\/wp-json\/wp\/v2\/pages\/49","targetHints":{"allow":["GET"]}}],"collection":[{"href":"https:\/\/blogs2.abo.fi\/hyvinvoivahoiva-guide\/wp-json\/wp\/v2\/pages"}],"about":[{"href":"https:\/\/blogs2.abo.fi\/hyvinvoivahoiva-guide\/wp-json\/wp\/v2\/types\/page"}],"author":[{"embeddable":true,"href":"https:\/\/blogs2.abo.fi\/hyvinvoivahoiva-guide\/wp-json\/wp\/v2\/users\/469"}],"replies":[{"embeddable":true,"href":"https:\/\/blogs2.abo.fi\/hyvinvoivahoiva-guide\/wp-json\/wp\/v2\/comments?post=49"}],"version-history":[{"count":5,"href":"https:\/\/blogs2.abo.fi\/hyvinvoivahoiva-guide\/wp-json\/wp\/v2\/pages\/49\/revisions"}],"predecessor-version":[{"id":66,"href":"https:\/\/blogs2.abo.fi\/hyvinvoivahoiva-guide\/wp-json\/wp\/v2\/pages\/49\/revisions\/66"}],"wp:featuredmedia":[{"embeddable":true,"href":"https:\/\/blogs2.abo.fi\/hyvinvoivahoiva-guide\/wp-json\/wp\/v2\/media\/51"}],"wp:attachment":[{"href":"https:\/\/blogs2.abo.fi\/hyvinvoivahoiva-guide\/wp-json\/wp\/v2\/media?parent=49"}],"curies":[{"name":"wp","href":"https:\/\/api.w.org\/{rel}","templated":true}]}}