{"id":257,"date":"2022-08-31T05:32:59","date_gmt":"2022-08-31T05:32:59","guid":{"rendered":"https:\/\/blogs2.abo.fi\/hyvinvoivahoiva-guide\/?page_id=257"},"modified":"2022-08-31T05:32:59","modified_gmt":"2022-08-31T05:32:59","slug":"konsmangfald-inom-aldreomsorgen","status":"publish","type":"page","link":"https:\/\/blogs2.abo.fi\/hyvinvoivahoiva-guide\/mangfald-som-resurs-inom-aldreomsorgen\/konsmangfald-inom-aldreomsorgen\/","title":{"rendered":"K\u00f6nsm\u00e5ngfald inom \u00e4ldreomsorgen"},"content":{"rendered":"<p><strong>Text: Mona Riska, Centret f\u00f6r livsl\u00e5ngt l\u00e4rande vid \u00c5bo Akademi<\/strong><\/p>\n<p>Diskrimineringslagen f\u00f6rbjuder diskriminering av personer p\u00e5 grund av k\u00f6nsidentitet, k\u00f6nstillh\u00f6righet eller sexuell l\u00e4ggning.<\/p>\n<p>I dag uppskattas ungef\u00e4r 10 procent av den finl\u00e4ndska befolkningen tillh\u00f6ra n\u00e5gon k\u00f6nsminoritet eller sexuell minoritet. Dessa minoriteter utg\u00f6r en m\u00e5ngfasetterad grupp m\u00e4nniskor, vars sexuella l\u00e4ggning eller uppfattning om den egna k\u00f6nsidentiteten avviker fr\u00e5n samh\u00e4llets r\u00e5dande normer. Denna grupp av \u00e4ldre personer med olika k\u00f6nsidentiteter kallas ofta f\u00f6r regnb\u00e5gsseniorer och representerar hela spektret av sexuell m\u00e5ngfald i samh\u00e4llet.<\/p>\n<p>Det har alltid funnits regnb\u00e5gsseniorer bland den \u00e4ldre befolkningen och som kunder inom \u00e4ldreomsorgen, men de har tidigare varit mer eller mindre osynliga. De senaste \u00e5ren har man b\u00f6rjat uppm\u00e4rksamma regnb\u00e5gsseniorer som s\u00e4rskild grupp inom \u00e4ldreomsorgen. Regnb\u00e5gsseniorerna kan vara mer beroende av samh\u00e4llets omsorgstj\u00e4nster, eftersom alla inte har egna barn, som kan erbjuda st\u00f6d och hj\u00e4lp. \u00c4ven familje- och sl\u00e4ktbanden kan ha brutits p.g.a. att anh\u00f6riga tagit avst\u00e5nd. M\u00e5nga regnb\u00e5gsseniorer har ocks\u00e5 under sin levnad upplevt b\u00e5de diskriminering och osakligt bem\u00f6tande. Tidigare finl\u00e4ndsk lagstiftning har till och med definierat homosexualitet som straffbart, och inom l\u00e4karvetenskapen klassificerades homosexualitet l\u00e4nge som en sjukdom.<\/p>\n<p>I v\u00e5rt samh\u00e4lle \u00e4r den r\u00e5dande normen fortfarande heterosexualitet. N\u00e4r vi m\u00f6ter en ny person utg\u00e5r vi ofta fr\u00e5n att personen \u00e4r antingen en man eller en kvinna och att personen attraheras av personer av motsatt k\u00f6n. N\u00e4r vi m\u00f6ter n\u00e5gon som s\u00e4ger sig vara homosexuell, h\u00e4nder det ofta att vi p\u00e5 grund av okunskap f\u00f6rh\u00e5ller oss f\u00f6rdomsfulla till personen. Vi utg\u00e5r \u00e4ven ofta ifr\u00e5n felaktiga antaganden om att alla homosexuella \u00e4r likadana och har liknande intressen och tankar om livet. Det \u00e4r bra att komma ih\u00e5g att det r\u00e5der m\u00e5ngfald ocks\u00e5 bland regnb\u00e5gsseniorer.<\/p>\n<h5>Artiklar som ber\u00f6r k\u00f6nsm\u00e5ngfald och sexualitet inom \u00e4ldreomsorgen<\/h5>\n<ul>\n<li><a href=\"https:\/\/yle.fi\/uutiset\/3-7990005\" target=\"_blank\" rel=\"noopener\">En artikel p\u00e5 finska Yle om bem\u00f6tandet av \u00e4ldre personers sexualitet inom \u00e4ldreomsorgen: <em>Vanhusten seksuaalisuus: Luunappeja ja hygieniahaalareita. (<\/em>Artikeln \u00f6ppnas i ny flik).<\/a><\/li>\n<li><a href=\"https:\/\/yle.fi\/uutiset\/3-9338555\" target=\"_blank\" rel=\"noopener\">En artikel p\u00e5 finska Yle om regnb\u00e5gsseniorer inom \u00e4ldreomsorgen: <em>Sateenkaariseniorit Leena ja Jaana: &#8221;Pelko on, ett\u00e4 vanhainkodissa joutuu takaisin kaappiin\u201d.<\/em> (Artikeln \u00f6ppnas i ny flik).<\/a><\/li>\n<\/ul>\n<h5>Videomaterial p\u00e5 finska om likabehandling p\u00e5 \u00e5lderns h\u00f6st (producerat av Seta rf)<\/h5>\n<p>Filmerna &#8221;Jag vill kunna ber\u00e4tta, hbt-personer ber\u00e4ttar om sina tankar om \u00e5lderdom och \u00e5ldringsv\u00e5rd&#8221; \u00e4r textade ocks\u00e5 till svenska. Textningsspr\u00e5ket kan v\u00e4ljas genom att klicka p\u00e5 kugghjulet i balken l\u00e4ngst ner i filmrutan.<\/p>\n<h5>Yhdenvertainen vanhuus: Haluaisin pysty\u00e4 kertomaan (2014):<\/h5>\n<p><iframe loading=\"lazy\"  id=\"_ytid_44738\"  width=\"800\" height=\"450\"  data-origwidth=\"800\" data-origheight=\"450\" src=\"https:\/\/www.youtube.com\/embed\/yV2cB9FMXoA?enablejsapi=1&#038;autoplay=0&#038;cc_load_policy=0&#038;cc_lang_pref=&#038;iv_load_policy=1&#038;loop=0&#038;rel=1&#038;fs=1&#038;playsinline=0&#038;autohide=2&#038;theme=dark&#038;color=red&#038;controls=1&#038;disablekb=0&#038;\" class=\"__youtube_prefs__  epyt-is-override  no-lazyload\" title=\"YouTube player\"  allow=\"fullscreen; accelerometer; autoplay; clipboard-write; encrypted-media; gyroscope; picture-in-picture; web-share\" referrerpolicy=\"strict-origin-when-cross-origin\" allowfullscreen data-no-lazy=\"1\" data-skipgform_ajax_framebjll=\"\"><\/iframe><\/p>\n<h5>Yhdenvertainen vanhuus: Haluaisin pysty\u00e4 kertomaan \u2013 Eveliina (2014):<\/h5>\n<p><iframe loading=\"lazy\"  id=\"_ytid_96275\"  width=\"800\" height=\"450\"  data-origwidth=\"800\" data-origheight=\"450\" src=\"https:\/\/www.youtube.com\/embed\/bO158WgJQnI?enablejsapi=1&#038;autoplay=0&#038;cc_load_policy=0&#038;cc_lang_pref=&#038;iv_load_policy=1&#038;loop=0&#038;rel=1&#038;fs=1&#038;playsinline=0&#038;autohide=2&#038;theme=dark&#038;color=red&#038;controls=1&#038;disablekb=0&#038;\" class=\"__youtube_prefs__  epyt-is-override  no-lazyload\" title=\"YouTube player\"  allow=\"fullscreen; accelerometer; autoplay; clipboard-write; encrypted-media; gyroscope; picture-in-picture; web-share\" referrerpolicy=\"strict-origin-when-cross-origin\" allowfullscreen data-no-lazy=\"1\" data-skipgform_ajax_framebjll=\"\"><\/iframe><\/p>\n<h5>Yhdenvertainen vanhuus: Haluaisin pysty\u00e4 kertomaan \u2013 Bengt (2014):<\/h5>\n<p><iframe loading=\"lazy\"  id=\"_ytid_40337\"  width=\"800\" height=\"450\"  data-origwidth=\"800\" data-origheight=\"450\" src=\"https:\/\/www.youtube.com\/embed\/8YGSYEowe48?enablejsapi=1&#038;autoplay=0&#038;cc_load_policy=0&#038;cc_lang_pref=&#038;iv_load_policy=1&#038;loop=0&#038;rel=1&#038;fs=1&#038;playsinline=0&#038;autohide=2&#038;theme=dark&#038;color=red&#038;controls=1&#038;disablekb=0&#038;\" class=\"__youtube_prefs__  epyt-is-override  no-lazyload\" title=\"YouTube player\"  allow=\"fullscreen; accelerometer; autoplay; clipboard-write; encrypted-media; gyroscope; picture-in-picture; web-share\" referrerpolicy=\"strict-origin-when-cross-origin\" allowfullscreen data-no-lazy=\"1\" data-skipgform_ajax_framebjll=\"\"><\/iframe><\/p>\n<h5>Yhdenvertainen vanhuus \u2013 Itsem\u00e4\u00e4rittely, itsem\u00e4\u00e4r\u00e4\u00e4misoikeus, toimijuus (2013):<\/h5>\n<p>Denna film p\u00e5 finska har ingen textning.<\/p>\n<p><iframe loading=\"lazy\"  id=\"_ytid_93348\"  width=\"800\" height=\"450\"  data-origwidth=\"800\" data-origheight=\"450\" src=\"https:\/\/www.youtube.com\/embed\/NmuvJjm25KA?enablejsapi=1&#038;autoplay=0&#038;cc_load_policy=0&#038;cc_lang_pref=&#038;iv_load_policy=1&#038;loop=0&#038;rel=1&#038;fs=1&#038;playsinline=0&#038;autohide=2&#038;theme=dark&#038;color=red&#038;controls=1&#038;disablekb=0&#038;\" class=\"__youtube_prefs__  epyt-is-override  no-lazyload\" title=\"YouTube player\"  allow=\"fullscreen; accelerometer; autoplay; clipboard-write; encrypted-media; gyroscope; picture-in-picture; web-share\" referrerpolicy=\"strict-origin-when-cross-origin\" allowfullscreen data-no-lazy=\"1\" data-skipgform_ajax_framebjll=\"\"><\/iframe><\/p>\n<p>Seta rf:s seniorarbete har utvecklat en regnb\u00e5gscertifiering f\u00f6r finl\u00e4ndska f\u00f6rh\u00e5llanden, som st\u00f6der k\u00f6nsminoriteters och sexuella minoriteters j\u00e4mst\u00e4lldhet och j\u00e4mlikhet inom social- och h\u00e4lsov\u00e5rdstj\u00e4nster. Man har h\u00e4mtat inspiration fr\u00e5n det nederl\u00e4ndska The Pink Passkey- och det svenska HBTQ-certifikatet.<\/p>\n<p>Regnb\u00e5gscertifieringen har testats i Helsingfors vid Kampens och Kinaborgs servicecentraler.<\/p>\n<p><a href=\"https:\/\/seniorit.seta.fi\/sateenkaarisertifiointi\/\" target=\"_blank\" rel=\"noopener\">Mer information om regnb\u00e5gscertifiering finns att tillg\u00e5 p\u00e5 finska (Seta rf:s webbplats \u00f6ppnas i en ny flik)<\/a>.<\/p>\n<p><a href=\"https:\/\/yle.fi\/uutiset\/3-10278064\" target=\"_blank\" rel=\"noopener\">Artikel p\u00e5 finska Yle om regnb\u00e5gscertifiering <em>&#8221;Thea Hakokorpi toivoo saavansa mekon p\u00e4\u00e4lleen my\u00f6s palvelutalossa \u2013 Sateenkaarisertifikaatti takaa, ettei hoitaja sano &#8221;\u00e4l\u00e4 sin\u00e4 h\u00f6psi&#8221;<\/em>&#8221;. (Artikeln \u00f6ppnas i ny flik)<\/a>.<\/p>\n<h2>Definitioner av k\u00f6n och olika begrepp kring k\u00f6nsm\u00e5ngfald<\/h2>\n<p>H\u00e4r nedan presenteras centrala begrepp som ber\u00f6r m\u00e5ngfald ur ett k\u00f6nsperspektiv. En viktig aspekt f\u00f6r \u00f6kad kunskap om j\u00e4mlikhet \u00e4r att k\u00e4nna till korrekta begrepp relaterade till k\u00f6nsidentitet och k\u00f6nsm\u00e5ngfald.<\/p>\n<p>Centret f\u00f6r j\u00e4mst\u00e4lldhetsinformation vid Institutet f\u00f6r h\u00e4lsa och v\u00e4lf\u00e4rd har en omfattande ordlista med termer och definitioner kring k\u00f6n och j\u00e4mst\u00e4lldhet p\u00e5 sin webbplats:<\/p>\n<p><strong>Cisnormativitet<\/strong> eller cisantagande \u00e4r ett t\u00e4nkes\u00e4tt eller en norm, enligt vilken en m\u00e4nniska tillh\u00f6r eller borde tillh\u00f6ra ett av n\u00e5gotdera av tv\u00e5 k\u00f6n, kvinna eller man. Normen kan inbegripa ett antagande om att alla m\u00e4nniskor omkring en och som en m\u00f6ter \u00e4r cispersoner.<\/p>\n<p>I Finland finns f\u00f6r n\u00e4rvarande tv\u00e5 juridiska <strong>k\u00f6n<\/strong>, kvinna eller man. Det juridiska k\u00f6net definieras d\u00e5 en person f\u00f6ds eller bekr\u00e4ftas i samband med till exempel k\u00f6nsbekr\u00e4ftande behandling. Det framg\u00e5r ocks\u00e5 av personbeteckningen. K\u00f6n \u00e4r ett m\u00e5ngfasetterat begrepp. Begreppet &#8221;biologiskt k\u00f6n&#8221; har anv\u00e4nts d\u00e5 man avsett kroppsliga dimensioner av k\u00f6n, s\u00e5 som anatomi, kromosomer eller hormoner. &#8221;Socialt k\u00f6n&#8221; \u00e4r i sin tur ett begrepp som anv\u00e4nts f\u00f6r att beskriva de normer, f\u00f6rv\u00e4ntningar och betydelser som kopplas till k\u00f6n. K\u00f6n kan ocks\u00e5 syfta p\u00e5 individens k\u00f6nsidentitet och olika s\u00e4tt att uttrycka k\u00f6n. P\u00e5 svenska anv\u00e4nds ibland begreppet &#8221;genus&#8221; f\u00f6r att betona att k\u00f6n inte \u00e4r ett entydigt begrepp. Det finns \u00e4nd\u00e5 ingen tydlig gr\u00e4ns mellan begreppen k\u00f6n och genus. Oftast \u00e4r det tydligare att anv\u00e4nda k\u00f6n- eller j\u00e4mst\u00e4lldhet- som f\u00f6rled \u00e4n genus-.<\/p>\n<p>Ordet <strong>k\u00f6nsminoritet<\/strong> anv\u00e4nds ibland i Finland som ett samlingsbegrepp f\u00f6r transpersoner och <strong>personer med intersexvariationer (interk\u00f6nade)<\/strong>. Ordet \u00e4r en direkt\u00f6vers\u00e4ttning av finska &#8221;sukupuoliv\u00e4hemmist\u00f6&#8221; och anv\u00e4nds inte allm\u00e4nt p\u00e5 svenska och inte alls i Sverige. I st\u00e4llet f\u00f6r att betona minoritetsperspektivet rekommenderar vi att man talar om den specifika grupp som avses eller om k\u00f6nsm\u00e5ngfald som beskriver k\u00f6nsvariationerna bland alla m\u00e4nniskor.<\/p>\n<p><strong>K\u00f6nsm\u00e5ngfald eller m\u00e5ngfalden av k\u00f6n<\/strong> syftar p\u00e5 att det finns ett o\u00e4ndligt antal s\u00e4tt f\u00f6r m\u00e4nniskor att uppleva och uttrycka sitt k\u00f6n. Det finns allts\u00e5 en m\u00e5ngfald av k\u00f6n s\u00e5v\u00e4l bland individer som i samh\u00e4llet. En del m\u00e4nniskor ser sig tydligt som kvinna eller man, en del som b\u00e5de och, och en del k\u00e4nner att deras k\u00f6n inte alls f\u00e5r plats i tv\u00e5k\u00f6nsnormen.<\/p>\n<p>I Finland anv\u00e4nds ofta begreppet <strong>sexuell minoritet<\/strong> om det som i Sverige oftast ben\u00e4mns under det \u00f6vergripande HBTIQ, d\u00e4r \u00e4ven transpersoner och queera ing\u00e5r. Med sexuell minoritet avses personer som inte \u00e4r heterosexuella, t.ex. homosexuella, lesbiska, bisexuella, pansexuella och \u00e4ven asexuella. Alla m\u00e4nniskor ing\u00e5r \u00e4nd\u00e5 i m\u00e5ngfalden av sexuella l\u00e4ggningar. D\u00e4rf\u00f6r \u00e4r det ocks\u00e5 absolut b\u00e4ttre att i st\u00e4llet f\u00f6r att lyfta fram minoritetsaspekten anv\u00e4nda begrepp som beskriver m\u00e4nniskors preferenser och praktik i fr\u00e5ga om vem eller vilka en person k\u00e4nner sig attraherad av, blir k\u00e4r i eller har sex med samt hur hen identifierar sig.<\/p>\n<p><strong>Sexuell l\u00e4ggning<\/strong> handlar om vem en person har sexuellt eller emotionellt drag till. Definitionen g\u00e5r ut p\u00e5 att definiera b\u00e5de eget och den andras k\u00f6n. En allm\u00e4n indelning \u00e4r homo-, bi- och heterosexuell l\u00e4ggning. Alla har r\u00e4tten att definiera eller att l\u00e5ta bli att definiera sin sexuella l\u00e4ggning. Den sexuella l\u00e4ggningen hos en person kan \u00e4ndras under livets lopp en eller flera g\u00e5nger.<\/p>\n<p><strong>HBTIQ (HBTQ, HBTIQA, HBTQIA)<\/strong> \u00e4r ett samlingsbegrepp f\u00f6r homosexuella, bisexuella, transpersoner, personer med intersexvariationer (interk\u00f6nade) eller med queera uttryck och identiteter. Ibland anv\u00e4nds andra kombinationer som inkluderar till exempel A f\u00f6r asexuella eller agender, eller ett plus p\u00e5 slutet (hbtiq+) f\u00f6r bredare inkludering. Begreppet HBTIQ-personer kan anv\u00e4ndas som ett samlingsbegrepp f\u00f6r olika grupper av m\u00e4nniskor som har en sexuell l\u00e4ggning eller ett k\u00f6nsuttryck eller en k\u00f6nsidentitet som avviker fr\u00e5n det som anses vara normen. Motsvarande f\u00f6rkortningar \u00e4r LHBTIQ eller HLBTIQ p\u00e5 finska och LGBTIQ p\u00e5 engelska, d\u00e4r L st\u00e5r f\u00f6r lesbiska som p\u00e5 svenska inte skrivs ut separat. I den svenska f\u00f6rkortningen \u00e4r lesbiska inkluderade i bokstaven H.<\/p>\n<p><strong>Homo<\/strong> eller <strong>homosexuell<\/strong> \u00e4r en person som \u00e4r sexuellt eller emotionellt intresserad av personer av samma k\u00f6n. Ordet homo anv\u00e4nds ibland i en sn\u00e4vare betydelse om en person som identifierar sig som en man som \u00e4r sexuellt eller emotionellt intresserad av m\u00e4n. Lesbisk \u00e4r en homosexuell kvinna.<\/p>\n<p><strong>Bi<\/strong> eller <strong>bisexuella<\/strong> personer \u00e4r sexuellt eller emotionellt intresserade av personer med samma k\u00f6n eller av annat k\u00f6n. F\u00f6r en del har partnerns k\u00f6n ingen betydelse. Termerna bisexuell och <strong>pansexuell<\/strong> \u00e4r till en del \u00f6verlappande.<\/p>\n<p>Begreppet <strong>interk\u00f6nad<\/strong> samlar olika diagnoser och medf\u00f6dda tillst\u00e5nd. Kortfattat en person med ett medf\u00f6tt tillst\u00e5nd i vilket kroppsliga, anatomiska eller andra k\u00f6nsk\u00e4nnetecken inte \u00e4r entydigt typiska f\u00f6r kvinnor eller m\u00e4n. Ett interk\u00f6nat tillst\u00e5nd definierar inte hurdan k\u00f6nsidentitet en person utvecklar. Som barn i allm\u00e4nhet, uppfattar och tolkar ett interk\u00f6nat barn oftast sj\u00e4lv sin k\u00f6nsidentitet.<\/p>\n<p>Termen <strong>k\u00f6nsminoritet<\/strong> anv\u00e4nds som ett samlingsbegrepp f\u00f6r transpersoner, ickebin\u00e4ra, interk\u00f6nade personer samt personer som upplever k\u00f6nsinkongruens. Begreppet \u00e4r en \u00f6vers\u00e4ttning av finska \u201csukupuoliv\u00e4hemmist\u00f6\u201d. P\u00e5 svenska talar man ofta om <strong>k\u00f6nsm\u00e5ngfald<\/strong> och undviker ordet \u201cminoritet\u201d.<\/p>\n<p><strong>Queer<\/strong> \u00e4r ett politiskt och ofta akademiskt perspektiv eller tankes\u00e4tt, d\u00e4r man ifr\u00e5gas\u00e4tter samh\u00e4lleliga normer om k\u00f6n och sexuell l\u00e4ggning. Queer \u00e4r \u00e4ven en identitet, d\u00e4r personen inte vill kategorisera sin sexuella l\u00e4ggning eller k\u00f6n. Bokstaven Q \u00e4r en f\u00f6rkortning av engelskans questioning, vilket betyder att man reflekterar \u00f6ver sin sexuella l\u00e4ggning eller k\u00f6nsidentitet.<\/p>\n<p>Ordet <strong>trans<\/strong> anv\u00e4nds f\u00f6r att beskriva en person vars k\u00f6nsidentitet eller k\u00f6nsuttryck inte \u00e4r detsamma som det k\u00f6n hen tilldelats vid f\u00f6dseln. F\u00f6rledet trans- betyder p\u00e5 latin \u201candra sidan\u201d eller &#8221;\u00f6verskridande&#8221;. Motsatsen \u00e4r cis-, som \u00e4r latin f\u00f6r &#8221;samma&#8221; eller &#8221;den h\u00e4r sidan&#8221;.<\/p>\n<p>P\u00e5 svenska anv\u00e4nds begreppet transk\u00f6nad i Finland som motsvarighet till det finska uttrycket &#8221;transsukupuolinen&#8221;. I allm\u00e4nhet \u00e4r det b\u00e4ttre att anv\u00e4nda orden trans eller transperson n\u00e4r det \u00e4r m\u00f6jligt, eftersom transk\u00f6nad inte alls anv\u00e4nds i Sverige. En transperson \u00e4r en person vars k\u00f6n inte st\u00e4mmer \u00f6verens med det juridiska k\u00f6n personen tilldelades vid f\u00f6dseln. M\u00e5nga, men inte alla, transpersoner beh\u00f6ver och vill ha k\u00f6nsbekr\u00e4ftande behandling. En transpersons k\u00f6nstillh\u00f6righet (k\u00f6nsidentitet) kan vara till exempel man, kvinna eller ickebin\u00e4r. Begreppet transsexuell anv\u00e4nds inte l\u00e4ngre d\u00e5 det felaktigt syftar p\u00e5 sexualitet, trots att trans handlar om k\u00f6n, men h\u00e4nger delvis kvar i lagstiftning och medicinska diagnoser.<\/p>\n<p><strong>Transperson<\/strong> \u00e4r ett samlingsbegrepp f\u00f6r personer vars k\u00f6n (k\u00f6nsidentitet) eller k\u00f6nsuttryck skiljer sig fr\u00e5n f\u00f6rv\u00e4ntningar kopplade till det k\u00f6n som definierades f\u00f6r dem vid f\u00f6dseln. Trans omfattar s\u00e5v\u00e4l bin\u00e4ra (kvinnor, m\u00e4n) som ickebin\u00e4ra transpersoner (t.ex. genderqueer) samt bl.a. transvestiter. M\u00e5nga bin\u00e4ra transpersoner \u00e4r helt enkelt kvinnor eller m\u00e4n. F\u00f6r en del \u00e4r trans en s\u00e5 viktig del av identiteten att de vill synligg\u00f6ra det i hur de ben\u00e4mner sig, t.ex. transkvinna, transman, transfeminin, transmaskulin. Att n\u00e5gon \u00e4r trans s\u00e4ger inget om personens sexuella l\u00e4ggning, utan handlar enbart om personens k\u00f6n. F\u00f6rledet trans betyder \u201dp\u00e5 andra sidan, \u00f6ver\u201d.<\/p>\n<p>En <strong>transvestit<\/strong> \u00e4r en person som delvis eller helt, tidvis eller alltid, kl\u00e4r sig eller p\u00e5 annat s\u00e4tt uttrycker en k\u00f6nstillh\u00f6righet som allm\u00e4nt anses typisk f\u00f6r n\u00e5got annat k\u00f6n genom exempelvis kl\u00e4dsel eller r\u00f6stanv\u00e4ndning. S\u00e4rskilt tidigare anv\u00e4ndes \u00e4ven begreppen cross-dressing och drag, men de inneb\u00e4r oftast ett mer tempor\u00e4rt atypiskt k\u00f6nsuttryck som inte \u00e4r lika n\u00e4ra kopplat till identiteten.<\/p>\n<h5>Videomaterial kring k\u00f6nsm\u00e5ngfald, producerat av Seta rf.<\/h5>\n<p>Filmerna p\u00e5 finska har ingen textning.<\/p>\n<p><strong>Puheenvuoroja intersukupuolisuudesta: Jukka Lehtonen:<\/strong><\/p>\n<p><iframe loading=\"lazy\"  id=\"_ytid_74706\"  width=\"800\" height=\"450\"  data-origwidth=\"800\" data-origheight=\"450\" src=\"https:\/\/www.youtube.com\/embed\/ps-pkKP23Ic?enablejsapi=1&#038;autoplay=0&#038;cc_load_policy=0&#038;cc_lang_pref=&#038;iv_load_policy=1&#038;loop=0&#038;rel=1&#038;fs=1&#038;playsinline=0&#038;autohide=2&#038;theme=dark&#038;color=red&#038;controls=1&#038;disablekb=0&#038;\" class=\"__youtube_prefs__  epyt-is-override  no-lazyload\" title=\"YouTube player\"  allow=\"fullscreen; accelerometer; autoplay; clipboard-write; encrypted-media; gyroscope; picture-in-picture; web-share\" referrerpolicy=\"strict-origin-when-cross-origin\" allowfullscreen data-no-lazy=\"1\" data-skipgform_ajax_framebjll=\"\"><\/iframe><\/p>\n<p><strong>Puheenvuoroja intersukupuolisuudesta: Kitty Andersson:<\/strong><\/p>\n<p><iframe loading=\"lazy\"  id=\"_ytid_79667\"  width=\"800\" height=\"450\"  data-origwidth=\"800\" data-origheight=\"450\" src=\"https:\/\/www.youtube.com\/embed\/KyiQap0a5I0?enablejsapi=1&#038;autoplay=0&#038;cc_load_policy=0&#038;cc_lang_pref=&#038;iv_load_policy=1&#038;loop=0&#038;rel=1&#038;fs=1&#038;playsinline=0&#038;autohide=2&#038;theme=dark&#038;color=red&#038;controls=1&#038;disablekb=0&#038;\" class=\"__youtube_prefs__  epyt-is-override  no-lazyload\" title=\"YouTube player\"  allow=\"fullscreen; accelerometer; autoplay; clipboard-write; encrypted-media; gyroscope; picture-in-picture; web-share\" referrerpolicy=\"strict-origin-when-cross-origin\" allowfullscreen data-no-lazy=\"1\" data-skipgform_ajax_framebjll=\"\"><\/iframe><\/p>\n<p><strong>Puheenvuoroja intersukupuolisuudesta: Tikli Oikarinen:<\/strong><\/p>\n<p><iframe loading=\"lazy\"  id=\"_ytid_16645\"  width=\"800\" height=\"450\"  data-origwidth=\"800\" data-origheight=\"450\" src=\"https:\/\/www.youtube.com\/embed\/nqy6LZ1lfII?enablejsapi=1&#038;autoplay=0&#038;cc_load_policy=0&#038;cc_lang_pref=&#038;iv_load_policy=1&#038;loop=0&#038;rel=1&#038;fs=1&#038;playsinline=0&#038;autohide=2&#038;theme=dark&#038;color=red&#038;controls=1&#038;disablekb=0&#038;\" class=\"__youtube_prefs__  epyt-is-override  no-lazyload\" title=\"YouTube player\"  allow=\"fullscreen; accelerometer; autoplay; clipboard-write; encrypted-media; gyroscope; picture-in-picture; web-share\" referrerpolicy=\"strict-origin-when-cross-origin\" allowfullscreen data-no-lazy=\"1\" data-skipgform_ajax_framebjll=\"\"><\/iframe><\/p>\n<hr \/>\n<h5>Litteratur<\/h5>\n<ul>\n<li><a href=\"https:\/\/sv.seta.fi\/lhbtiq-fakta\/\" target=\"_blank\" rel=\"noopener\">LHBTIQ-fakta. Seta. [L\u00c4st 15.10.2020] (\u00d6ppnas i ny flik).<\/a><\/li>\n<li><a href=\"https:\/\/www.regnbagsankan.fi\/utbildning\/bisexualitet\/\" target=\"_blank\" rel=\"noopener\">Sexuell l\u00e4ggning. Regnb\u00e5gsankan [L\u00e4st 15.10.2020] (\u00d6ppnas i ny flik).<\/a><\/li>\n<li><a href=\"https:\/\/thl.fi\/sv\/web\/jamstalldhet\/kon\/ordlista\" target=\"_blank\" rel=\"noopener\">J\u00e4mst\u00e4lldhetsordlista. Institutet f\u00f6r h\u00e4lsa och v\u00e4lf\u00e4rd (THL). [L\u00e4st 15.10.2020] (\u00d6ppnas i ny flik).<\/a><\/li>\n<\/ul>\n<h5><span data-ccp-props=\"{}\">\u00a0<a href=\"https:\/\/blogs2.abo.fi\/hyvinvoivahoiva-guide\/mangfald-som-resurs-inom-aldreomsorgen\/\">Tillbaka till M\u00e5ngfald som resurs inom \u00e4ldreomsorgen<\/a><\/span><\/h5>\n","protected":false},"excerpt":{"rendered":"<p>Text: Mona Riska, Centret f\u00f6r livsl\u00e5ngt l\u00e4rande vid \u00c5bo Akademi Diskrimineringslagen f\u00f6rbjuder diskriminering av personer p\u00e5 grund av k\u00f6nsidentitet, k\u00f6nstillh\u00f6righet eller sexuell l\u00e4ggning. I dag uppskattas ungef\u00e4r 10 procent av den finl\u00e4ndska befolkningen tillh\u00f6ra n\u00e5gon k\u00f6nsminoritet eller sexuell minoritet. Dessa minoriteter utg\u00f6r en m\u00e5ngfasetterad grupp m\u00e4nniskor, vars sexuella l\u00e4ggning eller uppfattning om den egna k\u00f6nsidentiteten [&hellip;]<\/p>\n","protected":false},"author":469,"featured_media":0,"parent":229,"menu_order":0,"comment_status":"closed","ping_status":"closed","template":"","meta":{"footnotes":""},"class_list":["post-257","page","type-page","status-publish","hentry"],"_links":{"self":[{"href":"https:\/\/blogs2.abo.fi\/hyvinvoivahoiva-guide\/wp-json\/wp\/v2\/pages\/257","targetHints":{"allow":["GET"]}}],"collection":[{"href":"https:\/\/blogs2.abo.fi\/hyvinvoivahoiva-guide\/wp-json\/wp\/v2\/pages"}],"about":[{"href":"https:\/\/blogs2.abo.fi\/hyvinvoivahoiva-guide\/wp-json\/wp\/v2\/types\/page"}],"author":[{"embeddable":true,"href":"https:\/\/blogs2.abo.fi\/hyvinvoivahoiva-guide\/wp-json\/wp\/v2\/users\/469"}],"replies":[{"embeddable":true,"href":"https:\/\/blogs2.abo.fi\/hyvinvoivahoiva-guide\/wp-json\/wp\/v2\/comments?post=257"}],"version-history":[{"count":1,"href":"https:\/\/blogs2.abo.fi\/hyvinvoivahoiva-guide\/wp-json\/wp\/v2\/pages\/257\/revisions"}],"predecessor-version":[{"id":258,"href":"https:\/\/blogs2.abo.fi\/hyvinvoivahoiva-guide\/wp-json\/wp\/v2\/pages\/257\/revisions\/258"}],"up":[{"embeddable":true,"href":"https:\/\/blogs2.abo.fi\/hyvinvoivahoiva-guide\/wp-json\/wp\/v2\/pages\/229"}],"wp:attachment":[{"href":"https:\/\/blogs2.abo.fi\/hyvinvoivahoiva-guide\/wp-json\/wp\/v2\/media?parent=257"}],"curies":[{"name":"wp","href":"https:\/\/api.w.org\/{rel}","templated":true}]}}