{"id":246,"date":"2022-08-30T12:54:31","date_gmt":"2022-08-30T12:54:31","guid":{"rendered":"https:\/\/blogs2.abo.fi\/hyvinvoivahoiva-guide\/?page_id=246"},"modified":"2022-08-30T12:54:31","modified_gmt":"2022-08-30T12:54:31","slug":"andelen-personer-med-utlandsk-bakgrund-okar-inom-aldreomsorgen","status":"publish","type":"page","link":"https:\/\/blogs2.abo.fi\/hyvinvoivahoiva-guide\/mangfald-som-resurs-inom-aldreomsorgen\/andelen-personer-med-utlandsk-bakgrund-okar-inom-aldreomsorgen\/","title":{"rendered":"Andelen personer med utl\u00e4ndsk bakgrund \u00f6kar inom \u00e4ldreomsorgen"},"content":{"rendered":"<p><strong>Text: Mona Riska, Centret f\u00f6r livsl\u00e5ngt l\u00e4rande vid \u00c5bo Akademi<\/strong><\/p>\n<p>Enligt diskrimineringslagen f\u00e5r ingen diskrimineras p\u00e5 grund av \u00e5lder, ursprung, nationalitet, etnicitet, spr\u00e5k, religion eller \u00f6vertygelse. I utvecklandet av en mer j\u00e4mlik v\u00e5rd och omsorg b\u00f6r man beakta m\u00e5ngfalden av \u00e4ldre med h\u00e4nsyn till personers ursprung, nationalitet och spr\u00e5k.<\/p>\n<p>Andelen \u00e4ldre (55+) med fr\u00e4mmande spr\u00e5k som modersm\u00e5l \u00e4r drygt 50 000 personer i dagens Finland. Denna grupp \u00e4r v\u00e4xande med ca 3 500 personer per \u00e5r. Inom \u00e4ldreomsorgen kommer andelen \u00e4ldre med fr\u00e4mmande spr\u00e5kbakgrund att \u00f6ka under de kommande \u00e5ren. H\u00e4lften av alla \u00e4ldre med utl\u00e4ndsk bakgrund \u00e4r bosatta i huvudstadsregionen.<\/p>\n<p><strong>Andelen personer med utl\u00e4ndsk bakgrund efter \u00e5lder av hela befolkningen i slutet av \u00e5ren 2009 och 2019:<\/strong><\/p>\n<p><img loading=\"lazy\" decoding=\"async\" class=\"alignnone size-full wp-image-247\" src=\"http:\/\/blogs2.abo.fi\/hyvinvoivahoiva-guide\/wp-content\/uploads\/sites\/221\/2022\/08\/Ulkomaalaistaustaisen-vaeston-osuus-vaestosta-ian-mukaan-vuosien-2009-ja-2019-lopussa.gif\" alt=\"\" width=\"499\" height=\"368\" \/><\/p>\n<p><strong>Tabell 1.<\/strong> Av tabellen framg\u00e5r \u00e5ldersf\u00f6rdelningen f\u00f6r personer med utl\u00e4ndsk bakgrund och den procentuella andelen i f\u00f6rh\u00e5llande till hela den finl\u00e4ndska befolkningen \u00e5ren 2009 och 2019.\u202f<em>K\u00e4lla: Finlands officiella statistik (FOS): Befolkningsstruktur [e-publikation]. ISSN=1797-5387. \u00c5rs\u00f6versikt 2019. Helsingfors: Statistikcentralen.<\/em><\/p>\n<p><strong>Andelen personer bosatta i huvudstadsregionen efter bakgrundsland 2019:<\/strong><\/p>\n<p><img loading=\"lazy\" decoding=\"async\" class=\"alignnone size-full wp-image-248\" src=\"http:\/\/blogs2.abo.fi\/hyvinvoivahoiva-guide\/wp-content\/uploads\/sites\/221\/2022\/08\/Paakaupunkiseudulla-asuvien-osuus-taustamaan-mukaan-2019.gif\" alt=\"\" width=\"525\" height=\"351\" \/><\/p>\n<p>*) inkl. Bosnien och Hercegovina, Kroatien, Nordmakedonien, Montenegro, Serbien, Slovenien.<\/p>\n<p><strong>Tabell 2.<\/strong> Av tabellen framg\u00e5r andelen personer med utl\u00e4ndsk bakgrund enligt bakgrundsland bosatta i huvudstadsregionen 2019.\u202f<em>K\u00e4lla: Finlands officiella statistik (FOS): Befolkningsstruktur [e-publikation]. ISSN=1797-5387. \u00c5rs\u00f6versikt 2019. Helsingfors: Statistikcentralen<\/em>.<\/p>\n<p>I slutet av \u00e5r 2019 utgjordes den klart st\u00f6rsta gruppen personer med utl\u00e4ndsk bakgrund av personer vars bakgrundsland \u00e4r forna Sovjetunionen eller Ryssland. Den st\u00f6rsta gruppen bland de som inflyttat fr\u00e5n Ryssland \u00e4r ingermanl\u00e4ndare. Den n\u00e4st st\u00f6rsta gruppen med utl\u00e4ndsk bakgrund \u00e4r personer med estnisk bakgrund. De vanligaste orsakerna f\u00f6r ester att flytta till Finland \u00e4r arbetsrelaterade. Det \u00e4r vanligt bland esterna att flytta tillbaka till hemlandet n\u00e4r arbetskarri\u00e4ren \u00e4r \u00f6ver, men m\u00e5nga v\u00e4ljer ocks\u00e5 att stanna kvar i Finland p\u00e5 \u00e4ldre dagar. Den tredje st\u00f6rsta gruppen med utl\u00e4ndsk bakgrund \u00e4r personer med irakisk bakgrund.<\/p>\n<p><strong>De st\u00f6rsta grupperna med utl\u00e4ndsk bakgrund av befolkningen i Finland i slutet av \u00e5r 2019:<\/strong><\/p>\n<p><img loading=\"lazy\" decoding=\"async\" class=\"alignnone size-full wp-image-249\" src=\"http:\/\/blogs2.abo.fi\/hyvinvoivahoiva-guide\/wp-content\/uploads\/sites\/221\/2022\/08\/Suurimmat-ulkomaalaistaustaisten-henkiloiden-ryhmat-Suomessa-loppuvuonna-2019.gif\" alt=\"\" width=\"540\" height=\"359\" \/><\/p>\n<p>*) inkl. Bosnien och Hercegovina, Kroatien, Nordmakedonien, Montenegro, Serbien, Slovenien.<\/p>\n<p><strong>Tabell 3.<\/strong> Av tabellen framg\u00e5r storleken p\u00e5 olika befolkningsgrupper med utl\u00e4ndsk bakgrund i det finl\u00e4ndska samh\u00e4llet. <em>K\u00e4lla: Finlands officiella statistik (FOS): Befolkningsstruktur [e-publikation]. ISSN=1797-5387. \u00c5rs\u00f6versikt 2019. Helsingfors: Statistikcentralen<\/em>.<\/p>\n<p><strong>Befolkningen enligt nationalitet:<\/strong><\/p>\n<p><img loading=\"lazy\" decoding=\"async\" class=\"alignnone size-full wp-image-250\" src=\"http:\/\/blogs2.abo.fi\/hyvinvoivahoiva-guide\/wp-content\/uploads\/sites\/221\/2022\/08\/vaesto-kansalaisuuden-mukaan.jpg\" alt=\"\" width=\"1089\" height=\"729\" srcset=\"https:\/\/blogs2.abo.fi\/hyvinvoivahoiva-guide\/wp-content\/uploads\/sites\/221\/2022\/08\/vaesto-kansalaisuuden-mukaan.jpg 1089w, https:\/\/blogs2.abo.fi\/hyvinvoivahoiva-guide\/wp-content\/uploads\/sites\/221\/2022\/08\/vaesto-kansalaisuuden-mukaan-300x201.jpg 300w, https:\/\/blogs2.abo.fi\/hyvinvoivahoiva-guide\/wp-content\/uploads\/sites\/221\/2022\/08\/vaesto-kansalaisuuden-mukaan-1024x685.jpg 1024w, https:\/\/blogs2.abo.fi\/hyvinvoivahoiva-guide\/wp-content\/uploads\/sites\/221\/2022\/08\/vaesto-kansalaisuuden-mukaan-768x514.jpg 768w\" sizes=\"auto, (max-width: 1089px) 100vw, 1089px\" \/><\/p>\n<p><strong>Tabell 4.<\/strong> I tabellen ges en \u00f6versikt \u00f6ver den finl\u00e4ndska befolkningen enligt medborgarskap \u00e5ren 2016\u20132019.\u202f<em>K\u00e4lla: Finland i siffror 2020 [e-publikation] ISSN: 2242-8488 Helsingfors: Statistikcentralen.<\/em><\/p>\n<p>Till gruppen med fr\u00e4mmande spr\u00e5kbakgrund h\u00f6r \u00e4ven andra grupper av invandrare fr\u00e5n Afrika och Mellan\u00f6stern, som talar arabiska, kurdiska och somaliska. Utav dessa har m\u00e5nga flyttat till Finland f\u00f6rst i vuxen\u00e5lder. De har etablerat sig i det finl\u00e4ndska samh\u00e4llet och planerar att tillbringa sin \u00e5lderdom h\u00e4r. De f\u00f6rsta flyktingarna, som anl\u00e4nde till Finland, kom p\u00e5 1970-talet fr\u00e5n Chile och Vietnam och \u00e4r i dag v\u00e4l etablerade i Finland. Andelen inflyttade \u00e4ldre personer fr\u00e5n Europa uppg\u00e5r i nul\u00e4get till ca 8 000. I framtiden kommer andelen asiater, som flyttat till Finland p.g.a. arbete och av familjesk\u00e4l att vara en v\u00e4xande kundgrupp inom \u00e4ldreomsorgen.<\/p>\n<p><strong>Befolkningen enligt spr\u00e5k:\u00a0<\/strong><\/p>\n<p><img loading=\"lazy\" decoding=\"async\" class=\"alignnone size-full wp-image-251\" src=\"http:\/\/blogs2.abo.fi\/hyvinvoivahoiva-guide\/wp-content\/uploads\/sites\/221\/2022\/08\/vaesto-kielen-mukaan.jpg\" alt=\"\" width=\"1089\" height=\"726\" srcset=\"https:\/\/blogs2.abo.fi\/hyvinvoivahoiva-guide\/wp-content\/uploads\/sites\/221\/2022\/08\/vaesto-kielen-mukaan.jpg 1089w, https:\/\/blogs2.abo.fi\/hyvinvoivahoiva-guide\/wp-content\/uploads\/sites\/221\/2022\/08\/vaesto-kielen-mukaan-300x200.jpg 300w, https:\/\/blogs2.abo.fi\/hyvinvoivahoiva-guide\/wp-content\/uploads\/sites\/221\/2022\/08\/vaesto-kielen-mukaan-1024x683.jpg 1024w, https:\/\/blogs2.abo.fi\/hyvinvoivahoiva-guide\/wp-content\/uploads\/sites\/221\/2022\/08\/vaesto-kielen-mukaan-768x512.jpg 768w\" sizes=\"auto, (max-width: 1089px) 100vw, 1089px\" \/><\/p>\n<p><strong>Tabell 5.<\/strong> I tabellen ovan ges en \u00f6versikt \u00f6ver den finl\u00e4ndska befolkningen enligt modersm\u00e5l per 31.12.2019. <em>K\u00e4lla: Finland i siffror 2020 [e-publikation] ISSN: 2242-8488 Helsingfors: Statistikcentralen.<\/em><\/p>\n<h5><span data-ccp-props=\"{}\">\u00a0<a href=\"https:\/\/blogs2.abo.fi\/hyvinvoivahoiva-guide\/mangfald-som-resurs-inom-aldreomsorgen\/\">Tillbaka till M\u00e5ngfald som resurs inom \u00e4ldreomsorgen<\/a><\/span><\/h5>\n","protected":false},"excerpt":{"rendered":"<p>Text: Mona Riska, Centret f\u00f6r livsl\u00e5ngt l\u00e4rande vid \u00c5bo Akademi Enligt diskrimineringslagen f\u00e5r ingen diskrimineras p\u00e5 grund av \u00e5lder, ursprung, nationalitet, etnicitet, spr\u00e5k, religion eller \u00f6vertygelse. I utvecklandet av en mer j\u00e4mlik v\u00e5rd och omsorg b\u00f6r man beakta m\u00e5ngfalden av \u00e4ldre med h\u00e4nsyn till personers ursprung, nationalitet och spr\u00e5k. Andelen \u00e4ldre (55+) med fr\u00e4mmande spr\u00e5k [&hellip;]<\/p>\n","protected":false},"author":469,"featured_media":0,"parent":229,"menu_order":0,"comment_status":"closed","ping_status":"closed","template":"","meta":{"footnotes":""},"class_list":["post-246","page","type-page","status-publish","hentry"],"_links":{"self":[{"href":"https:\/\/blogs2.abo.fi\/hyvinvoivahoiva-guide\/wp-json\/wp\/v2\/pages\/246","targetHints":{"allow":["GET"]}}],"collection":[{"href":"https:\/\/blogs2.abo.fi\/hyvinvoivahoiva-guide\/wp-json\/wp\/v2\/pages"}],"about":[{"href":"https:\/\/blogs2.abo.fi\/hyvinvoivahoiva-guide\/wp-json\/wp\/v2\/types\/page"}],"author":[{"embeddable":true,"href":"https:\/\/blogs2.abo.fi\/hyvinvoivahoiva-guide\/wp-json\/wp\/v2\/users\/469"}],"replies":[{"embeddable":true,"href":"https:\/\/blogs2.abo.fi\/hyvinvoivahoiva-guide\/wp-json\/wp\/v2\/comments?post=246"}],"version-history":[{"count":1,"href":"https:\/\/blogs2.abo.fi\/hyvinvoivahoiva-guide\/wp-json\/wp\/v2\/pages\/246\/revisions"}],"predecessor-version":[{"id":252,"href":"https:\/\/blogs2.abo.fi\/hyvinvoivahoiva-guide\/wp-json\/wp\/v2\/pages\/246\/revisions\/252"}],"up":[{"embeddable":true,"href":"https:\/\/blogs2.abo.fi\/hyvinvoivahoiva-guide\/wp-json\/wp\/v2\/pages\/229"}],"wp:attachment":[{"href":"https:\/\/blogs2.abo.fi\/hyvinvoivahoiva-guide\/wp-json\/wp\/v2\/media?parent=246"}],"curies":[{"name":"wp","href":"https:\/\/api.w.org\/{rel}","templated":true}]}}