{"id":186,"date":"2022-08-19T08:38:35","date_gmt":"2022-08-19T08:38:35","guid":{"rendered":"https:\/\/blogs2.abo.fi\/hyvinvoivahoiva-guide\/?page_id=186"},"modified":"2022-08-19T08:38:35","modified_gmt":"2022-08-19T08:38:35","slug":"visualitet-vid-utveckling-av-arbete","status":"publish","type":"page","link":"https:\/\/blogs2.abo.fi\/hyvinvoivahoiva-guide\/tillsammans-mot-battre-omsorgsarbete\/visualitet-vid-utveckling-av-arbete\/","title":{"rendered":"Visualitet vid utveckling av arbete"},"content":{"rendered":"<p><strong>Text och figur: Jenna Pennanen, Yrkesh\u00f6gskolan Laurea<\/strong><\/p>\n<p>Visuella element \u00e4r ett effektivt s\u00e4tt att kommunicera. Det f\u00e5r g\u00e4rna satsas p\u00e5 visuell styrning och visuellt ledarskap i utvecklandet av arbetet och arbetsh\u00e4lsan. Med hj\u00e4lp av visualiseringar \u00e4r det enklare att f\u00e5 en helhetsbild av n\u00e4rmast vilken situation som helst, vilket m\u00f6jligg\u00f6r gemensam probleml\u00f6sning, utvecklingsarbete och id\u00e9skapande. Vikten av visualitet framh\u00e4vs ocks\u00e5 i t\u00e4nkes\u00e4tt och verksamhetsmodeller i servicedesign och lean. Det \u00e4r en viktig aspekt, n\u00e4r man tillsammans utvecklar arbetet och str\u00e4var efter b\u00e4ttre arbetsh\u00e4lsa.<\/p>\n<h3>Visuell styrning<\/h3>\n<p>Visuell styrning g\u00f6r det m\u00f6jligt att n\u00e5 en samsyn och skapa gemensamma l\u00e4gesbilder, till exempel kring en viss arbetsprocess eller ett visst utvecklingsomr\u00e5de. N\u00e4r helheten visualiseras i form av bilder, tabeller och listor eller konkretiseras med symboler \u00e4r det m\u00f6jligt att f\u00e5 en uppfattning om den med bara en snabb blick. F\u00e4rger, former, pilar som anger storleksf\u00f6rh\u00e5llanden, grafer och olika slags symboler utg\u00f6r element som vi med v\u00e5rt synsinne tolkar f\u00f6r att bilda en uppfattning om det som visualiseras. Med hj\u00e4lp av visuell styrning ges olika processer, verksamheter, m\u00e5l, olika typer av information och \u00e4ven ganska komplicerade instruktioner en tillg\u00e4nglig och begriplig form, s\u00e5 att alla kan ta dem till sig. Med hj\u00e4lp av visuell modellering \u00e4r det enklare att peka ut utvecklingsomr\u00e5den och f\u00f6lja upp utvecklingsarbetet.<\/p>\n<h3>Visuell styrning i omsorgsarbete<\/h3>\n<p>S\u00e5v\u00e4l planeringen som omsorgsarbetet i sig f\u00e5r g\u00e4rna visualiseras i arbetsmilj\u00f6n, dvs. i medarbetarnas arbetsvardag. Olika typer av kalendrar samt listor och f\u00f6rteckningar som ska ge en \u00f6versikt \u00f6ver arbetsuppgifterna \u00e4r beh\u00e4ndiga visuella planeringsverktyg. En del kalendrar och listor kan vara avsedda f\u00f6r individuella arbetsuppgifter, medan andra kan vara synligt tillg\u00e4ngliga f\u00f6r alla medarbetare, s\u00e5 att de g\u00f6r arbetet m\u00e5linriktat.<\/p>\n<p>Med hj\u00e4lp av olika kalendrar, f\u00f6rteckningar och projektlistor \u00e4r det m\u00f6jligt att visuellt \u00e5sk\u00e5dligg\u00f6ra planeringen och sj\u00e4lva arbetet och att f\u00f6lja upp utvecklandet av arbetet. Effektiviteten i och ocks\u00e5 nyttan med arbetet kan \u00e5sk\u00e5dligg\u00f6ras visuellt. Alla medarbetare och vid behov \u00e4ven klienter eller boende kan f\u00e5 ta del av visuella \u00e5rs-, m\u00e5nads- och veckoplaner eller -program. Exempelfiguren nedan, en visualiserad version av ett v\u00e5rdhems \u00e5rsklocka, ger en \u00f6versikt \u00f6ver planer och h\u00e4ndelser och n\u00e4r de \u00e4r planerade att infalla, som ber\u00f6r alla p\u00e5 v\u00e5rdhemmet. Markeringss\u00e4tt som alla tillsammans kommit \u00f6verens om framh\u00e4ver eng\u00e5ngsaktiviteter och skiljer till exempel temana som \u00e5terkommer varje m\u00e5nad eller vecka fr\u00e5n varandra. Hur en \u00e5rsplan skapas och visualiseras \u00e4r n\u00e5got som alla, medarbetare, boende och deras anh\u00f6riga, tillsammans kan bidra till.<\/p>\n<p><em>Klicka p\u00e5 bilden f\u00f6r att f\u00f6rstora den.<\/em><\/p>\n<p><a href=\"http:\/\/blogs2.abo.fi\/hyvinvoivahoiva-guide\/wp-content\/uploads\/sites\/221\/2022\/08\/E4_bild1sv.png\"><img loading=\"lazy\" decoding=\"async\" class=\"alignnone size-large wp-image-194\" src=\"http:\/\/blogs2.abo.fi\/hyvinvoivahoiva-guide\/wp-content\/uploads\/sites\/221\/2022\/08\/E4_bild1sv-1024x819.png\" alt=\"BIlden visar ett exempel p\u00e5 hur en \u00e5rsklocka kan visualiseras. \" width=\"580\" height=\"464\" srcset=\"https:\/\/blogs2.abo.fi\/hyvinvoivahoiva-guide\/wp-content\/uploads\/sites\/221\/2022\/08\/E4_bild1sv-1024x819.png 1024w, https:\/\/blogs2.abo.fi\/hyvinvoivahoiva-guide\/wp-content\/uploads\/sites\/221\/2022\/08\/E4_bild1sv-300x240.png 300w, https:\/\/blogs2.abo.fi\/hyvinvoivahoiva-guide\/wp-content\/uploads\/sites\/221\/2022\/08\/E4_bild1sv-768x614.png 768w, https:\/\/blogs2.abo.fi\/hyvinvoivahoiva-guide\/wp-content\/uploads\/sites\/221\/2022\/08\/E4_bild1sv-1200x960.png 1200w, https:\/\/blogs2.abo.fi\/hyvinvoivahoiva-guide\/wp-content\/uploads\/sites\/221\/2022\/08\/E4_bild1sv.png 1374w\" sizes=\"auto, (max-width: 580px) 100vw, 580px\" \/><\/a><\/p>\n<p>&nbsp;<\/p>\n<p>En mer detaljerad m\u00e5nads- eller veckospecifik plan kan ocks\u00e5 visualiseras. En s\u00e5dan plan anger regelbundet \u00e5terkommande h\u00e4ndelser, s\u00e5som aktiviteter, m\u00f6ten, m\u00e5ltider och duschtider, som ber\u00f6r b\u00e5de de boende och personalen. De kan markeras synligt i kalendern, med beaktande av de boendes och personalens olika informationsbehov. M\u00e5nadsplanen som visualiseras f\u00f6r de boende \u00e4r enklare och kan i st\u00e4llet f\u00f6r text inneh\u00e5lla till exempel symboler (se figur nedan).<\/p>\n<p><em>Klicka p\u00e5 bilden f\u00f6r att f\u00f6rstora den.<\/em><\/p>\n<p><a href=\"http:\/\/blogs2.abo.fi\/hyvinvoivahoiva-guide\/wp-content\/uploads\/sites\/221\/2022\/08\/E4_bild2sv.png\"><img loading=\"lazy\" decoding=\"async\" class=\"alignnone size-large wp-image-195\" src=\"http:\/\/blogs2.abo.fi\/hyvinvoivahoiva-guide\/wp-content\/uploads\/sites\/221\/2022\/08\/E4_bild2sv-1024x748.png\" alt=\"Bilden ger exempel p\u00e5 hur man kan visualisera ett veckoschema.\" width=\"580\" height=\"424\" srcset=\"https:\/\/blogs2.abo.fi\/hyvinvoivahoiva-guide\/wp-content\/uploads\/sites\/221\/2022\/08\/E4_bild2sv-1024x748.png 1024w, https:\/\/blogs2.abo.fi\/hyvinvoivahoiva-guide\/wp-content\/uploads\/sites\/221\/2022\/08\/E4_bild2sv-300x219.png 300w, https:\/\/blogs2.abo.fi\/hyvinvoivahoiva-guide\/wp-content\/uploads\/sites\/221\/2022\/08\/E4_bild2sv-768x561.png 768w, https:\/\/blogs2.abo.fi\/hyvinvoivahoiva-guide\/wp-content\/uploads\/sites\/221\/2022\/08\/E4_bild2sv-1200x876.png 1200w, https:\/\/blogs2.abo.fi\/hyvinvoivahoiva-guide\/wp-content\/uploads\/sites\/221\/2022\/08\/E4_bild2sv.png 1219w\" sizes=\"auto, (max-width: 580px) 100vw, 580px\" \/><\/a><\/p>\n<p>F\u00f6r v\u00e5rdpersonalen kan man till exempel i m\u00e5nadsplanen inkludera fler detaljer om bl.a. arbetsuppgifter, ansvarsomr\u00e5den och saker som kr\u00e4ver planering och organisering och som det b\u00f6r reserveras tid f\u00f6r. Genom att visualisera en m\u00e5nads-, vecko- eller dagsspecifik kalender f\u00f6r hela personalen lever man ocks\u00e5 enligt devisen &#8221;k\u00e4nn till vad din kollega g\u00f6r&#8221;, och p\u00e5 s\u00e5 s\u00e4tt kan ocks\u00e5 kommunikationen p\u00e5 arbetsplatsen underl\u00e4ttas. I en m\u00e5nadsplan som visualiserats f\u00f6r personalen i kalenderform (se bild nedan) visar enkla tecken, figurer, f\u00e4rger och till och med typsnittsstorleken vilken typ av arbetsuppgifter det r\u00f6r sig om, n\u00e4r de ska utf\u00f6ras och vem som ansvarar f\u00f6r dem. Medarbetarna kan ocks\u00e5 tilldelas egna symboler, namnlappar eller till exempel cirklar i olika f\u00e4rger, som i exempelkalendern nedan.<\/p>\n<p>Man brukar s\u00e4ga att god planering \u00e4r en viktig del av sj\u00e4lva genomf\u00f6randet, och det g\u00e4ller ocks\u00e5 styrning, planering och framf\u00f6r allt framg\u00e5ngsrikt utvecklande av arbete. I vilken form eller p\u00e5 vilken plattform personalens m\u00e5nadsplan \u00e4n skapas \u00e4r det s\u00e4kert bra att g\u00f6ra den l\u00e4tt att redigera med tanke p\u00e5 situationer som snabbt f\u00f6r\u00e4ndras.<\/p>\n<p><em>Klicka p\u00e5 bilden f\u00f6r att f\u00f6rstora den.<\/em><\/p>\n<p><a href=\"http:\/\/blogs2.abo.fi\/hyvinvoivahoiva-guide\/wp-content\/uploads\/sites\/221\/2022\/08\/E4_bild3sv.png\"><img loading=\"lazy\" decoding=\"async\" class=\"alignnone size-large wp-image-196\" src=\"http:\/\/blogs2.abo.fi\/hyvinvoivahoiva-guide\/wp-content\/uploads\/sites\/221\/2022\/08\/E4_bild3sv-1024x925.png\" alt=\"Exempel p\u00e5 hur en m\u00e5nad kan visualiseras. \" width=\"580\" height=\"524\" srcset=\"https:\/\/blogs2.abo.fi\/hyvinvoivahoiva-guide\/wp-content\/uploads\/sites\/221\/2022\/08\/E4_bild3sv-1024x925.png 1024w, https:\/\/blogs2.abo.fi\/hyvinvoivahoiva-guide\/wp-content\/uploads\/sites\/221\/2022\/08\/E4_bild3sv-300x271.png 300w, https:\/\/blogs2.abo.fi\/hyvinvoivahoiva-guide\/wp-content\/uploads\/sites\/221\/2022\/08\/E4_bild3sv-768x694.png 768w, https:\/\/blogs2.abo.fi\/hyvinvoivahoiva-guide\/wp-content\/uploads\/sites\/221\/2022\/08\/E4_bild3sv.png 1083w\" sizes=\"auto, (max-width: 580px) 100vw, 580px\" \/><\/a><\/p>\n<p>Avslutningsvis kan vi h\u00e4r ocks\u00e5 illustrera vikten av visualisering med en dagsspecifik plan inf\u00f6r ett arbetsskift, d\u00e4r man med hj\u00e4lp av enhetliga symboler tydligg\u00f6r vardagen och arbetsdelningen p\u00e5 arbetsplatsen (se bild nedan) och d\u00e4r varje medarbetare har sin egen kolumn. En s\u00e5dan plan g\u00f6r det l\u00e4ttare att styra och samordna arbetsuppgifterna under ett arbetsskift.<\/p>\n<p><em>Klicka p\u00e5 bilden f\u00f6r att f\u00f6rstora den.<\/em><\/p>\n<p><a href=\"http:\/\/blogs2.abo.fi\/hyvinvoivahoiva-guide\/wp-content\/uploads\/sites\/221\/2022\/08\/E4_bild4sv.png\"><img loading=\"lazy\" decoding=\"async\" class=\"alignnone size-large wp-image-197\" src=\"http:\/\/blogs2.abo.fi\/hyvinvoivahoiva-guide\/wp-content\/uploads\/sites\/221\/2022\/08\/E4_bild4sv-1024x805.png\" alt=\"Exempel p\u00e5 hu ett arbetsschema kan visualiseras. \" width=\"580\" height=\"456\" srcset=\"https:\/\/blogs2.abo.fi\/hyvinvoivahoiva-guide\/wp-content\/uploads\/sites\/221\/2022\/08\/E4_bild4sv-1024x805.png 1024w, https:\/\/blogs2.abo.fi\/hyvinvoivahoiva-guide\/wp-content\/uploads\/sites\/221\/2022\/08\/E4_bild4sv-300x236.png 300w, https:\/\/blogs2.abo.fi\/hyvinvoivahoiva-guide\/wp-content\/uploads\/sites\/221\/2022\/08\/E4_bild4sv-768x604.png 768w, https:\/\/blogs2.abo.fi\/hyvinvoivahoiva-guide\/wp-content\/uploads\/sites\/221\/2022\/08\/E4_bild4sv-1200x944.png 1200w, https:\/\/blogs2.abo.fi\/hyvinvoivahoiva-guide\/wp-content\/uploads\/sites\/221\/2022\/08\/E4_bild4sv.png 1287w\" sizes=\"auto, (max-width: 580px) 100vw, 580px\" \/><\/a><\/p>\n<p>&nbsp;<\/p>\n<p>Utvecklandet av arbetet utg\u00e5r fr\u00e5n att man identifierar ett syfte f\u00f6r arbetet utifr\u00e5n de uppsatta m\u00e5len. All form av utvecklingsarbete tar utg\u00e5ngspunkt i behovet av att l\u00f6sa ett problem eller i viljan att vidareutveckla en enskild id\u00e9 som n\u00e5gon kl\u00e4ckt. Att visualisera detta kan vara r\u00e4tt enkelt och ge resultat trots en ganska liten anstr\u00e4ngning. D\u00e4rf\u00f6r \u00e4r det bra att modigt lyfta fram id\u00e9er och experiment b\u00e5de f\u00f6r en sj\u00e4lv och andra. Arbetet kan utvecklas kontinuerligt med hj\u00e4lp av en id\u00e9tavla f\u00f6r hela personalen, d\u00e4r det ut\u00f6ver utvecklingsomr\u00e5den l\u00e4mnas utrymme f\u00f6r planering (P), testande och genomf\u00f6rande (D) och unders\u00f6kning och granskning (S) av id\u00e9er samt vid behov ocks\u00e5 f\u00f6r eventuella korrigeringar (A). Kontinuerlig utveckling \u00e4r ocks\u00e5 det \u00f6vergripande syftet med den h\u00e4r lean-inspirerade, l\u00f6sningsorienterade PDSA-utvecklingsmodellen. En id\u00e9tavla kan visualiseras till exempel som p\u00e5 exempeltavlan nedan.<\/p>\n<p><em>Klicka p\u00e5 bilden f\u00f6r att f\u00f6rstora den.<\/em><\/p>\n<p><a href=\"http:\/\/blogs2.abo.fi\/hyvinvoivahoiva-guide\/wp-content\/uploads\/sites\/221\/2022\/08\/E4_bild5sv.png\"><img loading=\"lazy\" decoding=\"async\" class=\"alignnone size-large wp-image-198\" src=\"http:\/\/blogs2.abo.fi\/hyvinvoivahoiva-guide\/wp-content\/uploads\/sites\/221\/2022\/08\/E4_bild5sv-1024x614.png\" alt=\"\" width=\"580\" height=\"348\" srcset=\"https:\/\/blogs2.abo.fi\/hyvinvoivahoiva-guide\/wp-content\/uploads\/sites\/221\/2022\/08\/E4_bild5sv-1024x614.png 1024w, https:\/\/blogs2.abo.fi\/hyvinvoivahoiva-guide\/wp-content\/uploads\/sites\/221\/2022\/08\/E4_bild5sv-300x180.png 300w, https:\/\/blogs2.abo.fi\/hyvinvoivahoiva-guide\/wp-content\/uploads\/sites\/221\/2022\/08\/E4_bild5sv-768x461.png 768w, https:\/\/blogs2.abo.fi\/hyvinvoivahoiva-guide\/wp-content\/uploads\/sites\/221\/2022\/08\/E4_bild5sv-1200x720.png 1200w, https:\/\/blogs2.abo.fi\/hyvinvoivahoiva-guide\/wp-content\/uploads\/sites\/221\/2022\/08\/E4_bild5sv.png 1204w\" sizes=\"auto, (max-width: 580px) 100vw, 580px\" \/><\/a><\/p>\n<p><a href=\"http:\/\/blogs2.abo.fi\/hyvinvoivahoiva-guide\/wp-content\/uploads\/sites\/221\/2022\/08\/Tyonkehittaminen_tillganglig-version.pdf\" target=\"_blank\" rel=\"noopener\">Exempel: Tavlan f\u00f6r utveckling av arbete i tillg\u00e4nlig pdf-version.<\/a><\/p>\n<blockquote>\n<h6>F\u00d6R\u202fREFLEKTION:<\/h6>\n<p>Sammanst\u00e4ll ett id\u00e9papper eller en id\u00e9tavla, som inneh\u00e5ller ett m\u00e5l, ett problem eller en id\u00e9 som \u00e4r viktig f\u00f6r dig eller f\u00f6r alla medarbetare. Jobba vidare med pappret eller tavlan varje vecka. Be ocks\u00e5 en kollega att komma med och ta fram och testa id\u00e9er f\u00f6r att utveckla ert arbete. Ni kan tillsammans komma \u00f6verens om hur, var och n\u00e4r ni g\u00f6r detta.<\/p><\/blockquote>\n<p>&nbsp;<\/p>\n<h3>Visuellt ledarskap<\/h3>\n<p><strong>Text: P\u00e4ivi Mantere, Yrkesh\u00f6gskolan Laurea, figur: Jenna Pennanen<\/strong><\/p>\n<p>Visuellt ledarskap \u00e4r en av grundbultarna i lean-modellen. Det tar hj\u00e4lp av olika tecken och signaler f\u00f6r att skapa ett system som st\u00f6der och styr det grundl\u00e4ggande arbetet. Det \u00e4r en modell som hj\u00e4lper alla medarbetare att bli medvetna om processerna i arbetet. Var och en kan d\u00e5 se vad som fungerar och vad som inte fungerar, om n\u00e5got l\u00e4mnats halvf\u00e4rdigt osv. Syftet med visuellt ledarskap \u00e4r att f\u00f6rmedla viktig information s\u00e5 snabbt som m\u00f6jligt.<\/p>\n<p>Visuellt ledarskap har bl.a. f\u00f6ljande f\u00f6rdelar:<\/p>\n<ul>\n<li>Alla som informationen \u00e4r viktig f\u00f6r f\u00e5r ocks\u00e5 ta del av den.<\/li>\n<li>Hela teamet har tillg\u00e5ng till all information vid r\u00e4tt tidpunkt.<\/li>\n<li>Medarbetarna kan vara sj\u00e4lvstyrande, eftersom alla sj\u00e4lva kan bed\u00f6ma vilken information som \u00e4r viktig eller vad de ska g\u00f6ra med informationen.<\/li>\n<li>Alla vet vilken roll de har i teamet och hur de sj\u00e4lva ing\u00e5r i helheten.<\/li>\n<li>Personalen beh\u00f6ver inte r\u00f6ra p\u00e5 sig s\u00e5 mycket, eftersom visuellt ledarskap g\u00f6r informationen l\u00e4ttillg\u00e4nglig \u00e4ven p\u00e5 l\u00e4ngre h\u00e5ll.<\/li>\n<\/ul>\n<p>Visuellt ledarskap ska ta i beaktande ocks\u00e5 de andra principerna f\u00f6r lean-modellen (principerna om arbetsfl\u00f6de och v\u00e4rdeskapande arbete). M\u00e5let med visuellt ledarskap \u00e4r att minska p\u00e5 resurssvinnet. Det har som syfte att beskriva problem och avvikande situationer f\u00f6r personalen och ledningen. Ofta \u00e4r det l\u00e4tt att d\u00f6lja problemen eller l\u00e5ta bli att ta itu med dem. Visuellt ledarskap \u00e4r ett alternativ till undvikande av problem. Det handlar snarare om ett t\u00e4nkes\u00e4tt \u00e4n en teknik. Cheferna b\u00f6r l\u00e4ra sig granska hur processer och funktioner kan synligg\u00f6ras b\u00e4ttre \u00e4n tidigare. Det \u00e4r viktigt att l\u00e4ra sig definiera vad som ska ses som ett problem i arbetet.<\/p>\n<p>Visuellt ledarskap har tv\u00e5 huvudprinciper: F\u00f6r det f\u00f6rsta ska problem och situationer g\u00f6ras visuellt synliga. F\u00f6r det andra ska man str\u00e4va efter att l\u00f6sa problemen och hitta grundorsakerna till dem. F\u00f6rv\u00e5nande nog st\u00e4lls det en hel del fr\u00e5gor inom organisationer som tillhandah\u00e5ller endast lite information.<\/p>\n<p>I omsorgsarbete kommer visuellt ledarskap till uttryck bl.a. p\u00e5 f\u00f6ljande s\u00e4tt:<\/p>\n<ul>\n<li>Olika funktioner eller olika typer av styrning kan tilldelas olika f\u00e4rger, som anger till exempel huruvida ett rum \u00e4r ledigt eller beskriver behovet av IT-st\u00f6d.<\/li>\n<li>Med hj\u00e4lp av visualisering \u00e4r det m\u00f6jligt att beskriva slutanv\u00e4ndarnas servicestigar, dvs. v\u00e4gen genom hela servicekedjan en kontaktpunkt i taget, vilket g\u00f6r det l\u00e4ttare att f\u00f6rst\u00e5 slutanv\u00e4ndarnas upplevelser och att presentera dem f\u00f6r alla som bidrar till utvecklingsarbetet eller medverkar i v\u00e5rden av klienterna.<\/li>\n<\/ul>\n<p>Visualiseringen kan ocks\u00e5 snabba upp processer, eftersom all k\u00e4nd information kan synligg\u00f6ras s\u00e5 att alla f\u00e5r ta del av samma information och dessutom i samma form. Budskapet i visuell framst\u00e4llning ska vara logiskt. Till exempel processerna i anslutning till v\u00e5rden av en klient, s\u00e5som stegen i v\u00e5rdkedjan efter en h\u00f6ftfraktur, kan visualiseras p\u00e5 en magnetisk styrtavla, en whiteboard eller en infotavla (se bild nedan), d\u00e4r f\u00e4rgkoderna anger vad som redan gjorts och vad som beh\u00f6ver g\u00f6ras i de olika stegen. Visualiseringen g\u00f6r saker ocks\u00e5 konkreta, och inte teoretiska. Det underl\u00e4ttar i sin tur \u00f6verg\u00e5ngen till praktiskt genomf\u00f6rande.<\/p>\n<p><em>Klicka p\u00e5 bilden f\u00f6r att f\u00f6rstora den.<\/em><\/p>\n<p><a href=\"http:\/\/blogs2.abo.fi\/hyvinvoivahoiva-guide\/wp-content\/uploads\/sites\/221\/2022\/08\/E4_bild6sv.png\"><img loading=\"lazy\" decoding=\"async\" class=\"alignnone size-large wp-image-201\" src=\"http:\/\/blogs2.abo.fi\/hyvinvoivahoiva-guide\/wp-content\/uploads\/sites\/221\/2022\/08\/E4_bild6sv-1024x271.png\" alt=\"Exempel p\u00e5 visualisering av olika h\u00f6ftpatienters v\u00e5rdprocess. \" width=\"580\" height=\"153\" srcset=\"https:\/\/blogs2.abo.fi\/hyvinvoivahoiva-guide\/wp-content\/uploads\/sites\/221\/2022\/08\/E4_bild6sv-1024x271.png 1024w, https:\/\/blogs2.abo.fi\/hyvinvoivahoiva-guide\/wp-content\/uploads\/sites\/221\/2022\/08\/E4_bild6sv-300x79.png 300w, https:\/\/blogs2.abo.fi\/hyvinvoivahoiva-guide\/wp-content\/uploads\/sites\/221\/2022\/08\/E4_bild6sv-768x203.png 768w, https:\/\/blogs2.abo.fi\/hyvinvoivahoiva-guide\/wp-content\/uploads\/sites\/221\/2022\/08\/E4_bild6sv-1536x407.png 1536w, https:\/\/blogs2.abo.fi\/hyvinvoivahoiva-guide\/wp-content\/uploads\/sites\/221\/2022\/08\/E4_bild6sv-1200x318.png 1200w, https:\/\/blogs2.abo.fi\/hyvinvoivahoiva-guide\/wp-content\/uploads\/sites\/221\/2022\/08\/E4_bild6sv.png 1548w\" sizes=\"auto, (max-width: 580px) 100vw, 580px\" \/><\/a><\/p>\n<p>Visuellt ledarskap \u00e4r emellertid inte bara tavlor, f\u00e4rger och magneter. Visuellt ledarskap \u00e4r ett verktyg som skapar en enhetlig helhet av olika mindre delar.<\/p>\n<hr \/>\n<h5>Litteratur<\/h5>\n<ul>\n<li>Graban, M. (2012): Lean hospitals: Improving quality, patient safety, and employee engagement. 2nd ed. Boca Raton, FL: CRC Press.<\/li>\n<li>M\u00e4kij\u00e4rvi, M. (2013): Lean-menetelm\u00e4 Suomalaisessa terveydenhuollossa \u2013 kokemuksia ja haasteita HUS:ssa. Sosiaali- ja terveysjohtamisen tutkielma. Tammerfors universitet, Tammerfors tekniska universitet.<\/li>\n<li>Paju, S. &amp; Riekki, T. (2019): J\u00e4rki t\u00f6ihin! Parempien ty\u00f6tapojen kehitt\u00e4misopas. Jyv\u00e4skyl\u00e4: Tuuma-kustannus.<\/li>\n<li>Sangiorgi, Y &amp; D. Service Design as an Approach to Implement the Value Cocreation Perspective in New Service Development. Journal of Service Research 2018, Vol. 21(1) s.40\u201358.<\/li>\n<li>Stickdorn, M., Hormess, M. E., Lawrence, A. &amp; Schneider J. (2018): This is Service Design Doing. Publisher O\u2019Reilly Media, Incorporated.<\/li>\n<li>Suneja, A.&amp; C. (2018): Lean ja terveydenhuolto. Rajala, H. (fi. \u00f6v.) 2018. Helsingfors: Duodecim.<\/li>\n<\/ul>\n<h5><a href=\"https:\/\/blogs2.abo.fi\/hyvinvoivahoiva-guide\/tillsammans-mot-battre-omsorgsarbete\/\">Tillbaka till Tillsammans mot b\u00e4ttre omsorgsarbete<\/a><\/h5>\n","protected":false},"excerpt":{"rendered":"<p>Text och figur: Jenna Pennanen, Yrkesh\u00f6gskolan Laurea Visuella element \u00e4r ett effektivt s\u00e4tt att kommunicera. Det f\u00e5r g\u00e4rna satsas p\u00e5 visuell styrning och visuellt ledarskap i utvecklandet av arbetet och arbetsh\u00e4lsan. Med hj\u00e4lp av visualiseringar \u00e4r det enklare att f\u00e5 en helhetsbild av n\u00e4rmast vilken situation som helst, vilket m\u00f6jligg\u00f6r gemensam probleml\u00f6sning, utvecklingsarbete och id\u00e9skapande. [&hellip;]<\/p>\n","protected":false},"author":469,"featured_media":0,"parent":169,"menu_order":0,"comment_status":"closed","ping_status":"closed","template":"","meta":{"footnotes":""},"class_list":["post-186","page","type-page","status-publish","hentry"],"_links":{"self":[{"href":"https:\/\/blogs2.abo.fi\/hyvinvoivahoiva-guide\/wp-json\/wp\/v2\/pages\/186","targetHints":{"allow":["GET"]}}],"collection":[{"href":"https:\/\/blogs2.abo.fi\/hyvinvoivahoiva-guide\/wp-json\/wp\/v2\/pages"}],"about":[{"href":"https:\/\/blogs2.abo.fi\/hyvinvoivahoiva-guide\/wp-json\/wp\/v2\/types\/page"}],"author":[{"embeddable":true,"href":"https:\/\/blogs2.abo.fi\/hyvinvoivahoiva-guide\/wp-json\/wp\/v2\/users\/469"}],"replies":[{"embeddable":true,"href":"https:\/\/blogs2.abo.fi\/hyvinvoivahoiva-guide\/wp-json\/wp\/v2\/comments?post=186"}],"version-history":[{"count":3,"href":"https:\/\/blogs2.abo.fi\/hyvinvoivahoiva-guide\/wp-json\/wp\/v2\/pages\/186\/revisions"}],"predecessor-version":[{"id":202,"href":"https:\/\/blogs2.abo.fi\/hyvinvoivahoiva-guide\/wp-json\/wp\/v2\/pages\/186\/revisions\/202"}],"up":[{"embeddable":true,"href":"https:\/\/blogs2.abo.fi\/hyvinvoivahoiva-guide\/wp-json\/wp\/v2\/pages\/169"}],"wp:attachment":[{"href":"https:\/\/blogs2.abo.fi\/hyvinvoivahoiva-guide\/wp-json\/wp\/v2\/media?parent=186"}],"curies":[{"name":"wp","href":"https:\/\/api.w.org\/{rel}","templated":true}]}}