{"id":169,"date":"2022-08-12T11:51:45","date_gmt":"2022-08-12T11:51:45","guid":{"rendered":"https:\/\/blogs2.abo.fi\/hyvinvoivahoiva-guide\/?page_id=169"},"modified":"2022-08-22T09:28:21","modified_gmt":"2022-08-22T09:28:21","slug":"tillsammans-mot-battre-omsorgsarbete","status":"publish","type":"page","link":"https:\/\/blogs2.abo.fi\/hyvinvoivahoiva-guide\/tillsammans-mot-battre-omsorgsarbete\/","title":{"rendered":"Tillsammans mot b\u00e4ttre omsorgsarbete"},"content":{"rendered":"<p>Genom att tillsammans utveckla arbetsvardagen \u00e4r det m\u00f6jligt att skapa smidigare arbetsprocesser, som i sin tur skapar f\u00f6ruts\u00e4ttningar f\u00f6r de anst\u00e4llda att allt b\u00e4ttre utf\u00f6ra sitt omsorgsarbete och f\u00f6rb\u00e4ttra sin arbetsh\u00e4lsa. Genom att bekanta sig med olika metoder och verktyg f\u00f6r servicedesign, lean och olika typer av metoder f\u00f6r att aktivera medarbetarna kan utmaningarna i arbetet bli mindre. P\u00e5 s\u00e5 s\u00e4tt kan ocks\u00e5 de tillsammans upplevda framg\u00e5ngarna bli fler. \u00d6kade kunskaper och f\u00e4rdigheter kring klientf\u00f6rst\u00e5else och klientorienterade arbetss\u00e4tt g\u00f6r det ocks\u00e5 l\u00e4ttare att utveckla arbetet ytterligare. Anv\u00e4ndning av visuella element i omsorgsarbetet g\u00f6r det l\u00e4ttare att skapa en samsyn i flera fr\u00e5gor, vilket ocks\u00e5 g\u00f6r kommunikationen och samspelet i arbetet enklare. Genom att utveckla arbetet \u00e4r det d\u00e4rf\u00f6r ocks\u00e5 m\u00f6jligt att f\u00f6rb\u00e4ttra arbetsh\u00e4lsan som helhet.<\/p>\n<p>I det h\u00e4r kapitlet finns information om och praktiska \u00f6vningar f\u00f6r hur det egna arbetet kan utvecklas. D\u00e4rf\u00f6r kan det vara bra att tillsammans som en del av arbetsvardagen bekanta sig med och testa verktygen i det h\u00e4r kapitlet. De har som syfte att skapa en allt b\u00e4ttre fungerande vardag i omsorgsarbetet.<\/p>\n<h4><a href=\"https:\/\/blogs2.abo.fi\/hyvinvoivahoiva-guide\/tillsammans-mot-battre-omsorgsarbete\/servicedesign\/\">Servicedesign<\/a><\/h4>\n<h4><a href=\"https:\/\/blogs2.abo.fi\/hyvinvoivahoiva-guide\/tillsammans-mot-battre-omsorgsarbete\/varfor-lean-i-halso-och-sjukvarden-och-i-omsorgsbranschen\/\">Lean<\/a><\/h4>\n<h4><a href=\"https:\/\/blogs2.abo.fi\/hyvinvoivahoiva-guide\/tillsammans-mot-battre-omsorgsarbete\/visualitet-vid-utveckling-av-arbete\/\">Visualitet i utveckling av arbete<\/a><\/h4>\n<h4><a href=\"https:\/\/blogs2.abo.fi\/hyvinvoivahoiva-guide\/tillsammans-mot-battre-omsorgsarbete\/att-utveckla-tillsammans\/\">Att utveckla tillsammans<\/a><\/h4>\n<h4><a href=\"https:\/\/blogs2.abo.fi\/hyvinvoivahoiva-guide\/tillsammans-mot-battre-omsorgsarbete\/utvecklingsarbete-i-praktiken\/\">Utvecklingsarbete i praktiken<\/a><\/h4>\n<h4><a href=\"https:\/\/blogs2.abo.fi\/hyvinvoivahoiva-guide\/tillsammans-mot-battre-omsorgsarbete\/klientforstaelse-och-klientorienterade-arbetssatt-i-omsorgsarbete\/\">Klientf\u00f6rst\u00e5else och klientorienterade arbetss\u00e4tt i omsorgsarbete<\/a><\/h4>\n<p>&nbsp;<\/p>\n","protected":false},"excerpt":{"rendered":"<p>Genom att tillsammans utveckla arbetsvardagen \u00e4r det m\u00f6jligt att skapa smidigare arbetsprocesser, som i sin tur skapar f\u00f6ruts\u00e4ttningar f\u00f6r de anst\u00e4llda att allt b\u00e4ttre utf\u00f6ra sitt omsorgsarbete och f\u00f6rb\u00e4ttra sin arbetsh\u00e4lsa. Genom att bekanta sig med olika metoder och verktyg f\u00f6r servicedesign, lean och olika typer av metoder f\u00f6r att aktivera medarbetarna kan utmaningarna i [&hellip;]<\/p>\n","protected":false},"author":469,"featured_media":170,"parent":0,"menu_order":0,"comment_status":"closed","ping_status":"closed","template":"templates\/template-cover.php","meta":{"footnotes":""},"class_list":["post-169","page","type-page","status-publish","has-post-thumbnail","hentry"],"_links":{"self":[{"href":"https:\/\/blogs2.abo.fi\/hyvinvoivahoiva-guide\/wp-json\/wp\/v2\/pages\/169","targetHints":{"allow":["GET"]}}],"collection":[{"href":"https:\/\/blogs2.abo.fi\/hyvinvoivahoiva-guide\/wp-json\/wp\/v2\/pages"}],"about":[{"href":"https:\/\/blogs2.abo.fi\/hyvinvoivahoiva-guide\/wp-json\/wp\/v2\/types\/page"}],"author":[{"embeddable":true,"href":"https:\/\/blogs2.abo.fi\/hyvinvoivahoiva-guide\/wp-json\/wp\/v2\/users\/469"}],"replies":[{"embeddable":true,"href":"https:\/\/blogs2.abo.fi\/hyvinvoivahoiva-guide\/wp-json\/wp\/v2\/comments?post=169"}],"version-history":[{"count":8,"href":"https:\/\/blogs2.abo.fi\/hyvinvoivahoiva-guide\/wp-json\/wp\/v2\/pages\/169\/revisions"}],"predecessor-version":[{"id":227,"href":"https:\/\/blogs2.abo.fi\/hyvinvoivahoiva-guide\/wp-json\/wp\/v2\/pages\/169\/revisions\/227"}],"wp:featuredmedia":[{"embeddable":true,"href":"https:\/\/blogs2.abo.fi\/hyvinvoivahoiva-guide\/wp-json\/wp\/v2\/media\/170"}],"wp:attachment":[{"href":"https:\/\/blogs2.abo.fi\/hyvinvoivahoiva-guide\/wp-json\/wp\/v2\/media?parent=169"}],"curies":[{"name":"wp","href":"https:\/\/api.w.org\/{rel}","templated":true}]}}