{"id":146,"date":"2022-07-01T12:16:33","date_gmt":"2022-07-01T12:16:33","guid":{"rendered":"https:\/\/blogs2.abo.fi\/hyvinvoivahoiva-guide\/?page_id=146"},"modified":"2022-09-12T18:13:24","modified_gmt":"2022-09-12T18:13:24","slug":"motsattningar-och-hur-de-hanteras-pa-en-arbetsplats","status":"publish","type":"page","link":"https:\/\/blogs2.abo.fi\/hyvinvoivahoiva-guide\/chefen-som-framjare-av-personalens-valmaende\/motsattningar-och-hur-de-hanteras-pa-en-arbetsplats\/","title":{"rendered":"Mots\u00e4ttningar och hur de hanteras p\u00e5 en arbetsplats"},"content":{"rendered":"<p><strong>Text och figurer: Riitta-Liisa Larjovuori, Tammerfors universitet<\/strong><\/p>\n<p>\u00d6verallt, d\u00e4r det finns m\u00e4nniskor, finns det ocks\u00e5 olika syns\u00e4tt, behov och f\u00f6rv\u00e4ntningar. I arbetet st\u00f6ter vi ocks\u00e5 under helt vanliga dagar p\u00e5 m\u00e5nga slags situationer, d\u00e4r v\u00e5ra \u00e5sikter skiljer sig fr\u00e5n andras och d\u00e4r vi skulle vilja g\u00f6ra saker p\u00e5 ett annat s\u00e4tt. M\u00e4nniskor har d\u00e4rf\u00f6r r\u00e4tt goda f\u00f6ruts\u00e4ttningar att med hj\u00e4lp av kommunikation reda ut meningsskiljaktigheter i vardagen. Ibland v\u00e4xer mots\u00e4ttningarna sig st\u00f6rre och b\u00f6rjar st\u00f6ra inte bara kommunikationen parterna emellan utan ocks\u00e5 verksamheten p\u00e5 arbetsplatsen i stort. (Pehrman &amp; Poikela, 2015)<\/p>\n<p>Konflikter uppst\u00e5r ocks\u00e5 l\u00e4tt n\u00e4r en grupp h\u00e5ller p\u00e5 att ta form. N\u00e4r gruppen bildas uppst\u00e5r en stormig fas, som pr\u00e4glas av m\u00e5nga mots\u00e4ttningar, n\u00e4r gruppmedlemmarna s\u00f6ker sin plats i gruppen.<\/p>\n<p>Konflikt: Det uppst\u00e5r en problemsituation mellan tv\u00e5 parter, d\u00e4r b\u00e5da ser sina egna syns\u00e4tt som korrekta och andras som felaktiga. (Kokoustekniikan sanakirja, Jyv\u00e4skyl\u00e4n yliopiston kielikeskus, 2020)<\/p>\n<blockquote>\n<h6>REFLEKTERA\u202fTILLSAMMANS:<\/h6>\n<p>Var i ert arbete uppst\u00e5r det (eller kan det uppst\u00e5) konflikter, och vad har ni l\u00e4rt er av dem?<\/p><\/blockquote>\n<h4>&#8221;Pudelns k\u00e4rna&#8221;: Varf\u00f6r v\u00e4xer sig mots\u00e4ttningar stora ibland?<\/h4>\n<p>Om en mots\u00e4ttning f\u00e5r pyra under ytan, utan att den reds ut, b\u00f6rjar den v\u00e4xa. En s\u00e5dan situation kan uppst\u00e5 till exempel om det p\u00e5 arbetsplatsen fattas ett beslut som alla medarbetare inte \u00e4r n\u00f6jda med. Om &#8221;de som f\u00f6rlorat&#8221; f\u00e5r en k\u00e4nsla av att deras syns\u00e4tt inte tagits i beaktande och om situationen inte utretts r\u00e4ttvist, \u00e4ltas saken en l\u00e5ng tid efter\u00e5t. D\u00e5 f\u00f6rknippas saken med olika slags k\u00e4nslor och tolkningar.<\/p>\n<p>Den f\u00f6rlorande parten kan uppleva att de inte uppskattas \u00f6verhuvudtaget. Det kan p\u00e5 arbetsplatsen ocks\u00e5 uppst\u00e5 tv\u00e5 grupperingar: &#8221;de som \u00e4r f\u00f6r&#8221; och &#8221;de som \u00e4r emot&#8221; n\u00e5got, som sedan f\u00f6rknippas med olika f\u00f6rest\u00e4llningar. Om den \u00f6ppna diskussionen mellan grupperingarna avbryts, kan k\u00e4nslorna och mots\u00e4ttningarna hopa sig och v\u00e4xa till sig.<\/p>\n<p><em>Klicka p\u00e5 bilden f\u00f6r att f\u00f6rstora den.<\/em><\/p>\n<p><a href=\"http:\/\/blogs2.abo.fi\/hyvinvoivahoiva-guide\/wp-content\/uploads\/sites\/221\/2022\/07\/D6_figur1.png\"><img loading=\"lazy\" decoding=\"async\" class=\"alignnone size-full wp-image-147\" src=\"http:\/\/blogs2.abo.fi\/hyvinvoivahoiva-guide\/wp-content\/uploads\/sites\/221\/2022\/07\/D6_figur1.png\" alt=\"\" width=\"915\" height=\"813\" srcset=\"https:\/\/blogs2.abo.fi\/hyvinvoivahoiva-guide\/wp-content\/uploads\/sites\/221\/2022\/07\/D6_figur1.png 915w, https:\/\/blogs2.abo.fi\/hyvinvoivahoiva-guide\/wp-content\/uploads\/sites\/221\/2022\/07\/D6_figur1-300x267.png 300w, https:\/\/blogs2.abo.fi\/hyvinvoivahoiva-guide\/wp-content\/uploads\/sites\/221\/2022\/07\/D6_figur1-768x682.png 768w\" sizes=\"auto, (max-width: 915px) 100vw, 915px\" \/><\/a><\/p>\n<p><em>Faserna i en konflikt (Pondy, 1967)<\/em><\/p>\n<h5>Anta inte, utan ta upp till diskussion!<\/h5>\n<p>Konflikter uppst\u00e5r till stor del p\u00e5 grund av parternas olika tolkningar. Om de inte reds ut genom diskussioner kan parterna b\u00f6rja se sina egna tolkningar som sanningar, som sedan b\u00f6rjar v\u00e4xa och leva sitt eget liv. I en s\u00e5dan situation kan ocks\u00e5 riktigt sm\u00e5 motg\u00e5ngar i arbetsvardagen tolkas mycket k\u00e4nsloladdat.<\/p>\n<h4>Exempelsituation: B\u00f6rjar fr\u00e5n n\u00e5got litet, eskalerar snabbt<\/h4>\n<p>Ann-Maj hade s\u00e5 br\u00e5ttom att hon gl\u00f6mde informera Mikael om \u00e4ndringar i v\u00e5rdschemat. Mikael upplever sig p\u00e5 grund av detta ha r\u00e5kat ut f\u00f6r en pinsam situation, d\u00e4r han enligt sig sj\u00e4lv framst\u00e5tt som okunnig och dum inf\u00f6r klienten och hens anh\u00f6riga. Ann-Maj beklagar det skedda i f\u00f6rbifarten med ett skratt och l\u00e4gger alldeles tydligt inte m\u00e4rke till att Mikael inte riktigt kan sl\u00e4ppa saken.<\/p>\n<p>Den generade Mikael som tagit illa vid sig funderar p\u00e5 om Ann-Maj med flit l\u00e5tit bli att informera honom, s\u00e5 att han skulle framst\u00e5 i d\u00e5lig dager inf\u00f6r sin chef och de andra anst\u00e4llda.<\/p>\n<p>I forts\u00e4ttningen analyserar Mikael noga Ann-Majs beteende f\u00f6r att hitta n\u00e5got som kan bekr\u00e4fta hans uppfattning om att Ann-Maj har n\u00e5got emot honom. Mikael sl\u00e5s ocks\u00e5 av tanken att Ann-Majs n\u00e4rmaste arbetskamrater kanske ocks\u00e5 har n\u00e5got emot honom.<\/p>\n<p>Mikael vill inte heller l\u00e4mnas ensam och fr\u00e5gar d\u00e4rf\u00f6r sina egna n\u00e4rmaste arbetskamrater, om inte de ocks\u00e5 tycker att Ann-Maj verkligen visar vissa \u00f6versittarfasoner, och framst\u00e4ller i sin tur henne i of\u00f6rdelaktig dager. En del av Mikaels arbetskamrater tar sedan Mikaels tolkningar till sig. De har egentligen inget emot Ann-Maj, men de gillar Mikael och vill inte s\u00e4ga emot honom.<\/p>\n<p>N\u00e4r Ann-Maj m\u00e5naden d\u00e4rp\u00e5 utses till arbetsplatsens representant i en utvecklingsarbetsgrupp, medan Mikael \u00e5 sin sida inte f\u00e5r lov att delta i en fortbildning han sett fram emot, har han f\u00e5tt nog. Han sjukskriver sig och meddelar sin chef att han uts\u00e4tts f\u00f6r arbetsplatsmobbning.<\/p>\n<blockquote>\n<h6>F\u00d6R\u202fREFLEKTION:<\/h6>\n<\/blockquote>\n<ul>\n<li>Hur borde situationen redas ut?<\/li>\n<li>Vad skulle Mikael ha kunnat g\u00f6ra annorlunda? Vad skulle Ann-Maj ha kunnat g\u00f6ra annorlunda?<\/li>\n<li>Vad kan de andra anst\u00e4llda g\u00f6ra?<\/li>\n<li>Vilka aspekter av praxisen p\u00e5 arbetsplatsen kan ha bidragit till att konflikten uppstod?<\/li>\n<li>Vilka saker p\u00e5 arbetsplatsen kan bidra till att en konflikt v\u00e4xer till sig?<\/li>\n<\/ul>\n<h4>Det finns f\u00f6rdelar med konflikter<\/h4>\n<p>En vanlig uppfattning \u00e4r att mots\u00e4ttningar leder till att medarbetare m\u00e5r illa och att det uppst\u00e5r problem och att de d\u00e4rf\u00f6r alltid ska undvikas. S\u00e4llan kommer man att t\u00e4nka p\u00e5 att det kan ocks\u00e5 finnas f\u00f6rdelar med konflikter. En konflikt kan lyfta fram saker som g\u00e4rna f\u00e5r \u00e4ndras. En konflikt som retts ut kan f\u00f6rb\u00e4ttra rutinerna p\u00e5 arbetsplatsen. F\u00e4rdigheterna som utvecklas n\u00e4r konflikter reds ut f\u00f6rb\u00e4ttrar gruppens f\u00f6rm\u00e5ga att ta beslut och agera tillsammans fram\u00f6ver ocks\u00e5 i mer utmanande situationer.<\/p>\n<p><strong>En konflikt som retts ut kan till exempel:<\/strong><\/p>\n<ul>\n<li>\u00f6ka f\u00f6rst\u00e5elsen f\u00f6r olika typer av m\u00e4nniskor och f\u00f6reteelser<\/li>\n<li>\u00f6ka gruppmedlemmarnas motivation att utf\u00f6ra en viss uppgift<\/li>\n<li>leda till b\u00e4ttre beslut och l\u00f6sningar och ge upphov till nya id\u00e9er<\/li>\n<li>f\u00f6rb\u00e4ttra sammanh\u00e5llningen och f\u00f6rb\u00e4ttra kommunikationen inom gruppen.<\/li>\n<\/ul>\n<p><em>K\u00e4lla: Jyv\u00e4skyl\u00e4 universitet, Viestint\u00e4tieteiden laitos, 2020.<\/em><\/p>\n<h5>Tillv\u00e4gag\u00e5ngs- och t\u00e4nkes\u00e4tt f\u00f6r konfliktsituationer som fr\u00e4mjar verksamheten p\u00e5 arbetsplatsen:<\/h5>\n<ul>\n<li>Jag kan inte \u00e4ndra p\u00e5 andra m\u00e4nniskor. Jag kan direkt p\u00e5verka endast mitt eget agerande.<\/li>\n<li>Jag tar ansvar f\u00f6r mina egna tankar, f\u00f6rest\u00e4llningar, ord och handlingar.<\/li>\n<li>Jag sprider inga rykten.<\/li>\n<li>Jag g\u00e5r inte bakom ryggen p\u00e5 andra.<\/li>\n<li>Jag reder ut mots\u00e4ttningar tillsammans med de ber\u00f6rda parterna och blandar inte andra i problemet.<\/li>\n<li>Jag anklagar inte andra f\u00f6r problem. Om jag k\u00e4nner ett behov av att anklaga n\u00e5gon tar jag det som en m\u00f6jlighet att reflektera \u00f6ver min egen roll i att problemet uppst\u00e5tt och \u00f6ver hur jag kan bidra till att l\u00f6sa det.<\/li>\n<li>Jag fokuserar mer p\u00e5 styrkor \u00e4n p\u00e5 svagheter och mer p\u00e5 m\u00f6jligheter \u00e4n p\u00e5 problem.<\/li>\n<\/ul>\n<p><em>K\u00e4lla: Webbplatsen Reinventing Organizations, 2021.<\/em><\/p>\n<h4>Hur f\u00f6rh\u00e5ller du dig till konflikter?<\/h4>\n<p>Eftersom vi p\u00e5 arbetsplatsen agerar utifr\u00e5n v\u00e5r egen person och kommunikationsstil kan det vara bra att reflektera \u00f6ver v\u00e5rt eget s\u00e4tt att l\u00f6sa konflikter. I enlighet med referensramen nedan skiljer sig olika s\u00e4tt att hantera konflikter \u00e5t i hur mycket man tar h\u00e4nsyn till sig sj\u00e4lv och till andra.<\/p>\n<p>En kompromissorienterad medarbetare tar h\u00e4nsyn till dels sina egna, dels andras behov, men hen k\u00e4nner inte till tillv\u00e4gag\u00e5ngss\u00e4tt och har inte kompetens att s\u00f6ka svar som skulle tillgodose dem b\u00e5da till fullo. En samarbetande konfliktl\u00f6sare str\u00e4var efter att beakta b\u00e5de sina egna och andras behov till fullo. En t\u00e4vlingsinriktad person fokuserar i st\u00e4llet p\u00e5 sina egna intressen. En tillm\u00f6tesg\u00e5ende person fogar sig l\u00e4tt efter andras vilja, och en undvikande person str\u00e4var efter att mots\u00e4ttningarna inte alls ska beh\u00f6va redas ut.<\/p>\n<p><em>Klicka p\u00e5 bilden f\u00f6r att f\u00f6rstora den.<\/em><\/p>\n<p><a href=\"http:\/\/blogs2.abo.fi\/hyvinvoivahoiva-guide\/wp-content\/uploads\/sites\/221\/2022\/07\/D6_figur2.png\"><img loading=\"lazy\" decoding=\"async\" class=\"alignnone size-full wp-image-148\" src=\"http:\/\/blogs2.abo.fi\/hyvinvoivahoiva-guide\/wp-content\/uploads\/sites\/221\/2022\/07\/D6_figur2.png\" alt=\"\" width=\"1292\" height=\"813\" srcset=\"https:\/\/blogs2.abo.fi\/hyvinvoivahoiva-guide\/wp-content\/uploads\/sites\/221\/2022\/07\/D6_figur2.png 1292w, https:\/\/blogs2.abo.fi\/hyvinvoivahoiva-guide\/wp-content\/uploads\/sites\/221\/2022\/07\/D6_figur2-300x189.png 300w, https:\/\/blogs2.abo.fi\/hyvinvoivahoiva-guide\/wp-content\/uploads\/sites\/221\/2022\/07\/D6_figur2-1024x644.png 1024w, https:\/\/blogs2.abo.fi\/hyvinvoivahoiva-guide\/wp-content\/uploads\/sites\/221\/2022\/07\/D6_figur2-768x483.png 768w, https:\/\/blogs2.abo.fi\/hyvinvoivahoiva-guide\/wp-content\/uploads\/sites\/221\/2022\/07\/D6_figur2-1200x755.png 1200w\" sizes=\"auto, (max-width: 1292px) 100vw, 1292px\" \/><\/a><\/p>\n<p><em>Fem s\u00e4tt att hantera konflikter (Blake &amp; Mouton, 1964, Rahim, 2010)<\/em><\/p>\n<p>&nbsp;<\/p>\n<blockquote>\n<h6>BED\u00d6M\u202fDITT\u202fEGET\u202fS\u00c4TT\u202fATT\u202fHANTERA\u202fKONFLIKTER\u202fMED\u202fHJ\u00c4LP\u202fAV\u202fP\u00c5ST\u00c5ENDENA\u202fNEDAN!<\/h6>\n<\/blockquote>\n<p><strong>Beteendem\u00f6nster typiska f\u00f6r en undvikande person:<\/strong><\/p>\n<ul>\n<li>Om jag r\u00e5kar ut f\u00f6r en konfliktsituation s\u00e4ger jag oftast v\u00e4ldigt lite och f\u00f6rs\u00f6ker komma ut ur situationen s\u00e5 fort som m\u00f6jligt.<\/li>\n<li>Meningsskiljaktigheter med andra m\u00e4nniskor f\u00e5r mig att k\u00e4nna mig obekv\u00e4m och \u00e5ngestfylld.<\/li>\n<li>F\u00f6r att undvika obekv\u00e4ma k\u00e4nslor f\u00f6r jag oftast inte fram mina avvikande \u00e5sikter utan h\u00e5ller dem f\u00f6r mig sj\u00e4lv.<\/li>\n<\/ul>\n<p><strong>Beteendem\u00f6nster typiska f\u00f6r en t\u00e4vlingsinriktad person:<\/strong><\/p>\n<ul>\n<li>Jag f\u00f6rsvarar ih\u00e4rdigt min egen st\u00e5ndpunkt och motiverar dess f\u00f6rdelar.<\/li>\n<li>Jag tycker mots\u00e4ttningar \u00e4r uppfriskande; jag njuter av att \u00e5sikterna g\u00e5r is\u00e4r.<\/li>\n<li>Jag f\u00f6rklarar g\u00e4rna hur man helst ska g\u00f6ra, och oftast har jag r\u00e4tt.<\/li>\n<\/ul>\n<p><strong>Beteendem\u00f6nster typiska f\u00f6r en tillm\u00f6tesg\u00e5ende person:<\/strong><\/p>\n<ul>\n<li>Jag f\u00f6rs\u00f6ker infria andras f\u00f6rv\u00e4ntningar.<\/li>\n<li>Jag f\u00f6rs\u00f6ker uppfylla mina v\u00e4nners och familjemedlemmars \u00f6nskem\u00e5l.<\/li>\n<li>Jag kanske inte f\u00e5r min vilja igenom, men det \u00e4r ett litet pris att betala f\u00f6r fortsatt s\u00e4mja.<\/li>\n<\/ul>\n<p><strong>Beteendem\u00f6nster typiska f\u00f6r en kompromissorienterad person:<\/strong><\/p>\n<ul>\n<li>I problemsituationer f\u00f6rs\u00f6ker jag f\u00f6rhandla och beakta allas syns\u00e4tt.<\/li>\n<li>N\u00e4r jag l\u00f6ser problem g\u00f6r jag g\u00e4rna kompromisser, s\u00e5 att problemen f\u00e5s ur v\u00e4rlden s\u00e5 snabbt som m\u00f6jligt.<\/li>\n<li>Jag kommer ofta motparten halvv\u00e4gs till m\u00f6tes och ger efter en aning f\u00f6r att bevara s\u00e4mjan.<\/li>\n<li>Beteendem\u00f6nster typiska f\u00f6r en samarbetsorienterad person:<\/li>\n<li>Jag diskuterar problem med andra och f\u00f6rs\u00f6ker hitta l\u00f6sningar som tillgodoser allas behov.<\/li>\n<li>Vid meningsskiljaktigheter samlar jag in s\u00e5 mycket information som m\u00f6jligt och f\u00f6rs\u00f6ker h\u00e5lla kommunikationskanalerna \u00f6ppna.<\/li>\n<li>Jag f\u00f6rs\u00f6ker betrakta konflikter ur b\u00e5da synvinklar. Vad beh\u00f6ver jag? Vad beh\u00f6ver andra? Vilka andra saker ber\u00f6r problemet?<\/li>\n<\/ul>\n<p>De l\u00e4mpligaste s\u00e4tten att l\u00f6sa konflikter \u00e4r delvis situationsbundna. N\u00e4r arbetsmilj\u00f6n utg\u00f6rs av en arbetsplats leder ett samarbetsorienterat angreppss\u00e4tt oftast p\u00e5 l\u00e4ngre sikt till b\u00e4st resultat.<\/p>\n<p><em>Man b\u00f6r inte g\u00e5 fram som en \u00e5ngv\u00e4lt men inte heller l\u00e5ta sig bli \u00f6verk\u00f6rd av andra!<\/em><\/p>\n<p><em>F\u00f6rs\u00f6ker man alltid h\u00e5lla fast vid sin egen \u00e5sikt &#8221;till vilket pris som helst&#8221; f\u00f6rs\u00e4mras oftast de sociala relationerna och tilliten. Viljan att leva sig in i en annans situation och att t\u00e4nka ut l\u00f6sningar som gynnar b\u00e5da parterna \u00e4r ocks\u00e5 ett s\u00e4tt att visa uppskattning.\u202f<\/em><\/p>\n<p><em>Framf\u00f6r allt i l\u00e5ngvariga relationer, som relationerna p\u00e5 arbetsplatsen ofta \u00e4r, \u00e4r det viktigt att se till att ens egna intressen beaktas. Om man alltid ger vika f\u00f6r andras \u00e5sikter och inte tillr\u00e4ckligt tydligt kan f\u00f6ra fram sina egna behov hamnar man l\u00e4tt i en situation d\u00e4r man verkligen inte m\u00e5r bra. Det kan ge upphov till bitterhet, cynism och bristande arbetsh\u00e4lsa.<\/em><\/p>\n<blockquote>\n<h6>DISKUTERA\u202fINOM\u202fERT\u202fTEAM\u202fHUR\u202fVAR\u202fOCH\u202fEN\u202fAV\u202fER<br \/>\nF\u00d6rH\u00c5LLER\u202fSIG\u202fTILL\u202fKONFLIKTER\u202fOCH\u202fHUR\u202fNI\u202fN\u00c4RMAR<br \/>\nER DEM:<\/h6>\n<\/blockquote>\n<ul>\n<li>Hur p\u00e5verkar temat f\u00f6r eller olika situationsbundna aspekter i konflikten ert f\u00f6rh\u00e5llningss\u00e4tt?<\/li>\n<li>Vilka f\u00f6r- och nackdelar har de olika f\u00f6rh\u00e5llningss\u00e4tten?<\/li>\n<li>Hur kan vi sj\u00e4lva utvecklas som konfliktl\u00f6sare?<\/li>\n<\/ul>\n<hr \/>\n<h5>Litteratur<\/h5>\n<ul>\n<li>Blake, R.R. &amp; Mouton, J.S. (1964): The managerial grid. Houston, TX: Gulf Publishing.<\/li>\n<li>Jay Hall\u2019s Conflict Management Survey (1969).\u202f A Survey of One\u2019s Characteristic Reaction to and Handling of Conflict Between Himself and Others\u201d. The Woodlands, Texas: Telemetrics International 1969.<\/li>\n<li>Jyv\u00e4skyl\u00e4n universitet, Kielikeskus (2021). <a href=\"https:\/\/kielikompassi.jyu.fi\/uploads\/document_userfiles\/kokoustekn\/sanasto.htm\" target=\"_blank\" rel=\"noopener\">Webbplatsen Kokooustekniikka osana kokoustaitoa (\u00d6ppnas i en ny flik.<\/a>). (L\u00e4st:<br \/>\n21.2.2021).<\/li>\n<li>Pehrman, T. &amp; Poikela, E. (2015): Ty\u00f6yhteis\u00f6sovittelu \u2013 keino ratkoa konflikteja ty\u00f6paikoilla.\u202fTy\u00f6el\u00e4m\u00e4n tutkimus,\u202f13(2), 127\u2013139.<\/li>\n<li>Pondy, L. R. (1967): Organizational conflict: Concepts and models. Administrative science quarterly, 296\u2013320.<\/li>\n<li>Rahim, M. A. (2010):\u202fManaging conflict in organizations. Transaction Publishers.<\/li>\n<li>Reinventing Organizations Wiki-webbsida (2021) (\u00d6ppnas i en ny flik.).\u202f(L\u00e4st: 21.2.2021)<\/li>\n<\/ul>\n<h5><a href=\"https:\/\/blogs2.abo.fi\/hyvinvoivahoiva-guide\/chefen-som-framjare-av-personalens-valmaende\/\">Tillbaka till Chefen som fr\u00e4mjare av personalens v\u00e4lm\u00e5ende<\/a><\/h5>\n","protected":false},"excerpt":{"rendered":"<p>Text och figurer: Riitta-Liisa Larjovuori, Tammerfors universitet \u00d6verallt, d\u00e4r det finns m\u00e4nniskor, finns det ocks\u00e5 olika syns\u00e4tt, behov och f\u00f6rv\u00e4ntningar. I arbetet st\u00f6ter vi ocks\u00e5 under helt vanliga dagar p\u00e5 m\u00e5nga slags situationer, d\u00e4r v\u00e5ra \u00e5sikter skiljer sig fr\u00e5n andras och d\u00e4r vi skulle vilja g\u00f6ra saker p\u00e5 ett annat s\u00e4tt. M\u00e4nniskor har d\u00e4rf\u00f6r r\u00e4tt [&hellip;]<\/p>\n","protected":false},"author":469,"featured_media":0,"parent":128,"menu_order":0,"comment_status":"closed","ping_status":"closed","template":"","meta":{"footnotes":""},"class_list":["post-146","page","type-page","status-publish","hentry"],"_links":{"self":[{"href":"https:\/\/blogs2.abo.fi\/hyvinvoivahoiva-guide\/wp-json\/wp\/v2\/pages\/146","targetHints":{"allow":["GET"]}}],"collection":[{"href":"https:\/\/blogs2.abo.fi\/hyvinvoivahoiva-guide\/wp-json\/wp\/v2\/pages"}],"about":[{"href":"https:\/\/blogs2.abo.fi\/hyvinvoivahoiva-guide\/wp-json\/wp\/v2\/types\/page"}],"author":[{"embeddable":true,"href":"https:\/\/blogs2.abo.fi\/hyvinvoivahoiva-guide\/wp-json\/wp\/v2\/users\/469"}],"replies":[{"embeddable":true,"href":"https:\/\/blogs2.abo.fi\/hyvinvoivahoiva-guide\/wp-json\/wp\/v2\/comments?post=146"}],"version-history":[{"count":4,"href":"https:\/\/blogs2.abo.fi\/hyvinvoivahoiva-guide\/wp-json\/wp\/v2\/pages\/146\/revisions"}],"predecessor-version":[{"id":318,"href":"https:\/\/blogs2.abo.fi\/hyvinvoivahoiva-guide\/wp-json\/wp\/v2\/pages\/146\/revisions\/318"}],"up":[{"embeddable":true,"href":"https:\/\/blogs2.abo.fi\/hyvinvoivahoiva-guide\/wp-json\/wp\/v2\/pages\/128"}],"wp:attachment":[{"href":"https:\/\/blogs2.abo.fi\/hyvinvoivahoiva-guide\/wp-json\/wp\/v2\/media?parent=146"}],"curies":[{"name":"wp","href":"https:\/\/api.w.org\/{rel}","templated":true}]}}