{"id":143,"date":"2022-07-01T12:00:43","date_gmt":"2022-07-01T12:00:43","guid":{"rendered":"https:\/\/blogs2.abo.fi\/hyvinvoivahoiva-guide\/?page_id=143"},"modified":"2022-09-12T18:11:32","modified_gmt":"2022-09-12T18:11:32","slug":"att-ge-respons","status":"publish","type":"page","link":"https:\/\/blogs2.abo.fi\/hyvinvoivahoiva-guide\/chefen-som-framjare-av-personalens-valmaende\/att-ge-respons\/","title":{"rendered":"Att ge respons"},"content":{"rendered":"<p><strong>Text: Kirsi Nurminen, Tammerfors universitet<\/strong><\/p>\n<p>Det \u00e4r en viktig del av en chefs arbete att ge respons. Respons \u00e4r ett mycket effektivt och samtidigt f\u00f6rm\u00e5nligt s\u00e4tt att motivera anst\u00e4llda. Varje medarbetare vill f\u00e5 respons p\u00e5 sitt eget arbete och p\u00e5 s\u00e5 s\u00e4tt bli visad h\u00e4nsyn. Varje medarbetare beh\u00f6ver dessutom respons p\u00e5 hur hen har klarat av sitt arbete, eftersom responsen \u00e4r en f\u00f6ruts\u00e4ttning f\u00f6r att man ska kunna utvecklas och l\u00e4ra sig i arbetet.<\/p>\n<p>Syftet med kritisk, korrigerande respons \u00e4r att utveckla verksamheten och att f\u00f6rb\u00e4ttra arbetsprestationen. Responsen ska alltid ta fasta p\u00e5 en kollegas uppf\u00f6rande, s\u00e4tt att arbeta eller arbetsprestation, och inte hens personlighet eller personliga egenskaper.<\/p>\n<p>Den som ger konstruktiv respons ska inte vara anklagande eller fr\u00e5ga varf\u00f6r n\u00e5got har h\u00e4nt. I st\u00e4llet ska den som ger respons se fram\u00e5t och fundera \u00f6ver hur ett missf\u00f6rh\u00e5llande kan \u00e5tg\u00e4rdas eller ett problem l\u00f6sas. Ibland kan du som chef fr\u00e5ga den som f\u00e5r responsen hur hen skulle \u00f6nska eller f\u00f6resl\u00e5 att situationen f\u00f6rb\u00e4ttrades. Chefen beh\u00f6ver inte alltid sitta inne med alla svar.<\/p>\n<p>Egna erfarenheter av att ha f\u00e5tt respons l\u00e4gger ocks\u00e5 en god grund f\u00f6r att ge respons.<\/p>\n<blockquote>\n<h6>F\u00d6R\u202fREFLEKTION:<\/h6>\n<p>N\u00e4r har jag sj\u00e4lv f\u00e5tt bra respons? Varf\u00f6r var just den responsen bra? Varf\u00f6r upplevde jag d\u00e5 n\u00e5gon annan respons som d\u00e5lig?<\/p><\/blockquote>\n<p>Utg\u00e5 ifr\u00e5n att alltid ge responsen personligen. Positiv respons kan ges ocks\u00e5 offentligt, i synnerhet om du med den vill uppmuntra ocks\u00e5 andra till att g\u00f6ra bra ifr\u00e5n sig. Undvik skriftlig och elektronisk respons, eftersom du d\u00e5 inte har m\u00f6jlighet till direkt kommunikation med den som f\u00e5r responsen.<\/p>\n<p>Du kan ocks\u00e5 ge grupprespons, om du i st\u00e4llet f\u00f6r individens ansvar vill fokusera p\u00e5 hela teamets arbete. Risken \u00e4r d\u00e5 emellertid att ansvarsdelningen leder till att ingen tar responsen tillr\u00e4ckligt seri\u00f6st.<br \/>\nF\u00f6r lyckad respons \u00e4r det viktigt att den bottnar i chefens uppskattning f\u00f6r medarbetaren som f\u00e5r ta del av responsen. Ta h\u00e4nsyn till personligheten hos den som tar del av din respons. Faktabaserad, rentav str\u00e4ng respons l\u00e4mpar sig f\u00f6r en del, medan andra \u00f6nskar sig en mer uppmuntrande och h\u00e4nsynstagande ton.<\/p>\n<p>Korrigerande respons leder oftast till att mottagaren f\u00f6rs\u00f6ker f\u00f6rsvara sig. Det \u00e4r ett naturligt s\u00e4tt att reagera och baserar sig p\u00e5 en naturlig vilja att beh\u00e5lla ansiktet och att undvika att g\u00f6ra bort sig. Ge den som tar del av responsen alltid m\u00f6jlighet att f\u00f6rklara sin syn p\u00e5 saken. Ibland kan m\u00e4nniskan ocks\u00e5 reagera aggressivt p\u00e5 responsen.<\/p>\n<p><strong>F\u00f6r att korrigerande respons ska vara l\u00e4ttare att ta emot och acceptera ska du komma ih\u00e5g:<\/strong><\/p>\n<ul>\n<li>att undvika ord som <em>alltid<\/em> och <em>aldrig<\/em>.<\/li>\n<li>att undvika att anv\u00e4nda ordet men efter att du redan gett positiv respons, eftersom mottagaren l\u00e4tt kan tolka det som att det ogiltigf\u00f6rklarar det positiva som nyss sagts.<\/li>\n<li>J\u00e4mf\u00f6r inte personens uppf\u00f6rande eller prestation med andras. (&#8221;<em>Du borde nog klara av den h\u00e4r uppgiften, eftersom Maria ocks\u00e5 g\u00f6r det, \u00e4ven om hon varit hos oss en kortare tid<\/em>.&#8221;)<\/li>\n<\/ul>\n<blockquote>\n<h6>F\u00d6R\u202fREFLEKTION:<\/h6>\n<p>Hur kan jag ge korrigerande respons? \u00c4r jag ben\u00e4gen att h\u00e5lla fast vid mina \u00e5sikter utan att lyssna p\u00e5 andra eller utan att ge andra m\u00f6jlighet att motivera sina synpunkter? Eller \u00e4r jag s\u00e5 r\u00e4dd f\u00f6r mottagarens reaktion att jag f\u00f6rmildrar responsen s\u00e5 mycket att budskapet inte n\u00e5r fram?<\/p><\/blockquote>\n<p>Kom ocks\u00e5 ih\u00e5g att ge dina medarbetare positiv respons och erk\u00e4nsla f\u00f6r v\u00e4lutf\u00f6rt arbete. Positiv respons st\u00e4rker sj\u00e4lvk\u00e4nslan, \u00f6kar uppskattningen av det egna arbetet, piggar upp, st\u00f6der utvecklingen i arbetet och uppmuntrar till att f\u00f6rs\u00f6ka g\u00f6ra bra ifr\u00e5n sig \u00e4ven i forts\u00e4ttningen.<\/p>\n<blockquote>\n<h6>MINNESLISTA<\/h6>\n<p>Ingen \u00e4r bra p\u00e5 att ge respons sedan f\u00f6dseln, utan det \u00e4r en f\u00e4rdighet man medvetet kan l\u00e4ra sig. Nedan hittar du en minneslista f\u00f6r hur man ger konstruktiv respons:<\/p><\/blockquote>\n<ul>\n<li>Ge responsen alltid till personen som den g\u00e4ller (ger du den till andra g\u00e5r du bakom ryggen p\u00e5 personen).<\/li>\n<li>Kom ih\u00e5g att med din attityd visa uppskattning f\u00f6r personen som f\u00e5r din respons.<\/li>\n<li>Ge responsen s\u00e5 snart som m\u00f6jligt efter att n\u00e5got lyckats eller n\u00e5got som beh\u00f6ver korrigeras intr\u00e4ffat.<\/li>\n<li>Ge korrigerande respons alltid i enrum. Positiv respons kan du ocks\u00e5 ge inf\u00f6r andra medarbetare.<\/li>\n<li>Motivera responsen entydigt och tydligt.<\/li>\n<li>Kontrollera hur mottagaren f\u00f6rst\u00e5tt responsen, eftersom feltolkningar kan f\u00f6rekomma.<\/li>\n<li>Kom ih\u00e5g att tacka, \u00e4ven vid korrigerande respons. Du kan anv\u00e4nda till exempel den s.k. hamburgermetoden:\n<ul>\n<li>B\u00f6rja med det positiva och lyft fram det som responsmottagaren gjort bra.<\/li>\n<li>Ge korrigerande respons.<\/li>\n<li>Ge till sist en g\u00e5ng till positiv respons och st\u00e4rk responsmottagarens tro p\u00e5 att hen kan lyckas.<\/li>\n<\/ul>\n<\/li>\n<\/ul>\n<hr \/>\n<h5>Litteratur<\/h5>\n<ul>\n<li>Risto Ahonen, Sirke Lohtaja-Ahonen (2014): Palaute kuuluu kaikille.<br \/>\nP\u00e4ivi Kupias, Raija Peltola, Paula Saloranta (2013): Onnistu palautteessa.<\/li>\n<li>Kimmo Ter\u00e4v\u00e4, Pirkko M\u00e4kel\u00e4-Pusa (2011): Esimies ty\u00f6hyvinvointia rakentamassa.<\/li>\n<li>Marja-Liisa Manka, Liisa Hakala, Sanna Nuutinen, Riitta harju (2010): Ty\u00f6n iloa ja imua \u2013 ty\u00f6hyvinvoinnin ratkaisuja pienty\u00f6paikoille.<\/li>\n<li><a href=\"https:\/\/www.ttl.fi\/tyopiste\/palaute-on-tyoelaman-pienin-suuri-asia\" target=\"_blank\" rel=\"noopener\">Arbetarskyddscentralens n\u00e4ttidskrift Ty\u00f6piste (p\u00e5 finska).\u202fArtikeln &#8221;Palaute on ty\u00f6el\u00e4m\u00e4n pienin suuri asia&#8221; \u00f6ppnas i en ny flik<\/a>.<\/li>\n<li>Duunitori:<a href=\"https:\/\/duunitori.fi\/tyoelama\/palautteen-antaminen\" target=\"_blank\" rel=\"noopener\">\u202f10 tapaa antaa palautetta fiksusti \u2013 v\u00e4lt\u00e4 yleiset virheet. Artikeln \u00f6ppnas i en ny flik<\/a>.<\/li>\n<\/ul>\n<h5><a href=\"https:\/\/blogs2.abo.fi\/hyvinvoivahoiva-guide\/chefen-som-framjare-av-personalens-valmaende\/\">Tillbaka till Chefen som fr\u00e4mjare av personalens v\u00e4lm\u00e5ende<\/a><\/h5>\n","protected":false},"excerpt":{"rendered":"<p>Text: Kirsi Nurminen, Tammerfors universitet Det \u00e4r en viktig del av en chefs arbete att ge respons. Respons \u00e4r ett mycket effektivt och samtidigt f\u00f6rm\u00e5nligt s\u00e4tt att motivera anst\u00e4llda. Varje medarbetare vill f\u00e5 respons p\u00e5 sitt eget arbete och p\u00e5 s\u00e5 s\u00e4tt bli visad h\u00e4nsyn. Varje medarbetare beh\u00f6ver dessutom respons p\u00e5 hur hen har klarat [&hellip;]<\/p>\n","protected":false},"author":469,"featured_media":0,"parent":128,"menu_order":0,"comment_status":"closed","ping_status":"closed","template":"","meta":{"footnotes":""},"class_list":["post-143","page","type-page","status-publish","hentry"],"_links":{"self":[{"href":"https:\/\/blogs2.abo.fi\/hyvinvoivahoiva-guide\/wp-json\/wp\/v2\/pages\/143","targetHints":{"allow":["GET"]}}],"collection":[{"href":"https:\/\/blogs2.abo.fi\/hyvinvoivahoiva-guide\/wp-json\/wp\/v2\/pages"}],"about":[{"href":"https:\/\/blogs2.abo.fi\/hyvinvoivahoiva-guide\/wp-json\/wp\/v2\/types\/page"}],"author":[{"embeddable":true,"href":"https:\/\/blogs2.abo.fi\/hyvinvoivahoiva-guide\/wp-json\/wp\/v2\/users\/469"}],"replies":[{"embeddable":true,"href":"https:\/\/blogs2.abo.fi\/hyvinvoivahoiva-guide\/wp-json\/wp\/v2\/comments?post=143"}],"version-history":[{"count":2,"href":"https:\/\/blogs2.abo.fi\/hyvinvoivahoiva-guide\/wp-json\/wp\/v2\/pages\/143\/revisions"}],"predecessor-version":[{"id":317,"href":"https:\/\/blogs2.abo.fi\/hyvinvoivahoiva-guide\/wp-json\/wp\/v2\/pages\/143\/revisions\/317"}],"up":[{"embeddable":true,"href":"https:\/\/blogs2.abo.fi\/hyvinvoivahoiva-guide\/wp-json\/wp\/v2\/pages\/128"}],"wp:attachment":[{"href":"https:\/\/blogs2.abo.fi\/hyvinvoivahoiva-guide\/wp-json\/wp\/v2\/media?parent=143"}],"curies":[{"name":"wp","href":"https:\/\/api.w.org\/{rel}","templated":true}]}}