{"id":120,"date":"2022-07-01T10:35:42","date_gmt":"2022-07-01T10:35:42","guid":{"rendered":"https:\/\/blogs2.abo.fi\/hyvinvoivahoiva-guide\/?page_id=120"},"modified":"2022-09-12T17:03:13","modified_gmt":"2022-09-12T17:03:13","slug":"stresshantering","status":"publish","type":"page","link":"https:\/\/blogs2.abo.fi\/hyvinvoivahoiva-guide\/medarbetaren-som-framjare-av-det-egna-valbefinnandet\/stresshantering\/","title":{"rendered":"Stresshantering"},"content":{"rendered":"<p><strong>Text: Anna Toivonen, Centret f\u00f6r livsl\u00e5ngt l\u00e4rande vid \u00c5bo Akademi och Camilla Pitk\u00e4nen, Yrkesh\u00f6gskolan Novia<\/strong><\/p>\n<p>Problem med stresshantering \u00e4r vanliga hos dem som arbetar i h\u00e4lso- och sjukv\u00e5rdsbranschen, och alltid beror de inte p\u00e5 de anst\u00e4llda. Enligt en del internationella m\u00e4tningar har covid-19-pandemin \u00f6kat risken f\u00f6r utbr\u00e4ndhet i arbetet hos v\u00e5rdpersonal betydligt. Ofta \u00e4r orsaken till arbetsrelaterad utmattning inte att vi \u00e4r tvungna att k\u00e4mpa med en f\u00f6r stor arbetsb\u00f6rda utan att v\u00e5rt arbete ofta f\u00f6ruts\u00e4tter ett stort antal olika f\u00e4rdigheter som delvis ligger utanf\u00f6r v\u00e5r yrkesrelaterade k\u00e4rnkompetens. Det \u00e4r bra att vara ibland vara utanf\u00f6r sin bekv\u00e4mlighetszon, men f\u00f6rekommer det f\u00f6r ofta utg\u00f6r det en energitjuv som vi st\u00e4ndigt m\u00e5ste tampas med.<\/p>\n<p>Andra problem i arbetslivet som ger upphov till utmattning hos v\u00e5rdpersonal \u00e4r oklara f\u00f6rv\u00e4ntningar, st\u00e4ndiga avbrott och bristen p\u00e5 st\u00f6d och respons i arbetet. \u00c4ven hot om v\u00e5ld och klienters ober\u00e4kneliga beteende f\u00f6ruts\u00e4tter \u00f6kad uppm\u00e4rksamhet och kan \u00f6ver l\u00e5ng tid utg\u00f6ra en risk f\u00f6r personalens h\u00e4lsa. Om utmattningen och stressniv\u00e5n inte beror p\u00e5 hur vi \u00e4r som m\u00e4nniskor, varf\u00f6r ska vi d\u00e5 st\u00e4rka v\u00e5r stresshanteringsf\u00f6rm\u00e5ga?<\/p>\n<p>V\u00e5r f\u00f6rm\u00e5ga att hantera stress har en n\u00e4ra koppling till hur vi reglerar och bearbetar k\u00e4nslor som arbetet ger upphov till. Vi alla har vissa arbetss\u00e4tt som vi f\u00f6redrar och som \u00e4r som en autopilot som kopplas p\u00e5 om vi inte medvetet \u00e4r uppm\u00e4rksamma p\u00e5 v\u00e5rt s\u00e4tt att arbeta. Ett s\u00e5dant s\u00e4tt att arbeta \u00e4r inte optimalt, och vi kan p\u00e5 egen hand f\u00f6rb\u00e4ttra v\u00e5r f\u00f6rm\u00e5ga att hantera stress genom att \u00f6va upp en del f\u00e4rdigheter.<\/p>\n<p><strong>F\u00e4rdigheter f\u00f6r att hantera stress \u00e4r:<\/strong><\/p>\n<ul>\n<li>f\u00f6rm\u00e5gan att vara n\u00e4rvarande<\/li>\n<li>f\u00f6rm\u00e5gan att p\u00e5verka hur uppm\u00e4rksamma vi \u00e4r<\/li>\n<li>f\u00f6rm\u00e5gan att l\u00e5ta bli att v\u00e4rdera det som h\u00e4nder omkring oss<\/li>\n<li>f\u00f6rm\u00e5gan att vara beslutsam<\/li>\n<li>f\u00f6rm\u00e5gan att \u00e5terh\u00e4mta sig.<\/li>\n<\/ul>\n<p><span style=\"color: #000000\">I videon nedan ges en sammanfattning av denna sidas information om stresshantering och av hur man kan \u00f6va det.<\/span><\/p>\n<p><iframe loading=\"lazy\"  id=\"_ytid_40869\"  width=\"800\" height=\"450\"  data-origwidth=\"800\" data-origheight=\"450\" src=\"https:\/\/www.youtube.com\/embed\/jyZu6YIqPsc?enablejsapi=1&#038;autoplay=0&#038;cc_load_policy=0&#038;cc_lang_pref=&#038;iv_load_policy=1&#038;loop=0&#038;rel=1&#038;fs=1&#038;playsinline=0&#038;autohide=2&#038;theme=dark&#038;color=red&#038;controls=1&#038;disablekb=0&#038;\" class=\"__youtube_prefs__  epyt-is-override  no-lazyload\" title=\"YouTube player\"  allow=\"fullscreen; accelerometer; autoplay; clipboard-write; encrypted-media; gyroscope; picture-in-picture; web-share\" referrerpolicy=\"strict-origin-when-cross-origin\" allowfullscreen data-no-lazy=\"1\" data-skipgform_ajax_framebjll=\"\"><\/iframe><\/p>\n<p>&nbsp;<\/p>\n<hr \/>\n<h5>Litteratur<\/h5>\n<ul>\n<li>Deligkaris, P., Panagopoulou, E., Montgomery, A. J. &amp; Masoura, E. (2014): Job burnout and cognitive functioning: A systematic review, Work &amp; Stress, 28:2, 107\u2013123.<\/li>\n<li>Freudenberger H. J. (1974): Staff burn-out. Journal of Social Issues 30, 159\u2013165.<\/li>\n<li>Golembiewski, R.T., Munzenrider, T., Stevenson, J.G. (1986): Stress in organizations: toward a phase model of burnout. Praeger, New York.<\/li>\n<li>Hakanen, J. (2004):<a href=\"https:\/\/www.julkari.fi\/bitstream\/handle\/10024\/136585\/Hakanen_Tyouupumuksesta_ty%C3%B6n_imuun.pdf\" target=\"_blank\" rel=\"noopener\">\u202fTy\u00f6uupumuksesta ty\u00f6n imuun: ty\u00f6hyvinvointitutkimuksen ytimess\u00e4 ja reuna-alueilla (PDF \u00f6ppnas i ny flik). Arbetsh\u00e4lsoinstitutet, Helsingfors<\/a>.<\/li>\n<li>Koutsimani, P., Montgomery, A. &amp; Georganta, K. (2019):\u202f<a href=\"https:\/\/www.frontiersin.org\/articles\/10.3389\/fpsyg.2019.00284\/full\" target=\"_blank\" rel=\"noopener\">The Relationship Between Burnout, Depression, and Anxiety: A Systematic Review and Meta-Analysis (\u00f6ppnas i en ny flik)<\/a>. Frontiers in psychology, 10, 284.<\/li>\n<li>Lazarus, R. S., Folkman, S. (1984): Stress, appraisal, and coping. New York: Springer, s. 286\u2013325.<\/li>\n<li>L\u00f6nnqvist, J. (2018): Ty\u00f6uupumus (burnout), i: Michelsen, T., Reijula, K., Ala-Mursula, L., R\u00e4s\u00e4nen, K. &amp; Uitti, J. (red.): Ty\u00f6el\u00e4m\u00e4n perustietoa. Helsingfors: Duodecim Kustannus Oy, s. 365\u2013375.<\/li>\n<li>Maslach, C. &amp; Jackson S.E. (1981): The measurement of experienced burnout. Journal of Organizational Behavior. Vol 2(2), s. 99\u2013113.<\/li>\n<li>Maslach, C., Schaufeli, W.B. &amp; Leiter, M.P. (2001): Job burnout. Annual Review of Psychology. Vol 52(1), s. 397\u2013422.<\/li>\n<li>M\u00e4kikangas, A. &amp; Kinnunen, U. (2016).\u202f<a href=\"https:\/\/doi.org\/10.1016\/j.burn.2015.12.002\" target=\"_blank\" rel=\"noopener\">The person-oriented approach to burnout: A systematic review (\u00f6ppnas i en ny flik)<\/a>, Burnout Research: Volume 3, Issue 1, s 11\u201323.<\/li>\n<li>Vokhlacheva, A., Shakori, A., Farzanehkari, P. &amp; yrkesh\u00f6gskolan Laurea (2018): Prevention of burnout among nursing staff: A literature review. Laurea-ammattikorkeakoulu.<\/li>\n<\/ul>\n<h5><a href=\"https:\/\/blogs2.abo.fi\/hyvinvoivahoiva-guide\/medarbetaren-som-framjare-av-det-egna-valbefinnandet\/\">Tillbaka till Medarbetaren som fr\u00e4mjare av det egna v\u00e4lbefinnandet<\/a><\/h5>\n","protected":false},"excerpt":{"rendered":"<p>Text: Anna Toivonen, Centret f\u00f6r livsl\u00e5ngt l\u00e4rande vid \u00c5bo Akademi och Camilla Pitk\u00e4nen, Yrkesh\u00f6gskolan Novia Problem med stresshantering \u00e4r vanliga hos dem som arbetar i h\u00e4lso- och sjukv\u00e5rdsbranschen, och alltid beror de inte p\u00e5 de anst\u00e4llda. Enligt en del internationella m\u00e4tningar har covid-19-pandemin \u00f6kat risken f\u00f6r utbr\u00e4ndhet i arbetet hos v\u00e5rdpersonal betydligt. Ofta \u00e4r orsaken [&hellip;]<\/p>\n","protected":false},"author":469,"featured_media":0,"parent":100,"menu_order":0,"comment_status":"closed","ping_status":"closed","template":"","meta":{"footnotes":""},"class_list":["post-120","page","type-page","status-publish","hentry"],"_links":{"self":[{"href":"https:\/\/blogs2.abo.fi\/hyvinvoivahoiva-guide\/wp-json\/wp\/v2\/pages\/120","targetHints":{"allow":["GET"]}}],"collection":[{"href":"https:\/\/blogs2.abo.fi\/hyvinvoivahoiva-guide\/wp-json\/wp\/v2\/pages"}],"about":[{"href":"https:\/\/blogs2.abo.fi\/hyvinvoivahoiva-guide\/wp-json\/wp\/v2\/types\/page"}],"author":[{"embeddable":true,"href":"https:\/\/blogs2.abo.fi\/hyvinvoivahoiva-guide\/wp-json\/wp\/v2\/users\/469"}],"replies":[{"embeddable":true,"href":"https:\/\/blogs2.abo.fi\/hyvinvoivahoiva-guide\/wp-json\/wp\/v2\/comments?post=120"}],"version-history":[{"count":6,"href":"https:\/\/blogs2.abo.fi\/hyvinvoivahoiva-guide\/wp-json\/wp\/v2\/pages\/120\/revisions"}],"predecessor-version":[{"id":302,"href":"https:\/\/blogs2.abo.fi\/hyvinvoivahoiva-guide\/wp-json\/wp\/v2\/pages\/120\/revisions\/302"}],"up":[{"embeddable":true,"href":"https:\/\/blogs2.abo.fi\/hyvinvoivahoiva-guide\/wp-json\/wp\/v2\/pages\/100"}],"wp:attachment":[{"href":"https:\/\/blogs2.abo.fi\/hyvinvoivahoiva-guide\/wp-json\/wp\/v2\/media?parent=120"}],"curies":[{"name":"wp","href":"https:\/\/api.w.org\/{rel}","templated":true}]}}