{"id":117,"date":"2022-07-01T10:30:14","date_gmt":"2022-07-01T10:30:14","guid":{"rendered":"https:\/\/blogs2.abo.fi\/hyvinvoivahoiva-guide\/?page_id=117"},"modified":"2022-07-01T10:30:14","modified_gmt":"2022-07-01T10:30:14","slug":"resiliens","status":"publish","type":"page","link":"https:\/\/blogs2.abo.fi\/hyvinvoivahoiva-guide\/medarbetaren-som-framjare-av-det-egna-valbefinnandet\/resiliens\/","title":{"rendered":"Resiliens"},"content":{"rendered":"<p>Resiliens beskrivs som en egenskap som vi anv\u00e4nder oss av f\u00f6r att hantera motg\u00e5ngar och som p\u00e5verkas av sociala, kulturella och andliga faktorer. Det \u00e4r en egenskap som vi kan st\u00e4rka och utveckla genom hela livet.<\/p>\n<p>Resiliens, anv\u00e4nds allts\u00e5 f\u00f6r att beskriva individens f\u00f6rm\u00e5ga att hantera och repa sig fr\u00e5n motg\u00e5ngar, psykisk belastning eller till exempel stressiga arbetssituationer. Perspektivet innefattar fem dimensioner:<\/p>\n<ol>\n<li>sinneslugn (ett sunt och balanserat syns\u00e4tt p\u00e5 livet)<\/li>\n<li>uth\u00e5llighet (viljan att ta sig genom en motg\u00e5ng och anpassa sig efter vad livet erbjuder)<\/li>\n<li>sj\u00e4lvf\u00f6rtroende (tron p\u00e5 sig sj\u00e4lv och sina f\u00f6rm\u00e5gor),<\/li>\n<li>existentiell ensamhet (varje m\u00e4nniska \u00e4r unik och klarar motg\u00e5ngar b\u00e5de tillsammans med andra och ensam)<\/li>\n<li>meningsfullhet (ser mening i livet och vad livet medf\u00f6r).<\/li>\n<\/ol>\n<p>Att arbeta inom \u00e4ldreomsorgen \u00e4r kr\u00e4vande. En stor oms\u00e4ttning i personalen kombinerat med brist p\u00e5 beh\u00f6rig personal och kr\u00e4vande arbetsuppgifter medf\u00f6r \u00f6kad risk f\u00f6r stressrelaterade symtom, utmattning och utbr\u00e4ndhet. Men trots att omst\u00e4ndigheter \u00e4r kr\u00e4vande \u00e4r det m\u00f6jligt att utveckla resiliens och \u00f6ka v\u00e5rdarens v\u00e4lbefinnande, b\u00e5de individuellt och p\u00e5 organisationsniv\u00e5. Aktiviteter som fr\u00e4mjar resiliens och v\u00e4lbefinnande hos v\u00e5rdaren \u00e4r handledning, reflektion, fortbildning, \u00f6vningar och balans mellan arbete och fritid. Viktiga faktorer p\u00e5 organisationsniv\u00e5 \u00e4r en st\u00f6djande arbetsmilj\u00f6, ett gott ledarskap och kunskap som bidrar till att k\u00e4nna igen symtom p\u00e5 stress och s\u00e4tt att hantera stressen. Kunskap om resiliens ger v\u00e5rdaren f\u00e4rdighet att hantera jobbrelaterad stress och f\u00f6rebygga utmattning. Reflektion, diskussion kolleger emellan och handledda work-shops hj\u00e4lper v\u00e5rdarna att b\u00e5de p\u00e5 individuell niv\u00e5 och i arbetsteamet utveckla resiliens och v\u00e4lbefinnande vilket i sin tur bidrar till patienternas\/klienternas v\u00e4lbefinnande.<\/p>\n<p>Resiliens \u00e4r en egenskap som man kan st\u00e4rka och utveckla p\u00e5 individuell niv\u00e5, i arbetsteamet och i omsorgs- och v\u00e5rdarbetet. Genom \u00f6kad kunskap om resiliens, via diskussioner och \u00f6vningar kan v\u00e5rdaren utveckla b\u00e5de sin egen och v\u00e5rdteamets resiliens. Starka sociala band inom arbetsteamet \u00e4r en central faktor f\u00f6r ett kvalitativt v\u00e5rdarbete och en h\u00e4lsosam arbetsmilj\u00f6. V\u00e5rdaren kan ocks\u00e5 anv\u00e4nda resiliens i v\u00e5rdarbetet tillsammans med den \u00e4ldre patienten\/klienten genom att fokusera p\u00e5 de faktorer som skyddar mot oh\u00e4lsa.<\/p>\n<h3>Vill du testa din egen resiliens?<\/h3>\n<p><em>Recilience Scale (RS). Den svenska \u00f6vers\u00e4ttningen Lundman m.fl., 2007.<\/em><\/p>\n<p>Till varje p\u00e5st\u00e5ende h\u00f6r en sjugradig skala:<\/p>\n<p><strong>1= nej, inst\u00e4mmer inte<\/strong><br \/>\n<strong>7 = ja, inst\u00e4mmer helt<\/strong><\/p>\n<p>Ange p\u00e5 skalan 1\u20137 i vilken m\u00e5n du inst\u00e4mmer med p\u00e5st\u00e5endet. R\u00e4kna till slut ihop dina totala po\u00e4ng. Ju h\u00f6gre po\u00e4ng du ger desto mer inst\u00e4mmer du med p\u00e5st\u00e5endet och desto h\u00f6gre resiliens har du.<\/p>\n<ul>\n<li>N\u00e4r jag planerat n\u00e5got genomf\u00f6r jag det ocks\u00e5.<\/li>\n<li>Vanligtvis brukar jag klara mig p\u00e5 ett eller annat s\u00e4tt.<\/li>\n<li>Jag litar mer till mig sj\u00e4lv \u00e4n n\u00e5gon annan.<\/li>\n<li>Att vara intresserad av olika saker \u00e4r viktigt f\u00f6r mig.<\/li>\n<li>Jag kan vara ensam om jag m\u00e5ste.<\/li>\n<li>Jag k\u00e4nner mig stolt \u00f6ver att ha \u00e5stadkommit n\u00e5got i mitt liv.<\/li>\n<li>Vanligtvis tar jag saker och ting som de kommer.<\/li>\n<li>Jag \u00e4r v\u00e4n med mig sj\u00e4lv.<\/li>\n<li>Jag k\u00e4nner att jag kan h\u00e5lla \u201dm\u00e5nga bollar i luften samtidigt\u201d.<\/li>\n<li>Jag \u00e4r beslutsam.<\/li>\n<li>Jag grubblar s\u00e4llan \u00f6ver vad som \u00e4r meningen med allt.<\/li>\n<li>Jag tar en dag i s\u00e4nder.<\/li>\n<li>Jag kan klara av sv\u00e5ra tider d\u00e4rf\u00f6r att jag upplevt sv\u00e5righeter tidigare.<\/li>\n<li>Jag har sj\u00e4lvdisciplin.<\/li>\n<li>Jag \u00e4r nyfiken p\u00e5 vad som h\u00e4nder och sker.<\/li>\n<li>Jag finner vanligtvis n\u00e5got att gl\u00e4djas \u00e5t.<\/li>\n<li>Min tro p\u00e5 mig sj\u00e4lv hj\u00e4lper mig genom sv\u00e5righeter.<\/li>\n<li>I en n\u00f6dsituation \u00e4r jag en person som folk brukar kunna lita p\u00e5.<\/li>\n<li>Vanligtvis kan jag se p\u00e5 en situation p\u00e5 m\u00e5nga olika s\u00e4tt.<\/li>\n<li>Ibland tvingar jag mig sj\u00e4lv att g\u00f6ra saker vare sig jag vill eller inte.<\/li>\n<li>Mitt liv k\u00e4nns meningsfullt.<\/li>\n<li>Jag grubblar inte \u00f6ver saker som jag inte kan g\u00f6ra n\u00e5got \u00e5t.<\/li>\n<li>N\u00e4r jag befinner mig i en sv\u00e5r situation hittar jag vanligtvis en l\u00f6sning.<\/li>\n<li>Jag har tillr\u00e4ckligt med energi att g\u00f6ra det jag m\u00e5ste.<\/li>\n<li>Jag kan acceptera att inte vara omtyckt av alla.<\/li>\n<\/ul>\n<hr \/>\n<h5>K\u00e4llor:<\/h5>\n<ul>\n<li>Al\u00e9x, L. 2010 Resilience among very old men and women. Journal of Research in Nursing.<\/li>\n<li>Brennan, E. 2017. Towards resilience and wellbeing in nurses. British Journal of Nursing.<\/li>\n<li>Edward, K. &amp; Hercelinskyj, G. 2017. Burnout in the caring nurse: learning resillent behaviours. British Journal of Nursing.<\/li>\n<li>Hornett, M. 2012. Keep calm and carry on: a look at nurse resilience. British Journal of Nursing.<\/li>\n<li>Kester, K. &amp; Wei, H. 2018. Building nurse resilience. Nursing management.<\/li>\n<li>Lipponen, K. 2020. Resilienssi arjessa.<\/li>\n<li>Leverence, K. 2015. Become a more Resilient nurse. ONC Oncology nursing society.<\/li>\n<li>Lundman mfl. 2007. Recilience Scale (RS). Svensk \u00f6vers\u00e4ttning.<\/li>\n<\/ul>\n<h5><a href=\"https:\/\/blogs2.abo.fi\/hyvinvoivahoiva-guide\/medarbetaren-som-framjare-av-det-egna-valbefinnandet\/\">Tillbaka till Medarbetaren som fr\u00e4mjare av det egna v\u00e4lbefinnandet<\/a><\/h5>\n","protected":false},"excerpt":{"rendered":"<p>Resiliens beskrivs som en egenskap som vi anv\u00e4nder oss av f\u00f6r att hantera motg\u00e5ngar och som p\u00e5verkas av sociala, kulturella och andliga faktorer. Det \u00e4r en egenskap som vi kan st\u00e4rka och utveckla genom hela livet. Resiliens, anv\u00e4nds allts\u00e5 f\u00f6r att beskriva individens f\u00f6rm\u00e5ga att hantera och repa sig fr\u00e5n motg\u00e5ngar, psykisk belastning eller till [&hellip;]<\/p>\n","protected":false},"author":469,"featured_media":0,"parent":100,"menu_order":0,"comment_status":"closed","ping_status":"closed","template":"","meta":{"footnotes":""},"class_list":["post-117","page","type-page","status-publish","hentry"],"_links":{"self":[{"href":"https:\/\/blogs2.abo.fi\/hyvinvoivahoiva-guide\/wp-json\/wp\/v2\/pages\/117","targetHints":{"allow":["GET"]}}],"collection":[{"href":"https:\/\/blogs2.abo.fi\/hyvinvoivahoiva-guide\/wp-json\/wp\/v2\/pages"}],"about":[{"href":"https:\/\/blogs2.abo.fi\/hyvinvoivahoiva-guide\/wp-json\/wp\/v2\/types\/page"}],"author":[{"embeddable":true,"href":"https:\/\/blogs2.abo.fi\/hyvinvoivahoiva-guide\/wp-json\/wp\/v2\/users\/469"}],"replies":[{"embeddable":true,"href":"https:\/\/blogs2.abo.fi\/hyvinvoivahoiva-guide\/wp-json\/wp\/v2\/comments?post=117"}],"version-history":[{"count":1,"href":"https:\/\/blogs2.abo.fi\/hyvinvoivahoiva-guide\/wp-json\/wp\/v2\/pages\/117\/revisions"}],"predecessor-version":[{"id":118,"href":"https:\/\/blogs2.abo.fi\/hyvinvoivahoiva-guide\/wp-json\/wp\/v2\/pages\/117\/revisions\/118"}],"up":[{"embeddable":true,"href":"https:\/\/blogs2.abo.fi\/hyvinvoivahoiva-guide\/wp-json\/wp\/v2\/pages\/100"}],"wp:attachment":[{"href":"https:\/\/blogs2.abo.fi\/hyvinvoivahoiva-guide\/wp-json\/wp\/v2\/media?parent=117"}],"curies":[{"name":"wp","href":"https:\/\/api.w.org\/{rel}","templated":true}]}}