{"id":14,"date":"2021-09-03T11:00:14","date_gmt":"2021-09-03T11:00:14","guid":{"rendered":"https:\/\/blogs2.abo.fi\/humanrightscities\/?page_id=14"},"modified":"2026-02-23T16:59:36","modified_gmt":"2026-02-23T13:59:36","slug":"news","status":"publish","type":"page","link":"https:\/\/blogs2.abo.fi\/humanrightscities\/news\/","title":{"rendered":"News"},"content":{"rendered":"<p>EU:n perusoikeusvirasto (FRA) on julkaissut suomenkielisen version paikallisviranomaisille suunnatusta ihmisoikeuskaupungit EU:ssa -oppaastaan, jonka tarkoituksena on auttaa kaupunkeja tehostamaan ty\u00f6t\u00e4\u00e4n ihmisoikeuksien toteuttamiseksi. Julkaisun k\u00e4\u00e4nn\u00f6sty\u00f6 tehtiin ihmisoikeusinstituutin Ihmisoikeuskaupungit -hankkeen puitteissa yhteisty\u00f6ss\u00e4 harjoittelija Santtu Vehni\u00e4isen (TY) kanssa: <a href=\"http:\/\/blogs2.abo.fi\/humanrightscities\/wp-content\/uploads\/sites\/193\/2024\/04\/FRA_Ihmisoikeuskaupungit-EUssa_opas_fi.pdf\">FRA_Ihmisoikeuskaupungit EUssa_opas_fi<\/a><\/p>\n<p><strong><span lang=\"EN-GB\"><a class=\"x_OWAAutoLink\" href=\"https:\/\/www.ihmisoikeuspaiva.fi\/en\/\" target=\"_blank\" rel=\"noopener noreferrer\">Council of Europe Human Rights Day<\/a> and its associated research seminar, 4.5. 2023, Turku.\u00a0<\/span><\/strong><span lang=\"EN-GB\">As part of the project \u2018<u><a title=\"https:\/\/www.coe.int\/en\/web\/portal\/-\/finland-to-launch-a-council-of-europe-human-rights-day\" href=\"https:\/\/www.coe.int\/en\/web\/portal\/-\/finland-to-launch-a-council-of-europe-human-rights-day\" target=\"_blank\" rel=\"noreferrer noopener\">Council of Europe Days<\/a><\/u>\u00a0\u2013\u00a0<u><a title=\"https:\/\/www.coe.int\/en\/web\/coe-story\/home\" href=\"https:\/\/www.coe.int\/en\/web\/coe-story\/home\" target=\"_blank\" rel=\"noreferrer noopener\">Telling the CoEs Story\u2019<\/a><\/u>\u00a0on 4 May 2023, the\u00a0<u><a title=\"https:\/\/www.ihmisoikeuspaiva.fi\/en\/\" href=\"https:\/\/www.ihmisoikeuspaiva.fi\/en\/\" target=\"_blank\" rel=\"noreferrer noopener\">Council of Europe Human Rights Day<\/a><\/u> will be held for the first time in Turku, Finland. It will bring together leading expert speakers to discuss the CoEs impact on human rights in Finland. The event is organised with a view to encourage member states to play a leading role in ensuring that their citizens are able to exercise their rights and freedoms and participate in the building of democracies where they live.\u00a0<\/span><span lang=\"EN-GB\">The thematic focus of this first event will be on resilience and civil participation at the municipal level. The event, aimed at decision-makers, experts, researchers and local resident, is jointly organised by the Association of Finnish Local and Regional Authorities, the Human Rights Centre, the Ministry for Foreign Affairs, the City of Turku and \u00c5bo Akademi University. The programme will include expert discussions, a public event and a research seminar. <\/span>The <span lang=\"EN-GB\">research seminar\u00a0<\/span><span lang=\"EN-GB\"> will be held <\/span>around the topic of \u201cCivil participation in local decision-making on fundamental and human rights issues\u201c. It challenges us to think about participation in local decision-making outside the election context, in particular on issues affecting the fundamental and human rights of local inhabitants. It provides both theoretical and practical perspectives on civil participation, using the examples of a European human rights city and the Finnish context.<\/p>\n<p><img loading=\"lazy\" decoding=\"async\" class=\"alignnone wp-image-415\" src=\"http:\/\/blogs2.abo.fi\/humanrightscities\/wp-content\/uploads\/sites\/193\/2023\/03\/IO-paiva-300x137.png\" alt=\"\" width=\"591\" height=\"276\" \/><\/p>\n<p>The Human Rights Cities Network is in 2023 developing a <a href=\"https:\/\/humanrightscities.net\/the-standardized-monitoring-system\/\">Standardized Monitoring System<\/a> in a limited number of pilot cities. Cities using this system will be able to regularly evaluate their achievements and analyse the influence of their work in making human rights a reality.<\/p>\n<p>FRA paper on how cities welcome displaced people from Ukraine was published on 2.2.2023. Find out what selected cities did to facilitate access to housing, education, healthcare, employment and social services for people who fled Ukraine: <a href=\"https:\/\/fra.europa.eu\/en\/publication\/2023\/how-did-cities-welcome-displaced-people-ukraine\">How did cities welcome displaced people from Ukraine? | European Union Agency for Fundamental Rights (europa.eu)<\/a><\/p>\n<p>The new publication <a href=\"http:\/\/chrome-extension:\/\/efaidnbmnnnibpcajpcglclefindmkaj\/https:\/\/www.fiia.fi\/wp-content\/uploads\/2023\/02\/bp354_cities-as-global-actors_katja-creutz.pdf\"><strong>Cities as global actors: Bringing governance closer to the people<\/strong><\/a> (FIIA 2023) by Katja Creutz finds that cities have come to exercise power due to the inadequacy or ineffectiveness of interstate action but also because their democratic nature and immediate connection to the population make them legitimate actors.<\/p>\n<p><strong>A global campaign<\/strong> (under the auspices of UCLG) to bring together, and encourage, cities and regions in their activities for the promotion of human rights and of ensuring dignity for all, was launched in July 2022. Find more information about it here: <a title=\"https:\/\/www.uclg-cisdp.org\/en\/news\/join-global-campaign-10-100-1000-human-rights-cities-and-territories-2030\" href=\"https:\/\/www.uclg-cisdp.org\/en\/news\/join-global-campaign-10-100-1000-human-rights-cities-and-territories-2030\" target=\"_blank\" rel=\"noreferrer noopener\">https:\/\/www.uclg-cisdp.org\/en\/news\/join-global-campaign-10-100-1000-human-rights-cities-and-territories-2030<\/a><\/p>\n<p><strong>Ihmisoikeuskaupunki-projektin loppuseminaari<\/strong> pidet\u00e4\u00e4n 12. joulukuuta 2022 alkaen 10.00 \u00c5bo Akademin tiloissa, Arkenin Voltaire-luentosalissa (1 krs),Tehtaankatu 2, 20500 Turku.\u00a0\u00a0Loppuseminaarissa esitell\u00e4\u00e4n projektin keskeisimm\u00e4t l\u00f6yd\u00f6kset (<a href=\"http:\/\/blogs2.abo.fi\/humanrightscities\/wp-content\/uploads\/sites\/193\/2022\/11\/Agenda-loppuseminaariin-4.pdf\">Agenda loppuseminaariin<\/a>).\u00a0 Seminaariin on my\u00f6s mahdollista osallistua striimauksen v\u00e4lityksell\u00e4. Lis\u00e4\u00e4 seminaariin ilmoittautumisesta <a href=\"https:\/\/blogs2.abo.fi\/humanrightscities\/activities\/\">Activities<\/a> -sivulla.<\/p>\n<p><span lang=\"EN-GB\"><strong>The Closing Seminar of the Human Rights Cities project<\/strong> will be held on 12 December 2022 at 10:00 at the premises of \u00c5bo Akademi in the Voltaire room, Arken-building (1st floor), Tehtaankatu 2, 20500 Turku.\u00a0<\/span><span lang=\"EN-GB\"> At the seminar the key findings of the project team will be presented together with the policy brief on the project (<a href=\"http:\/\/blogs2.abo.fi\/humanrightscities\/wp-content\/uploads\/sites\/193\/2022\/11\/Agenda-4.pdf\">Agenda<\/a>). <\/span><span lang=\"EN-GB\">The seminar will also be streamed live. <\/span><span lang=\"EN-GB\">More information on how to register for the event is available at the <a href=\"https:\/\/blogs2.abo.fi\/humanrightscities\/activities\/\">Activities<\/a> -page.<\/span><\/p>\n<p><a href=\"https:\/\/www.pitea.se\/Invanare\/Kommun-politik\/hallbar-samhallsutveckling\/ett-pitea-for-alla\/pitea-mr-kommun-2021\/\">Pite\u00e5 utropade sig till MR-kommun \u00e5r 2020<\/a> f\u00f6r att synligg\u00f6ra det arbete som redan g\u00f6rs i kommunen f\u00f6r att fr\u00e4mja m\u00e4nskliga r\u00e4ttigheter och f\u00f6r att inspirera flera akt\u00f6rer, inklusive f\u00f6reningar, myndigheter, f\u00f6retag och privatpersoner, att g\u00f6ra mer. Pite\u00e5 kommun satsar speciellt p\u00e5 omr\u00e5den som folkh\u00e4lsa, ungdomsfr\u00e5gor, utbildning, j\u00e4mst\u00e4lldhet, integration och tillg\u00e4nglighet.<\/p>\n<p><a href=\"https:\/\/ihmisoikeusliitto.fi\/mita-tarkoittaa-ihmisoikeusmyonteisyys-sosiaalityossa\/\">Mit\u00e4 tarkoittaa ihmisoikeusmy\u00f6nteisyys sosiaality\u00f6ss\u00e4?<\/a> Kooste Ihmisoikeusliiton seminaarista (20.5.2022).\u00a0Sosiaalihuoltoa s\u00e4\u00e4telev\u00e4t niin Suomen lait kuin kansainv\u00e4liset ihmisoikeussopimukset. On t\u00e4rke\u00e4\u00e4, ett\u00e4 julkista valtaa k\u00e4ytt\u00e4v\u00e4t viranhaltijat, kuten sosiaality\u00f6ntekij\u00e4t, tulkitsevat soveltamaansa lains\u00e4\u00e4d\u00e4nt\u00f6\u00e4 ihmisoikeusmy\u00f6nteisesti. Perus- ja ihmisoikeusmy\u00f6nteisen laintulkinnan tarkoituksena on turvata yksil\u00f6n oikeuksien t\u00e4ysim\u00e4\u00e4r\u00e4inen toteutuminen.<\/p>\n<p>The EU Fundamental Rights Agency has issued a useful <a href=\"https:\/\/fra.europa.eu\/en\/news\/2022\/how-make-human-rights-part-everyones-daily-life-guide-local-authorities\">guide<\/a> for local authorities on how to make human rights part of everyone\u2019s daily life. It presents presents in a concise way the Framework for human rights cities in the EU and contains practical advice on how to implement it. The Human Rights Cities project will translate this guide into Finnish.<\/p>\n<p>On 22 April 2022, the project team submitted comments (<a href=\"http:\/\/blogs2.abo.fi\/humanrightscities\/wp-content\/uploads\/sites\/193\/2022\/04\/Comments-by-the-Institute-for-Human-Rights-at-Abo-Akademi-University-2022.pdf\">Comments by the Institute for Human Rights at Abo Akademi University 2022<\/a>) in response to the OHCHR call for Input to report on Local Government and Human Rights.<\/p>\n<p>Kristiina Vainio spoke at a webinar on human rights cities organised by the city of Espoo on 25 March 2022. \/\u00a0Kristiina Vainio piti esityksen Ihmisoikeuskaupungit -tutkimushankkeesta Espoon kaupungin j\u00e4rjestem\u00e4ss\u00e4 webinaarissa 25.3.2022.<\/p>\n<p>\u00c5bo Akademin ihmisoikeusinstituutti lausui luonnoksesta hallituksen esitykseksi sosiaali- ja terveydenhuollon valvontalaiksi (<a href=\"http:\/\/blogs2.abo.fi\/humanrightscities\/wp-content\/uploads\/sites\/193\/2022\/03\/Lausunto_Luonnos-hallituksen-esitykseksi-SOTE-valvonnasta_AA_IMR_24.3.2022.pdf\">Lausunto_Luonnos hallituksen esitykseksi SOTE-valvonnasta_\u00c5A_IMR_24.3.2022)<\/a>. Ihmisoikeusinstituutti esitti huolensa paikallistason valvonnan j\u00e4rjest\u00e4misest\u00e4 tehokkaalla ja riippumattomalla tavalla, 24 March 2022.<\/p>\n<p>Statement by the European Committee of the Regions, <a href=\"https:\/\/cor.europa.eu\/en\/engage\/brochures\/Documents\/Declaration%20of%20the%20European%20Union's%20Regions%20and%20Cities%20on%20solidarity%20with%20Ukraine\/4560%20Ukraine%20Declaration%20CovA4%20EN.pdf\">Declaration of the European Union\u2019s Regions and Cities on Solidarity with Ukraine<\/a>, 3 March 2022 (in Finnish: <a href=\"https:\/\/cor.europa.eu\/en\/engage\/brochures\/Documents\/Declaration%20of%20the%20European%20Union's%20Regions%20and%20Cities%20on%20solidarity%20with%20Ukraine\/4560%20Ukraine%20Declaration%20CovA4%20FI.pdf\">Euroopan unionin alueiden ja kuntien julkilausuma solidaarisuudesta Ukrainaa kohtaan<\/a>)<\/p>\n<div id=\"attachment_188\" style=\"width: 267px\" class=\"wp-caption aligncenter\"><img loading=\"lazy\" decoding=\"async\" aria-describedby=\"caption-attachment-188\" class=\" wp-image-188\" src=\"http:\/\/blogs2.abo.fi\/humanrightscities\/wp-content\/uploads\/sites\/193\/2021\/12\/Elisa_Koivisto-189x300.jpg\" alt=\"Elisa Koivisto\" width=\"257\" height=\"398\" \/><p id=\"caption-attachment-188\" class=\"wp-caption-text\">Elisa_Koivisto<\/p><\/div>\n<p>Today, to celebrate the international Human Rights Day, we are very glad to announce our collaboration with KONSTa Art School (<strong>KONSTa \u2013 Turun Seudun kuvataidekoulu<\/strong>), which has generously provided us human rights inspired pictures produced by young artists. You can find the pictures on this website, and there are even more to come. 10 December 2021<\/p>\n<p><strong>We wish to thank the artists and their teachers very much! Happy Human Rights Day to Everybody!<\/strong><\/p>\n<p>Kristiina Vainio oli puhumassa Helsingin kaupungin j\u00e4rjest\u00e4m\u00e4ss\u00e4 ihmisoikeusperustaisuutta paikallistasolla ja ihmisoikeuskaupunkeja k\u00e4sittelev\u00e4ss\u00e4 webinaarissa ihmisoikeuksien p\u00e4iv\u00e4n\u00e4 10. joulukuuta 2021.<\/p>\n<p>The EU Fundamental Rights Agency (FRA) will present its <a href=\"https:\/\/fra.europa.eu\/en\/publication\/2021\/human-rights-cities-framework\" target=\"_blank\" rel=\"noopener noreferrer\">Human Rights Cities framework<\/a> to the Finnish Association of Municipalities (Kuntaliitto\/Kommunalf\u00f6rbundet) on 11 November. The national network of international affairs professionals in Finnish cities, municipalities and regions will attend the presentation.<\/p>\n<p>International Centre for the Promotion of Human Rights at the Local and Regional Levels under the auspices of UNESCO and the UNESCO Chair in Human Rights and Human Security at the University of Graz, Austria, <a href=\"https:\/\/www.humanrightsgolocal.org\/academy22\/\">Human Rights Go Local: What Works: &#8220;From Intentions to Commitments: Towards the Effective and Sustainable Implementation of Human Rights&#8221;<\/a>, 1-8 February 2022<\/p>\n<p>EU Fundamental Rights Agency, <a href=\"https:\/\/fra.europa.eu\/en\/news\/2021\/how-become-human-rights-city-new-framework-launched\">How to become a Human Rights City: a new framework launched<\/a>, 11.10.2021<\/p>\n<p>The EU Fundamental Rights Forum 2021, which was held on 11-12 October, this year includes several sessions on human rights cities. The recordings of the Forum are now available <a href=\"https:\/\/hybrid.fundamentalrightsforum.eu\/Programme\">online<\/a>.<\/p>\n<p>Webinar in Finnish: <a href=\"https:\/\/www.lskl.fi\/tapahtumat\/webinaari-kaikkien-lasten-kunta\/\">Kaikkien lasten kunta<\/a>, Lastensuojelun keskusliitto, 28.9.2021<\/p>\n<p>The Hill, <a href=\"https:\/\/thehill.com\/homenews\/state-watch\/569581-global-coalition-of-mayors-calls-for-support-for-afghan-refugees\">Global coalition of mayors calls for support for Afghan refugees<\/a>, 26.8.2021<\/p>\n<p>Webinar in Finnish: <a href=\"https:\/\/ihmisoikeusliitto.fi\/turvallinen-kaupunkitila-kaikille-webinaari\/\">Turvallinen kaupunkitila kaikille<\/a>, Finnish League for Human Rights, 20 September 2021<\/p>\n","protected":false},"excerpt":{"rendered":"<p>EU:n perusoikeusvirasto (FRA) on julkaissut suomenkielisen version paikallisviranomaisille suunnatusta ihmisoikeuskaupungit EU:ssa -oppaastaan, jonka tarkoituksena on auttaa kaupunkeja tehostamaan ty\u00f6t\u00e4\u00e4n ihmisoikeuksien toteuttamiseksi. Julkaisun k\u00e4\u00e4nn\u00f6sty\u00f6 tehtiin ihmisoikeusinstituutin Ihmisoikeuskaupungit -hankkeen puitteissa yhteisty\u00f6ss\u00e4 harjoittelija Santtu Vehni\u00e4isen (TY) kanssa: FRA_Ihmisoikeuskaupungit EUssa_opas_fi Council of Europe Human &hellip; <a href=\"https:\/\/blogs2.abo.fi\/humanrightscities\/news\/\">Continue reading <span class=\"meta-nav\">&rarr;<\/span><\/a><\/p>\n","protected":false},"author":648,"featured_media":0,"parent":0,"menu_order":0,"comment_status":"closed","ping_status":"closed","template":"","meta":{"footnotes":""},"class_list":["post-14","page","type-page","status-publish","hentry"],"_links":{"self":[{"href":"https:\/\/blogs2.abo.fi\/humanrightscities\/wp-json\/wp\/v2\/pages\/14","targetHints":{"allow":["GET"]}}],"collection":[{"href":"https:\/\/blogs2.abo.fi\/humanrightscities\/wp-json\/wp\/v2\/pages"}],"about":[{"href":"https:\/\/blogs2.abo.fi\/humanrightscities\/wp-json\/wp\/v2\/types\/page"}],"author":[{"embeddable":true,"href":"https:\/\/blogs2.abo.fi\/humanrightscities\/wp-json\/wp\/v2\/users\/648"}],"replies":[{"embeddable":true,"href":"https:\/\/blogs2.abo.fi\/humanrightscities\/wp-json\/wp\/v2\/comments?post=14"}],"version-history":[{"count":60,"href":"https:\/\/blogs2.abo.fi\/humanrightscities\/wp-json\/wp\/v2\/pages\/14\/revisions"}],"predecessor-version":[{"id":448,"href":"https:\/\/blogs2.abo.fi\/humanrightscities\/wp-json\/wp\/v2\/pages\/14\/revisions\/448"}],"wp:attachment":[{"href":"https:\/\/blogs2.abo.fi\/humanrightscities\/wp-json\/wp\/v2\/media?parent=14"}],"curies":[{"name":"wp","href":"https:\/\/api.w.org\/{rel}","templated":true}]}}