{"id":10,"date":"2023-01-11T13:41:40","date_gmt":"2023-01-11T10:41:40","guid":{"rendered":"https:\/\/blogs2.abo.fi\/humanrightscities\/?page_id=10"},"modified":"2026-02-23T17:03:15","modified_gmt":"2026-02-23T14:03:15","slug":"project-publications","status":"publish","type":"page","link":"https:\/\/blogs2.abo.fi\/humanrightscities\/project-publications\/","title":{"rendered":"Project publications"},"content":{"rendered":"<p><a href=\"https:\/\/fra.europa.eu\/en\/publication\/2022\/human-rights-cities-booklet\">Human rights cities in the European Union &#8211; Practical guidance | European Union Agency for Fundamental Rights (europa.eu)<\/a> (2024), Finnish translation<\/p>\n<p>Kristiina Vainio, <a href=\"https:\/\/www.abo.fi\/en\/institute-for-human-rights\/publications-and-databases\/institute-for-human-rights-working-paper-series\/\"><em>Kest\u00e4v\u00e4n kehityksen tavoitteet ja ihmisoikeudet paikallistasolla: Ihmisoikeusperustainen n\u00e4k\u00f6kulma Turun kaupungin ilmastotavoitteisiin<\/em><\/a>. Working Paper Series 2\/2023, Institute for Human Rights, \u00c5bo Akademi University.<\/p>\n<p>Kristiina Vainio, Lisa Grans, Mia Varho, Sara Str\u00f6mberg &amp; Elina Pirjatanniemi, <a href=\"https:\/\/www.abo.fi\/en\/institute-for-human-rights\/publications-and-databases\/institute-for-human-rights-working-paper-series\/\"><em>Becoming a Human Rights City, Policy Brief<\/em><\/a>, Working Paper Series, 1\/2023, Institute for Human Rights, \u00c5bo Akademi University.<\/p>\n<p>Kristiina Vainio &amp; Lisa Grans, <a href=\"https:\/\/www.ihmisoikeuspaiva.fi\/sv\/vad-ar-en-manniskorattsstad\/\">Vad \u00e4r en m\u00e4nniskor\u00e4ttsstad<\/a>, blog (2023)<\/p>\n<p>Kristiina Vainio, Sara Str\u00f6mberg, Lisa Grans &amp; Elina Pirjatanniemi, <em>Yht\u00e4l\u00e4inen p\u00e4\u00e4sy Turun kirjastopalveluihin ja digitalisaatio: ihmisoikeusperustainen n\u00e4k\u00f6kulma<\/em> (2022) (in Finnish) <a href=\"http:\/\/blogs2.abo.fi\/humanrightscities\/wp-content\/uploads\/sites\/193\/2023\/01\/Case-study-27.9.2022-FINAL-rev1.pdf\">Case study 27.9.2022 FINAL rev1<\/a><\/p>\n<p>Kristiina Vainio, Lisa Grans, Mia Varho, Sara Str\u00f6mberg ja Elina Pirjatanniemi,\u00a0<a href=\"https:\/\/www.turku.fi\/sites\/default\/files\/document\/julkaisu_dokumentti_tutkimuskatsaus_2_2023_ihmisoikeuskaupunkina_toimiminen_tarjoaa_kokonaisval-1.pdf\">Tutkimuskatsauksia 2\/2023,\u00a0<em>Ihmisoikeuskaupunkina toimiminen tarjoaa kokonaisvaltaisen mallin hyvinvoinnin edist\u00e4miseen ihmisoikeuksien toteutumisen n\u00e4k\u00f6kulmasta<\/em><\/a><\/p>\n<p>&nbsp;<\/p>\n","protected":false},"excerpt":{"rendered":"<p>Human rights cities in the European Union &#8211; Practical guidance | European Union Agency for Fundamental Rights (europa.eu) (2024), Finnish translation Kristiina Vainio, Kest\u00e4v\u00e4n kehityksen tavoitteet ja ihmisoikeudet paikallistasolla: Ihmisoikeusperustainen n\u00e4k\u00f6kulma Turun kaupungin ilmastotavoitteisiin. Working Paper Series 2\/2023, Institute for &hellip; <a href=\"https:\/\/blogs2.abo.fi\/humanrightscities\/project-publications\/\">Continue reading <span class=\"meta-nav\">&rarr;<\/span><\/a><\/p>\n","protected":false},"author":648,"featured_media":0,"parent":0,"menu_order":0,"comment_status":"closed","ping_status":"closed","template":"","meta":{"footnotes":""},"class_list":["post-10","page","type-page","status-publish","hentry"],"_links":{"self":[{"href":"https:\/\/blogs2.abo.fi\/humanrightscities\/wp-json\/wp\/v2\/pages\/10","targetHints":{"allow":["GET"]}}],"collection":[{"href":"https:\/\/blogs2.abo.fi\/humanrightscities\/wp-json\/wp\/v2\/pages"}],"about":[{"href":"https:\/\/blogs2.abo.fi\/humanrightscities\/wp-json\/wp\/v2\/types\/page"}],"author":[{"embeddable":true,"href":"https:\/\/blogs2.abo.fi\/humanrightscities\/wp-json\/wp\/v2\/users\/648"}],"replies":[{"embeddable":true,"href":"https:\/\/blogs2.abo.fi\/humanrightscities\/wp-json\/wp\/v2\/comments?post=10"}],"version-history":[{"count":14,"href":"https:\/\/blogs2.abo.fi\/humanrightscities\/wp-json\/wp\/v2\/pages\/10\/revisions"}],"predecessor-version":[{"id":449,"href":"https:\/\/blogs2.abo.fi\/humanrightscities\/wp-json\/wp\/v2\/pages\/10\/revisions\/449"}],"wp:attachment":[{"href":"https:\/\/blogs2.abo.fi\/humanrightscities\/wp-json\/wp\/v2\/media?parent=10"}],"curies":[{"name":"wp","href":"https:\/\/api.w.org\/{rel}","templated":true}]}}