{"id":53,"date":"2015-10-13T11:21:36","date_gmt":"2015-10-13T11:21:36","guid":{"rendered":"http:\/\/blogs2.abo.fi\/hiba\/?page_id=53"},"modified":"2018-10-08T14:59:32","modified_gmt":"2018-10-08T14:59:32","slug":"om-hiba","status":"publish","type":"page","link":"https:\/\/blogs2.abo.fi\/hiba\/about-hiba\/om-hiba\/","title":{"rendered":"Om HIBA"},"content":{"rendered":"<div class=\"page\" title=\"Page 6\">\n<div class=\"section\">\n<div class=\"layoutArea\">\n<div class=\"column\">\n<div class=\"page\" title=\"Page 1\">\n<div class=\"section\">\n<div class=\"layoutArea\">\n<div class=\"column\">\n<h2 style=\"text-align: right\"><a href=\"http:\/\/blogs2.abo.fi\/hiba\/about-hiba\/\">In English<\/a><\/h2>\n<h2 style=\"text-align: left\">H\u00e4lsoinformationsbeteende i e-h\u00e4lsokontext : inverkan av ett negligerat element i framg\u00e5ngsrik implementering av konsumentinriktade h\u00e4lsoteknologier f\u00f6r \u00e4ldre vuxna<\/h2>\n<\/div>\n<\/div>\n<\/div>\n<\/div>\n<p>Ett stigande antal \u00e4ldre medborgare och en \u00f6kande f\u00f6rekomst av l\u00e5ngtidssjukdomar tillsammans med betydande samh\u00e4llsf\u00f6r\u00e4ndringar utmanar h\u00e4lsov\u00e5rdssystem i hela v\u00e4rlden. Trots optimistiska prognoser har m\u00e5nga e-h\u00e4lsotj\u00e4nster inte varit framg\u00e5ngsrika i att lansera h\u00e5llbara innovationer. Utm\u00e4rkande har varit att skapa e-h\u00e4lsosystem under antagandet att anv\u00e4ndaren \u00e4r medveten om sina h\u00e4lsorelaterade behov samt \u00e4r kapabel och intresserad av att m\u00f6ta dessa. F\u00f6r att bli effektiva borde e-h\u00e4lsotj\u00e4nsterna skr\u00e4ddarsys och riktas s\u00e5 att de beaktar anv\u00e4ndarnas h\u00e4lsoinformationsbeteende i sin helhet med h\u00e4nsyn till intressen, f\u00f6rm\u00e5gor och sociokulturell bakgrund. Syftet med projektet HIBA \u00e4r att forska i hur medborgarnas h\u00e4lsoinformationsbeteende p\u00e5verkar anv\u00e4ndning av konsumentinriktade h\u00e4lsoteknologier och hur dessa teknologier effektivt kan skr\u00e4ddarsys f\u00f6r \u00e4ldre vuxna f\u00f6r att skapa individuellt och samh\u00e4lleligt merv\u00e4rde till traditionella h\u00e4lsov\u00e5rdstj\u00e4nster.<\/p>\n<p>HIBA-projektet finansieras av <a href=\"http:\/\/www.aka.fi\/sv\">Finlands Akademi<\/a>.<\/p>\n<\/div>\n<\/div>\n<\/div>\n<\/div>\n<div class=\"page\" title=\"Page 1\"><\/div>\n","protected":false},"excerpt":{"rendered":"<p>In English H\u00e4lsoinformationsbeteende i e-h\u00e4lsokontext : inverkan av ett negligerat element i framg\u00e5ngsrik implementering av konsumentinriktade h\u00e4lsoteknologier f\u00f6r \u00e4ldre vuxna Ett stigande antal \u00e4ldre medborgare och en \u00f6kande f\u00f6rekomst av l\u00e5ngtidssjukdomar tillsammans med betydande samh\u00e4llsf\u00f6r\u00e4ndringar utmanar h\u00e4lsov\u00e5rdssystem i hela v\u00e4rlden. &hellip; <a href=\"https:\/\/blogs2.abo.fi\/hiba\/about-hiba\/om-hiba\/\">Continue reading <span class=\"meta-nav\">&rarr;<\/span><\/a><\/p>\n","protected":false},"author":92,"featured_media":0,"parent":9,"menu_order":0,"comment_status":"closed","ping_status":"closed","template":"","meta":{"footnotes":""},"class_list":["post-53","page","type-page","status-publish","hentry"],"_links":{"self":[{"href":"https:\/\/blogs2.abo.fi\/hiba\/wp-json\/wp\/v2\/pages\/53","targetHints":{"allow":["GET"]}}],"collection":[{"href":"https:\/\/blogs2.abo.fi\/hiba\/wp-json\/wp\/v2\/pages"}],"about":[{"href":"https:\/\/blogs2.abo.fi\/hiba\/wp-json\/wp\/v2\/types\/page"}],"author":[{"embeddable":true,"href":"https:\/\/blogs2.abo.fi\/hiba\/wp-json\/wp\/v2\/users\/92"}],"replies":[{"embeddable":true,"href":"https:\/\/blogs2.abo.fi\/hiba\/wp-json\/wp\/v2\/comments?post=53"}],"version-history":[{"count":7,"href":"https:\/\/blogs2.abo.fi\/hiba\/wp-json\/wp\/v2\/pages\/53\/revisions"}],"predecessor-version":[{"id":256,"href":"https:\/\/blogs2.abo.fi\/hiba\/wp-json\/wp\/v2\/pages\/53\/revisions\/256"}],"up":[{"embeddable":true,"href":"https:\/\/blogs2.abo.fi\/hiba\/wp-json\/wp\/v2\/pages\/9"}],"wp:attachment":[{"href":"https:\/\/blogs2.abo.fi\/hiba\/wp-json\/wp\/v2\/media?parent=53"}],"curies":[{"name":"wp","href":"https:\/\/api.w.org\/{rel}","templated":true}]}}