{"id":211,"date":"2018-01-19T10:14:44","date_gmt":"2018-01-19T10:14:44","guid":{"rendered":"http:\/\/blogs2.abo.fi\/hiba\/?page_id=211"},"modified":"2018-01-25T09:33:05","modified_gmt":"2018-01-25T09:33:05","slug":"kysely","status":"publish","type":"page","link":"https:\/\/blogs2.abo.fi\/hiba\/about-hiba\/kysely\/","title":{"rendered":"Osallistu terveysriskitestej\u00e4 koskevaan tutkimukseen!"},"content":{"rendered":"<p>HIBA-projekti selvitt\u00e4\u00e4 kokemuksia e-terveyspalveluista. Nyt k\u00e4ynniss\u00e4 olevassa tutkimuksessa selvitet\u00e4\u00e4n riskitestipalvelujen k\u00e4ytt\u00f6\u00f6n liittyvi\u00e4 kysymyksi\u00e4.<\/p>\n<p>Vastaamalla kyselyyn voit auttaa e-terveyspalveluiden kehitt\u00e4mist\u00e4. Kyselyn vastaukset k\u00e4sitell\u00e4\u00e4n luottamuksellisesti, ja ne tulevat ainoastaan tutkimusk\u00e4ytt\u00f6\u00f6n. Vastaukset eiv\u00e4t sis\u00e4ll\u00e4 henkil\u00f6kohtaista tietoa ja niit\u00e4 k\u00e4sitell\u00e4\u00e4n siten, ett\u00e4 yksitt\u00e4iset henkil\u00f6t eiv\u00e4t ole tunnistettavissa.<\/p>\n<p>Jos et ole k\u00e4ytt\u00e4nyt ennen Diabetesliiton diabetes-riskitesti\u00e4, tee testi ennen kyselyyn vastaamista.<\/p>\n<p><a id=\"pwd_link_3579_10abe34c011908166da8507c28159327\" title=\"\u00c5bo Akademin riskitestitutkimus 2017\" href=\"https:\/\/link.webropolsurveys.com\/Participation\/Public\/624490ce-fd79-4b37-aae7-18de29043e89?displayId=Fin1393094&amp;surveyLocale=fi\" target=\"_blank\" rel=\"noopener\">Vastaa tutkimuskyselyyn t\u00e4st\u00e4.<\/a><\/p>\n","protected":false},"excerpt":{"rendered":"<p>HIBA-projekti selvitt\u00e4\u00e4 kokemuksia e-terveyspalveluista. Nyt k\u00e4ynniss\u00e4 olevassa tutkimuksessa selvitet\u00e4\u00e4n riskitestipalvelujen k\u00e4ytt\u00f6\u00f6n liittyvi\u00e4 kysymyksi\u00e4. Vastaamalla kyselyyn voit auttaa e-terveyspalveluiden kehitt\u00e4mist\u00e4. Kyselyn vastaukset k\u00e4sitell\u00e4\u00e4n luottamuksellisesti, ja ne tulevat ainoastaan tutkimusk\u00e4ytt\u00f6\u00f6n. Vastaukset eiv\u00e4t sis\u00e4ll\u00e4 henkil\u00f6kohtaista tietoa ja niit\u00e4 k\u00e4sitell\u00e4\u00e4n siten, ett\u00e4 yksitt\u00e4iset henkil\u00f6t &hellip; <a href=\"https:\/\/blogs2.abo.fi\/hiba\/about-hiba\/kysely\/\">Continue reading <span class=\"meta-nav\">&rarr;<\/span><\/a><\/p>\n","protected":false},"author":92,"featured_media":0,"parent":9,"menu_order":0,"comment_status":"closed","ping_status":"closed","template":"","meta":{"footnotes":""},"class_list":["post-211","page","type-page","status-publish","hentry"],"_links":{"self":[{"href":"https:\/\/blogs2.abo.fi\/hiba\/wp-json\/wp\/v2\/pages\/211","targetHints":{"allow":["GET"]}}],"collection":[{"href":"https:\/\/blogs2.abo.fi\/hiba\/wp-json\/wp\/v2\/pages"}],"about":[{"href":"https:\/\/blogs2.abo.fi\/hiba\/wp-json\/wp\/v2\/types\/page"}],"author":[{"embeddable":true,"href":"https:\/\/blogs2.abo.fi\/hiba\/wp-json\/wp\/v2\/users\/92"}],"replies":[{"embeddable":true,"href":"https:\/\/blogs2.abo.fi\/hiba\/wp-json\/wp\/v2\/comments?post=211"}],"version-history":[{"count":3,"href":"https:\/\/blogs2.abo.fi\/hiba\/wp-json\/wp\/v2\/pages\/211\/revisions"}],"predecessor-version":[{"id":217,"href":"https:\/\/blogs2.abo.fi\/hiba\/wp-json\/wp\/v2\/pages\/211\/revisions\/217"}],"up":[{"embeddable":true,"href":"https:\/\/blogs2.abo.fi\/hiba\/wp-json\/wp\/v2\/pages\/9"}],"wp:attachment":[{"href":"https:\/\/blogs2.abo.fi\/hiba\/wp-json\/wp\/v2\/media?parent=211"}],"curies":[{"name":"wp","href":"https:\/\/api.w.org\/{rel}","templated":true}]}}