{"id":67,"date":"2014-06-03T11:37:03","date_gmt":"2014-06-03T08:37:03","guid":{"rendered":"http:\/\/blogs2.abo.fi\/herbarium\/?page_id=67"},"modified":"2014-06-03T11:37:03","modified_gmt":"2014-06-03T08:37:03","slug":"larandemal-och-examination","status":"publish","type":"page","link":"https:\/\/blogs2.abo.fi\/herbarium\/om\/larandemal-och-examination\/","title":{"rendered":"L\u00e4randem\u00e5l och examination"},"content":{"rendered":"<p><strong>L\u00e4randem\u00e5l f\u00f6r sommarutmaningen 2014 \ud83d\ude09<\/strong><\/p>\n<p>Deltagaren l\u00e4r sig<\/p>\n<ul>\n<li>namn p\u00e5 tio nya vilda v\u00e4xter<\/li>\n<li>att anv\u00e4nda bloggplattformen WordPress genom att publicera egna inl\u00e4gg<\/li>\n<li>att ladda upp bilder till sina blogginl\u00e4gg fr\u00e5n sin smarttelefon eller annan kamera<\/li>\n<li>att h\u00e4nvisa till plats med hj\u00e4lp av Google Maps eller annan kartservice<\/li>\n<\/ul>\n<p><strong>Examinationsform<\/strong>: Peer review<\/p>\n","protected":false},"excerpt":{"rendered":"<p>L\u00e4randem\u00e5l f\u00f6r sommarutmaningen 2014 \ud83d\ude09 Deltagaren l\u00e4r sig namn p\u00e5 tio nya vilda v\u00e4xter att anv\u00e4nda bloggplattformen WordPress genom att publicera egna inl\u00e4gg att ladda upp bilder till sina blogginl\u00e4gg fr\u00e5n sin smarttelefon eller annan kamera att h\u00e4nvisa till plats med hj\u00e4lp av Google Maps eller annan kartservice Examinationsform: Peer review<\/p>\n","protected":false},"author":8,"featured_media":0,"parent":2,"menu_order":0,"comment_status":"open","ping_status":"closed","template":"","meta":{"footnotes":""},"class_list":["post-67","page","type-page","status-publish","hentry"],"_links":{"self":[{"href":"https:\/\/blogs2.abo.fi\/herbarium\/wp-json\/wp\/v2\/pages\/67","targetHints":{"allow":["GET"]}}],"collection":[{"href":"https:\/\/blogs2.abo.fi\/herbarium\/wp-json\/wp\/v2\/pages"}],"about":[{"href":"https:\/\/blogs2.abo.fi\/herbarium\/wp-json\/wp\/v2\/types\/page"}],"author":[{"embeddable":true,"href":"https:\/\/blogs2.abo.fi\/herbarium\/wp-json\/wp\/v2\/users\/8"}],"replies":[{"embeddable":true,"href":"https:\/\/blogs2.abo.fi\/herbarium\/wp-json\/wp\/v2\/comments?post=67"}],"version-history":[{"count":1,"href":"https:\/\/blogs2.abo.fi\/herbarium\/wp-json\/wp\/v2\/pages\/67\/revisions"}],"predecessor-version":[{"id":68,"href":"https:\/\/blogs2.abo.fi\/herbarium\/wp-json\/wp\/v2\/pages\/67\/revisions\/68"}],"up":[{"embeddable":true,"href":"https:\/\/blogs2.abo.fi\/herbarium\/wp-json\/wp\/v2\/pages\/2"}],"wp:attachment":[{"href":"https:\/\/blogs2.abo.fi\/herbarium\/wp-json\/wp\/v2\/media?parent=67"}],"curies":[{"name":"wp","href":"https:\/\/api.w.org\/{rel}","templated":true}]}}