{"id":48,"date":"2014-05-31T14:49:04","date_gmt":"2014-05-31T11:49:04","guid":{"rendered":"http:\/\/blogs2.abo.fi\/herbarium\/?page_id=48"},"modified":"2014-06-03T11:35:51","modified_gmt":"2014-06-03T08:35:51","slug":"sa-har-fungerar-det","status":"publish","type":"page","link":"https:\/\/blogs2.abo.fi\/herbarium\/om\/sa-har-fungerar-det\/","title":{"rendered":"S\u00e5 h\u00e4r fungerar det"},"content":{"rendered":"<p>Man loggar in och skriver ett nytt <span style=\"color: #ff0000;\"><em>inl\u00e4gg<\/em><\/span> f\u00f6r varje v\u00e4xt man vill presentera i bloggen. Man laddar upp en eller flera bilder i inl\u00e4gget. Det som \u00e4r speciellt viktigt \u00e4r att v\u00e4lja en <span style=\"color: #ff0000;\"><em>kategori<\/em><\/span> f\u00f6r inl\u00e4gget. Kategorin \u00e4r det samma som f\u00f6rnamnet p\u00e5 f\u00f6rfattaren och kan v\u00e4ljas fr\u00e5n listan till h\u00f6ger som syns n\u00e4r man skriver eller editerar sitt inl\u00e4gg. D\u00e5 listas inl\u00e4gget automatiskt p\u00e5 r\u00e4tt sida. Enkelt!<\/p>\n<p>F\u00f6ljande <span style=\"color: #ff0000;\">info<\/span> ska g\u00e4rna finnas med f\u00f6r varje v\u00e4xt:<\/p>\n<ul>\n<li>V\u00e4xtens namn<\/li>\n<li>Vetenskapligt namn<\/li>\n<li>Ort<\/li>\n<li>V\u00e4xtplats<\/li>\n<li>Datum<\/li>\n<\/ul>\n<p>&nbsp;<\/p>\n<p>&nbsp;<\/p>\n<p>&nbsp;<\/p>\n","protected":false},"excerpt":{"rendered":"<p>Man loggar in och skriver ett nytt inl\u00e4gg f\u00f6r varje v\u00e4xt man vill presentera i bloggen. Man laddar upp en eller flera bilder i inl\u00e4gget. Det som \u00e4r speciellt viktigt \u00e4r att v\u00e4lja en kategori f\u00f6r inl\u00e4gget. Kategorin \u00e4r det samma som f\u00f6rnamnet p\u00e5 f\u00f6rfattaren och kan v\u00e4ljas fr\u00e5n listan till h\u00f6ger som syns n\u00e4r &hellip; <a href=\"https:\/\/blogs2.abo.fi\/herbarium\/om\/sa-har-fungerar-det\/\" class=\"more-link\">Forts\u00e4tt l\u00e4sa <span class=\"screen-reader-text\">S\u00e5 h\u00e4r fungerar det<\/span> <span class=\"meta-nav\">&rarr;<\/span><\/a><\/p>\n","protected":false},"author":8,"featured_media":0,"parent":2,"menu_order":0,"comment_status":"closed","ping_status":"closed","template":"","meta":{"footnotes":""},"class_list":["post-48","page","type-page","status-publish","hentry"],"_links":{"self":[{"href":"https:\/\/blogs2.abo.fi\/herbarium\/wp-json\/wp\/v2\/pages\/48","targetHints":{"allow":["GET"]}}],"collection":[{"href":"https:\/\/blogs2.abo.fi\/herbarium\/wp-json\/wp\/v2\/pages"}],"about":[{"href":"https:\/\/blogs2.abo.fi\/herbarium\/wp-json\/wp\/v2\/types\/page"}],"author":[{"embeddable":true,"href":"https:\/\/blogs2.abo.fi\/herbarium\/wp-json\/wp\/v2\/users\/8"}],"replies":[{"embeddable":true,"href":"https:\/\/blogs2.abo.fi\/herbarium\/wp-json\/wp\/v2\/comments?post=48"}],"version-history":[{"count":5,"href":"https:\/\/blogs2.abo.fi\/herbarium\/wp-json\/wp\/v2\/pages\/48\/revisions"}],"predecessor-version":[{"id":66,"href":"https:\/\/blogs2.abo.fi\/herbarium\/wp-json\/wp\/v2\/pages\/48\/revisions\/66"}],"up":[{"embeddable":true,"href":"https:\/\/blogs2.abo.fi\/herbarium\/wp-json\/wp\/v2\/pages\/2"}],"wp:attachment":[{"href":"https:\/\/blogs2.abo.fi\/herbarium\/wp-json\/wp\/v2\/media?parent=48"}],"curies":[{"name":"wp","href":"https:\/\/api.w.org\/{rel}","templated":true}]}}