{"id":2,"date":"2014-05-30T14:10:28","date_gmt":"2014-05-30T14:10:28","guid":{"rendered":"http:\/\/blogs2.abo.fi\/herbarium\/?page_id=2"},"modified":"2014-06-03T11:22:17","modified_gmt":"2014-06-03T08:22:17","slug":"om","status":"publish","type":"page","link":"https:\/\/blogs2.abo.fi\/herbarium\/","title":{"rendered":"Om LC:s herbarium"},"content":{"rendered":"<p>I slutet p\u00e5 maj sl\u00e4ngde MarSu fram en id\u00e9 s\u00e5 bra att ingen kom p\u00e5 att opponera sig. Hon f\u00f6reslog att L\u00e4rcentret kunde f\u00f6rkovra sig p\u00e5 ett omr\u00e5de som dittills inte hade varit aktuellt: Under den kommande sommaren skulle varje LC:are fotografera och beskriva 10 vilda v\u00e4xter som hittills hade varit ok\u00e4nda f\u00f6r respektive kollega.<\/p>\n<figure id=\"attachment_18\" aria-describedby=\"caption-attachment-18\" style=\"width: 300px\" class=\"wp-caption alignnone\"><a href=\"http:\/\/blogs2.abo.fi\/herbarium\/wp-content\/uploads\/sites\/21\/2014\/05\/hjortron-0926.jpg\"><img loading=\"lazy\" decoding=\"async\" class=\"wp-image-18 size-medium\" src=\"http:\/\/blogs2.abo.fi\/herbarium\/wp-content\/uploads\/sites\/21\/2014\/05\/hjortron-0926-300x257.jpg\" alt=\"hjortron-0926\" width=\"300\" height=\"257\" srcset=\"https:\/\/blogs2.abo.fi\/herbarium\/wp-content\/uploads\/sites\/21\/2014\/05\/hjortron-0926-300x257.jpg 300w, https:\/\/blogs2.abo.fi\/herbarium\/wp-content\/uploads\/sites\/21\/2014\/05\/hjortron-0926-150x128.jpg 150w, https:\/\/blogs2.abo.fi\/herbarium\/wp-content\/uploads\/sites\/21\/2014\/05\/hjortron-0926.jpg 814w\" sizes=\"auto, (max-width: 300px) 100vw, 300px\" \/><\/a><figcaption id=\"caption-attachment-18\" class=\"wp-caption-text\">Hjortronblom<\/figcaption><\/figure>\n<p>Tanken var att man skulle ta en eller flera bilder p\u00e5 v\u00e4xten och publicera dem p\u00e5 en gemensam blogg tillsammans med en f\u00f6rklarande text med var man hittat och fotat v\u00e4xten samt lite fakta om den.<\/p>\n<figure id=\"attachment_17\" aria-describedby=\"caption-attachment-17\" style=\"width: 300px\" class=\"wp-caption alignnone\"><a href=\"http:\/\/blogs2.abo.fi\/herbarium\/wp-content\/uploads\/sites\/21\/2014\/05\/skogsstjarna-0905.jpg\"><img loading=\"lazy\" decoding=\"async\" class=\"wp-image-17 size-medium\" src=\"http:\/\/blogs2.abo.fi\/herbarium\/wp-content\/uploads\/sites\/21\/2014\/05\/skogsstjarna-0905-300x224.jpg\" alt=\"skogsstjarna-0905\" width=\"300\" height=\"224\" srcset=\"https:\/\/blogs2.abo.fi\/herbarium\/wp-content\/uploads\/sites\/21\/2014\/05\/skogsstjarna-0905-300x224.jpg 300w, https:\/\/blogs2.abo.fi\/herbarium\/wp-content\/uploads\/sites\/21\/2014\/05\/skogsstjarna-0905-150x112.jpg 150w, https:\/\/blogs2.abo.fi\/herbarium\/wp-content\/uploads\/sites\/21\/2014\/05\/skogsstjarna-0905.jpg 937w\" sizes=\"auto, (max-width: 300px) 100vw, 300px\" \/><\/a><figcaption id=\"caption-attachment-17\" class=\"wp-caption-text\">Skogsstj\u00e4rna<\/figcaption><\/figure>\n<p>Resultaten skulle bilda ett mini-herbarium som vi skulle g\u00e5 igenom p\u00e5 ett av de f\u00f6rsta m\u00e5ndagsm\u00f6tena efter semestern.<\/p>\n<p>Skulle vi f\u00e5 se flera bilder p\u00e5 en skogsstj\u00e4rna, getpors eller liljekonvalj? Skulle det bli mer exotiska v\u00e4xter fr\u00e5n n\u00e5gon utlandsresa, eller skulle vi se sista-minuten-bilder p\u00e5 kl\u00f6ver, \u00e4lggr\u00e4s eller timotej?<\/p>\n<p>F\u00f6lj med p\u00e5 v\u00e5r sp\u00e4nnande v\u00e4xtresa!<\/p>\n<hr \/>\n<p>&nbsp;<\/p>\n<p>L\u00e4nkar:<\/p>\n<p><a href=\"http:\/\/yle.fi\/aihe\/artikkeli\/2014\/05\/12\/tee-oma-digikasvio\" target=\"_blank\">http:\/\/yle.fi\/aihe\/artikkeli\/2014\/05\/12\/tee-oma-digikasvio<\/a><\/p>\n<p><a href=\"http:\/\/linnaeus.nrm.se\/flora\/welcome.html\" target=\"_blank\">http:\/\/linnaeus.nrm.se\/flora\/welcome.html<\/a><\/p>\n<p>&nbsp;<\/p>\n","protected":false},"excerpt":{"rendered":"<p>I slutet p\u00e5 maj sl\u00e4ngde MarSu fram en id\u00e9 s\u00e5 bra att ingen kom p\u00e5 att opponera sig. Hon f\u00f6reslog att L\u00e4rcentret kunde f\u00f6rkovra sig p\u00e5 ett omr\u00e5de som dittills inte hade varit aktuellt: Under den kommande sommaren skulle varje LC:are fotografera och beskriva 10 vilda v\u00e4xter som hittills hade varit ok\u00e4nda f\u00f6r respektive kollega. &hellip; <a href=\"https:\/\/blogs2.abo.fi\/herbarium\/\" class=\"more-link\">Forts\u00e4tt l\u00e4sa <span class=\"screen-reader-text\">Om LC:s herbarium<\/span> <span class=\"meta-nav\">&rarr;<\/span><\/a><\/p>\n","protected":false},"author":8,"featured_media":0,"parent":0,"menu_order":0,"comment_status":"closed","ping_status":"closed","template":"","meta":{"footnotes":""},"class_list":["post-2","page","type-page","status-publish","hentry"],"_links":{"self":[{"href":"https:\/\/blogs2.abo.fi\/herbarium\/wp-json\/wp\/v2\/pages\/2","targetHints":{"allow":["GET"]}}],"collection":[{"href":"https:\/\/blogs2.abo.fi\/herbarium\/wp-json\/wp\/v2\/pages"}],"about":[{"href":"https:\/\/blogs2.abo.fi\/herbarium\/wp-json\/wp\/v2\/types\/page"}],"author":[{"embeddable":true,"href":"https:\/\/blogs2.abo.fi\/herbarium\/wp-json\/wp\/v2\/users\/8"}],"replies":[{"embeddable":true,"href":"https:\/\/blogs2.abo.fi\/herbarium\/wp-json\/wp\/v2\/comments?post=2"}],"version-history":[{"count":7,"href":"https:\/\/blogs2.abo.fi\/herbarium\/wp-json\/wp\/v2\/pages\/2\/revisions"}],"predecessor-version":[{"id":64,"href":"https:\/\/blogs2.abo.fi\/herbarium\/wp-json\/wp\/v2\/pages\/2\/revisions\/64"}],"wp:attachment":[{"href":"https:\/\/blogs2.abo.fi\/herbarium\/wp-json\/wp\/v2\/media?parent=2"}],"curies":[{"name":"wp","href":"https:\/\/api.w.org\/{rel}","templated":true}]}}