{"id":31,"date":"2022-04-25T16:44:20","date_gmt":"2022-04-25T13:44:20","guid":{"rendered":"https:\/\/blogs2.abo.fi\/habitability\/?page_id=31"},"modified":"2022-12-02T09:27:45","modified_gmt":"2022-12-02T07:27:45","slug":"om-habitability-projektet-habitability-hankkeesta","status":"publish","type":"page","link":"https:\/\/blogs2.abo.fi\/habitability\/om-habitability-projektet-habitability-hankkeesta\/","title":{"rendered":"Om Habitability-projektet | Habitability-hankkeesta"},"content":{"rendered":"<figure id=\"attachment_37\" aria-describedby=\"caption-attachment-37\" style=\"width: 525px\" class=\"wp-caption alignnone\"><img loading=\"lazy\" decoding=\"async\" class=\"wp-image-37 size-large\" src=\"http:\/\/blogs2.abo.fi\/habitability\/wp-content\/uploads\/sites\/219\/2022\/04\/vi-pa-karlo-1024x586.jpg\" alt=\"En gruppbild med fem personer vid havet. \" width=\"525\" height=\"300\" srcset=\"https:\/\/blogs2.abo.fi\/habitability\/wp-content\/uploads\/sites\/219\/2022\/04\/vi-pa-karlo-1024x586.jpg 1024w, https:\/\/blogs2.abo.fi\/habitability\/wp-content\/uploads\/sites\/219\/2022\/04\/vi-pa-karlo-300x172.jpg 300w, https:\/\/blogs2.abo.fi\/habitability\/wp-content\/uploads\/sites\/219\/2022\/04\/vi-pa-karlo-768x440.jpg 768w, https:\/\/blogs2.abo.fi\/habitability\/wp-content\/uploads\/sites\/219\/2022\/04\/vi-pa-karlo-1536x879.jpg 1536w, https:\/\/blogs2.abo.fi\/habitability\/wp-content\/uploads\/sites\/219\/2022\/04\/vi-pa-karlo.jpg 2048w\" sizes=\"auto, (max-width: 525px) 100vw, 525px\" \/><figcaption id=\"caption-attachment-37\" class=\"wp-caption-text\">Cecilia Lundberg, Christian Plejel, Mia Henriksson, Annina Kainu och Pia Prost.<\/figcaption><\/figure>\n<p>(Suomeksi alla)<\/p>\n<p>Habitability, eller bobarhet, beskriver hur bra det g\u00e5r att bo p\u00e5 en \u00f6. Med en bobarhetsanalys kan man hitta \u00f6samh\u00e4llets styrkor och ocks\u00e5 utvecklingsm\u00e5l. Bobarhetskonceptet \u00e4r n\u00e4ra besl\u00e4ktat med FN:s h\u00e5llbarhetsm\u00e5l, Agenda 2030, men tar fr\u00e5gorna till en mycket lokal niv\u00e5.<\/p>\n<p>Verktyget har tagits fram p\u00e5 K\u00f6kar, \u00c5land under \u00e5ren 2018\u20132020. Nu jobbar Sk\u00e4rg\u00e5rdsinstitutet vid \u00c5bo Akademi p\u00e5 att sprida kunskap om bobarhetskonceptet.<\/p>\n<p>Sk\u00e4rg\u00e5rdsinstitutet har beviljats finansiering f\u00f6r \u00e5ren 2022\u20132023 f\u00f6r att grunda ett n\u00e4tverk kring bobarhet i projektet Habitability \u2013 F\u00f6r livskraftiga och bobara sk\u00e4rg\u00e5rds- och vattenomr\u00e5den. Finansieringen beviljades av Arbets- och n\u00e4ringsministeriet genom Egentliga Finlands f\u00f6rbund.<\/p>\n<p><a href=\"https:\/\/www.abo.fi\/centret-for-livslangt-larande\/siaa-bobarhet\/\" target=\"_blank\" rel=\"noopener\">All information om bobarhet samlas p\u00e5 adressen www.abo.fi\/bobarhet<\/a>.<\/p>\n<p><a href=\"https:\/\/www.abo.fi\/centret-for-livslangt-larande\/siaa-bobarhet\/temanatverket-habitability\/\" target=\"_blank\" rel=\"noopener\">Direktl\u00e4nk till information om teman\u00e4tverket Habitability<\/a>.<\/p>\n<p><a href=\"https:\/\/www.abo.fi\/centret-for-livslangt-larande\/siaa-bobarhet\/samarbetsparter-och-styrgrupp\/\" target=\"_blank\" rel=\"noopener\">Kontaktuppgifter till oss som jobbar med teman\u00e4tverket Habitability<\/a>.<\/p>\n<p><img loading=\"lazy\" decoding=\"async\" class=\"alignnone size-full wp-image-177\" src=\"http:\/\/blogs2.abo.fi\/habitability\/wp-content\/uploads\/sites\/219\/2022\/12\/Siaa_logo-150px-hog.png\" alt=\"\" width=\"122\" height=\"150\" \/><\/p>\n<p>***<\/p>\n<p>Habitabiliy, suomeksi asuttavuus, kuvailee saaren asuttavuutta, miten helppoa tai vaikeaa siell\u00e4 asuminen on. Asuttavuusanalyysi\u00a0tuo esille mahdollisia kehitystarpeita mutta osoittaa my\u00f6s mit\u00e4 alueella tai saaressa on hyvin toimivaa. Asuttavuuden k\u00e4site on l\u00e4heist\u00e4 sukua YK:n kest\u00e4v\u00e4n kehityksen tavoitteille, Agenda 2030:lle, mutta tuo globaalit kest\u00e4vyystavoitteet paikalliselle tasolle.<\/p>\n<p>Asuttavuuden k\u00e4site kehitettiin Ahvenanmaalla, K\u00f6karin saarella, vuosina 2018\u201320. \u00c5bo Akademin Saaristoinstituutti levitt\u00e4\u00e4 tietoa ja osaamista asuttavuuskonseptista.<\/p>\n<p>Ty\u00f6- ja elinkeinoministeri\u00f6 on Varsinais-Suomen liiton kautta my\u00f6nt\u00e4nyt \u00c5bo Akademin Saaristoinstituutille (Sk\u00e4rg\u00e5rdsinstitutet vid \u00c5bo Akademi) rahoitusta vuosiksi 2022\u201323 Habitability-verkoston luomiseksi. Hankeen nimi on Habitability \u2013 Elinvoimaisesti ja kest\u00e4v\u00e4sti asutut saaristo- ja vesist\u00f6alueet.<\/p>\n<p><a href=\"https:\/\/www.abo.fi\/fi\/centret-for-livslangt-larande\/siaa-bobarhet\/\" target=\"_blank\" rel=\"noopener\">Kaikki tarpeellinen tieto asuttavuudesta osoitteessa www.abo.fi\/asuttavuus<\/a>.<\/p>\n<p><a href=\"https:\/\/www.abo.fi\/fi\/centret-for-livslangt-larande\/siaa-bobarhet\/temanatverket-habitability\/\" target=\"_blank\" rel=\"noopener\">Linkki Habitability-verkoston sivuille<\/a>.<\/p>\n<p><a href=\"https:\/\/www.abo.fi\/fi\/centret-for-livslangt-larande\/siaa-bobarhet\/samarbetsparter-och-styrgrupp\/\" target=\"_blank\" rel=\"noopener\">Yhteystietoja Habitability-verkoston kanssa ty\u00f6skenteleville<\/a>.<\/p>\n<p><img loading=\"lazy\" decoding=\"async\" class=\"alignnone size-full wp-image-177\" src=\"http:\/\/blogs2.abo.fi\/habitability\/wp-content\/uploads\/sites\/219\/2022\/12\/Siaa_logo-150px-hog.png\" alt=\"\" width=\"122\" height=\"150\" \/><\/p>\n","protected":false},"excerpt":{"rendered":"<p>(Suomeksi alla) Habitability, eller bobarhet, beskriver hur bra det g\u00e5r att bo p\u00e5 en \u00f6. Med en bobarhetsanalys kan man hitta \u00f6samh\u00e4llets styrkor och ocks\u00e5 utvecklingsm\u00e5l. Bobarhetskonceptet \u00e4r n\u00e4ra besl\u00e4ktat med FN:s h\u00e5llbarhetsm\u00e5l, Agenda 2030, men tar fr\u00e5gorna till en mycket lokal niv\u00e5. Verktyget har tagits fram p\u00e5 K\u00f6kar, \u00c5land under \u00e5ren 2018\u20132020. Nu jobbar &hellip; <\/p>\n<p class=\"link-more\"><a href=\"https:\/\/blogs2.abo.fi\/habitability\/om-habitability-projektet-habitability-hankkeesta\/\" class=\"more-link\">Forts\u00e4tt l\u00e4sa<span class=\"screen-reader-text\"> \u201dOm Habitability-projektet | Habitability-hankkeesta\u201d<\/span><\/a><\/p>\n","protected":false},"author":469,"featured_media":0,"parent":0,"menu_order":0,"comment_status":"closed","ping_status":"closed","template":"","meta":{"footnotes":""},"class_list":["post-31","page","type-page","status-publish","hentry"],"_links":{"self":[{"href":"https:\/\/blogs2.abo.fi\/habitability\/wp-json\/wp\/v2\/pages\/31","targetHints":{"allow":["GET"]}}],"collection":[{"href":"https:\/\/blogs2.abo.fi\/habitability\/wp-json\/wp\/v2\/pages"}],"about":[{"href":"https:\/\/blogs2.abo.fi\/habitability\/wp-json\/wp\/v2\/types\/page"}],"author":[{"embeddable":true,"href":"https:\/\/blogs2.abo.fi\/habitability\/wp-json\/wp\/v2\/users\/469"}],"replies":[{"embeddable":true,"href":"https:\/\/blogs2.abo.fi\/habitability\/wp-json\/wp\/v2\/comments?post=31"}],"version-history":[{"count":11,"href":"https:\/\/blogs2.abo.fi\/habitability\/wp-json\/wp\/v2\/pages\/31\/revisions"}],"predecessor-version":[{"id":184,"href":"https:\/\/blogs2.abo.fi\/habitability\/wp-json\/wp\/v2\/pages\/31\/revisions\/184"}],"wp:attachment":[{"href":"https:\/\/blogs2.abo.fi\/habitability\/wp-json\/wp\/v2\/media?parent=31"}],"curies":[{"name":"wp","href":"https:\/\/api.w.org\/{rel}","templated":true}]}}