{"id":11,"date":"2022-04-25T09:24:37","date_gmt":"2022-04-25T09:24:37","guid":{"rendered":"https:\/\/blogs2.abo.fi\/habitability\/?page_id=11"},"modified":"2022-12-02T09:25:56","modified_gmt":"2022-12-02T07:25:56","slug":"om-habitability-bloggen-habitability-blogista","status":"publish","type":"page","link":"https:\/\/blogs2.abo.fi\/habitability\/om-habitability-bloggen-habitability-blogista\/","title":{"rendered":"Om bloggen | Blogista"},"content":{"rendered":"<p>(Suomeksi alla)<\/p>\n<p>Den h\u00e4r bloggen \u00e4r en plattform f\u00f6r samarbete inom projektet Habitability \u2013 f\u00f6r livskraftiga och bobara sk\u00e4rg\u00e5rds- och vattenomr\u00e5den. H\u00e4r kan vi dela information, st\u00e4lla fr\u00e5gor och dela med oss av tips, id\u00e9er och funderingar. H\u00e4r beh\u00f6ver tankarna inte vara f\u00e4rdigt t\u00e4nkta, vi utvecklar dem tillsammans!<\/p>\n<p><strong>Vill du ha in text som ett blogginl\u00e4gg? S\u00e4nd texten\/materialet till mia.henriksson@abo.fi<\/strong>. Det \u00e4r ocks\u00e5 fritt fram att skriva kommentarer under andras blogginl\u00e4gg. Vi g\u00f6r det sakligt och med eget namn synligt.<\/p>\n<p>Du v\u00e4ljer sj\u00e4lv om du skriver p\u00e5 svenska eller finska.<\/p>\n<p>***<\/p>\n<p>T\u00e4m\u00e4 blogi on perustettu alustana yhteisty\u00f6lle hankkeessa Habitability \u2013 elinvoimaisesti ja kest\u00e4v\u00e4sti asutut saaristo- ja vesist\u00f6alueet. Blogissa annamme vinkkej\u00e4, esit\u00e4mme kysymyksi\u00e4 ja jaamme tietoa ja ajatuksia. Blogissa ajatusten eiv\u00e4t tarvitse olla valmiiksi ajateltuja, vaan kehit\u00e4mme niit\u00e4 yhdess\u00e4!<\/p>\n<p><strong>Haluatko jakaa materiaalia \/ tekstej\u00e4 t\u00e4h\u00e4n blogiin? L\u00e4het\u00e4 materiaali osoitteeseen mia.henriksson@abo.fi.<\/strong> Voit my\u00f6s vapaasti kommentoida toisten blogitekstej\u00e4 suoraan blogiin. Kommentoimme asiallisesti ja oma nimi n\u00e4kyvill\u00e4.<\/p>\n<p>Valitset itse, kirjoitatko suomeksi tai ruotsiksi.<\/p>\n<p>&nbsp;<\/p>\n<hr \/>\n<p>Projektet Habitability \u2013 f\u00f6r livskraftiga och bobara sk\u00e4rg\u00e5rds- och vattenomr\u00e5den leds av Sk\u00e4rg\u00e5rdsinstitutet vid \u00c5bo Akademi, Centret f\u00f6r livsl\u00e5ngt l\u00e4rande.<\/p>\n<p>Habitability \u2013 elinvoimaisesti ja kest\u00e4v\u00e4sti asutut saaristo- ja vesist\u00f6alueet -hanketta johtaa \u00c5bo Akademin saaristoinstituutti, joka on osa Elinik\u00e4isen oppimisen keskusta.<\/p>\n<p><img loading=\"lazy\" decoding=\"async\" class=\"alignnone size-full wp-image-177\" src=\"http:\/\/blogs2.abo.fi\/habitability\/wp-content\/uploads\/sites\/219\/2022\/12\/Siaa_logo-150px-hog.png\" alt=\"\" width=\"122\" height=\"150\" \/><\/p>\n","protected":false},"excerpt":{"rendered":"<p>(Suomeksi alla) Den h\u00e4r bloggen \u00e4r en plattform f\u00f6r samarbete inom projektet Habitability \u2013 f\u00f6r livskraftiga och bobara sk\u00e4rg\u00e5rds- och vattenomr\u00e5den. H\u00e4r kan vi dela information, st\u00e4lla fr\u00e5gor och dela med oss av tips, id\u00e9er och funderingar. H\u00e4r beh\u00f6ver tankarna inte vara f\u00e4rdigt t\u00e4nkta, vi utvecklar dem tillsammans! Vill du ha in text som ett &hellip; <\/p>\n<p class=\"link-more\"><a href=\"https:\/\/blogs2.abo.fi\/habitability\/om-habitability-bloggen-habitability-blogista\/\" class=\"more-link\">Forts\u00e4tt l\u00e4sa<span class=\"screen-reader-text\"> \u201dOm bloggen | Blogista\u201d<\/span><\/a><\/p>\n","protected":false},"author":469,"featured_media":0,"parent":0,"menu_order":0,"comment_status":"closed","ping_status":"closed","template":"","meta":{"footnotes":""},"class_list":["post-11","page","type-page","status-publish","hentry"],"_links":{"self":[{"href":"https:\/\/blogs2.abo.fi\/habitability\/wp-json\/wp\/v2\/pages\/11","targetHints":{"allow":["GET"]}}],"collection":[{"href":"https:\/\/blogs2.abo.fi\/habitability\/wp-json\/wp\/v2\/pages"}],"about":[{"href":"https:\/\/blogs2.abo.fi\/habitability\/wp-json\/wp\/v2\/types\/page"}],"author":[{"embeddable":true,"href":"https:\/\/blogs2.abo.fi\/habitability\/wp-json\/wp\/v2\/users\/469"}],"replies":[{"embeddable":true,"href":"https:\/\/blogs2.abo.fi\/habitability\/wp-json\/wp\/v2\/comments?post=11"}],"version-history":[{"count":8,"href":"https:\/\/blogs2.abo.fi\/habitability\/wp-json\/wp\/v2\/pages\/11\/revisions"}],"predecessor-version":[{"id":183,"href":"https:\/\/blogs2.abo.fi\/habitability\/wp-json\/wp\/v2\/pages\/11\/revisions\/183"}],"wp:attachment":[{"href":"https:\/\/blogs2.abo.fi\/habitability\/wp-json\/wp\/v2\/media?parent=11"}],"curies":[{"name":"wp","href":"https:\/\/api.w.org\/{rel}","templated":true}]}}