{"id":74,"date":"2019-04-12T15:10:08","date_gmt":"2019-04-12T13:10:08","guid":{"rendered":"http:\/\/blogs2.abo.fi\/gemensammavagar2019\/?page_id=74"},"modified":"2019-04-12T15:16:56","modified_gmt":"2019-04-12T13:16:56","slug":"farjan-umea-vasa","status":"publish","type":"page","link":"https:\/\/blogs2.abo.fi\/gemensammavagar2019\/farjan-umea-vasa\/","title":{"rendered":"F\u00e4rjan Vasa-Ume\u00e5"},"content":{"rendered":"<p>Tidtabell f\u00f6r Wasalines f\u00e4rja hittar du <a href=\"https:\/\/www.wasaline.com\/tidtabell\/\">h\u00e4r<\/a><\/p>\n<p>F\u00e4rjan trafikerar dagligen rutten Vasa-Ume\u00e5. Priset f\u00f6r en tur-returbiljett \u00e4r 72 euro (720 SEK).<\/p>\n<p>Det finns busstransport tur-retur fr\u00e5n centrum av staden ut till hamnen i s\u00e5v\u00e4l Ume\u00e5 som Vasa. Boka g\u00e4rna din biljett p\u00e5 f\u00f6rhand via Wasalines hemsida.<\/p>\n","protected":false},"excerpt":{"rendered":"<p>Tidtabell f\u00f6r Wasalines f\u00e4rja hittar du h\u00e4r F\u00e4rjan trafikerar dagligen rutten Vasa-Ume\u00e5. Priset f\u00f6r en tur-returbiljett \u00e4r 72 euro (720 SEK). Det finns busstransport tur-retur fr\u00e5n centrum av staden ut till hamnen i s\u00e5v\u00e4l Ume\u00e5 som Vasa. Boka g\u00e4rna din &hellip; <a href=\"https:\/\/blogs2.abo.fi\/gemensammavagar2019\/farjan-umea-vasa\/\">Forts\u00e4tt l\u00e4sa <span class=\"meta-nav\">&rarr;<\/span><\/a><\/p>\n","protected":false},"author":459,"featured_media":0,"parent":0,"menu_order":0,"comment_status":"closed","ping_status":"closed","template":"","meta":{"footnotes":""},"class_list":["post-74","page","type-page","status-publish","hentry"],"_links":{"self":[{"href":"https:\/\/blogs2.abo.fi\/gemensammavagar2019\/wp-json\/wp\/v2\/pages\/74","targetHints":{"allow":["GET"]}}],"collection":[{"href":"https:\/\/blogs2.abo.fi\/gemensammavagar2019\/wp-json\/wp\/v2\/pages"}],"about":[{"href":"https:\/\/blogs2.abo.fi\/gemensammavagar2019\/wp-json\/wp\/v2\/types\/page"}],"author":[{"embeddable":true,"href":"https:\/\/blogs2.abo.fi\/gemensammavagar2019\/wp-json\/wp\/v2\/users\/459"}],"replies":[{"embeddable":true,"href":"https:\/\/blogs2.abo.fi\/gemensammavagar2019\/wp-json\/wp\/v2\/comments?post=74"}],"version-history":[{"count":2,"href":"https:\/\/blogs2.abo.fi\/gemensammavagar2019\/wp-json\/wp\/v2\/pages\/74\/revisions"}],"predecessor-version":[{"id":80,"href":"https:\/\/blogs2.abo.fi\/gemensammavagar2019\/wp-json\/wp\/v2\/pages\/74\/revisions\/80"}],"wp:attachment":[{"href":"https:\/\/blogs2.abo.fi\/gemensammavagar2019\/wp-json\/wp\/v2\/media?parent=74"}],"curies":[{"name":"wp","href":"https:\/\/api.w.org\/{rel}","templated":true}]}}