{"id":6,"date":"2019-02-26T10:00:37","date_gmt":"2019-02-26T08:00:37","guid":{"rendered":"http:\/\/blogs2.abo.fi\/gemensammavagar2019\/?page_id=6"},"modified":"2019-08-28T11:30:35","modified_gmt":"2019-08-28T09:30:35","slug":"om","status":"publish","type":"page","link":"https:\/\/blogs2.abo.fi\/gemensammavagar2019\/","title":{"rendered":"Om"},"content":{"rendered":"<p style=\"text-align: left\">Det \u00e5rliga konferensen inom n\u00e4tverket Gemensamma v\u00e4gar kommer att h\u00e5llas<br \/>\n<em>\u00a0 \u00a0 \u00a0 \u00a0 \u00a0 \u00a0 \u00a0 \u00a0 \u00a0 \u00a0 \u00a0 \u00a0 \u00a0 \u00a0 <strong>\u00a0 den 8\u20139 oktober 2019 vid \u00c5bo Akademi i Vasa.<\/strong><br \/>\n<\/em>V\u00e4rd f\u00f6r konferensen \u00e4r \u00e4mnet specialpedagogik vid Fakulteten f\u00f6r pedagogik och v\u00e4lf\u00e4rdsstudier vid \u00c5bo Akademi.<\/p>\n<p>Temat f\u00f6r \u00e5rets konferensen \u00e4r <em>En v\u00e4lm\u00e5ende skola f\u00f6r alla<\/em>. Plenarf\u00f6rel\u00e4sare \u00e4r Johan Korhonen (\u00c5bo Akademi), Kim Wickman (Ume\u00e5 universitet) och Anne Thorild Klomsten (Norges teknisk-naturvitenskapelige universitet)<\/p>\n<p>F\u00f6rutom plenarf\u00f6rel\u00e4sningar kommer konferensen att inneh\u00e5lla parallella dialoggrupper d\u00e4r forsknings- och utvecklingsprojekt presenteras.<\/p>\n<p style=\"text-align: center\">Varmt v\u00e4lkomna till Vasa!<\/p>\n<p style=\"text-align: center\"><em>Kristina Str\u00f6m (professor)<\/em><\/p>\n<p>&nbsp;<\/p>\n<p><span style=\"margin: 0px;color: #333333;font-family: 'Georgia',serif\">Gemensamma v\u00e4gar \u00e4r ett samarbetsn\u00e4tverk\u00a0 mellan \u00c5bo Akademi, Ume\u00e5 universitet och Nord universitetet (<\/span>Bod\u00f8\/Nesna\/Levanger, Norge)<span style=\"margin: 0px;color: #333333;font-family: 'Georgia',serif\">. N\u00e4tverket involverar s\u00e5v\u00e4l skolakt\u00f6rer som forskare inom det specialpedagogiska omr\u00e5det. Gemensamma V\u00e4gar ordnar \u00e5rligen en konferens enligt ett roterande system. Konferensen riktar sig till s\u00e5v\u00e4l l\u00e4rare och \u00f6vrig skolpersonal som l\u00e4rarutbildare och forskare.<\/span><\/p>\n<p><img loading=\"lazy\" decoding=\"async\" class=\"alignnone wp-image-82\" src=\"http:\/\/blogs2.abo.fi\/gemensammavagar2019\/wp-content\/uploads\/sites\/117\/2019\/04\/GV-medlemmar-loggor-300x61.png\" alt=\"\" width=\"669\" height=\"136\" srcset=\"https:\/\/blogs2.abo.fi\/gemensammavagar2019\/wp-content\/uploads\/sites\/117\/2019\/04\/GV-medlemmar-loggor-300x61.png 300w, https:\/\/blogs2.abo.fi\/gemensammavagar2019\/wp-content\/uploads\/sites\/117\/2019\/04\/GV-medlemmar-loggor-768x156.png 768w, https:\/\/blogs2.abo.fi\/gemensammavagar2019\/wp-content\/uploads\/sites\/117\/2019\/04\/GV-medlemmar-loggor-1024x208.png 1024w, https:\/\/blogs2.abo.fi\/gemensammavagar2019\/wp-content\/uploads\/sites\/117\/2019\/04\/GV-medlemmar-loggor.png 1465w\" sizes=\"auto, (max-width: 669px) 100vw, 669px\" \/><br \/>\n<span style=\"margin: 0px;color: #333333;font-family: 'Georgia',serif\">Mera information om n\u00e4tverket Gemensamma v\u00e4gar hittar du <\/span><a href=\"https:\/\/www.umu.se\/forskning\/grupper\/gemensamma-vagar\/\">h\u00e4r<\/a>:<\/p>\n<p>&nbsp;<\/p>\n<p>&nbsp;<\/p>\n","protected":false},"excerpt":{"rendered":"<p>Det \u00e5rliga konferensen inom n\u00e4tverket Gemensamma v\u00e4gar kommer att h\u00e5llas \u00a0 \u00a0 \u00a0 \u00a0 \u00a0 \u00a0 \u00a0 \u00a0 \u00a0 \u00a0 \u00a0 \u00a0 \u00a0 \u00a0 \u00a0 den 8\u20139 oktober 2019 vid \u00c5bo Akademi i Vasa. V\u00e4rd f\u00f6r konferensen \u00e4r \u00e4mnet specialpedagogik &hellip; <a href=\"https:\/\/blogs2.abo.fi\/gemensammavagar2019\/\">Forts\u00e4tt l\u00e4sa <span class=\"meta-nav\">&rarr;<\/span><\/a><\/p>\n","protected":false},"author":459,"featured_media":0,"parent":0,"menu_order":0,"comment_status":"closed","ping_status":"closed","template":"","meta":{"footnotes":""},"class_list":["post-6","page","type-page","status-publish","hentry"],"_links":{"self":[{"href":"https:\/\/blogs2.abo.fi\/gemensammavagar2019\/wp-json\/wp\/v2\/pages\/6","targetHints":{"allow":["GET"]}}],"collection":[{"href":"https:\/\/blogs2.abo.fi\/gemensammavagar2019\/wp-json\/wp\/v2\/pages"}],"about":[{"href":"https:\/\/blogs2.abo.fi\/gemensammavagar2019\/wp-json\/wp\/v2\/types\/page"}],"author":[{"embeddable":true,"href":"https:\/\/blogs2.abo.fi\/gemensammavagar2019\/wp-json\/wp\/v2\/users\/459"}],"replies":[{"embeddable":true,"href":"https:\/\/blogs2.abo.fi\/gemensammavagar2019\/wp-json\/wp\/v2\/comments?post=6"}],"version-history":[{"count":17,"href":"https:\/\/blogs2.abo.fi\/gemensammavagar2019\/wp-json\/wp\/v2\/pages\/6\/revisions"}],"predecessor-version":[{"id":136,"href":"https:\/\/blogs2.abo.fi\/gemensammavagar2019\/wp-json\/wp\/v2\/pages\/6\/revisions\/136"}],"wp:attachment":[{"href":"https:\/\/blogs2.abo.fi\/gemensammavagar2019\/wp-json\/wp\/v2\/media?parent=6"}],"curies":[{"name":"wp","href":"https:\/\/api.w.org\/{rel}","templated":true}]}}