{"id":10,"date":"2019-02-26T10:19:41","date_gmt":"2019-02-26T08:19:41","guid":{"rendered":"http:\/\/blogs2.abo.fi\/gemensammavagar2019\/?page_id=10"},"modified":"2019-08-27T14:57:53","modified_gmt":"2019-08-27T12:57:53","slug":"10-2","status":"publish","type":"page","link":"https:\/\/blogs2.abo.fi\/gemensammavagar2019\/10-2\/","title":{"rendered":"Anm\u00e4lan och deltagaravgift"},"content":{"rendered":"<p>Du anm\u00e4la dig som deltagare p\u00e5 konferensen via l\u00e4nken nedan. Du fyller f\u00f6rst i anm\u00e4lningsblankett d\u00e4r du v\u00e4ljer vilka dialoggrupper du vill delta i samt \u00e4ven betalningss\u00e4tt.<\/p>\n<ul>\n<li>Du kan betala direkt i \u00c5bo Akademis n\u00e4tbutik (webshop) med kreditkort eller via n\u00e4tbank (g\u00e4ller konferensavgift + ev. middag)<\/li>\n<\/ul>\n<p><strong>L\u00e4nk till webshopen hittar du <a href=\"https:\/\/shop.abo.fi\/p\/881-konferens-en-valmaende-skola-for-alla-8-9102019\/\">H\u00c4R<\/a><\/strong><\/p>\n<ul>\n<li>Du kan \u00e4ven v\u00e4lja att betala med faktura, faktureringsavgift tillkommer. (g\u00e4ller konferensavgift + ev. middag)<\/li>\n<li>Avgift f\u00f6r boende betalas direkt till hotellet av konferensdeltagarna om annat ej \u00f6verenskommits med \u00c5bo Akademi.<\/li>\n<\/ul>\n<p><a href=\"https:\/\/survey.abo.fi\/lomakkeet\/11775\/lomake.html\"><strong>TILL ANM\u00c4LAN<\/strong><\/a><\/p>\n<p><strong>Deltagaravgift<\/strong> (inkl. lunch tv\u00e5 dagar, kaffeserveringar och konferensmaterial): <strong>150 \u20ac<\/strong><\/p>\n<p><strong>Konferensmiddag <\/strong>tisdag 8.10 i foaj\u00e9n vid \u00c5bo Akademi<em>: <\/em><strong>50 \u20ac<\/strong><\/p>\n<p><strong>Boende<\/strong> p\u00e5 hotell (se \u00e4ven &#8221;Praktisk info&#8221;)<\/p>\n<ul>\n<li>100 \u20ac enkelrum<\/li>\n<li>ca 120 \u20ac dubbelrum<\/li>\n<\/ul>\n<p><strong>Sista anm\u00e4lningsdag(ar):<\/strong><\/p>\n<p>Om du \u00f6nskar anm\u00e4la dig till konferensen + boka hotellrum via oss \u00e4r sista anm\u00e4lningsdagen <strong>2 september 2019<\/strong>.<\/p>\n<p>Om du enbart anm\u00e4ler dig till konferensen \u00e4r sista anm\u00e4lningsdagen <strong>20 september 2019.<\/strong><\/p>\n<p>&nbsp;<\/p>\n","protected":false},"excerpt":{"rendered":"<p>Du anm\u00e4la dig som deltagare p\u00e5 konferensen via l\u00e4nken nedan. Du fyller f\u00f6rst i anm\u00e4lningsblankett d\u00e4r du v\u00e4ljer vilka dialoggrupper du vill delta i samt \u00e4ven betalningss\u00e4tt. Du kan betala direkt i \u00c5bo Akademis n\u00e4tbutik (webshop) med kreditkort eller via &hellip; <a href=\"https:\/\/blogs2.abo.fi\/gemensammavagar2019\/10-2\/\">Forts\u00e4tt l\u00e4sa <span class=\"meta-nav\">&rarr;<\/span><\/a><\/p>\n","protected":false},"author":459,"featured_media":0,"parent":0,"menu_order":0,"comment_status":"closed","ping_status":"closed","template":"","meta":{"footnotes":""},"class_list":["post-10","page","type-page","status-publish","hentry"],"_links":{"self":[{"href":"https:\/\/blogs2.abo.fi\/gemensammavagar2019\/wp-json\/wp\/v2\/pages\/10","targetHints":{"allow":["GET"]}}],"collection":[{"href":"https:\/\/blogs2.abo.fi\/gemensammavagar2019\/wp-json\/wp\/v2\/pages"}],"about":[{"href":"https:\/\/blogs2.abo.fi\/gemensammavagar2019\/wp-json\/wp\/v2\/types\/page"}],"author":[{"embeddable":true,"href":"https:\/\/blogs2.abo.fi\/gemensammavagar2019\/wp-json\/wp\/v2\/users\/459"}],"replies":[{"embeddable":true,"href":"https:\/\/blogs2.abo.fi\/gemensammavagar2019\/wp-json\/wp\/v2\/comments?post=10"}],"version-history":[{"count":18,"href":"https:\/\/blogs2.abo.fi\/gemensammavagar2019\/wp-json\/wp\/v2\/pages\/10\/revisions"}],"predecessor-version":[{"id":135,"href":"https:\/\/blogs2.abo.fi\/gemensammavagar2019\/wp-json\/wp\/v2\/pages\/10\/revisions\/135"}],"wp:attachment":[{"href":"https:\/\/blogs2.abo.fi\/gemensammavagar2019\/wp-json\/wp\/v2\/media?parent=10"}],"curies":[{"name":"wp","href":"https:\/\/api.w.org\/{rel}","templated":true}]}}