{"id":6,"date":"2023-03-30T12:35:11","date_gmt":"2023-03-30T09:35:11","guid":{"rendered":"https:\/\/blogs2.abo.fi\/folkligtskrivande\/?page_id=6"},"modified":"2023-09-26T12:33:27","modified_gmt":"2023-09-26T09:33:27","slug":"program","status":"publish","type":"page","link":"https:\/\/blogs2.abo.fi\/folkligtskrivande\/program\/","title":{"rendered":"Program 4\u20135.10.2023"},"content":{"rendered":"<p><em><strong>Keynote: <\/strong><\/em><em><strong>The Rural Diary Archive: The Value of Ordinary People&#8217;s Diaries<br \/>\n<\/strong><\/em><strong>CATHARINE A. WILSON, F.R.S.C., Redelmeier-professor i ruralhistoria, University of Guelph, Kanada<\/strong><\/p>\n<p><em>Diaries and unlikely documents: Exploring life writing\u00a0from below in nineteenth century Finland<\/em><br \/>\nANNA KUISMIN, docent i litteraturvetenskap vid Helsingfors universitet<\/p>\n<p><em>Spr\u00e5kvetare m\u00f6ter K\u00e5getr\u00e4skdagboken. Forskningsomr\u00e5den och fr\u00e5gor<\/em><br \/>\nANN-CATRINE EDLUND, professor i svenska spr\u00e5ket vid Mittuniversitetet<\/p>\n<p><em>Dagb\u00f6cker i brett perspektiv \u2013 folkligt skrivande i SLS arkivs samlingar<\/em><br \/>\nSUSANNE \u00d6STERLUND-P\u00d6TZSCH, Svenska Litteraturs\u00e4llskapet<\/p>\n<p><em>Arbete och k\u00f6n i egodokument: erfarenheter fr\u00e5n projektet Gender and work<\/em><br \/>\nKARIN HASSAN JANSSON, docent i historia och lektor p\u00e5 historiska institutionen vid Uppsala universitet<\/p>\n<p><em>Vad kan bondedagb\u00f6cker l\u00e4ra oss om f\u00f6rindustriellt naturresursnyttjande?<\/em><br \/>\nANNA WESTIN, docent i agrarhistoria, Sveriges lantbruksuniversitet Centrum och TOMMY LENNARTSSON, docent i naturv\u00e5rdsbiologi, Sveriges lantbruksuniversitet Centrum<\/p>\n<p><em>Dalarnas folkliga dagb\u00f6cker och skrivgl\u00e4djens digitalisering. Ett samarbetsprojekt mellan Dalarnas museum och Kungl. Gustav Adolfs Akademien<\/em><br \/>\nSIMON LANGWAGEN, antikvarie, Dalarnas museum<\/p>\n<p><em>Bland krimskrams och dyrgripar:\u00a0 tankar om konsumtion i n\u00e5gra dagb\u00f6cker fr\u00e5n 1800-talet<\/em><br \/>\nANNA SUNDELIN, \u00c5bo Akademi<\/p>\n<p>Som kommentatorer under symposiet fungerar docent i agrarhistoria BRITT LILJEWALL och professor emeritus i nordiska spr\u00e5k JAN-OLA \u00d6STMAN.<\/p>\n<p><strong>Onsdag 4.10<br \/>\n<\/strong><\/p>\n<p>13.00\u201313.20 V\u00e4lkomst och introduktion<\/p>\n<p>13.20\u201314.00 Susanne \u00d6sterlund-P\u00f6tzsch (SLS): <em>Dagb\u00f6cker i brett perspektiv \u2013 folkligt skrivande i SLS arkivs samlingar<\/em><\/p>\n<p>14.00\u201314.40 Simon Langwagen (Dalarnas museum): <em>Dalarnas folkliga dagb\u00f6cker och skrivgl\u00e4djens digitalisering. Ett samarbetsprojekt mellan Dalarnas museum och Kungl. Gustav Adolfs Akademien<\/em><\/p>\n<p>14.40\u201315.10 Kaffe<\/p>\n<p>15.10\u201315.50 Ann-Catrine Edlund (Mittuniversitetet): <em>Spr\u00e5kvetare m\u00f6ter K\u00e5getr\u00e4skdagboken. Forskningsomr\u00e5den och fr\u00e5gor<\/em><\/p>\n<p>16.00\u201317.00 Keynote: Catharine Wilson (University of Guelph): <em>The Rural Diary Archive: The Value of Ordinary People\u2019s Diaries<\/em><\/p>\n<p>18.00 Middag p\u00e5 Restaurang Gr\u00e4dda<\/p>\n<p><strong>Torsdag 5.10<\/strong><\/p>\n<p>09.30\u201309.40 Introduktion<\/p>\n<p>09.40\u201310.20 Karin Hassan Jansson (Uppsala universitet): <em>Arbete och k\u00f6n i egodokument: erfarenheter fr\u00e5n projektet Gender and Work<\/em><\/p>\n<p>10.20\u201310.50 Kaffe<\/p>\n<p>10.50\u201311.30 Anna Westin och Tommy Lennartson (SLU): <em>Vad kan bondedagb\u00f6cker l\u00e4ra oss om f\u00f6rindustriellt naturresursnyttjande?<\/em><\/p>\n<p>11.30\u201313.00 Lunch<\/p>\n<p>13.00\u201313.40 Anna Sundelin (\u00c5bo Akademi): <em>Bland krimskrams och dyrgripar:\u00a0 tankar om konsumtion i n\u00e5gra dagb\u00f6cker fr\u00e5n 1800-talet\u00a0<\/em><\/p>\n<p>13.40\u201314.20 Anna Kuismin (Helsingfors universitet): <em>Diaries and unlikely documents: Exploring life writing\u00a0from below in nineteenth century Finland<\/em><\/p>\n<p>14.20\u201315.00 Summering och avslut av Jan-Ola \u00d6stman och Britt Liljewall.<\/p>\n<p>&nbsp;<\/p>\n","protected":false},"excerpt":{"rendered":"<p>Keynote: The Rural Diary Archive: The Value of Ordinary People&#8217;s Diaries CATHARINE A. WILSON, F.R.S.C., Redelmeier-professor i ruralhistoria, University of Guelph, Kanada Diaries and unlikely documents: Exploring life writing\u00a0from below in nineteenth century Finland ANNA KUISMIN, docent i litteraturvetenskap vid Helsingfors universitet Spr\u00e5kvetare m\u00f6ter K\u00e5getr\u00e4skdagboken. Forskningsomr\u00e5den och fr\u00e5gor ANN-CATRINE EDLUND, professor i svenska spr\u00e5ket vid &hellip; <\/p>\n<p class=\"link-more\"><a href=\"https:\/\/blogs2.abo.fi\/folkligtskrivande\/program\/\" class=\"more-link\">Forts\u00e4tt l\u00e4sa<span class=\"screen-reader-text\"> \u201dProgram 4\u20135.10.2023\u201d<\/span><\/a><\/p>\n","protected":false},"author":523,"featured_media":0,"parent":0,"menu_order":0,"comment_status":"closed","ping_status":"closed","template":"","meta":{"footnotes":""},"class_list":["post-6","page","type-page","status-publish","hentry"],"_links":{"self":[{"href":"https:\/\/blogs2.abo.fi\/folkligtskrivande\/wp-json\/wp\/v2\/pages\/6","targetHints":{"allow":["GET"]}}],"collection":[{"href":"https:\/\/blogs2.abo.fi\/folkligtskrivande\/wp-json\/wp\/v2\/pages"}],"about":[{"href":"https:\/\/blogs2.abo.fi\/folkligtskrivande\/wp-json\/wp\/v2\/types\/page"}],"author":[{"embeddable":true,"href":"https:\/\/blogs2.abo.fi\/folkligtskrivande\/wp-json\/wp\/v2\/users\/523"}],"replies":[{"embeddable":true,"href":"https:\/\/blogs2.abo.fi\/folkligtskrivande\/wp-json\/wp\/v2\/comments?post=6"}],"version-history":[{"count":19,"href":"https:\/\/blogs2.abo.fi\/folkligtskrivande\/wp-json\/wp\/v2\/pages\/6\/revisions"}],"predecessor-version":[{"id":207,"href":"https:\/\/blogs2.abo.fi\/folkligtskrivande\/wp-json\/wp\/v2\/pages\/6\/revisions\/207"}],"wp:attachment":[{"href":"https:\/\/blogs2.abo.fi\/folkligtskrivande\/wp-json\/wp\/v2\/media?parent=6"}],"curies":[{"name":"wp","href":"https:\/\/api.w.org\/{rel}","templated":true}]}}