{"id":46,"date":"2023-04-05T15:19:54","date_gmt":"2023-04-05T12:19:54","guid":{"rendered":"https:\/\/blogs2.abo.fi\/folkligtskrivande\/?page_id=46"},"modified":"2023-08-11T15:42:02","modified_gmt":"2023-08-11T12:42:02","slug":"arrangorer","status":"publish","type":"page","link":"https:\/\/blogs2.abo.fi\/folkligtskrivande\/arrangorer\/","title":{"rendered":"Arrang\u00f6rer och kontakt"},"content":{"rendered":"<p>Symposiet <em>Folkligt skrivande 1750\u20131950: Dagb\u00f6cker som k\u00e4llor till vardagligt liv och emancipatoriskt skrivande<\/em> ordnas av Kungliga Gustav Adolfs Akademien och Svenska litteraturs\u00e4llskapet i Finland i samarbete med \u00c5bo Akademi.<\/p>\n<p>Styrgrupp:<br \/>\nprofessor Ann-Catrine Edlund, Mittuniversitetet<br \/>\ndocent Irene Flygare, Kungliga Gustav Adolfs Akademien<br \/>\nprofessor Johanna Ilmakunnas, \u00c5bo Akademi<br \/>\ndocent Britt Liljewall, Sveriges Lantbruksuniversitet<br \/>\nprofessor Lena Marander-Eklund, \u00c5bo Akademi<br \/>\nprofessor Fredrik Nilsson, \u00c5bo Akademi<br \/>\n\u00e4ldre universitetslektor Ann-Catrin \u00d6stman, \u00c5bo Akademi<\/p>\n<p><img loading=\"lazy\" decoding=\"async\" class=\"alignnone wp-image-64\" src=\"http:\/\/blogs2.abo.fi\/folkligtskrivande\/wp-content\/uploads\/sites\/240\/2023\/04\/sv_logo-300x200.jpg\" alt=\"\" width=\"122\" height=\"81\" srcset=\"https:\/\/blogs2.abo.fi\/folkligtskrivande\/wp-content\/uploads\/sites\/240\/2023\/04\/sv_logo-300x200.jpg 300w, https:\/\/blogs2.abo.fi\/folkligtskrivande\/wp-content\/uploads\/sites\/240\/2023\/04\/sv_logo.jpg 417w\" sizes=\"auto, (max-width: 122px) 100vw, 122px\" \/><img loading=\"lazy\" decoding=\"async\" class=\"alignnone wp-image-65\" src=\"http:\/\/blogs2.abo.fi\/folkligtskrivande\/wp-content\/uploads\/sites\/240\/2023\/04\/KGAA-300x118.png\" alt=\"\" width=\"165\" height=\"65\" srcset=\"https:\/\/blogs2.abo.fi\/folkligtskrivande\/wp-content\/uploads\/sites\/240\/2023\/04\/KGAA-300x118.png 300w, https:\/\/blogs2.abo.fi\/folkligtskrivande\/wp-content\/uploads\/sites\/240\/2023\/04\/KGAA.png 313w\" sizes=\"auto, (max-width: 165px) 100vw, 165px\" \/><img loading=\"lazy\" decoding=\"async\" class=\"alignnone wp-image-66\" src=\"http:\/\/blogs2.abo.fi\/folkligtskrivande\/wp-content\/uploads\/sites\/240\/2023\/04\/SLS.png\" alt=\"\" width=\"152\" height=\"49\" \/><img loading=\"lazy\" decoding=\"async\" class=\"alignnone wp-image-68\" src=\"http:\/\/blogs2.abo.fi\/folkligtskrivande\/wp-content\/uploads\/sites\/240\/2023\/04\/AboAkademi-logo.png\" alt=\"\" width=\"85\" height=\"75\" \/><\/p>\n<p>Vid eventuella fr\u00e5gor, kontakta konferenssekreterare Kajsa Varjonen kajsa.varjonen@abo.fi<\/p>\n","protected":false},"excerpt":{"rendered":"<p>Symposiet Folkligt skrivande 1750\u20131950: Dagb\u00f6cker som k\u00e4llor till vardagligt liv och emancipatoriskt skrivande ordnas av Kungliga Gustav Adolfs Akademien och Svenska litteraturs\u00e4llskapet i Finland i samarbete med \u00c5bo Akademi. Styrgrupp: professor Ann-Catrine Edlund, Mittuniversitetet docent Irene Flygare, Kungliga Gustav Adolfs Akademien professor Johanna Ilmakunnas, \u00c5bo Akademi docent Britt Liljewall, Sveriges Lantbruksuniversitet professor Lena Marander-Eklund, \u00c5bo &hellip; <\/p>\n<p class=\"link-more\"><a href=\"https:\/\/blogs2.abo.fi\/folkligtskrivande\/arrangorer\/\" class=\"more-link\">Forts\u00e4tt l\u00e4sa<span class=\"screen-reader-text\"> \u201dArrang\u00f6rer och kontakt\u201d<\/span><\/a><\/p>\n","protected":false},"author":811,"featured_media":0,"parent":0,"menu_order":0,"comment_status":"closed","ping_status":"closed","template":"","meta":{"footnotes":""},"class_list":["post-46","page","type-page","status-publish","hentry"],"_links":{"self":[{"href":"https:\/\/blogs2.abo.fi\/folkligtskrivande\/wp-json\/wp\/v2\/pages\/46","targetHints":{"allow":["GET"]}}],"collection":[{"href":"https:\/\/blogs2.abo.fi\/folkligtskrivande\/wp-json\/wp\/v2\/pages"}],"about":[{"href":"https:\/\/blogs2.abo.fi\/folkligtskrivande\/wp-json\/wp\/v2\/types\/page"}],"author":[{"embeddable":true,"href":"https:\/\/blogs2.abo.fi\/folkligtskrivande\/wp-json\/wp\/v2\/users\/811"}],"replies":[{"embeddable":true,"href":"https:\/\/blogs2.abo.fi\/folkligtskrivande\/wp-json\/wp\/v2\/comments?post=46"}],"version-history":[{"count":10,"href":"https:\/\/blogs2.abo.fi\/folkligtskrivande\/wp-json\/wp\/v2\/pages\/46\/revisions"}],"predecessor-version":[{"id":194,"href":"https:\/\/blogs2.abo.fi\/folkligtskrivande\/wp-json\/wp\/v2\/pages\/46\/revisions\/194"}],"wp:attachment":[{"href":"https:\/\/blogs2.abo.fi\/folkligtskrivande\/wp-json\/wp\/v2\/media?parent=46"}],"curies":[{"name":"wp","href":"https:\/\/api.w.org\/{rel}","templated":true}]}}