{"id":27,"date":"2023-04-04T12:50:19","date_gmt":"2023-04-04T09:50:19","guid":{"rendered":"https:\/\/blogs2.abo.fi\/folkligtskrivande\/?page_id=27"},"modified":"2023-09-07T10:26:14","modified_gmt":"2023-09-07T07:26:14","slug":"anmalan","status":"publish","type":"page","link":"https:\/\/blogs2.abo.fi\/folkligtskrivande\/anmalan\/","title":{"rendered":"Anm\u00e4lan"},"content":{"rendered":"<p>Anm\u00e4lan till symposiet har st\u00e4ngt, men du kan kontakta konferenssekreterare Kajsa Varjonen (kajsa.varjonen@abo.fi) om du vill delta.<\/p>\n<p><span style=\"color: #999999\">Observera att antalet deltagare \u00e4r begr\u00e4nsat.<\/span><\/p>\n<p><span style=\"color: #999999\">Kom ih\u00e5g att meddela eventuella speicaldieter ocks\u00e5 ifall du endast deltar p\u00e5 lunchen, men inte p\u00e5 middagen.<\/span><\/p>\n","protected":false},"excerpt":{"rendered":"<p>Anm\u00e4lan till symposiet har st\u00e4ngt, men du kan kontakta konferenssekreterare Kajsa Varjonen (kajsa.varjonen@abo.fi) om du vill delta. Observera att antalet deltagare \u00e4r begr\u00e4nsat. Kom ih\u00e5g att meddela eventuella speicaldieter ocks\u00e5 ifall du endast deltar p\u00e5 lunchen, men inte p\u00e5 middagen.<\/p>\n","protected":false},"author":811,"featured_media":0,"parent":0,"menu_order":0,"comment_status":"closed","ping_status":"closed","template":"","meta":{"footnotes":""},"class_list":["post-27","page","type-page","status-publish","hentry"],"_links":{"self":[{"href":"https:\/\/blogs2.abo.fi\/folkligtskrivande\/wp-json\/wp\/v2\/pages\/27","targetHints":{"allow":["GET"]}}],"collection":[{"href":"https:\/\/blogs2.abo.fi\/folkligtskrivande\/wp-json\/wp\/v2\/pages"}],"about":[{"href":"https:\/\/blogs2.abo.fi\/folkligtskrivande\/wp-json\/wp\/v2\/types\/page"}],"author":[{"embeddable":true,"href":"https:\/\/blogs2.abo.fi\/folkligtskrivande\/wp-json\/wp\/v2\/users\/811"}],"replies":[{"embeddable":true,"href":"https:\/\/blogs2.abo.fi\/folkligtskrivande\/wp-json\/wp\/v2\/comments?post=27"}],"version-history":[{"count":5,"href":"https:\/\/blogs2.abo.fi\/folkligtskrivande\/wp-json\/wp\/v2\/pages\/27\/revisions"}],"predecessor-version":[{"id":195,"href":"https:\/\/blogs2.abo.fi\/folkligtskrivande\/wp-json\/wp\/v2\/pages\/27\/revisions\/195"}],"wp:attachment":[{"href":"https:\/\/blogs2.abo.fi\/folkligtskrivande\/wp-json\/wp\/v2\/media?parent=27"}],"curies":[{"name":"wp","href":"https:\/\/api.w.org\/{rel}","templated":true}]}}