{"id":69,"date":"2023-11-20T08:10:50","date_gmt":"2023-11-20T08:10:50","guid":{"rendered":"https:\/\/blogs2.abo.fi\/firp\/?page_id=69"},"modified":"2024-03-12T10:27:15","modified_gmt":"2024-03-12T10:27:15","slug":"syftet-med-studien","status":"publish","type":"page","link":"https:\/\/blogs2.abo.fi\/firp\/syftet-med-studien\/","title":{"rendered":"Om forskningen"},"content":{"rendered":"<p><a href=\"https:\/\/blogs2.abo.fi\/firp\/registrera-dig\/\">Klicka h\u00e4r f\u00f6r att registrera dig!<\/a><\/p>\n<h2>Syftet med forskningen<\/h2>\n<p>Syftet med forskningen \u00e4r att unders\u00f6ka den dagliga dynamiken i v\u00e4lm\u00e5ende och relationer, eftersom man \u00e4nnu inte k\u00e4nner till dessa tillr\u00e4ckligt v\u00e4l. Det finns ett intresse att anv\u00e4nda appar b\u00e5de f\u00f6r eget bruk och inom klinisk behandling f\u00f6r att \u00f6ka f\u00f6rst\u00e5else om den dagliga dynamiken och med studien vill vi se om det g\u00e5r att ge insikt i just den h\u00e4r dynamiken med hj\u00e4lp av personliga feedbackprofiler. F\u00f6rhoppningen \u00e4r att profilerna kan ge en sj\u00e4lv b\u00e4ttre f\u00f6rst\u00e5else f\u00f6r hur man sj\u00e4lv m\u00e5r och\/eller hur man har det i sitt parf\u00f6rh\u00e5llande.<\/p>\n<h2>Varf\u00f6r delta?<\/h2>\n<p>I slutet av studien har du har m\u00f6jlighet att f\u00e5 en personlig feedbacksprofil som baserar sig p\u00e5 dina svar under studiens g\u00e5ng. Denna profil ger dig insikt i ditt v\u00e4lm\u00e5ende och i dina relationer, vilket kan ge upphov till exempelvis:<\/p>\n<ul>\n<li>sj\u00e4lvreflektion<\/li>\n<li>sj\u00e4lvk\u00e4nnedom<\/li>\n<li>insikt i hurdana faktorer som \u00e4r viktiga f\u00f6r ditt v\u00e4lm\u00e5ende och dina relationer<\/li>\n<li>insikt i hur olika faktorer i din vardag h\u00e4nger ihop och p\u00e5verkar varandra<\/li>\n<\/ul>\n<p>Ju l\u00e4ngre tid du svarar p\u00e5 de dagliga fr\u00e5gorna, desto djupare och mer helt\u00e4ckande profil kan du f\u00e5.\u00a0F\u00f6r att vi ska kunna skapa en tillf\u00f6rlitlig feedbackprofil beh\u00f6ver du delta i studien i minst tv\u00e5 m\u00e5nader. Ifall du avbryter studien i ett tidigare skede kan du \u00e4nd\u00e5 f\u00e5 det data som du gett fram tills dess i oprocesserad form.\u00a0Ifall du besvarar fr\u00e5geformul\u00e4r till studiens slut (minst 100 besvarade fr\u00e5geformul\u00e4r + uppf\u00f6ljningsformul\u00e4ret), kommer du ocks\u00e5 f\u00e5 ett presentkort till R-kiosken v\u00e4rt 25\u20ac. Med presentkortet kan du bland annat k\u00f6pa bio- eller evenemangsbiljetter, andra presentkort till exempelvis Ikea, Zalando, Amazon m.m. samt andra produkter. Du kan granska utbudet p\u00e5 <a href=\"https:\/\/www.r-kioski.fi\/\">https:\/\/www.r-kioski.fi\/<\/a> (endast p\u00e5 finska).\u00a0 Dessutom bidrar du till forskning!<\/p>\n<h3><strong>Profil i slutet av studien<\/strong><\/h3>\n<p>Profilen som du har m\u00f6jlighet att f\u00e5 visar m\u00f6nster \u00f6ver fenomen i dig sj\u00e4lv och\/eller ditt parf\u00f6rh\u00e5llande. Att f\u00e5 insikt i dessa m\u00f6nster kan vara f\u00f6rv\u00e5nande och tankev\u00e4ckande. Det \u00e4r dock normalt att det f\u00f6rekommer b\u00e5de mycket och lite variation i ens eget v\u00e4lm\u00e5ende och parf\u00f6rh\u00e5llande, vilket inte beh\u00f6ver betyda att n\u00e5got \u00e4r problematiskt. Man b\u00f6r \u00e4ven komma ih\u00e5g att profilen man f\u00e5r d\u00e5 man deltar i studien inte \u00e4r ett diagnostiskt verktyg, utan syftet med denna studie \u00e4r att ta reda p\u00e5 om det \u00f6verhuvudtaget g\u00e5r att skapa den h\u00e4r typen av profiler.<\/p>\n<h2>Tidslinje<\/h2>\n<p>Nedan beskriver vi studiens tidslinje och uppl\u00e4gg noggrannare.<\/p>\n<p><img loading=\"lazy\" decoding=\"async\" class=\"alignnone wp-image-224\" src=\"http:\/\/blogs2.abo.fi\/firp\/wp-content\/uploads\/sites\/252\/2024\/02\/Timeline_forskning-3-300x150.png\" alt=\"\" width=\"716\" height=\"358\" srcset=\"https:\/\/blogs2.abo.fi\/firp\/wp-content\/uploads\/sites\/252\/2024\/02\/Timeline_forskning-3-300x150.png 300w, https:\/\/blogs2.abo.fi\/firp\/wp-content\/uploads\/sites\/252\/2024\/02\/Timeline_forskning-3-1024x512.png 1024w, https:\/\/blogs2.abo.fi\/firp\/wp-content\/uploads\/sites\/252\/2024\/02\/Timeline_forskning-3-768x384.png 768w, https:\/\/blogs2.abo.fi\/firp\/wp-content\/uploads\/sites\/252\/2024\/02\/Timeline_forskning-3-1536x768.png 1536w, https:\/\/blogs2.abo.fi\/firp\/wp-content\/uploads\/sites\/252\/2024\/02\/Timeline_forskning-3-2048x1024.png 2048w\" sizes=\"auto, (max-width: 716px) 100vw, 716px\" \/><\/p>\n<h2>Sammanfattning av studien<\/h2>\n<p><span data-contrast=\"auto\">I studien kommer du dagligen i upp till fyra m\u00e5naders tid svara p\u00e5 n\u00e5gra fr\u00e5gor i appen Ethica (Avicenna) p\u00e5 din mobil. Fr\u00e5gorna kommer att finnas tillg\u00e4ngliga mellan kl. 21.00 och 04.00 p\u00e5 kv\u00e4llen och tar cirka 1\u20132 minuter att besvara efter att du vant dig med studien (i b\u00f6rjan kan det ta n\u00e5got l\u00e4ngre att fylla i fr\u00e5gorna). F\u00f6r dig som \u00e4r i ett f\u00f6rh\u00e5llande kommer fr\u00e5gorna att handla om ditt v\u00e4lm\u00e5ende och ditt parf\u00f6rh\u00e5llande. F\u00f6r dig som \u00e4r singel kommer fr\u00e5gorna att handla om ditt v\u00e4lm\u00e5ende och dina sociala relationer. F\u00f6rutom de dagliga fr\u00e5gorna kommer du ocks\u00e5 i b\u00f6rjan och slutet av studien att fylla i ett lite l\u00e4ngre fr\u00e5geformul\u00e4r om bakgrundsinformation, de h\u00e4r fr\u00e5gorna tar cirka 10-20 minuter att fylla i. Efter studiens slut kommer du ha m\u00f6jlighet att f\u00e5 en personlig feedbackprofil skickad till dig som baserar sig p\u00e5 dina svar p\u00e5 fr\u00e5gorna under studien. I din feedbackprofil kan du se hur dina svar har varierat \u00f6ver tid och du kan f\u00e5 f\u00f6rst\u00e5else f\u00f6r hur olika faktorer i ditt liv h\u00e4nger samman samt p\u00e5verkar varandra. Alla fr\u00e5gor kommer n\u00f6dv\u00e4ndigtvis inte med i profilen. Eftersom ett av forskningssyftena med studien \u00e4r att ta reda p\u00e5 om det k\u00e4nns meningsfullt att f\u00e5 den h\u00e4r typen av data kommer vi ocks\u00e5 att be dig ge feedback p\u00e5 hur du upplevde det att ta del av studien och din egen profil.\u00a0<\/span><\/p>\n<p>F\u00f6r n\u00e4rmare instruktioner hur du registrerar dig,\u00a0<a href=\"https:\/\/blogs2.abo.fi\/firp\/registrera-dig\/\">klicka h\u00e4r.<\/a><\/p>\n<p>&nbsp;<\/p>\n<p>&nbsp;<\/p>\n","protected":false},"excerpt":{"rendered":"<p>Klicka h\u00e4r f\u00f6r att registrera dig! Syftet med forskningen Syftet med forskningen \u00e4r att unders\u00f6ka den dagliga dynamiken i v\u00e4lm\u00e5ende och relationer, eftersom man \u00e4nnu inte k\u00e4nner till dessa tillr\u00e4ckligt v\u00e4l. Det finns ett intresse att anv\u00e4nda appar b\u00e5de f\u00f6r eget bruk och inom klinisk behandling f\u00f6r att \u00f6ka f\u00f6rst\u00e5else om den dagliga dynamiken och &hellip; <a href=\"https:\/\/blogs2.abo.fi\/firp\/syftet-med-studien\/\" class=\"more-link\">Forts\u00e4tt l\u00e4sa <span class=\"screen-reader-text\">Om forskningen<\/span> <span class=\"meta-nav\">&rarr;<\/span><\/a><\/p>\n","protected":false},"author":861,"featured_media":0,"parent":0,"menu_order":0,"comment_status":"closed","ping_status":"closed","template":"","meta":{"footnotes":""},"class_list":["post-69","page","type-page","status-publish","hentry"],"_links":{"self":[{"href":"https:\/\/blogs2.abo.fi\/firp\/wp-json\/wp\/v2\/pages\/69","targetHints":{"allow":["GET"]}}],"collection":[{"href":"https:\/\/blogs2.abo.fi\/firp\/wp-json\/wp\/v2\/pages"}],"about":[{"href":"https:\/\/blogs2.abo.fi\/firp\/wp-json\/wp\/v2\/types\/page"}],"author":[{"embeddable":true,"href":"https:\/\/blogs2.abo.fi\/firp\/wp-json\/wp\/v2\/users\/861"}],"replies":[{"embeddable":true,"href":"https:\/\/blogs2.abo.fi\/firp\/wp-json\/wp\/v2\/comments?post=69"}],"version-history":[{"count":23,"href":"https:\/\/blogs2.abo.fi\/firp\/wp-json\/wp\/v2\/pages\/69\/revisions"}],"predecessor-version":[{"id":281,"href":"https:\/\/blogs2.abo.fi\/firp\/wp-json\/wp\/v2\/pages\/69\/revisions\/281"}],"wp:attachment":[{"href":"https:\/\/blogs2.abo.fi\/firp\/wp-json\/wp\/v2\/media?parent=69"}],"curies":[{"name":"wp","href":"https:\/\/api.w.org\/{rel}","templated":true}]}}