{"id":26,"date":"2023-11-20T07:36:06","date_gmt":"2023-11-20T07:36:06","guid":{"rendered":"https:\/\/blogs2.abo.fi\/firp\/?page_id=26"},"modified":"2024-05-02T07:25:55","modified_gmt":"2024-05-02T07:25:55","slug":"valkommen","status":"publish","type":"page","link":"https:\/\/blogs2.abo.fi\/firp\/","title":{"rendered":"V\u00e4lkommen"},"content":{"rendered":"<p><em>To change language to English or Finnish, scroll down.<\/em><\/p>\n<h4><strong>Registreringen har avslutats, tack f\u00f6r att du visat intresse f\u00f6r studien!<\/strong><\/h4>\n<p style=\"text-align: left\"><span class=\"TextRun SCXW145877046 BCX0\" lang=\"SV-FI\" xml:lang=\"SV-FI\" data-contrast=\"auto\"><span class=\"NormalTextRun SCXW145877046 BCX0\">V\u00e4lkommen till hemsidan f\u00f6r <\/span><span class=\"NormalTextRun SCXW145877046 BCX0\">forskningen <\/span><span class=\"NormalTextRun SCXW145877046 BCX0\">i<\/span><span class=\"NormalTextRun SCXW145877046 BCX0\"> Interpersonella<\/span><span class=\"NormalTextRun SCXW145877046 BCX0\"> relationer (FIRP, Finnish Interpersonal Relationships Project)\u00a0<\/span><span class=\"NormalTextRun SCXW145877046 BCX0\">. Det \u00e4r en <\/span><span class=\"NormalTextRun SCXW145877046 BCX0\">upp till <\/span><span class=\"NormalTextRun SCXW145877046 BCX0\">fyra m\u00e5nader l\u00e5ng studie <\/span><span class=\"NormalTextRun SCXW145877046 BCX0\">om <\/span><span class=\"NormalTextRun SCXW145877046 BCX0\">relationer och <\/span><span class=\"NormalTextRun SCXW145877046 BCX0\">v\u00e4lm\u00e5ende. Forskningen unders\u00f6ker den dagliga dynamiken i v\u00e4lm\u00e5ende och relationer med hj\u00e4lp av en mobilapp.\u00a0<\/span><\/span><\/p>\n<p style=\"text-align: left\"><strong><span class=\"TextRun SCXW145877046 BCX0\" lang=\"SV-FI\" xml:lang=\"SV-FI\" data-contrast=\"auto\"><span class=\"NormalTextRun SCXW145877046 BCX0\">F\u00f6r vem?\u00a0<\/span><\/span><\/strong><span class=\"TextRun SCXW145877046 BCX0\" lang=\"SV-FI\" xml:lang=\"SV-FI\" data-contrast=\"auto\"><span class=\"NormalTextRun SCXW145877046 BCX0\">Alla \u00f6ver 18 \u00e5r och som \u00e4ger en smarttelefon <\/span><\/span>med operativsystemet Android eller iOS (iPhone) kan delta. Du kommer att f\u00e5 olika fr\u00e5gor beroende p\u00e5 om du \u00e4r singel eller i ett parf\u00f6rh\u00e5llande.<\/p>\n<p style=\"text-align: left\"><strong>Hur? <\/strong>Genom att ladda ner appen Ethica (Avicenna) appen och besvara fr\u00e5gor om hur du upplevt dagen varje kv\u00e4ll i upp till fyra m\u00e5naders tid. F\u00f6r tydliga instruktioner f\u00f6r hur du registrerar dig, <a href=\"https:\/\/blogs2.abo.fi\/firp\/registrera-dig\/\">klicka h\u00e4r.<\/a><\/p>\n<p style=\"text-align: left\"><strong>Varf\u00f6r? <\/strong>I slutet av studien kommer du att f\u00e5 en feedbacksprofil \u00f6ver dina data, som kan bidra till sj\u00e4lvreflektion och sj\u00e4lvk\u00e4nnedom kring ditt egna v\u00e4lm\u00e5ende och\/eller parf\u00f6rh\u00e5llande. Om du fullf\u00f6ljer studien kommer du dessutom f\u00e5 ett 25\u20ac presentkort till R-kiosken (d\u00e4r du bland annat kan k\u00f6pa andra presentkort, evenemangsbiljetter m.m.). Dessutom bidrar du till forskning!<\/p>\n<p>Om du vill l\u00e4sa mer om studien, <a href=\"https:\/\/blogs2.abo.fi\/firp\/syftet-med-studien\/\">klicka h\u00e4r<\/a>.<\/p>\n<h5><strong>Exempelprofil<\/strong><\/h5>\n<p>H\u00e4r nedan kan du se tv\u00e5 exempel p\u00e5 vad profilen kunde visa. Profilen kommer inneh\u00e5lla mer information \u00e4n de h\u00e4r tv\u00e5 exemplen och f\u00f6rutom graferna kommer du ocks\u00e5 f\u00e5 information om hur du kan tolka profilen.<\/p>\n<p>I exempel 1 ser du din dagliga variationen i gl\u00e4dje under studiens g\u00e5ng, tillsammans med en bl\u00e5 trendlinje som visar att din genomsnittliga gl\u00e4dje gick upp under den sista m\u00e5naden av studien. De r\u00f6da cirklarna visar dagarna du uppgav h\u00f6gst gl\u00e4dje, de dagarna var du ocks\u00e5 <span style=\"text-decoration: underline\">mer fysiskt aktiv<\/span> och <span style=\"text-decoration: underline\">mindre ensam<\/span> \u00e4n du brukar vara. De bl\u00e5 cirklarna visar dagarna du uppgav l\u00e4gst gl\u00e4dje, de dagarna var du ocks\u00e5 <span style=\"text-decoration: underline\">mer\u00a0tr\u00f6tt<\/span> och <span style=\"text-decoration: underline\">mer stressad<\/span> \u00e4n du brukar vara.<\/p>\n<p><img loading=\"lazy\" decoding=\"async\" class=\"alignnone size-full wp-image-242\" src=\"http:\/\/blogs2.abo.fi\/firp\/wp-content\/uploads\/sites\/252\/2024\/02\/FIRP-profilbild.jpg\" alt=\"\" width=\"761\" height=\"387\" srcset=\"https:\/\/blogs2.abo.fi\/firp\/wp-content\/uploads\/sites\/252\/2024\/02\/FIRP-profilbild.jpg 761w, https:\/\/blogs2.abo.fi\/firp\/wp-content\/uploads\/sites\/252\/2024\/02\/FIRP-profilbild-300x153.jpg 300w\" sizes=\"auto, (max-width: 761px) 100vw, 761px\" \/><\/p>\n<p>I exempel tv\u00e5 ser du dina genomsnittliga svar p\u00e5 olika fr\u00e5gor under vecka 6 i studien. Du var <span style=\"text-decoration: underline\">mer glad<\/span> och <span style=\"text-decoration: underline\">mer <\/span><span style=\"text-decoration: underline\">inspirerad<\/span> \u00e4n du brukar vara under den veckan.<\/p>\n<p><img loading=\"lazy\" decoding=\"async\" class=\"alignnone size-full wp-image-243\" src=\"http:\/\/blogs2.abo.fi\/firp\/wp-content\/uploads\/sites\/252\/2024\/02\/FIRP-profilbild2.jpg\" alt=\"\" width=\"545\" height=\"389\" srcset=\"https:\/\/blogs2.abo.fi\/firp\/wp-content\/uploads\/sites\/252\/2024\/02\/FIRP-profilbild2.jpg 545w, https:\/\/blogs2.abo.fi\/firp\/wp-content\/uploads\/sites\/252\/2024\/02\/FIRP-profilbild2-300x214.jpg 300w\" sizes=\"auto, (max-width: 545px) 100vw, 545px\" \/><\/p>\n<p>OBS! Profilerna \u00e4r fortfarande under arbete och de h\u00e4r exemplen motsvarar inte n\u00f6dv\u00e4ndigtvis den slutgiltiga profilen.<\/p>\n","protected":false},"excerpt":{"rendered":"<p>To change language to English or Finnish, scroll down. Registreringen har avslutats, tack f\u00f6r att du visat intresse f\u00f6r studien! V\u00e4lkommen till hemsidan f\u00f6r forskningen i Interpersonella relationer (FIRP, Finnish Interpersonal Relationships Project)\u00a0. Det \u00e4r en upp till fyra m\u00e5nader l\u00e5ng studie om relationer och v\u00e4lm\u00e5ende. Forskningen unders\u00f6ker den dagliga dynamiken i v\u00e4lm\u00e5ende och relationer &hellip; <a href=\"https:\/\/blogs2.abo.fi\/firp\/\" class=\"more-link\">Forts\u00e4tt l\u00e4sa <span class=\"screen-reader-text\">V\u00e4lkommen<\/span> <span class=\"meta-nav\">&rarr;<\/span><\/a><\/p>\n","protected":false},"author":861,"featured_media":0,"parent":0,"menu_order":0,"comment_status":"closed","ping_status":"closed","template":"","meta":{"footnotes":""},"class_list":["post-26","page","type-page","status-publish","hentry"],"_links":{"self":[{"href":"https:\/\/blogs2.abo.fi\/firp\/wp-json\/wp\/v2\/pages\/26","targetHints":{"allow":["GET"]}}],"collection":[{"href":"https:\/\/blogs2.abo.fi\/firp\/wp-json\/wp\/v2\/pages"}],"about":[{"href":"https:\/\/blogs2.abo.fi\/firp\/wp-json\/wp\/v2\/types\/page"}],"author":[{"embeddable":true,"href":"https:\/\/blogs2.abo.fi\/firp\/wp-json\/wp\/v2\/users\/861"}],"replies":[{"embeddable":true,"href":"https:\/\/blogs2.abo.fi\/firp\/wp-json\/wp\/v2\/comments?post=26"}],"version-history":[{"count":42,"href":"https:\/\/blogs2.abo.fi\/firp\/wp-json\/wp\/v2\/pages\/26\/revisions"}],"predecessor-version":[{"id":287,"href":"https:\/\/blogs2.abo.fi\/firp\/wp-json\/wp\/v2\/pages\/26\/revisions\/287"}],"wp:attachment":[{"href":"https:\/\/blogs2.abo.fi\/firp\/wp-json\/wp\/v2\/media?parent=26"}],"curies":[{"name":"wp","href":"https:\/\/api.w.org\/{rel}","templated":true}]}}