{"id":19,"date":"2023-11-20T07:26:20","date_gmt":"2023-11-20T07:26:20","guid":{"rendered":"https:\/\/blogs2.abo.fi\/firp\/?page_id=19"},"modified":"2024-02-22T10:42:58","modified_gmt":"2024-02-22T10:42:58","slug":"kontakt","status":"publish","type":"page","link":"https:\/\/blogs2.abo.fi\/firp\/kontakt\/","title":{"rendered":"Kontakt"},"content":{"rendered":"<p><a href=\"https:\/\/blogs2.abo.fi\/firp\/registrera-dig\/\">Klicka h\u00e4r f\u00f6r att registrera dig!<\/a><\/p>\n<p>Vid fr\u00e5gor kan du vara i kontakt med oss via mail:<\/p>\n<p>firp@abo.fi<\/p>\n<p><strong>Projektledare<\/strong><\/p>\n<ul>\n<li>Martin Lagerstr\u00f6m, martin.lagerstrom@abo.fi\n<ul>\n<li>PsM, doktorand i psykologi<\/li>\n<\/ul>\n<\/li>\n<li>Jeremia Sj\u00f6blom, jeremia.sjoblom@abo.fi\n<ul>\n<li>PsM, doktorand i psykologi<\/li>\n<\/ul>\n<\/li>\n<\/ul>\n<p><img loading=\"lazy\" decoding=\"async\" class=\"alignnone size-full wp-image-257\" src=\"http:\/\/blogs2.abo.fi\/firp\/wp-content\/uploads\/sites\/252\/2024\/02\/profilbilder.jpg\" alt=\"\" width=\"365\" height=\"243\" srcset=\"https:\/\/blogs2.abo.fi\/firp\/wp-content\/uploads\/sites\/252\/2024\/02\/profilbilder.jpg 365w, https:\/\/blogs2.abo.fi\/firp\/wp-content\/uploads\/sites\/252\/2024\/02\/profilbilder-300x200.jpg 300w\" sizes=\"auto, (max-width: 365px) 100vw, 365px\" \/><\/p>\n<p><strong>Forskningsbitr\u00e4den<\/strong><\/p>\n<ul>\n<li>Vera Eriksson<\/li>\n<li>Minea Lehtinen<\/li>\n<li>Laura Lundin<\/li>\n<li>Erica L\u00e5ngstr\u00f6m<\/li>\n<\/ul>\n","protected":false},"excerpt":{"rendered":"<p>Klicka h\u00e4r f\u00f6r att registrera dig! Vid fr\u00e5gor kan du vara i kontakt med oss via mail: firp@abo.fi Projektledare Martin Lagerstr\u00f6m, martin.lagerstrom@abo.fi PsM, doktorand i psykologi Jeremia Sj\u00f6blom, jeremia.sjoblom@abo.fi PsM, doktorand i psykologi Forskningsbitr\u00e4den Vera Eriksson Minea Lehtinen Laura Lundin Erica L\u00e5ngstr\u00f6m<\/p>\n","protected":false},"author":861,"featured_media":0,"parent":0,"menu_order":0,"comment_status":"closed","ping_status":"closed","template":"","meta":{"footnotes":""},"class_list":["post-19","page","type-page","status-publish","hentry"],"_links":{"self":[{"href":"https:\/\/blogs2.abo.fi\/firp\/wp-json\/wp\/v2\/pages\/19","targetHints":{"allow":["GET"]}}],"collection":[{"href":"https:\/\/blogs2.abo.fi\/firp\/wp-json\/wp\/v2\/pages"}],"about":[{"href":"https:\/\/blogs2.abo.fi\/firp\/wp-json\/wp\/v2\/types\/page"}],"author":[{"embeddable":true,"href":"https:\/\/blogs2.abo.fi\/firp\/wp-json\/wp\/v2\/users\/861"}],"replies":[{"embeddable":true,"href":"https:\/\/blogs2.abo.fi\/firp\/wp-json\/wp\/v2\/comments?post=19"}],"version-history":[{"count":16,"href":"https:\/\/blogs2.abo.fi\/firp\/wp-json\/wp\/v2\/pages\/19\/revisions"}],"predecessor-version":[{"id":268,"href":"https:\/\/blogs2.abo.fi\/firp\/wp-json\/wp\/v2\/pages\/19\/revisions\/268"}],"wp:attachment":[{"href":"https:\/\/blogs2.abo.fi\/firp\/wp-json\/wp\/v2\/media?parent=19"}],"curies":[{"name":"wp","href":"https:\/\/api.w.org\/{rel}","templated":true}]}}