{"id":17,"date":"2023-11-20T07:26:20","date_gmt":"2023-11-20T07:26:20","guid":{"rendered":"https:\/\/blogs2.abo.fi\/firp\/?page_id=17"},"modified":"2024-03-12T10:32:33","modified_gmt":"2024-03-12T10:32:33","slug":"faq","status":"publish","type":"page","link":"https:\/\/blogs2.abo.fi\/firp\/faq\/","title":{"rendered":"Vanliga fr\u00e5gor"},"content":{"rendered":"<p><a href=\"https:\/\/blogs2.abo.fi\/firp\/registrera-dig\/\">Klicka h\u00e4r f\u00f6r att registrera dig!<\/a><\/p>\n<p><span class=\"TextRun SCXW115839394 BCX0\" lang=\"SV-FI\" xml:lang=\"SV-FI\" data-contrast=\"none\"><span class=\"NormalTextRun SCXW115839394 BCX0\">Nedan <\/span><span class=\"NormalTextRun SCXW115839394 BCX0\">kommer du a<\/span><span class=\"NormalTextRun SCXW115839394 BCX0\">tt hitta svar p\u00e5 de<\/span><span class=\"NormalTextRun SCXW115839394 BCX0\"> vanligaste fr\u00e5gorna om deltaga<\/span><span class=\"NormalTextRun SCXW115839394 BCX0\">nde<\/span><span class=\"NormalTextRun SCXW115839394 BCX0\">t i denna studie. <\/span><span class=\"NormalTextRun SCXW115839394 BCX0\">Om du har fr\u00e5gor som inte finns listade h\u00e4r, kontakta oss via mail (<\/span><\/span><a class=\"Hyperlink SCXW115839394 BCX0\" href=\"mailto:firp@abo.fi\" target=\"_blank\" rel=\"noreferrer noopener\"><span class=\"TextRun Underlined SCXW115839394 BCX0\" lang=\"SV-FI\" xml:lang=\"SV-FI\" data-contrast=\"none\"><span class=\"NormalTextRun SCXW115839394 BCX0\" data-ccp-charstyle=\"Hyperlink\">firp@abo.fi<\/span><\/span><\/a><span class=\"TextRun SCXW115839394 BCX0\" lang=\"SV-FI\" xml:lang=\"SV-FI\" data-contrast=\"none\"><span class=\"NormalTextRun SCXW115839394 BCX0\">)<\/span><span class=\"NormalTextRun SCXW115839394 BCX0\">.\u00a0<\/span><\/span><span class=\"EOP SCXW115839394 BCX0\" data-ccp-props=\"{&quot;201341983&quot;:0,&quot;335559739&quot;:0,&quot;335559740&quot;:259}\">\u00a0<\/span><\/p>\n<h2>Allm\u00e4nna fr\u00e5gor:<\/h2>\n<p><strong>1. Vem kan delta?\u00a0<\/strong><\/p>\n<ul>\n<li><span data-contrast=\"none\">Alla \u00f6ver 18 \u00e5r! Vi rekryterar b\u00e5de personer som \u00e4r singlar och i ett parf\u00f6rh\u00e5llande. Du beh\u00f6ver ha en smarttelefon med antingen Android eller iOS (iPhone) som operativsystem f\u00f6r att kunna delta.\u00a0<\/span><\/li>\n<\/ul>\n<p><strong>2. Hur ser studiens tidslinje ut?\u00a0\u00a0<\/strong><\/p>\n<ul>\n<li data-leveltext=\"-\" data-font=\"Calibri\" data-listid=\"23\" data-list-defn-props=\"{&quot;335552541&quot;:1,&quot;335559684&quot;:-2,&quot;335559685&quot;:1080,&quot;335559991&quot;:360,&quot;469769226&quot;:&quot;Calibri&quot;,&quot;469769242&quot;:[8226],&quot;469777803&quot;:&quot;left&quot;,&quot;469777804&quot;:&quot;-&quot;,&quot;469777815&quot;:&quot;hybridMultilevel&quot;}\" data-aria-posinset=\"7\" data-aria-level=\"1\"><span data-contrast=\"auto\">Studien har tre steg: Steg 1 \u00e4r ett inledande fr\u00e5geformul\u00e4r om bakgrundsinformation. Steg 2 \u00e4r att besvara dagliga fr\u00e5gor i tv\u00e5 till fyra m\u00e5naders tid. Steg 3 \u00e4r ett avslutande fr\u00e5geformul\u00e4r och d\u00e5 har du \u00e4ven m\u00f6jlighet att f\u00e5 din personliga feedbackprofil. Se mer detaljerad information under fliken \u201dOm forskningen\u201d.\u00a0 <\/span><span data-ccp-props=\"{&quot;201341983&quot;:0,&quot;335559739&quot;:0,&quot;335559740&quot;:259}\">\u00a0<\/span><\/li>\n<\/ul>\n<p><strong>3. Vad f\u00e5r jag ut av att delta i studien?\u00a0<\/strong><\/p>\n<ul>\n<li data-leveltext=\"-\" data-font=\"Calibri\" data-listid=\"23\" data-list-defn-props=\"{&quot;335552541&quot;:1,&quot;335559684&quot;:-2,&quot;335559685&quot;:1080,&quot;335559991&quot;:360,&quot;469769226&quot;:&quot;Calibri&quot;,&quot;469769242&quot;:[8226],&quot;469777803&quot;:&quot;left&quot;,&quot;469777804&quot;:&quot;-&quot;,&quot;469777815&quot;:&quot;hybridMultilevel&quot;}\" data-aria-posinset=\"8\" data-aria-level=\"1\"><span data-contrast=\"auto\">I slutet av studien eller n\u00e4r du v\u00e4ljer att avbryta ditt deltagande har du m\u00f6jlighet att f\u00e5 en personlig feedbackprofil, som baserar sig p\u00e5 hur du svarat under studiens g\u00e5ng. Denna personliga profil ger dig insikt i ditt v\u00e4lm\u00e5ende och i dina relationer. Ju l\u00e4ngre tid du svarar p\u00e5 de dagliga fr\u00e5gorna, desto mer information har du m\u00f6jlighet att f\u00e5 i din personliga feedbackprofil. Ifall du fyller i formul\u00e4r till studiens slut (minst 100 besvarade fr\u00e5geformul\u00e4r + uppf\u00f6ljningsformul\u00e4ret), kommer du ocks\u00e5 f\u00e5 ett presentkort till R-kiosken v\u00e4rt 25\u20ac.<span style=\"color: #ff0000\">\u00a0<\/span><\/span><span style=\"color: #ff0000\" data-ccp-props=\"{&quot;201341983&quot;:0,&quot;335559739&quot;:0,&quot;335559740&quot;:259}\">\u00a0<\/span><\/li>\n<\/ul>\n<p><strong>4. Vad h\u00e4nder om jag vill avbryta studien?\u00a0<\/strong><\/p>\n<ul>\n<li data-leveltext=\"-\" data-font=\"Calibri\" data-listid=\"6\" data-list-defn-props=\"{&quot;335552541&quot;:1,&quot;335559684&quot;:-2,&quot;335559685&quot;:1080,&quot;335559991&quot;:360,&quot;469769226&quot;:&quot;Calibri&quot;,&quot;469769242&quot;:[8226],&quot;469777803&quot;:&quot;left&quot;,&quot;469777804&quot;:&quot;-&quot;,&quot;469777815&quot;:&quot;hybridMultilevel&quot;}\" data-aria-posinset=\"2\" data-aria-level=\"1\"><span data-contrast=\"none\">Du har r\u00e4tt att avbryta ditt deltagande n\u00e4r som helst under studiens g\u00e5ng. Du avbryter genom att i Ethica (Avicenna) v\u00e4lja \u201ddrop out of the study\u201d. Du kommer d\u00e5 att f\u00e5 m\u00f6jlighet att f\u00e5 det data du hittills gett men beroende p\u00e5 hur l\u00e4nge du deltagit s\u00e5 \u00e4r det inte garanterat att det g\u00e5r att skapa en personlig feedbackprofil, d\u00e5 profilerna beh\u00f6ver data \u00f6ver l\u00e4ngre tidsintervall f\u00f6r att vara beskrivande. <\/span><span data-contrast=\"none\">\u00a0<\/span><\/li>\n<\/ul>\n<p><strong>5. Jag vet inte hur jag ska tolka och besvara en eller flera fr\u00e5gor?<\/strong><\/p>\n<ul>\n<li>Ifall en fr\u00e5ga \u00e4r en otydlig eller om du \u00e4r os\u00e4ker p\u00e5 hur du ska besvara en fr\u00e5ga, v\u00e4lj sj\u00e4lv hur du tolkar fr\u00e5gan och besvara den p\u00e5 samma s\u00e4tt under hela studiens g\u00e5ng. D\u00e5 du f\u00e5r din personliga feedbackprofil, s\u00e5 vet du sedan sj\u00e4lv hur du har tolkat den fr\u00e5gan. Om du inte kommer p\u00e5 hur du ska besvara fr\u00e5gan, kontakta forskningsgruppen s\u00e5 hj\u00e4lper vi dig!<\/li>\n<\/ul>\n<p><strong>6. Fr\u00e5ga X \u00e4r inte relevant f\u00f6r mig, vad g\u00f6r jag?\u00a0<\/strong><\/p>\n<ul>\n<li>Om en fr\u00e5ga inte \u00e4r relevant f\u00f6r dig, kan du v\u00e4lja att hoppa \u00f6ver den fr\u00e5gan vissa dagar eller alla dagar, beroende p\u00e5 vad som k\u00e4nns l\u00e4mpligast.<\/li>\n<\/ul>\n<p><strong>7. Vad h\u00e4nder om jag g\u00f6r slut med min partner under studiens g\u00e5ng?\u00a0<\/strong><\/p>\n<ul>\n<li data-leveltext=\"-\" data-font=\"Calibri\" data-listid=\"6\" data-list-defn-props=\"{&quot;335552541&quot;:1,&quot;335559684&quot;:-2,&quot;335559685&quot;:1080,&quot;335559991&quot;:360,&quot;469769226&quot;:&quot;Calibri&quot;,&quot;469769242&quot;:[8226],&quot;469777803&quot;:&quot;left&quot;,&quot;469777804&quot;:&quot;-&quot;,&quot;469777815&quot;:&quot;hybridMultilevel&quot;}\" data-aria-posinset=\"3\" data-aria-level=\"1\"><span data-contrast=\"none\">Tyv\u00e4rr m\u00e5ste du avbryta ditt deltagande i studien, men du har \u00e4nd\u00e5 m\u00f6jlighet att f\u00e5 ditt data ifall du vill.<\/span><span data-ccp-props=\"{&quot;201341983&quot;:0,&quot;335559739&quot;:0,&quot;335559740&quot;:259}\">\u00a0<\/span><\/li>\n<\/ul>\n<p><strong>8. Vad h\u00e4nder om jag inleder ett parf\u00f6rh\u00e5llande under studiens g\u00e5ng?\u00a0<\/strong><\/p>\n<ul>\n<li data-leveltext=\"-\" data-font=\"Calibri\" data-listid=\"6\" data-list-defn-props=\"{&quot;335552541&quot;:1,&quot;335559684&quot;:-2,&quot;335559685&quot;:1080,&quot;335559991&quot;:360,&quot;469769226&quot;:&quot;Calibri&quot;,&quot;469769242&quot;:[8226],&quot;469777803&quot;:&quot;left&quot;,&quot;469777804&quot;:&quot;-&quot;,&quot;469777815&quot;:&quot;hybridMultilevel&quot;}\" data-aria-posinset=\"4\" data-aria-level=\"1\"><span data-contrast=\"none\">Att inleda ett parf\u00f6rh\u00e5llande hindrar inte ditt deltagande i studien. Du kan forts\u00e4tta besvara fr\u00e5gorna som vanligt. <\/span><span data-ccp-props=\"{&quot;201341983&quot;:0,&quot;335559739&quot;:0,&quot;335559740&quot;:259}\">\u00a0<\/span><\/li>\n<\/ul>\n<p><strong>9. Kan jag delta fast\u00e4n jag \u00e4r i ett l\u00e5ngdistansf\u00f6rh\u00e5llande?\u00a0<\/strong><\/p>\n<ul>\n<li data-leveltext=\"-\" data-font=\"Calibri\" data-listid=\"22\" data-list-defn-props=\"{&quot;335552541&quot;:1,&quot;335559684&quot;:-2,&quot;335559685&quot;:1080,&quot;335559991&quot;:360,&quot;469769226&quot;:&quot;Calibri&quot;,&quot;469769242&quot;:[8226],&quot;469777803&quot;:&quot;left&quot;,&quot;469777804&quot;:&quot;-&quot;,&quot;469777815&quot;:&quot;hybridMultilevel&quot;}\" data-aria-posinset=\"5\" data-aria-level=\"1\"><span data-contrast=\"none\">\u00a0Ja, det kan du. Du kan svara p\u00e5 fr\u00e5gorna utg\u00e5ende fr\u00e5n din egen situation s\u00e5 l\u00e4nge du tolkar fr\u00e5gorna p\u00e5 samma s\u00e4tt n\u00e4r du besvarar dem.\u00a0 <\/span><span data-ccp-props=\"{&quot;201341983&quot;:0,&quot;335559739&quot;:0,&quot;335559740&quot;:259}\">\u00a0<\/span><\/li>\n<\/ul>\n<p><strong>10. Kan jag delta fast\u00e4n jag \u00e4r i ett polyamor\u00f6st f\u00f6rh\u00e5llande?\u00a0<\/strong><\/p>\n<ul>\n<li data-leveltext=\"-\" data-font=\"Calibri\" data-listid=\"23\" data-list-defn-props=\"{&quot;335552541&quot;:1,&quot;335559684&quot;:-2,&quot;335559685&quot;:1080,&quot;335559991&quot;:360,&quot;469769226&quot;:&quot;Calibri&quot;,&quot;469769242&quot;:[8226],&quot;469777803&quot;:&quot;left&quot;,&quot;469777804&quot;:&quot;-&quot;,&quot;469777815&quot;:&quot;hybridMultilevel&quot;}\" data-aria-posinset=\"6\" data-aria-level=\"1\"><span data-contrast=\"auto\">\u00a0Ja, det kan du men v\u00e4lj en av dina relationer som du utg\u00e5r fr\u00e5n d\u00e5 du besvarar fr\u00e5gorna.<\/span><\/li>\n<\/ul>\n<p><strong>11. Vart kan jag v\u00e4nda mig om studien skulle v\u00e4cka negativa tankar och\/eller k\u00e4nslor hos mig?\u00a0<\/strong><\/p>\n<ul>\n<li><span data-contrast=\"auto\">Om du skulle uppleva att studien v\u00e4cker negativa tankar\/och eller k\u00e4nslor hos dig kan du bes\u00f6ka till exempel f\u00f6ljande l\u00e4nkar:<\/span>\n<ul>\n<li>\u00c4rligt talat-chatten: <a href=\"https:\/\/arligttalat.fi\/\">https:\/\/arligttalat.fi\/<\/a><\/li>\n<li>Studerandeh\u00e4lsan:\u00a0<a href=\"https:\/\/www.yths.fi\/sv\/startsida\/\">https:\/\/www.yths.fi\/sv\/startsida\/<\/a><\/li>\n<\/ul>\n<\/li>\n<\/ul>\n<ul>\n<li>Kom \u00e4nd\u00e5 ih\u00e5g att det \u00e4r normalt med variation i ens v\u00e4lm\u00e5ende och parf\u00f6rh\u00e5llande\u00a0 och beh\u00f6ver inte vara ett tecken p\u00e5 att n\u00e5got \u00e4r problematiskt.<\/li>\n<\/ul>\n<h2>Dataskydd<\/h2>\n<p><strong>12. Vem har tillg\u00e5ng till mitt data?\u00a0<\/strong><\/p>\n<ul>\n<li>Endast forskningsledarna Jeremia Sj\u00f6blom och Martin Lagerstr\u00f6m kommer att ha tillg\u00e5ng till ditt data i sin helhet. Pseudonymiserat gruppdata kan delas inom forskningsgruppen eller med andra i enlighet med riktlinjerna f\u00f6r \u00d6ppen vetenskap. Det kommer inte vara m\u00f6jligt att identifiera enskilda personer utifr\u00e5n det h\u00e4r gruppdatat.<\/li>\n<\/ul>\n<p><strong>13. Hur l\u00e4nge sparas mitt data?\u00a0<\/strong><\/p>\n<ul>\n<li>Dina uppgifter kommer att lagras i Ethicas (Avicennas) forskningsapp under studien. Dina personuppgifter kommer endast att hanteras av studiens huvudforskare (Jeremia Sj\u00f6blom och Martin Lagerstr\u00f6m) och kommer att behandlas med fullst\u00e4ndig sekretess. S\u00e5 snart det inte l\u00e4ngre \u00e4r n\u00f6dv\u00e4ndigt att koppla dina personuppgifter till din e-post kommer vi att g\u00f6ra uppgifterna pseudonyma genom att radera din e-postinformation. Efter avslutad studie kommer dina uppgifter att raderas fr\u00e5n Ethica (Avicennas) forskningsapp, och forskningsmaterialet att lagras p\u00e5 en sluten server vid \u00c5bo Akademi. I slutet av studien arkiveras forskningsmaterialet vid \u00c5bo Akademi.<\/li>\n<\/ul>\n<p><strong>14. Varf\u00f6r m\u00e5ste jag ange viss personlig information?<\/strong><\/p>\n<ul>\n<li>F\u00f6r att kunna delta i studien beh\u00f6ver du registrera dig hos Ethica (Avicenna) och i samband med det beh\u00f6ver du uppge en e-postadress. Ifall du \u00f6nskar f\u00e5 ditt eget data i slutet av studien, s\u00e5 beh\u00f6ver du ocks\u00e5 ange till vilken e-postadress du vill f\u00e5 ditt data skickat. Du kan ange olika e-postadresser f\u00f6r registrering och f\u00f6r att f\u00e5 ditt data.<\/li>\n<\/ul>\n<h2>Ethica (Avicenna)<\/h2>\n<p><strong>15. Vad h\u00e4nder om jag missar formul\u00e4ret en eller flera dagar?<\/strong><\/p>\n<ul>\n<li>Det g\u00f6r inget om du missar enstaka dagar, forts\u00e4tt bara fylla i formul\u00e4ren f\u00f6ljande g\u00e5ng du har m\u00f6jlighet. Om m\u00e5nga fr\u00e5geformul\u00e4r blir obesvarade kan det p\u00e5verka vilken information du kan f\u00e5 i din personliga feedbackprofil.<\/li>\n<\/ul>\n<p><strong>16. Jag f\u00e5r inte Ethica <span data-contrast=\"none\">(Avicenna)<\/span>&#8211; notifikationer, vad g\u00f6r jag?<\/strong><\/p>\n<ul>\n<li>Granska att appen har r\u00e4tt att skicka notifikationer till dig under &#8221;Inst\u00e4llningar &gt; Notifikationer&#8221;. Om du inte lyckas l\u00f6sa problemet, ta kontakt med forskningsteamet.<\/li>\n<\/ul>\n<p><strong>17. Vad h\u00e4nder om jag skaffar en ny telefon?<\/strong><\/p>\n<ul>\n<li>Ta kontakt med forskningsgruppen per e-post (firp@abo.fi), s\u00e5 hj\u00e4lper vi dig med hur du tar i bruk appen igen.<\/li>\n<\/ul>\n<p><strong>18. Jag har gl\u00f6mt mina inloggningsuppgifter till Ethica <span data-contrast=\"none\">(Avicenna)<\/span>, vad g\u00f6r jag?<\/strong><\/p>\n<ul>\n<li>Ethica (Avicenna) h\u00e5ller dig inloggad i appen under hela studiens g\u00e5ng. Om du \u00e4nd\u00e5 har blivit utloggad, anv\u00e4nd funktionen &#8221;jag har gl\u00f6mt mitt l\u00f6senord&#8221; i appen. Ifall problemen forts\u00e4tter, var i kontakt med forskningsgruppen.<\/li>\n<\/ul>\n<p><strong>19. Kan jag \u00e4ndra tiden som notisen kommer?<\/strong><\/p>\n<ul>\n<li>Nej, du kan inte \u00e4ndra tidpunkten d\u00e5 notisen kommer. D\u00e4remot kan du svara p\u00e5 fr\u00e5gorna mellan kl. 21.00 och 04.00, vilket inneb\u00e4r att du inte beh\u00f6ver svara direkt d\u00e5 du f\u00e5r notisen. Det g\u00f6r inte heller n\u00e5got om du r\u00e5kar missa ett par dagar, forts\u00e4tt bara fylla i formul\u00e4ren d\u00e5 du har m\u00f6jlighet.<\/li>\n<\/ul>\n<p><strong>20. Kommer jag f\u00e5 notiserna \u00e4ven om jag inte har internetuppkoppling?<\/strong><\/p>\n<ul>\n<li><span class=\"TextRun SCXW229696937 BCX0\" lang=\"SV-FI\" xml:lang=\"SV-FI\" data-contrast=\"none\"><span class=\"NormalTextRun SCXW229696937 BCX0\">Ja!<\/span><span class=\"NormalTextRun SCXW229696937 BCX0\"> N\u00e4r <\/span><span class=\"NormalTextRun SCXW229696937 BCX0\">d<\/span><span class=\"NormalTextRun SCXW229696937 BCX0\">u har kommit <\/span><span class=\"NormalTextRun SCXW229696937 BCX0\">ig\u00e5ng<\/span><span class=\"NormalTextRun SCXW229696937 BCX0\"> beh\u00f6ver du inte ha internetuppkoppling f\u00f6r att f\u00e5 fr\u00e5g<\/span><span class=\"NormalTextRun SCXW229696937 BCX0\">orna. Det \u00e4r bra att <\/span><span class=\"NormalTextRun SCXW229696937 BCX0\">ibland <\/span><span class=\"NormalTextRun SCXW229696937 BCX0\">vara uppkop<\/span><span class=\"NormalTextRun SCXW229696937 BCX0\">plad f\u00f6r att m\u00f6jligg\u00f6ra ditt data att synkas<\/span><span class=\"NormalTextRun SCXW229696937 BCX0\">, men det <\/span><span class=\"NormalTextRun SCXW229696937 BCX0\">kr\u00e4vs inte f\u00f6r att fr\u00e5geformul\u00e4ren och notifikationerna ska fungera.\u00a0<\/span><\/span><span class=\"EOP SCXW229696937 BCX0\" data-ccp-props=\"{&quot;201341983&quot;:0,&quot;335559739&quot;:0,&quot;335559740&quot;:259}\">\u00a0<\/span><\/li>\n<\/ul>\n<p><strong>21. Kan jag \u00e5ka p\u00e5 resa (byta tidszon) medan jag deltar i studien?<\/strong><\/p>\n<ul>\n<li>Ja! Formul\u00e4ren skickas ut enligt den tidszon du befinner dig i.<\/li>\n<\/ul>\n<p><strong>22. Jag kunde inte \u00e4ndra inst\u00e4llningarna som Ethica <span data-contrast=\"none\">(Avicenna)<\/span> bad mig om, vad g\u00f6r jag?<\/strong><\/p>\n<ul>\n<li>Om du \u00e4nd\u00e5 f\u00e5r notifikationer f\u00f6r de dagliga formul\u00e4ren kl. 21.00, s\u00e5 beh\u00f6ver du inte g\u00f6ra n\u00e5got. Om du inte f\u00e5r notifikationerna, se punkt 16 ovan. Om du inte lyckas l\u00f6sa problemet, ta kontakt med forskningsgruppen (firp@abo.fi).<\/li>\n<\/ul>\n","protected":false},"excerpt":{"rendered":"<p>Klicka h\u00e4r f\u00f6r att registrera dig! Nedan kommer du att hitta svar p\u00e5 de vanligaste fr\u00e5gorna om deltagandet i denna studie. Om du har fr\u00e5gor som inte finns listade h\u00e4r, kontakta oss via mail (firp@abo.fi).\u00a0\u00a0 Allm\u00e4nna fr\u00e5gor: 1. Vem kan delta?\u00a0 Alla \u00f6ver 18 \u00e5r! Vi rekryterar b\u00e5de personer som \u00e4r singlar och i ett &hellip; <a href=\"https:\/\/blogs2.abo.fi\/firp\/faq\/\" class=\"more-link\">Forts\u00e4tt l\u00e4sa <span class=\"screen-reader-text\">Vanliga fr\u00e5gor<\/span> <span class=\"meta-nav\">&rarr;<\/span><\/a><\/p>\n","protected":false},"author":861,"featured_media":0,"parent":0,"menu_order":0,"comment_status":"closed","ping_status":"closed","template":"","meta":{"footnotes":""},"class_list":["post-17","page","type-page","status-publish","hentry"],"_links":{"self":[{"href":"https:\/\/blogs2.abo.fi\/firp\/wp-json\/wp\/v2\/pages\/17","targetHints":{"allow":["GET"]}}],"collection":[{"href":"https:\/\/blogs2.abo.fi\/firp\/wp-json\/wp\/v2\/pages"}],"about":[{"href":"https:\/\/blogs2.abo.fi\/firp\/wp-json\/wp\/v2\/types\/page"}],"author":[{"embeddable":true,"href":"https:\/\/blogs2.abo.fi\/firp\/wp-json\/wp\/v2\/users\/861"}],"replies":[{"embeddable":true,"href":"https:\/\/blogs2.abo.fi\/firp\/wp-json\/wp\/v2\/comments?post=17"}],"version-history":[{"count":38,"href":"https:\/\/blogs2.abo.fi\/firp\/wp-json\/wp\/v2\/pages\/17\/revisions"}],"predecessor-version":[{"id":284,"href":"https:\/\/blogs2.abo.fi\/firp\/wp-json\/wp\/v2\/pages\/17\/revisions\/284"}],"wp:attachment":[{"href":"https:\/\/blogs2.abo.fi\/firp\/wp-json\/wp\/v2\/media?parent=17"}],"curies":[{"name":"wp","href":"https:\/\/api.w.org\/{rel}","templated":true}]}}