{"id":155,"date":"2023-12-07T14:08:43","date_gmt":"2023-12-07T14:08:43","guid":{"rendered":"https:\/\/blogs2.abo.fi\/firp\/?page_id=155"},"modified":"2024-03-12T10:27:52","modified_gmt":"2024-03-12T10:27:52","slug":"samtycke-och-dataskyddsmeddelande","status":"publish","type":"page","link":"https:\/\/blogs2.abo.fi\/firp\/samtycke-och-dataskyddsmeddelande\/","title":{"rendered":"Samtycke och dataskyddsmeddelande"},"content":{"rendered":"<p><a href=\"https:\/\/blogs2.abo.fi\/firp\/registrera-dig\/\">Klicka h\u00e4r f\u00f6r att registrera dig!<\/a><\/p>\n<p>H\u00e4r hittar du samtycke och dataskyddsmeddelande f\u00f6r studien.<\/p>\n<h3>Informerat samtycke<\/h3>\n<p>Vi bjuder in dig att delta i en vetenskaplig studie som unders\u00f6ker dynamiken av sociala relationer och psykiskt v\u00e4lbefinnande. F\u00f6r att delta m\u00e5ste du vara \u00f6ver 18 \u00e5r och ha tillg\u00e5ng till en smartphone. Deltagandet \u00e4r frivilligt och alla svar kommer att behandlas konfidentiellt. Du kan n\u00e4r som helst v\u00e4lja att avsluta ditt deltagande utan att ange n\u00e5got sk\u00e4l till det. De uppgifter som redan har samlats in kan inte raderas.<\/p>\n<p>Studien best\u00e5r av enk\u00e4ter som kommer att fyllas i Ethica-appen (Avicenna). F\u00f6rst kommer du att fylla i det h\u00e4r formul\u00e4ret och sedan ett bakgrundsformul\u00e4r som tar cirka 15 minuter att fylla i totalt. Dagen efter att du har fyllt i bakgrundsformul\u00e4ret kommer du att b\u00f6rja f\u00e5 aviseringar som l\u00e4nkar till ett kort fr\u00e5geformul\u00e4r p\u00e5 kv\u00e4llen i 120 dagars tid. Under 120-dagarsperioden \u00e4r fr\u00e5geformul\u00e4ret \u00f6ppet varje kv\u00e4ll fr\u00e5n kl. 21-04 och tar 1-3 minuter att fylla i. Efter de 120 dagarna kommer du att f\u00e5 ett uppf\u00f6ljningsformul\u00e4r. I detta skede har du m\u00f6jlighet att ange din e-postadress f\u00f6r att vi ska kunna skicka din feedbackprofil \u00e5t dig. Du kommer ocks\u00e5 att ha m\u00f6jlighet att fylla i ett avslutande fr\u00e5geformul\u00e4r f\u00f6r att ge oss feedback p\u00e5 din profil. Om du deltar i \u00f6ver 85 % av datainsamlingen (100 dagar med ifyllda fr\u00e5geformul\u00e4r) kommer du ocks\u00e5 att f\u00e5 ett presentkort p\u00e5 25 euro till R-Kioski (d\u00e4r det bland annat kan anv\u00e4ndas f\u00f6r att k\u00f6pa andra presentkort f\u00f6r ditt specifika intresse). Om du hoppar av studien f\u00f6re utg\u00e5ngen av 120 dagar kan du fortfarande f\u00e5 en begr\u00e4nsad personlig profil baserat p\u00e5 det data som du har fyllt i fram till den tidpunkten. Om du av n\u00e5gon anledning gl\u00f6mmer eller missar att fylla i det dagliga fr\u00e5geformul\u00e4ret \u00e4r det inget problem och du kan forts\u00e4tta att besvara dem n\u00e4sta dag.<\/p>\n<p>Om du \u00e4r i ett intimt f\u00f6rh\u00e5llande kommer du att f\u00e5 svara p\u00e5 fr\u00e5gor om ert f\u00f6rh\u00e5llande och fr\u00e5gor som r\u00f6r psykiskt v\u00e4lbefinnande, t.ex. k\u00e4nslor av ensamhet, depression och \u00e5ngest. Slutligen kommer du att f\u00e5 svara p\u00e5 n\u00e5gra fr\u00e5gor om beteende, t.ex. s\u00f6mnkvalitet och hur mycket du motionerat. Om ditt f\u00f6rh\u00e5llande tar slut innan studien \u00e4r avslutad ber vi dig v\u00e4nligen att avbryta ditt deltagande i studien.<\/p>\n<p>Om du \u00e4r singel kommer du att f\u00e5 svara p\u00e5 fr\u00e5gor om dina sociala relationer och hur du uppfattar dem. Du kommer ocks\u00e5 att f\u00e5 svara p\u00e5 fr\u00e5gor som r\u00f6r psykiskt v\u00e4lbefinnande, t.ex. k\u00e4nslor av ensamhet, depression och \u00e5ngest. Slutligen kommer du att f\u00e5 svara p\u00e5 n\u00e5gra fr\u00e5gor om beteende, t.ex. s\u00f6mnkvalitet och hur mycket du motionerat. Om du inleder ett intimt f\u00f6rh\u00e5llande under deltagandet p\u00e5verkar det inte deltagandet i studien och du kan forts\u00e4tta att besvara de dagliga enk\u00e4terna.<\/p>\n<p>F\u00f6r att du ska f\u00e5 din feedbackprofil i slutet av studien m\u00e5ste du ange en e-postadress som kommer att kopplas till dina personuppgifter. Denna e-postadress beh\u00f6ver inte vara densamma som du anv\u00e4nde f\u00f6r att registrera dig hos Ethica (Avicenna). F\u00f6rutom att du f\u00e5r dina uppgifter skickade till dig kommer det att finnas ett fr\u00e5geformul\u00e4r tillg\u00e4ngligt i Avicenna-appen, i detta fr\u00e5geformul\u00e4r f\u00e5r du svara p\u00e5 fr\u00e5gor om din upplevelse av studien och de uppgifter som du har f\u00e5tt. N\u00e4r du har fyllt i fr\u00e5geformul\u00e4ret kan du ta bort Avicenna-appen och studien \u00e4r slutf\u00f6rd.<\/p>\n<p>Dina uppgifter kommer att lagras i Ethicas (Avicennas) forskningsapp under studien. Dina personuppgifter kommer endast att hanteras av studiens huvudforskare (Jeremia Sj\u00f6blom och Martin Lagerstr\u00f6m) och kommer att behandlas med fullst\u00e4ndig sekretess. S\u00e5 snart det inte l\u00e4ngre \u00e4r n\u00f6dv\u00e4ndigt att koppla dina personuppgifter till din e-post kommer vi att g\u00f6ra uppgifterna pseudonyma genom att radera din e-postinformation. Efter avslutad studie kommer dina uppgifter att raderas fr\u00e5n Ethica (Avicennas) forskningsapp, och forskningsmaterialet att lagras p\u00e5 en sluten server vid \u00c5bo Akademi. I slutet av studien arkiveras forskningsmaterialet vid \u00c5bo Akademi. Pseudonymiserat forskningsmaterial kan ocks\u00e5 g\u00f6ras \u00f6ppet tillg\u00e4ngligt via ett online-arkiv.<\/p>\n<p>F\u00f6r mer information, l\u00e4s forskningens dataskyddsmeddelande.<\/p>\n<h3>Dataskyddsmeddelande<\/h3>\n<p><strong>\u00c5BO AKADEMI<\/strong><\/p>\n<p><strong><a href=\"..\/..\/jersjobl\/Downloads\/www.abo.fi\">www.abo.fi<\/a><\/strong><\/p>\n<p><strong>\u00a0<\/strong><\/p>\n<p><strong>DATASKYDDSMEDDELANDE \u00a0<\/strong><\/p>\n<p>enligt EU:s dataskyddsf\u00f6rordning GDPR, art. 13 och 14<\/p>\n<p><strong>Meddelandet g\u00e4ller:<\/strong><\/p>\n<p>Vetenskaplig forskning<\/p>\n<p><strong>Dynamiska system i sociala relationer<\/strong><\/p>\n<p>__________________________________________________________________________<\/p>\n<p><strong>Personuppgiftsansvarig<\/strong><\/p>\n<p>\u00c5bo Akademi<\/p>\n<p>Domkyrkotorget 3<\/p>\n<p>20500 \u00c5bo<\/p>\n<p>Finland<\/p>\n<p>\u00c5bo Akademi \u00e4r personuppgiftsansvarig f\u00f6r de personuppgifter som samlas in och behandlas i universitetets verksamhet \u2013 i undervisning, handledning, forskning, administration och samverkan, internt och externt.<\/p>\n<p>Ansvarig enhet f\u00f6r den behandling som beskrivs i detta dokument:<\/p>\n<p>Fakulteten f\u00f6r humaniora, psykologi och teologi<\/p>\n<p>Kontaktperson: Jeremia Sj\u00f6blom, Psykologi, jeremia.sjoblom@abo.fi, 0445120399<\/p>\n<p>Dataskyddsombud vid \u00c5bo Akademi: dataskydd@abo.fi, +358 2 215 31 (v\u00e4xel)<\/p>\n<p>_________________________________________________________________________<\/p>\n<p><strong>Varf\u00f6r behandlar vi dina personuppgifter?<\/strong><\/p>\n<p>Deltagandet \u00e4r frivilligt och pseudonymiserat. F\u00f6r att g\u00f6ra det m\u00f6jligt f\u00f6r er att f\u00e5 tillg\u00e5ng till ert egna data och m\u00f6jligheten att delta i uppf\u00f6ljning kommer vi att be om er e-postadress mot slutet av studien. Den kommer f\u00f6rvaras separat fr\u00e5n resten av ert data och kommer att raderas d\u00e5 vi skickat ut ditt data till dig i slutet av studien.<\/p>\n<p><strong>Enligt GDPR m\u00e5ste det finnas en r\u00e4ttslig grund f\u00f6r att behandla personuppgifter. R\u00e4ttslig grund f\u00f6r att behandla dina personuppgifter \u00e4r:<\/strong><\/p>\n<p>Allm\u00e4nt intresse eller offentlig makt: \u00c5bo Akademi har lagstadgade uppgifter av allm\u00e4nt intresse och r\u00e4tt att ut\u00f6va offentlig makt enligt universitetslagen. Vetenskaplig och historisk forskning \u00e4r exempel p\u00e5 en lagstadgad uppgift av allm\u00e4nt intresse.<\/p>\n<p>Allm\u00e4nt intresse eller offentlig makt: vi samlar in dina personuppgifter f\u00f6r att kunna g\u00f6ra forskning som \u00e4r av allm\u00e4nt intresse.<\/p>\n<p>Den r\u00e4ttsliga grunden f\u00f6r att hantera personuppgifter baserar sig p\u00e5 art. 6.1e och vidare p\u00e5 art. 9.2 j. Data kommer att lagras p\u00e5 s\u00e4kra servrar vid \u00c5bo Akademi. Endast Jeremia Sj\u00f6blom och Martin Lagerstr\u00f6m kommer att ha tillg\u00e5ng till e-postadresserna kopplade till data. Data kommer att pseudonymiseras genast d\u00e5 det inte \u00e4r n\u00f6dv\u00e4ndigt att kunna koppla ihop data med e-postadresser f\u00f6r forts\u00e4ttningsstudien. Det h\u00e4r sker senast 6 m\u00e5nader efter att studien avslutas.<\/p>\n<p><strong>Vilka personuppgifter behandlas och vem behandlar dem?<\/strong><\/p>\n<p>E-postadress. Information om depression, \u00e5ngest, ensamhet, stress, sexliv, relationskvalitet.<\/p>\n<p>Jeremia Sj\u00f6blom och Martin Lagerstr\u00f6m. Vi anlitar Avicenna Research som personuppgiftsansvarig f\u00f6r datainsamlingen.<\/p>\n<p><strong>Varifr\u00e5n samlas dina personuppgifter in och hur blir de behandlade?<\/strong><\/p>\n<p>Fr\u00e5n deltagaren sj\u00e4lv.<\/p>\n<p>Avicenna Research lagrar data s\u00e5 l\u00e4nge som studien p\u00e5g\u00e5r. Efter det laddas all data ner p\u00e5 s\u00e4kra servrar vid \u00c5bo Akademi och all data hos Avicenna Research raderas. E-postadresserna sparas tillf\u00e4lligt i en l\u00f6senordskyddad mapp p\u00e5 \u00c5bo Akademis server och raderas senast 6 m\u00e5nader efter att studien avslutats. I samband med publicerande av studier kan pseudonymiserade data publiceras enligt Open Science Framework.<\/p>\n<p>E-postaddresser raderas senast 6 m\u00e5nader efter att datainsamlingen avslutats. Pseudonymiserade data arkiveras f\u00f6r \u00e5teranv\u00e4ndning p\u00e5 skyddade servrar p\u00e5 \u00c5bo Akademi i 25 \u00e5r.<\/p>\n<p><strong>\u00d6verf\u00f6rs dina personuppgifter till en tredje part (utanf\u00f6r \u00c5bo Akademi) f\u00f6r behandling?<\/strong><\/p>\n<p>Nej, personuppgifterna kommer inte att \u00f6verf\u00f6ras f\u00f6r behandling utanf\u00f6r \u00c5bo Akademi.<\/p>\n<p><strong>L\u00e4mnas dina personuppgifter ut till en tredje part (utanf\u00f6r \u00c5bo Akademi) f\u00f6r den tredje partens behov?<\/strong><\/p>\n<p>Nej, personuppgifterna kommer inte att l\u00e4mnas ut utanf\u00f6r \u00c5bo Akademi.<\/p>\n<p><strong>\u00d6verf\u00f6rs dina personuppgifter utanf\u00f6r EU\/EES?<\/strong><\/p>\n<p>Personuppgifterna kan komma att \u00f6verf\u00f6ras tillf\u00e4lligt utanf\u00f6r EU\/EES p.g.a. det verktyg som anv\u00e4nds.<\/p>\n<p>Vi anlitar Avicenna Research som \u00e4r ett kanadensiskt privat f\u00f6retag f\u00f6r att samla in data. Kanadensiska f\u00f6retag har enlig EU kommissionen adekvat skydd av personuppgifter och kan d\u00e4rmed anlitas f\u00f6r att samla personuppgifter utan att beh\u00f6va till\u00e4ggs avtal.<\/p>\n<p>__________________________________________________________________________<\/p>\n<p><strong>Vilka r\u00e4ttigheter har du n\u00e4r \u00c5bo Akademi behandlar dina personuppgifter?<\/strong><\/p>\n<p>\u00c5bo Akademi ansvarar f\u00f6r att vidta l\u00e4mpliga tekniska och organisatoriska \u00e5tg\u00e4rder f\u00f6r att skydda personuppgifter mot obeh\u00f6rig eller olaglig behandling och mot skada p\u00e5 eller f\u00f6rlust av personuppgifter. Personuppgifter ska alltid behandlas p\u00e5 ett r\u00e4ttvist och \u00f6ppet s\u00e4tt i enlighet med g\u00e4llande dataskyddsbest\u00e4mmelser.<\/p>\n<p><strong>Enligt EU:s dataskyddsf\u00f6rordning GDPR (art. 12-22) har du r\u00e4tt att<\/strong><\/p>\n<p>&#8211; f\u00e5 klar och tydlig information om hur dina personuppgifter behandlas och hur du kan ut\u00f6va dina r\u00e4ttigheter (art. 12)<\/p>\n<p>&#8211; f\u00e5 tillg\u00e5ng till dina personuppgifter vid \u00c5bo Akademi och information om behandlingen (art. 15)<\/p>\n<p>&#8211; f\u00e5 dina personuppgifter korrigerade (art. 16).<\/p>\n<p>&#8211; f\u00e5 dina uppgifter raderade (&#8221;r\u00e4tten att bli bortgl\u00f6md&#8221;) i vissa situationer (art. 17)<\/p>\n<p>&#8211; begr\u00e4nsa behandlingen av dina personuppgifter i vissa situationer (art. 18)<\/p>\n<p>&#8211; f\u00e5 personuppgifterna \u00f6verf\u00f6rda mellan system i vissa situationer (art. 20)<\/p>\n<p>&#8211; inv\u00e4nda mot behandlingen av dina personuppgifter i vissa situationer (art. 21)<\/p>\n<p>&#8211; inte bli f\u00f6rem\u00e5l f\u00f6r automatiskt beslutsfattande, med vissa undantag (art. 22)<\/p>\n<p>Du har ocks\u00e5 r\u00e4tt att bli informerad om en personuppgiftsincident som inneb\u00e4r h\u00f6g risk f\u00f6r dina personuppgifter (art. 34).<\/p>\n<p><strong>N\u00e4r \u00e4ndam\u00e5let med behandlingen \u00e4r vetenskaplig forskning<\/strong>, statistik eller arkiv\u00e4ndam\u00e5l kan r\u00e4ttigheterna vara begr\u00e4nsade med st\u00f6d av dataskyddslagen (1050\/2018). Begr\u00e4nsningar i r\u00e4ttigheterna f\u00f6ruts\u00e4tter alltid s\u00e4rskilda skydds\u00e5tg\u00e4rder.<\/p>\n<p><strong>Om du har fr\u00e5gor om dina r\u00e4ttigheter<\/strong> kan du kontakta den ansvariga kontaktpersonen (se ovan) eller \u00c5bo Akademis dataskyddsombud (<a href=\"mailto:dataskydd@abo.fi\">dataskydd@abo.fi<\/a>). Se ocks\u00e5 den \u00f6vergripande informationen om behandling av personuppgifter p\u00e5 \u00c5bo Akademis webbsidor (<a href=\"http:\/\/www.abo.fi\/dataskydd\">www.abo.fi\/dataskydd<\/a>).<\/p>\n<p><strong>Du har r\u00e4tt att framf\u00f6ra klagom\u00e5l till dataskyddsmyndigheten<\/strong> om du anser att dina personuppgifter blivit olagligt behandlade enligt EU:s dataskyddsf\u00f6rordning GDPR.<\/p>\n<p>Kontaktuppgifter till dataskyddsmyndigheten:<\/p>\n<p>Dataombudsmannens byr\u00e5<\/p>\n<p>PB 800<\/p>\n<p>00531 Helsingfors<\/p>\n<p>+358 29 566 6700 (v\u00e4xel)<\/p>\n<p><a href=\"mailto:tietosuoja@om.fi\">tietosuoja@om.fi<\/a><\/p>\n<p><a href=\"https:\/\/tietosuoja.fi\/\">tietosuoja.fi<\/a><\/p>\n<h3>Vad kan profilen s\u00e4ga och vilka begr\u00e4nsningar har den?<\/h3>\n<p>Profilen kommer att inneh\u00e5lla beskrivningar och grafer \u00f6ver hur ditt v\u00e4lm\u00e5ende och\/eller ditt parf\u00f6rh\u00e5llande varierat under ditt deltagande i studien. Med hj\u00e4lp av profilen kommer du kunna se m\u00f6nster \u00f6ver vilka faktorer som h\u00e4nger ihop med varandra, m\u00f6nster som kan vara sv\u00e5ra att sj\u00e4lv se \u00f6ver en l\u00e4ngre tid.<\/p>\n<ul>\n<li>Profilen kan ge dig m\u00f6nster mellan fenomen i dig sj\u00e4lv\/ditt parf\u00f6rh\u00e5llande.<\/li>\n<li>Profilen kan visa p\u00e5 variation mellan dagar: det \u00e4r vanligt med b\u00e5de mycket och lite variation, beh\u00f6ver inte betyda att n\u00e5got \u00e4r problematiskt.<\/li>\n<li>Profilen \u00e4r inte ett diagnostiskt verktyg, syftet med forskning \u00e4r att ta reda p\u00e5 om det \u00f6verhuvudtaget g\u00e5r att skapa den h\u00e4r typen av profiler.<\/li>\n<\/ul>\n","protected":false},"excerpt":{"rendered":"<p>Klicka h\u00e4r f\u00f6r att registrera dig! H\u00e4r hittar du samtycke och dataskyddsmeddelande f\u00f6r studien. Informerat samtycke Vi bjuder in dig att delta i en vetenskaplig studie som unders\u00f6ker dynamiken av sociala relationer och psykiskt v\u00e4lbefinnande. F\u00f6r att delta m\u00e5ste du vara \u00f6ver 18 \u00e5r och ha tillg\u00e5ng till en smartphone. Deltagandet \u00e4r frivilligt och alla &hellip; <a href=\"https:\/\/blogs2.abo.fi\/firp\/samtycke-och-dataskyddsmeddelande\/\" class=\"more-link\">Forts\u00e4tt l\u00e4sa <span class=\"screen-reader-text\">Samtycke och dataskyddsmeddelande<\/span> <span class=\"meta-nav\">&rarr;<\/span><\/a><\/p>\n","protected":false},"author":829,"featured_media":0,"parent":0,"menu_order":0,"comment_status":"closed","ping_status":"closed","template":"","meta":{"footnotes":""},"class_list":["post-155","page","type-page","status-publish","hentry"],"_links":{"self":[{"href":"https:\/\/blogs2.abo.fi\/firp\/wp-json\/wp\/v2\/pages\/155","targetHints":{"allow":["GET"]}}],"collection":[{"href":"https:\/\/blogs2.abo.fi\/firp\/wp-json\/wp\/v2\/pages"}],"about":[{"href":"https:\/\/blogs2.abo.fi\/firp\/wp-json\/wp\/v2\/types\/page"}],"author":[{"embeddable":true,"href":"https:\/\/blogs2.abo.fi\/firp\/wp-json\/wp\/v2\/users\/829"}],"replies":[{"embeddable":true,"href":"https:\/\/blogs2.abo.fi\/firp\/wp-json\/wp\/v2\/comments?post=155"}],"version-history":[{"count":9,"href":"https:\/\/blogs2.abo.fi\/firp\/wp-json\/wp\/v2\/pages\/155\/revisions"}],"predecessor-version":[{"id":283,"href":"https:\/\/blogs2.abo.fi\/firp\/wp-json\/wp\/v2\/pages\/155\/revisions\/283"}],"wp:attachment":[{"href":"https:\/\/blogs2.abo.fi\/firp\/wp-json\/wp\/v2\/media?parent=155"}],"curies":[{"name":"wp","href":"https:\/\/api.w.org\/{rel}","templated":true}]}}