{"id":29,"date":"2023-12-13T16:11:07","date_gmt":"2023-12-13T16:11:07","guid":{"rendered":"https:\/\/blogs2.abo.fi\/firp-fi\/?page_id=29"},"modified":"2024-03-12T10:31:21","modified_gmt":"2024-03-12T10:31:21","slug":"suostumus-ja-tietosuojatiedote","status":"publish","type":"page","link":"https:\/\/blogs2.abo.fi\/firp-fi\/suostumus-ja-tietosuojatiedote\/","title":{"rendered":"Suostumus ja tietosuojatiedote"},"content":{"rendered":"<div><a href=\"https:\/\/blogs2.abo.fi\/firp-fi\/rekisteroidy\/\">Paina t\u00e4st\u00e4 rekister\u00f6ity\u00e4ksesi!<\/a><\/div>\n<div><\/div>\n<div class=\"mt-box\"><span id=\"e2e-MT\" class=\"mt-text\">T\u00e4\u00e4lt\u00e4 l\u00f6yd\u00e4t suostumuksen ja tietosuojaviestin tutkimusta varten.<\/span><\/div>\n<div>\n<h3><strong>Tietoon perustuva suostumus<\/strong><\/h3>\n<p>Kutsumme sinut l\u00e4mpim\u00e4sti osallistumaan tieteelliseen tutkimukseen, jossa tutkitaan sosiaalisten suhteiden ja psyykkisen hyvinvoinnin dynamiikkaa. Osallistuaksesi sinun on oltava yli 18-vuotias ja sinulla on oltava \u00e4lypuhelin k\u00e4yt\u00f6ss\u00e4. Osallistuminen on vapaaehtoista, ja kaikki vastaukset k\u00e4sitell\u00e4\u00e4n t\u00e4ysin luottamuksellisesti. Voit halutessasi lopettaa osallistumisesi miss\u00e4 vaiheessa tahansa ilmoittamatta syyt\u00e4. Jo ker\u00e4ttyj\u00e4 tietoja ei kuitenkaan voida poistaa.<\/p>\n<p>Tutkimus koostuu kyselyist\u00e4, jotka t\u00e4ytet\u00e4\u00e4n Ethica (Avicenna) -sovelluksessa. Ensin t\u00e4yt\u00e4t t\u00e4m\u00e4n kyselyn sek\u00e4 t\u00e4m\u00e4n j\u00e4lkeisen taustatietokyselyn, n\u00e4itten kyselyjen t\u00e4ytt\u00e4miseen kuluu yhteens\u00e4 noin 15 minuuttia. Esikyselyn t\u00e4ytt\u00e4misen j\u00e4lkeisen\u00e4 p\u00e4iv\u00e4n\u00e4 alat saada sovelluksen kautta ilmoituksia, jotka linkitt\u00e4v\u00e4t lyhyen kyselylomakkeeseen joka ilta 120 p\u00e4iv\u00e4n ajan. 120 p\u00e4iv\u00e4n aikana kyselylomake on auki joka ilta kello 21-04, ja sen t\u00e4ytt\u00e4minen kest\u00e4\u00e4 1-3 minuuttia. 120 p\u00e4iv\u00e4n j\u00e4lkeen p\u00e4ivitt\u00e4iset kyselyt loppuvat ja saat linkin seurantakyselyyn. T\u00e4ss\u00e4 vaiheessa sinulla on mahdollisuus antaa meille s\u00e4hk\u00f6postiosoitteesi, jotta voimme l\u00e4hett\u00e4\u00e4 palauteprofiilisi sinulle. Sinulla on my\u00f6s mahdollisuus osallistua loppukyselyyn, jossa voit antaa meille palautetta profiilistasi. Jos osallistut tiedonkeruuseen yli 85 %:n ajan (100 p\u00e4iv\u00e4\u00e4 t\u00e4ytettyj\u00e4 kyselylomakkeita), saat my\u00f6s 25 euron lahjakortin R-Kioskiin (josta voit k\u00e4ytt\u00e4\u00e4 sit\u00e4 muun muassa muiden, sinua kiinnostavien lahjakorttien ostamiseen). Jos keskeyt\u00e4t tutkimuksen ennen 120 p\u00e4iv\u00e4n p\u00e4\u00e4ttymist\u00e4, voit silti saada siihen asti antamasi tiedot rajoitettuna palauteprofiilina. Jos unohdat tai j\u00e4t\u00e4t jostain syyst\u00e4 t\u00e4ytt\u00e4m\u00e4tt\u00e4 p\u00e4ivitt\u00e4isen kyselylomakkeen, se ei ole ongelma ja voit jatkaa vastaamista seuraavana p\u00e4iv\u00e4n\u00e4.<\/p>\n<p>Jos olet intiimiss\u00e4 parisuhteessa, sinulta kysyt\u00e4\u00e4n kysymyksi\u00e4 parisuhteestasi ja henkiseen hyvinvointiin liittyvi\u00e4 kysymyksi\u00e4, kuten yksin\u00e4isyyden, masennuksen ja ahdistuksen tunteita. Tulet my\u00f6s vastaamaan k\u00e4ytt\u00e4ytymiseen koskeviin kysymyksiin, kuten unen laatuun ja liikunnan m\u00e4\u00e4r\u00e4\u00e4n. Jos parisuhteesi p\u00e4\u00e4ttyy ennen tutkimuksen loppumista, pyyd\u00e4mme sinua yst\u00e4v\u00e4llisesti lopettamaan osallistumisesi tutkimukseen.<\/p>\n<p>Jos olet sinkku, sinulle esitet\u00e4\u00e4n kysymyksi\u00e4 sosiaalisista suhteistasi ja k\u00e4sityksesi niist\u00e4. Sinulta kysyt\u00e4\u00e4n my\u00f6s henkiseen hyvinvointiin liittyvi\u00e4 kysymyksi\u00e4, kuten yksin\u00e4isyyden, masennuksen ja ahdistuksen tunteita. Tulet my\u00f6s vastaamaan k\u00e4ytt\u00e4ytymiseen koskeviin kysymyksiin, kuten unen laatuun ja liikunnan m\u00e4\u00e4r\u00e4\u00e4n. Jos aloitat intiimin suhteen osallistumisen aikana, se ei vaikuta tutkimukseen osallistumiseen ja voit jatkaa p\u00e4ivitt\u00e4isiin kyselyihin vastaamista.<\/p>\n<p>Jotta voit saada palauteprofiilisi tutkimuksen lopussa, sinun on annettava s\u00e4hk\u00f6postiosoitteesi, joka liitet\u00e4\u00e4n henkil\u00f6tietoihisi. T\u00e4m\u00e4n s\u00e4hk\u00f6postiosoitteen ei tarvitse olla sama, jota k\u00e4ytit rekister\u00f6ityess\u00e4si Ethica (Avicennaan). Sen lis\u00e4ksi, ett\u00e4 saat palauteprofiilin l\u00e4hetetty\u00e4 sinulle, Ethica (Avicenna)-sovelluksessa on saatavilla loppukyselylomake. T\u00e4ss\u00e4 kyselylomakkeessa kysyt\u00e4\u00e4n kysymyksi\u00e4 kokemuksestasi tutkimuksesta ja saamistasi tiedoista. Kun olet t\u00e4ytt\u00e4nyt t\u00e4m\u00e4n kyselylomakkeen, voit poistaa Ethica (Avicenna)-sovelluksen ja tutkimus on valmis.<\/p>\n<p>Tietosi tallennetaan Ethica (Avicennan) tutkimussovellukseen tutkimuksen aikana. Henkil\u00f6tietojasi k\u00e4sittelev\u00e4t vain tutkimuksen p\u00e4\u00e4tutkijat (Jeremia Sj\u00f6blom ja Martin Lagerstr\u00f6m), ja niit\u00e4 k\u00e4sitell\u00e4\u00e4n t\u00e4ysin luottamuksellisesti. Heti kun henkil\u00f6tietojasi ei ole en\u00e4\u00e4 tarpeen yhdist\u00e4\u00e4 s\u00e4hk\u00f6postiisi, teemme tiedoista pseudonyymej\u00e4 poistamalla s\u00e4hk\u00f6postitietosi. Tutkimuksen p\u00e4\u00e4tytty\u00e4 tietosi poistetaan Ethica (Avicennan) sovelluksesta, ja tutkimustiedot tallennetaan \u00c5bo Akademin yliopiston suljetuille palvelimille. Tutkimuksen p\u00e4\u00e4tytty\u00e4 tutkimusaineisto arkistoidaan \u00c5bo Akademin yliopistossa. Pseudonymisoitu tutkimusaineisto voidaan my\u00f6s asettaa avoimesti saataville verkkovaraston kautta.<\/p>\n<p>Tarkempaa tietoa voit lukea tutkimuksen tietosuojailmoituksesta.<\/p>\n<h3><strong>TIETOSUOJAILMOITUS<\/strong><\/h3>\n<p><strong>\u00c5BO AKADEMI<\/strong><\/p>\n<p><strong>www.abo.fi<\/strong><\/p>\n<p><strong>TIETOSUOJAILMOITUS<\/strong><\/p>\n<p>EU:n tietosuoja-asetuksen (GDPR:n) 13 ja 14 artiklan mukaan<\/p>\n<p><strong>Ilmoitus koskee:<\/strong><\/p>\n<p>Tieteellinen tutkimus<\/p>\n<p><strong>Suomen ihmis-suhde projekti<\/strong><\/p>\n<p>__________________________________________________________________________<\/p>\n<p><strong>Rekisterinpit\u00e4j\u00e4<\/strong><\/p>\n<p>\u00c5bo Akademi<\/p>\n<p>Tuomiokirkontori 3<\/p>\n<p>20500 Turku<\/p>\n<p>Suomi<\/p>\n<p>\u00c5bo Akademi on yliopiston toiminnassa ker\u00e4ttyjen ja k\u00e4sitelt\u00e4vien henkil\u00f6tietojen rekisterinpit\u00e4j\u00e4 &#8211; opetuksessa, ohjauksessa, tutkimuksessa, hallinnossa ja vuorovaikutuksessa, sis\u00e4isesti ja ulkoisesti.<\/p>\n<p>T\u00e4ss\u00e4 asiakirjassa kuvatun k\u00e4sittelyn vastuuyksikk\u00f6:<\/p>\n<p>Humanististen tieteiden, psykologian ja teologian tiedekunta<\/p>\n<p>Yhteyshenkil\u00f6: Jeremia Sj\u00f6blom, Psykologia, jeremia.sjoblom@abo.fi, 0445120399<\/p>\n<p>\u00c5bo Akademin tietosuojavastaava: dataskydd@abo.fi, +358 2 215 31 (vaihde)<\/p>\n<p>_________________________________________________________________________<\/p>\n<p><strong>Miksi k\u00e4sittelemme henkil\u00f6tietojasi?<\/strong><\/p>\n<p>Osallistuminen on vapaaehtoista ja pseudonymisoitua. Jotta voimme l\u00e4hett\u00e4\u00e4 tietosi sinulle ja mahdollistamaan osallistumisesi seurantaan, pyyd\u00e4mme s\u00e4hk\u00f6postiosoitteesi tutkimuksen lopu vaiheella. Se tallennetaan erill\u00e4\u00e4n muista tiedoistasi ja poistetaan, kun olemme l\u00e4hett\u00e4neet tietosi sinulle tutkimuksen lopussa.<\/p>\n<p><strong>GDPR:n mukaan henkil\u00f6tietojen k\u00e4sittelylle on oltava oikeudellinen peruste. Henkil\u00f6tietojesi k\u00e4sittelyn oikeusperuste on:<\/strong><\/p>\n<p>Yleist\u00e4 etua koskeva teht\u00e4v\u00e4 tai julkinen valta: \u00c5bo Akademilla on lakis\u00e4\u00e4teiset yleisen edun mukaiset teht\u00e4v\u00e4t ja oikeus k\u00e4ytt\u00e4\u00e4 julkista valtaa yliopistolain mukaisesti. Tieteellinen ja historiallinen tutkimus ovat esimerkkej\u00e4 lakis\u00e4\u00e4teisest\u00e4 yleisen edun mukaisesta teht\u00e4v\u00e4st\u00e4.<\/p>\n<p>Yleist\u00e4 etua koskeva teht\u00e4v\u00e4 tai julkinen valta: ker\u00e4\u00e4mme henkil\u00f6tietojasi yleisen edun mukaista tutkimusta varten.<\/p>\n<p>Henkil\u00f6tietojen k\u00e4sittelyn oikeusperuste perustuu 6 artiklan 1 kohdan e alakohtaan ja edelleen 9 artiklan 2 kohdan j alakohtaan. Tiedot tallennetaan \u00c5bo Akademin suojatuille palvelimille. Ainoastaan Jeremia Sj\u00f6blomilla ja Martin Lagerstr\u00f6mill\u00e4 on p\u00e4\u00e4sy tietoihin liittyviin s\u00e4hk\u00f6postiosoitteisiin. Tiedot pseudonymisoidaan v\u00e4litt\u00f6m\u00e4sti, koska jatkotutkimuksen kannalta ei ole tarpeen yhdist\u00e4\u00e4 tietoja s\u00e4hk\u00f6postiosoitteisiin. T\u00e4m\u00e4 tehd\u00e4\u00e4n viimeist\u00e4\u00e4n 6 kuukauden kuluttua tutkimuksen p\u00e4\u00e4ttymisest\u00e4.<\/p>\n<p><strong>Mit\u00e4 henkil\u00f6tietoja k\u00e4sitell\u00e4\u00e4n ja kuka niit\u00e4 k\u00e4sittelee?<\/strong><\/p>\n<p>S\u00e4hk\u00f6postiosoite. Tietoa masennuksesta, ahdistuksesta, yksin\u00e4isyydest\u00e4, stressist\u00e4, seksiel\u00e4m\u00e4st\u00e4 ja parisuhteen laadusta.<\/p>\n<p>Jeremia Sj\u00f6blom ja Martin Lagerstr\u00f6m. K\u00e4yt\u00e4mme Avicenna Researchia rekisterinpit\u00e4j\u00e4n\u00e4 tietojen ker\u00e4\u00e4misess\u00e4.<\/p>\n<p><strong>Mist\u00e4 henkil\u00f6tietojasi ker\u00e4t\u00e4\u00e4n ja miten niit\u00e4 k\u00e4sitell\u00e4\u00e4n?<\/strong><\/p>\n<p>Osallistujalta itselt\u00e4\u00e4n.<\/p>\n<p>Avicenna Research s\u00e4ilytt\u00e4\u00e4 tiedot tutkimuksen keston ajan. T\u00e4m\u00e4n j\u00e4lkeen kaikki tiedot ladataan \u00c5bo Akademin yliopiston suojatuille palvelimille ja kaikki tiedot Avicenna Researchista poistetaan. S\u00e4hk\u00f6postiosoitteet tallennetaan v\u00e4liaikaisesti salasanalla suojattuun kansioon \u00c5bo Akademin palvelimelle ja poistetaan viimeist\u00e4\u00e4n 6 kuukauden kuluttua tutkimuksen p\u00e4\u00e4ttymisest\u00e4. Tutkimusten julkaisemisen yhteydess\u00e4 pseudonymisoidut tiedot voidaan julkaista Open Science Frameworkin mukaisesti.<\/p>\n<p>S\u00e4hk\u00f6postiosoitteet poistetaan viimeist\u00e4\u00e4n 6 kuukauden kuluttua tiedonkeruun p\u00e4\u00e4ttymisest\u00e4. Pseudonymisoidut tiedot arkistoidaan uudelleenk\u00e4ytt\u00f6\u00e4 varten \u00c5bo Akademin turvallisille palvelimille 25 vuodeksi.<\/p>\n<p><strong>Siirret\u00e4\u00e4nk\u00f6 henkil\u00f6tietojasi kolmansille osapuolille (\u00c5bo Akademin ulkopuolelle) k\u00e4sittely\u00e4 varten?<\/strong><\/p>\n<p>Ei, henkil\u00f6tietoja ei siirret\u00e4 k\u00e4sitelt\u00e4v\u00e4ksi \u00c5bo Akademin ulkopuolelle.<\/p>\n<p><strong>Luovutetaanko henkil\u00f6tietojasi kolmannelle osapuolelle (\u00c5bo Akademin ulkopuolelle) kolmannen osapuolen tarpeita varten?<\/strong><\/p>\n<p>Ei, henkil\u00f6tietoja ei luovuteta \u00c5bo Akademin ulkopuolelle.<\/p>\n<p><strong>Siirret\u00e4\u00e4nk\u00f6 henkil\u00f6tietojasi EU\/ETA-alueen ulkopuolelle?<\/strong><\/p>\n<p>Henkil\u00f6tietoja saatetaan siirt\u00e4\u00e4 v\u00e4liaikaisesti EU:n\/ETA:n ulkopuolelle k\u00e4ytetyn ty\u00f6kalun vuoksi.<\/p>\n<p>K\u00e4yt\u00e4mme tietojen ker\u00e4\u00e4miseen Avicenna Researchia, joka on kanadalainen yksityinen yritys. EU:n komission mukaan kanadalaisilla yrityksill\u00e4 on riitt\u00e4v\u00e4 henkil\u00f6tietojen suoja, joten niit\u00e4 voidaan k\u00e4ytt\u00e4\u00e4 henkil\u00f6tietojen ker\u00e4\u00e4miseen ilman lis\u00e4sopimuksia.<\/p>\n<p>__________________________________________________________________________<\/p>\n<p><strong>Mit\u00e4 oikeuksia sinulla on, kun \u00c5bo Akademi k\u00e4sittelee henkil\u00f6tietojasi?<\/strong><\/p>\n<p>\u00c5bo Akademi on vastuussa asianmukaisten teknisten ja organisatoristen toimenpiteiden toteuttamisesta henkil\u00f6tietojen suojaamiseksi luvattomalta tai laittomalta k\u00e4sittelylt\u00e4 sek\u00e4 henkil\u00f6tietojen vahingoittumiselta tai katoamiselta. Henkil\u00f6tietoja tulee aina k\u00e4sitell\u00e4 reilulla ja l\u00e4pin\u00e4kyv\u00e4ll\u00e4 tavalla sovellettavien tietosuojam\u00e4\u00e4r\u00e4ysten mukaisesti.<\/p>\n<p><strong>EU:n tietosuoja-asetuksen GDPR:n 12-22 artiklan mukaan sinulla on oikeus<\/strong><\/p>\n<p>&#8211; saada selke\u00e4\u00e4 ja yksiselitteist\u00e4 tietoa siit\u00e4, miten henkil\u00f6tietojasi k\u00e4sitell\u00e4\u00e4n ja kuinka voit k\u00e4ytt\u00e4\u00e4 oikeuksiasi (12 artikla)<\/p>\n<p>&#8211; saada tutustua henkil\u00f6tietoihisi yliopistossa sek\u00e4 saada tietoa niiden k\u00e4sittelyst\u00e4 (15 artikla)<\/p>\n<p>&#8211; saada henkil\u00f6tietosi oikaistuksi (16 artikla).<em> Huom! \u00c5bo Akademin ty\u00f6ntekij\u00e4t ja opiskelijat voivat tehd\u00e4 korjauksia itse intranetin ohjeiden mukaan. <\/em><\/p>\n<p>&#8211; saada tietosi poistetuksi (\u201doikeus tulla unohdetuksi\u201d) tietyiss\u00e4 tilanteissa (17 artikla)<\/p>\n<p>&#8211; rajoittaa henkil\u00f6tietojesi k\u00e4sittely\u00e4 tietyiss\u00e4 tilanteissa (18 artikla)<\/p>\n<p>&#8211; siirt\u00e4\u00e4 tiedot j\u00e4rjestelm\u00e4st\u00e4 toiseen tietyiss\u00e4 tilanteissa (20 artikla)<\/p>\n<p>&#8211; vastustaa henkil\u00f6tietojesi k\u00e4sittely\u00e4 tietyiss\u00e4 tilanteissa (21 artikla)<\/p>\n<p>&#8211; olla joutumatta automaattisen p\u00e4\u00e4t\u00f6ksenteon kohteeksi, joitain poikkeuksia lukuun ottamatta (22 artikla)<\/p>\n<p>Sinulla on my\u00f6s oikeus saada tieto henkil\u00f6tietojen tietoturvaloukkauksesta, joka aiheuttaa korkean riskin henkil\u00f6tiedoille (34 artikla)<\/p>\n<p><strong>Kun tietojen k\u00e4sittelyn tarkoituksena on tieteellinen tutkimus, <\/strong>tilastointi tai arkistointi, oikeuksia voidaan rajoittaa tietosuojalain (1050\/2018) nojalla. Oikeuksien rajoittaminen vaatii aina erityisi\u00e4 suojatoimenpiteit\u00e4.<\/p>\n<p><strong>Jos sinulla on kysytt\u00e4v\u00e4\u00e4 oikeuksistasi,<\/strong> voit ottaa yhteytt\u00e4 vastuuhenkil\u00f6\u00f6n (ks. yll\u00e4) tai \u00c5bo Akademin tietosuojavastaavaan (<a href=\"mailto:dataskydd@abo.fi\">dataskydd@abo.fi<\/a>). Katso my\u00f6s yleiset tiedot henkil\u00f6tietojen k\u00e4sittelyst\u00e4 verkkosivulla <a href=\"https:\/\/www.abo.fi\/fi\/tietosuoja\/\">https:\/\/www.abo.fi\/fi\/tietosuoja\/<\/a>.<\/p>\n<p><strong>Voit ilmoittaa tietosuojavaltuutetulle<\/strong>, jos ep\u00e4ilet, ett\u00e4 henkil\u00f6tietojesi k\u00e4sittelyss\u00e4 on toimittu EU:n tietosuoja-asetuksen (GDPR:n) vastaisesti.<\/p>\n<p>Tietosuojavaltuutetun yhteystiedot<\/p>\n<p>Tietosuojavaltuutetun toimisto<\/p>\n<p>PL 800<\/p>\n<p>00531 Helsinki<\/p>\n<p>+358 29 566 6700 (vaihde)<\/p>\n<p><a href=\"mailto:tietosuoja@om.fi\">tietosuoja@om.fi<\/a><\/p>\n<p><a href=\"https:\/\/tietosuoja.fi\/\">tietosuoja.fi<\/a><\/p>\n<\/div>\n<div class=\"mp-speech mt-translation-speech ng-star-inserted\">\n<h3>Mit\u00e4 profiili voi kertoa, ja mit\u00e4 rajoituksia sill\u00e4 on?<\/h3>\n<p>Profiili tulee sis\u00e4lt\u00e4m\u00e4\u00e4n kuvauksia ja kuvaajia siit\u00e4, millaisia muutoksia hyvinvoinnissasi ja\/tai parisuhteessasi on tapahtunut tutkimuksen aikana. Profiilin avulla sinulla on mahdollisuus havaita kuvioita siit\u00e4, miten eri tekij\u00e4t liittyv\u00e4t toisiinsa. N\u00e4it\u00e4 voi muutoin olla vaikea itse huomata, varsinkin pitk\u00e4lt\u00e4 ajanjaksolta.<\/p>\n<ul>\n<li>Profiili voi antaa sinulle tietoa ilmi\u00f6iden v\u00e4lisist\u00e4 kuvioista itsess\u00e4si\/parisuhteessasi.<\/li>\n<li>Profiili voi antaa sinulle tietoa p\u00e4ivitt\u00e4isest\u00e4 vaihtelusta: sek\u00e4 isot ett\u00e4 pienet vaihtelut ovat normaaleja, eiv\u00e4tk\u00e4 v\u00e4ltt\u00e4m\u00e4tt\u00e4 kieli ongelmasta.<\/li>\n<li>Profiili ei ole diagnostinen v\u00e4line. Tutkimuksen tavoite on kartoittaa, mik\u00e4li t\u00e4ll\u00e4isen profiilin luominen on ylip\u00e4\u00e4t\u00e4\u00e4n mahdollista.<\/li>\n<\/ul>\n<\/div>\n","protected":false},"excerpt":{"rendered":"<p>Paina t\u00e4st\u00e4 rekister\u00f6ity\u00e4ksesi! T\u00e4\u00e4lt\u00e4 l\u00f6yd\u00e4t suostumuksen ja tietosuojaviestin tutkimusta varten. Tietoon perustuva suostumus Kutsumme sinut l\u00e4mpim\u00e4sti osallistumaan tieteelliseen tutkimukseen, jossa tutkitaan sosiaalisten suhteiden ja psyykkisen hyvinvoinnin dynamiikkaa. Osallistuaksesi sinun on oltava yli 18-vuotias ja sinulla on oltava \u00e4lypuhelin k\u00e4yt\u00f6ss\u00e4. Osallistuminen on vapaaehtoista, ja kaikki vastaukset k\u00e4sitell\u00e4\u00e4n t\u00e4ysin luottamuksellisesti. Voit halutessasi lopettaa osallistumisesi miss\u00e4 vaiheessa tahansa &hellip; <a href=\"https:\/\/blogs2.abo.fi\/firp-fi\/suostumus-ja-tietosuojatiedote\/\" class=\"more-link\">Forts\u00e4tt l\u00e4sa <span class=\"screen-reader-text\">Suostumus ja tietosuojatiedote<\/span> <span class=\"meta-nav\">&rarr;<\/span><\/a><\/p>\n","protected":false},"author":860,"featured_media":0,"parent":0,"menu_order":0,"comment_status":"closed","ping_status":"closed","template":"","meta":{"footnotes":""},"class_list":["post-29","page","type-page","status-publish","hentry"],"_links":{"self":[{"href":"https:\/\/blogs2.abo.fi\/firp-fi\/wp-json\/wp\/v2\/pages\/29","targetHints":{"allow":["GET"]}}],"collection":[{"href":"https:\/\/blogs2.abo.fi\/firp-fi\/wp-json\/wp\/v2\/pages"}],"about":[{"href":"https:\/\/blogs2.abo.fi\/firp-fi\/wp-json\/wp\/v2\/types\/page"}],"author":[{"embeddable":true,"href":"https:\/\/blogs2.abo.fi\/firp-fi\/wp-json\/wp\/v2\/users\/860"}],"replies":[{"embeddable":true,"href":"https:\/\/blogs2.abo.fi\/firp-fi\/wp-json\/wp\/v2\/comments?post=29"}],"version-history":[{"count":9,"href":"https:\/\/blogs2.abo.fi\/firp-fi\/wp-json\/wp\/v2\/pages\/29\/revisions"}],"predecessor-version":[{"id":155,"href":"https:\/\/blogs2.abo.fi\/firp-fi\/wp-json\/wp\/v2\/pages\/29\/revisions\/155"}],"wp:attachment":[{"href":"https:\/\/blogs2.abo.fi\/firp-fi\/wp-json\/wp\/v2\/media?parent=29"}],"curies":[{"name":"wp","href":"https:\/\/api.w.org\/{rel}","templated":true}]}}