{"id":27,"date":"2023-12-13T16:10:41","date_gmt":"2023-12-13T16:10:41","guid":{"rendered":"https:\/\/blogs2.abo.fi\/firp-fi\/?page_id=27"},"modified":"2024-02-22T12:00:33","modified_gmt":"2024-02-22T12:00:33","slug":"yhteystiedot","status":"publish","type":"page","link":"https:\/\/blogs2.abo.fi\/firp-fi\/yhteystiedot\/","title":{"rendered":"Yhteystiedot"},"content":{"rendered":"<p><a href=\"https:\/\/blogs2.abo.fi\/firp-fi\/rekisteroidy\/\">Paina t\u00e4st\u00e4 rekister\u00f6ity\u00e4ksesi!<\/a><\/p>\n<p>Jos sinulla on kysytt\u00e4v\u00e4\u00e4, ota meihin yhteytt\u00e4 s\u00e4hk\u00f6postitse:<\/p>\n<p>firp@abo.fi<\/p>\n<p><strong>Projektin vet\u00e4j\u00e4t<\/strong><\/p>\n<ul>\n<li>Martin Lagerstr\u00f6m, martin.lagerstrom@abo.fi\n<ul>\n<li>PsM, v\u00e4it\u00f6skirjatutkija, psykologia<\/li>\n<\/ul>\n<\/li>\n<li>Jeremia Sj\u00f6blom, jeremia.sjoblom@abo.fi\n<ul>\n<li>PsM, v\u00e4it\u00f6skirjatutkija, psykologia<\/li>\n<\/ul>\n<\/li>\n<\/ul>\n<p><img loading=\"lazy\" decoding=\"async\" class=\"alignnone size-full wp-image-136\" src=\"http:\/\/blogs2.abo.fi\/firp-fi\/wp-content\/uploads\/sites\/258\/2024\/02\/profilbilder.jpg\" alt=\"\" width=\"365\" height=\"243\" srcset=\"https:\/\/blogs2.abo.fi\/firp-fi\/wp-content\/uploads\/sites\/258\/2024\/02\/profilbilder.jpg 365w, https:\/\/blogs2.abo.fi\/firp-fi\/wp-content\/uploads\/sites\/258\/2024\/02\/profilbilder-300x200.jpg 300w\" sizes=\"auto, (max-width: 365px) 100vw, 365px\" \/><\/p>\n<p><strong>Tutkimusapulaiset<\/strong><\/p>\n<ul>\n<li>Vera Eriksson<\/li>\n<li>Minea Lehtinen<\/li>\n<li>Laura Lundin<\/li>\n<li>Erica L\u00e5ngstr\u00f6m<\/li>\n<\/ul>\n","protected":false},"excerpt":{"rendered":"<p>Paina t\u00e4st\u00e4 rekister\u00f6ity\u00e4ksesi! Jos sinulla on kysytt\u00e4v\u00e4\u00e4, ota meihin yhteytt\u00e4 s\u00e4hk\u00f6postitse: firp@abo.fi Projektin vet\u00e4j\u00e4t Martin Lagerstr\u00f6m, martin.lagerstrom@abo.fi PsM, v\u00e4it\u00f6skirjatutkija, psykologia Jeremia Sj\u00f6blom, jeremia.sjoblom@abo.fi PsM, v\u00e4it\u00f6skirjatutkija, psykologia Tutkimusapulaiset Vera Eriksson Minea Lehtinen Laura Lundin Erica L\u00e5ngstr\u00f6m<\/p>\n","protected":false},"author":860,"featured_media":0,"parent":0,"menu_order":0,"comment_status":"closed","ping_status":"closed","template":"","meta":{"footnotes":""},"class_list":["post-27","page","type-page","status-publish","hentry"],"_links":{"self":[{"href":"https:\/\/blogs2.abo.fi\/firp-fi\/wp-json\/wp\/v2\/pages\/27","targetHints":{"allow":["GET"]}}],"collection":[{"href":"https:\/\/blogs2.abo.fi\/firp-fi\/wp-json\/wp\/v2\/pages"}],"about":[{"href":"https:\/\/blogs2.abo.fi\/firp-fi\/wp-json\/wp\/v2\/types\/page"}],"author":[{"embeddable":true,"href":"https:\/\/blogs2.abo.fi\/firp-fi\/wp-json\/wp\/v2\/users\/860"}],"replies":[{"embeddable":true,"href":"https:\/\/blogs2.abo.fi\/firp-fi\/wp-json\/wp\/v2\/comments?post=27"}],"version-history":[{"count":15,"href":"https:\/\/blogs2.abo.fi\/firp-fi\/wp-json\/wp\/v2\/pages\/27\/revisions"}],"predecessor-version":[{"id":137,"href":"https:\/\/blogs2.abo.fi\/firp-fi\/wp-json\/wp\/v2\/pages\/27\/revisions\/137"}],"wp:attachment":[{"href":"https:\/\/blogs2.abo.fi\/firp-fi\/wp-json\/wp\/v2\/media?parent=27"}],"curies":[{"name":"wp","href":"https:\/\/api.w.org\/{rel}","templated":true}]}}