{"id":25,"date":"2023-12-13T16:10:25","date_gmt":"2023-12-13T16:10:25","guid":{"rendered":"https:\/\/blogs2.abo.fi\/firp-fi\/?page_id=25"},"modified":"2024-03-12T10:32:18","modified_gmt":"2024-03-12T10:32:18","slug":"ukk","status":"publish","type":"page","link":"https:\/\/blogs2.abo.fi\/firp-fi\/ukk\/","title":{"rendered":"UKK"},"content":{"rendered":"<p><a href=\"https:\/\/blogs2.abo.fi\/firp-fi\/rekisteroidy\/\">Paina t\u00e4st\u00e4 rekister\u00f6ity\u00e4ksesi!<\/a><\/p>\n<p>Alta l\u00f6yd\u00e4t vastaukset yleisimpiin kysymyksiin tutkimukseen liittyen. Mik\u00e4li et l\u00f6yd\u00e4 vastausta kysymykseesi alta, ota yhteytt\u00e4 s\u00e4hk\u00f6postitse (<a href=\"mailto:firp@abo.fi\">firp@abo.fi<\/a>)<\/p>\n<h2>Yleiset kysymykset:<\/h2>\n<p><strong>1. Kuka voi osallistua?\u00a0<\/strong><\/p>\n<ul>\n<li>Kaikki 18 vuotta t\u00e4ytt\u00e4neet! <span class=\"OYPEnA text-decoration-none text-strikethrough-none\">Rekrytoimme sek\u00e4 parisuhteessa olevia henkil\u00f6it\u00e4 ett\u00e4 sinkkuja. Sinulla tulee my\u00f6s olla \u00e4lypuhelin osallistuaksesi (Android tai iOS).\u00a0<\/span><\/li>\n<\/ul>\n<p><strong>2. Milt\u00e4 tutkimuksen aikajana n\u00e4ytt\u00e4\u00e4?\u00a0\u00a0<\/strong><span data-ccp-props=\"{&quot;201341983&quot;:0,&quot;335559739&quot;:0,&quot;335559740&quot;:259}\">\u00a0<\/span><\/p>\n<ul>\n<li data-leveltext=\"-\" data-font=\"Calibri\" data-listid=\"23\" data-list-defn-props=\"{&quot;335552541&quot;:1,&quot;335559684&quot;:-2,&quot;335559685&quot;:1080,&quot;335559991&quot;:360,&quot;469769226&quot;:&quot;Calibri&quot;,&quot;469769242&quot;:[8226],&quot;469777803&quot;:&quot;left&quot;,&quot;469777804&quot;:&quot;-&quot;,&quot;469777815&quot;:&quot;hybridMultilevel&quot;}\" data-aria-posinset=\"7\" data-aria-level=\"1\">Tutkimuksessa on kolme vaihetta: (lis\u00e4tietoja <a href=\"https:\/\/blogs2.abo.fi\/firp-fi\/tutkimus\/\">t\u00e4\u00e4ll\u00e4<\/a>)\n<ul>\n<li data-leveltext=\"-\" data-font=\"Calibri\" data-listid=\"23\" data-list-defn-props=\"{&quot;335552541&quot;:1,&quot;335559684&quot;:-2,&quot;335559685&quot;:1080,&quot;335559991&quot;:360,&quot;469769226&quot;:&quot;Calibri&quot;,&quot;469769242&quot;:[8226],&quot;469777803&quot;:&quot;left&quot;,&quot;469777804&quot;:&quot;-&quot;,&quot;469777815&quot;:&quot;hybridMultilevel&quot;}\" data-aria-posinset=\"7\" data-aria-level=\"1\">Vaihe 1: Taustatietokysely<\/li>\n<li data-leveltext=\"-\" data-font=\"Calibri\" data-listid=\"23\" data-list-defn-props=\"{&quot;335552541&quot;:1,&quot;335559684&quot;:-2,&quot;335559685&quot;:1080,&quot;335559991&quot;:360,&quot;469769226&quot;:&quot;Calibri&quot;,&quot;469769242&quot;:[8226],&quot;469777803&quot;:&quot;left&quot;,&quot;469777804&quot;:&quot;-&quot;,&quot;469777815&quot;:&quot;hybridMultilevel&quot;}\" data-aria-posinset=\"7\" data-aria-level=\"1\">Vaihe 2: P\u00e4ivitt\u00e4isiin kysymyksiin vastaaminen kahdesta nelj\u00e4\u00e4n kuukauteen<\/li>\n<li data-leveltext=\"-\" data-font=\"Calibri\" data-listid=\"23\" data-list-defn-props=\"{&quot;335552541&quot;:1,&quot;335559684&quot;:-2,&quot;335559685&quot;:1080,&quot;335559991&quot;:360,&quot;469769226&quot;:&quot;Calibri&quot;,&quot;469769242&quot;:[8226],&quot;469777803&quot;:&quot;left&quot;,&quot;469777804&quot;:&quot;-&quot;,&quot;469777815&quot;:&quot;hybridMultilevel&quot;}\" data-aria-posinset=\"7\" data-aria-level=\"1\">Vaihe 3: Loppukysely ja mahdollisuus saada henkil\u00f6kohtainen palauteprofiili<\/li>\n<\/ul>\n<\/li>\n<\/ul>\n<p><strong>3. Mit\u00e4 saan tutkimukseen osallistumisesta?\u00a0<\/strong><\/p>\n<ul>\n<li data-leveltext=\"-\" data-font=\"Calibri\" data-listid=\"23\" data-list-defn-props=\"{&quot;335552541&quot;:1,&quot;335559684&quot;:-2,&quot;335559685&quot;:1080,&quot;335559991&quot;:360,&quot;469769226&quot;:&quot;Calibri&quot;,&quot;469769242&quot;:[8226],&quot;469777803&quot;:&quot;left&quot;,&quot;469777804&quot;:&quot;-&quot;,&quot;469777815&quot;:&quot;hybridMultilevel&quot;}\" data-aria-posinset=\"8\" data-aria-level=\"1\">Tutkimuksen lopussa, tai kun p\u00e4\u00e4t\u00e4t keskeytt\u00e4\u00e4 osallistumisesi, sinulla on mahdollisuus saada henkil\u00f6kohtainen palauteprofiili, joka perustuu tutkimuksen aikana antamiisi vastauksiin. T\u00e4m\u00e4 profiili lis\u00e4\u00e4 tietoisuuttasi hyvinvoinnistasi ja ihmissuhteistasi. Mit\u00e4 pidemp\u00e4\u00e4n vastaat p\u00e4ivitt\u00e4isiin kysymyksiin, sit\u00e4 kattavamman profiilin saat. Mik\u00e4li jatkat vastaamista tutkimuksen loppuun asti (v\u00e4hint\u00e4\u00e4n 100 vastattua kysely\u00e4 + seurantakysely), tulet saamaan 25 euron arvoisen lahjakortin R-kioskille.<\/li>\n<\/ul>\n<p><strong>4. Mit\u00e4 tapahtuu, jos haluan keskeytt\u00e4\u00e4 tutkimuksen?\u00a0<\/strong><\/p>\n<ul>\n<li data-leveltext=\"-\" data-font=\"Calibri\" data-listid=\"6\" data-list-defn-props=\"{&quot;335552541&quot;:1,&quot;335559684&quot;:-2,&quot;335559685&quot;:1080,&quot;335559991&quot;:360,&quot;469769226&quot;:&quot;Calibri&quot;,&quot;469769242&quot;:[8226],&quot;469777803&quot;:&quot;left&quot;,&quot;469777804&quot;:&quot;-&quot;,&quot;469777815&quot;:&quot;hybridMultilevel&quot;}\" data-aria-posinset=\"2\" data-aria-level=\"1\">Sinulla on koska tahansa oikeus keskeytt\u00e4\u00e4 osallistumisesi. T\u00e4m\u00e4n teet Ethica (Avicenna)-sovelluksessa valitsemalla &#8221;drop out of the study&#8221;. Sinulla on t\u00e4ll\u00f6in mahdollisuus saada se data, mik\u00e4 on siihen menness\u00e4 ker\u00e4tty. Huomioithan, ett\u00e4 ei ole taattua, ett\u00e4 pystymme tuottaamaan sinulle henkil\u00f6kohtaisen palauteprofiilin keskeytt\u00e4misen yhteydess\u00e4, sill\u00e4 t\u00e4m\u00e4 vaatii dataa pidemm\u00e4lt\u00e4 aikav\u00e4lilt\u00e4.<\/li>\n<\/ul>\n<p><strong>5. En tied\u00e4 miten tulkita tai vastata kysymykseen\/kysymyksiin?<\/strong><\/p>\n<ul>\n<li>Mik\u00e4li jokin kysymys on ep\u00e4selv\u00e4 tai olet ep\u00e4varma miten vastata siihen, p\u00e4\u00e4t\u00e4 itse miten sen tulkitset ja vastaa kysymykseen samalla tavalla koko tutkimuksen ajan. Kun saat henkil\u00f6kohtaisen palauteprofiilisi, osaat itse tulkita kysymyksen t\u00e4m\u00e4n perusteella. Jos koet, ettet osaa vastata johonkin kysymykseen, ota tutkimustimiin yhteytt\u00e4 ja autamme mielell\u00e4mme!<\/li>\n<\/ul>\n<p><strong>6. Kysymys X ei ole oleellinen itselleni, mit\u00e4 teen?\u00a0<\/strong><\/p>\n<ul>\n<li>Mik\u00e4li jokin kysymys tuntuu osaltasi ep\u00e4oleellisesta, voit joko p\u00e4\u00e4tt\u00e4\u00e4 olla vastaamatta kysymykseen kokonaan tai vastaat kysymykseen vain tiettyin\u00e4 p\u00e4ivin\u00e4, sen mukaan mik\u00e4 tuntuu sopivimmalta.<\/li>\n<\/ul>\n<p><strong>7. Mit\u00e4 jos eroan kumppanistani tutkimuksen aikana?\u00a0<\/strong><\/p>\n<ul>\n<li data-leveltext=\"-\" data-font=\"Calibri\" data-listid=\"6\" data-list-defn-props=\"{&quot;335552541&quot;:1,&quot;335559684&quot;:-2,&quot;335559685&quot;:1080,&quot;335559991&quot;:360,&quot;469769226&quot;:&quot;Calibri&quot;,&quot;469769242&quot;:[8226],&quot;469777803&quot;:&quot;left&quot;,&quot;469777804&quot;:&quot;-&quot;,&quot;469777815&quot;:&quot;hybridMultilevel&quot;}\" data-aria-posinset=\"3\" data-aria-level=\"1\">Valitettavasti sinun on keskeytett\u00e4v\u00e4 osallistumisesi. Tulet kumminkin saamaan datasi, mik\u00e4li niin toivot.<\/li>\n<\/ul>\n<p><strong>8. Mit\u00e4 jos aloitan parisuhteen tutkimuksen aikana?\u00a0<\/strong><\/p>\n<ul>\n<li data-leveltext=\"-\" data-font=\"Calibri\" data-listid=\"6\" data-list-defn-props=\"{&quot;335552541&quot;:1,&quot;335559684&quot;:-2,&quot;335559685&quot;:1080,&quot;335559991&quot;:360,&quot;469769226&quot;:&quot;Calibri&quot;,&quot;469769242&quot;:[8226],&quot;469777803&quot;:&quot;left&quot;,&quot;469777804&quot;:&quot;-&quot;,&quot;469777815&quot;:&quot;hybridMultilevel&quot;}\" data-aria-posinset=\"4\" data-aria-level=\"1\">Parisuhteen aloittaminen ei est\u00e4 osallistumistasi. Voit jatkaa normaalisti kysymyksiin vastaamista.<\/li>\n<\/ul>\n<p><strong>9. Voinko osallistua vaikka olen et\u00e4-\/kaukosuhteessa?\u00a0<\/strong><\/p>\n<ul>\n<li data-leveltext=\"-\" data-font=\"Calibri\" data-listid=\"22\" data-list-defn-props=\"{&quot;335552541&quot;:1,&quot;335559684&quot;:-2,&quot;335559685&quot;:1080,&quot;335559991&quot;:360,&quot;469769226&quot;:&quot;Calibri&quot;,&quot;469769242&quot;:[8226],&quot;469777803&quot;:&quot;left&quot;,&quot;469777804&quot;:&quot;-&quot;,&quot;469777815&quot;:&quot;hybridMultilevel&quot;}\" data-aria-posinset=\"5\" data-aria-level=\"1\">Kyll\u00e4 voit. Voit vastata kysymyksiin oman tilanteesi perusteella, kunhan tulkitset kysymykset aina samalla tavalla.<\/li>\n<\/ul>\n<p><strong>10. Voinko osallistua vaikka olen polyamorisessa suhteessa?\u00a0<\/strong><\/p>\n<ul>\n<li data-leveltext=\"-\" data-font=\"Calibri\" data-listid=\"23\" data-list-defn-props=\"{&quot;335552541&quot;:1,&quot;335559684&quot;:-2,&quot;335559685&quot;:1080,&quot;335559991&quot;:360,&quot;469769226&quot;:&quot;Calibri&quot;,&quot;469769242&quot;:[8226],&quot;469777803&quot;:&quot;left&quot;,&quot;469777804&quot;:&quot;-&quot;,&quot;469777815&quot;:&quot;hybridMultilevel&quot;}\" data-aria-posinset=\"6\" data-aria-level=\"1\">Kyll\u00e4 voit, kunhan valitset yhden suhteistasi, jonka perusteella vastaat kysymyksiin.<\/li>\n<\/ul>\n<p><strong>11. Mihin voin k\u00e4\u00e4nty\u00e4, jos tutkimus her\u00e4tt\u00e4\u00e4 minussa negatiivisia ajatuksia ja\/tai tunteita?<\/strong><\/p>\n<ul>\n<li><span data-contrast=\"auto\">N\u00e4iss\u00e4 tilanteissa voit k\u00e4\u00e4nty\u00e4 esimerkiksi seuraavien tahojen puoleen: <\/span>\n<ul>\n<li>Mieli ry: <a href=\"https:\/\/mieli.fi\/tukea-ja-apua\/chattaa-tai-kirjoita\/\">https:\/\/mieli.fi\/tukea-ja-apua\/chattaa-tai-kirjoita\/<\/a><\/li>\n<li>Opiskelijahuolto: https:\/\/www.yths.fi\/<\/li>\n<\/ul>\n<\/li>\n<\/ul>\n<ul>\n<li>Muista kumminkin, ett\u00e4 on normaalia kokea vaihtelua omassa hyvinvoinnissa ja parisuhteessa.<\/li>\n<\/ul>\n<h2>Tietosuoja<\/h2>\n<p><strong>12. Kenell\u00e4 on p\u00e4\u00e4sy tietoihini?\u00a0<\/strong><\/p>\n<ul>\n<li>Ainoastaan projektin vet\u00e4j\u00e4t Jeremia Sj\u00f6blom ja Martin Lagerstr\u00f6m p\u00e4\u00e4sev\u00e4t k\u00e4siksi tietoihisi kokonaisuudessaan. Pseudonymisoitua ryhm\u00e4dataa voidaan jakaa tutkimusryhm\u00e4n sis\u00e4ll\u00e4 tai muiden kanssa noudattaen Avoimen tieteen linjauksia. Ryhm\u00e4datasta ei ole mahdollista tunnistaa yksitt\u00e4isi\u00e4 henkil\u00f6it\u00e4.<\/li>\n<\/ul>\n<p><strong>13. Kuinka kauan dataani s\u00e4ilytet\u00e4\u00e4n?\u00a0<\/strong><\/p>\n<ul>\n<li>Tietosi tallennetaan Ethica (Avicennan) tutkimussovellukseen tutkimuksen aikana. Henkil\u00f6tietojasi k\u00e4sittelev\u00e4t vain tutkimuksen p\u00e4\u00e4tutkijat (Jeremia Sj\u00f6blom ja Martin Lagerstr\u00f6m), ja niit\u00e4 k\u00e4sitell\u00e4\u00e4n t\u00e4ysin luottamuksellisesti. Heti kun henkil\u00f6tietojasi ei ole en\u00e4\u00e4 tarpeen yhdist\u00e4\u00e4 s\u00e4hk\u00f6postiisi, teemme tiedoista pseudonyymej\u00e4 poistamalla s\u00e4hk\u00f6postitietosi. Tutkimuksen p\u00e4\u00e4tytty\u00e4 tietosi poistetaan Ethica (Avicennan) sovelluksesta, ja tutkimustiedot tallennetaan \u00c5bo Akademin yliopiston suljetuille palvelimille. Tutkimuksen p\u00e4\u00e4tytty\u00e4 tutkimusaineisto arkistoidaan \u00c5bo Akademin yliopistossa.<\/li>\n<\/ul>\n<p><strong>14. Miksi minun pit\u00e4\u00e4 jakaa yksityist\u00e4 tietoa?<\/strong><\/p>\n<ul>\n<li>Sinun t\u00e4ytyy rekister\u00f6ity\u00e4 Ethica (Avicenna) sovellukseen, jotta voit osallistua tutkimukseen, ja t\u00e4ss\u00e4 yhteydess\u00e4 sinun tulee my\u00f6s antaa s\u00e4hk\u00f6postiosoitteesi. Mik\u00e4li haluat tutkimuksen lopussa saada henkil\u00f6kohtaisen palauteprofiilisi, tulee sinun my\u00f6s ilmoittaa s\u00e4hk\u00f6postiosoite johon haluat profiilin toimitettavan. Voit ilmoittaa eri s\u00e4hk\u00f6postiosoitteen rekister\u00f6itymisess\u00e4 ja profiilia pyyt\u00e4ess\u00e4.<\/li>\n<\/ul>\n<h2>Ethica (Avicenna)<\/h2>\n<p><strong>15. Mit\u00e4 jos minulta j\u00e4\u00e4 yksi tai useampi p\u00e4ivitt\u00e4inen kysely v\u00e4list\u00e4?<\/strong><\/p>\n<ul>\n<li>Ei haittaa vaikka sinulta j\u00e4isi yksitt\u00e4isi\u00e4 kyselyit\u00e4 vastaamatta. Jatka kyselyihin vastaamista seuraavan kerran, kun sinulla on siihen mahdollisuus. Mik\u00e4li moni kysely j\u00e4\u00e4 vastaamatta, voi t\u00e4m\u00e4 vaikuttaa siihen, millaisen henkil\u00f6kohtaisen palauteprofiilin saat.<\/li>\n<\/ul>\n<p><strong>16. En saa ilmoituksia Ethica (Avicenna) sovelluksesta. Mit\u00e4 teen?<\/strong><\/p>\n<ul>\n<li>Tarkista, ett\u00e4 sovelluksella on lupa l\u00e4hett\u00e4\u00e4 sinulle ilmoituksia kohdassa &#8221;Asetukset &gt; Ilmoitukset&#8221;. Jos et pysty ratkaisemaan ongelmaa, ota yhteytt\u00e4 tutkimusryhm\u00e4\u00e4n.<\/li>\n<\/ul>\n<p><strong>17. Mit\u00e4 tapahtuu, jos saan uuden puhelimen?<\/strong><\/p>\n<ul>\n<li>Ota yhteytt\u00e4 tutkimustiimiin s\u00e4hk\u00f6postitse, ja autamme sinua ottamaan sovelluksen uudelleen k\u00e4ytt\u00f6\u00f6n.<\/li>\n<\/ul>\n<p><strong>18. Olen unohtanut tunnukseni Ethica (Avicenna) sovellukseen. Mit\u00e4 teen?<\/strong><\/p>\n<ul>\n<li>Ethica (Avicenna) pit\u00e4\u00e4 sinut sis\u00e4\u00e4nkirjautuneena koko tutkimuksen ajan. Mik\u00e4li sinut on kirjattu ulos, voit k\u00e4ytt\u00e4\u00e4 &#8221;<span style=\"color: #000000\">unohdin salasani<\/span>&#8221; toimintoa sovelluksessa. Ongelmatilanteissa voit olla yhteydess\u00e4 tutkimustiimiin s\u00e4hk\u00f6postitse.<\/li>\n<\/ul>\n<p><strong>19. Voinko muuttaa aikaa jolloin ilmoitukset tulevat?<\/strong><\/p>\n<ul>\n<li>Et voi muuttaa ilmoitusten aikaa. Voit kumminkin itse p\u00e4\u00e4tt\u00e4\u00e4 koska klo. 21.00 ja 04.00 v\u00e4lill\u00e4 vastaat kyselyyn. Sinun ei siis tarvitse vastata kyselyyn heti ilmoituksen saatuasi. Ei my\u00f6sk\u00e4\u00e4n haittaa, mik\u00e4li sinulta j\u00e4\u00e4 yksitt\u00e4isi\u00e4 kyselyit\u00e4 vastaamatta. Jatka vastaamista, kun sinulla on siihen mahdollisuus.<\/li>\n<\/ul>\n<p><strong>20. Tulenko saamaan ilmoitukset ilman internetyhteytt\u00e4?<\/strong><\/p>\n<ul>\n<li>Kyll\u00e4! Kun olet kerran aloittanut kysymyksiin vastaamisen, et jatkossa tarvitse internetyhteytt\u00e4 saadaksesi kyselyit\u00e4. Tasaisin v\u00e4lein on kumminkin hyv\u00e4 yhdist\u00e4\u00e4 puhelin verkkoon, jotta tietosi synkronoituvat, mutta itse kyselyit\u00e4 ja ilmoituksia varten et tarvitse internetyhteytt\u00e4.<\/li>\n<\/ul>\n<p><strong>21. Voinko matkustaa (eri aikavy\u00f6hykkeelle) tutkimuksena aikana?<\/strong><\/p>\n<ul>\n<li>Kyll\u00e4! Kyselyt l\u00e4hetet\u00e4\u00e4n sen aikavy\u00f6hykkeen mukaan miss\u00e4 olet.<\/li>\n<\/ul>\n<p><strong>22. En voinut muuttaa asetuksiani Ethica (Avicenna) sovelluksen pyynt\u00f6jen mukaan. Mit\u00e4 teen?<\/strong><\/p>\n<ul>\n<li>Mik\u00e4li saat ilmoituksen kyselyist\u00e4 joka p\u00e4iv\u00e4 klo. 21.00, ei sinun tarvitse tehd\u00e4 mit\u00e4\u00e4n. Mik\u00e4li et saa ilmoituksia, katso kohta 16 tai 17. Ongelmatilanteissa ota yhteytt\u00e4 tutkimustiimiin s\u00e4hk\u00f6postitse.<\/li>\n<\/ul>\n<p>&nbsp;<\/p>\n<p><strong>Yhteydenotto: firp@abo.fi<\/strong><\/p>\n","protected":false},"excerpt":{"rendered":"<p>Paina t\u00e4st\u00e4 rekister\u00f6ity\u00e4ksesi! Alta l\u00f6yd\u00e4t vastaukset yleisimpiin kysymyksiin tutkimukseen liittyen. Mik\u00e4li et l\u00f6yd\u00e4 vastausta kysymykseesi alta, ota yhteytt\u00e4 s\u00e4hk\u00f6postitse (firp@abo.fi) Yleiset kysymykset: 1. Kuka voi osallistua?\u00a0 Kaikki 18 vuotta t\u00e4ytt\u00e4neet! Rekrytoimme sek\u00e4 parisuhteessa olevia henkil\u00f6it\u00e4 ett\u00e4 sinkkuja. Sinulla tulee my\u00f6s olla \u00e4lypuhelin osallistuaksesi (Android tai iOS).\u00a0 2. Milt\u00e4 tutkimuksen aikajana n\u00e4ytt\u00e4\u00e4?\u00a0\u00a0\u00a0 Tutkimuksessa on kolme vaihetta: &hellip; <a href=\"https:\/\/blogs2.abo.fi\/firp-fi\/ukk\/\" class=\"more-link\">Forts\u00e4tt l\u00e4sa <span class=\"screen-reader-text\">UKK<\/span> <span class=\"meta-nav\">&rarr;<\/span><\/a><\/p>\n","protected":false},"author":860,"featured_media":0,"parent":0,"menu_order":0,"comment_status":"closed","ping_status":"closed","template":"","meta":{"footnotes":""},"class_list":["post-25","page","type-page","status-publish","hentry"],"_links":{"self":[{"href":"https:\/\/blogs2.abo.fi\/firp-fi\/wp-json\/wp\/v2\/pages\/25","targetHints":{"allow":["GET"]}}],"collection":[{"href":"https:\/\/blogs2.abo.fi\/firp-fi\/wp-json\/wp\/v2\/pages"}],"about":[{"href":"https:\/\/blogs2.abo.fi\/firp-fi\/wp-json\/wp\/v2\/types\/page"}],"author":[{"embeddable":true,"href":"https:\/\/blogs2.abo.fi\/firp-fi\/wp-json\/wp\/v2\/users\/860"}],"replies":[{"embeddable":true,"href":"https:\/\/blogs2.abo.fi\/firp-fi\/wp-json\/wp\/v2\/comments?post=25"}],"version-history":[{"count":27,"href":"https:\/\/blogs2.abo.fi\/firp-fi\/wp-json\/wp\/v2\/pages\/25\/revisions"}],"predecessor-version":[{"id":157,"href":"https:\/\/blogs2.abo.fi\/firp-fi\/wp-json\/wp\/v2\/pages\/25\/revisions\/157"}],"wp:attachment":[{"href":"https:\/\/blogs2.abo.fi\/firp-fi\/wp-json\/wp\/v2\/media?parent=25"}],"curies":[{"name":"wp","href":"https:\/\/api.w.org\/{rel}","templated":true}]}}