{"id":23,"date":"2023-12-13T16:10:15","date_gmt":"2023-12-13T16:10:15","guid":{"rendered":"https:\/\/blogs2.abo.fi\/firp-fi\/?page_id=23"},"modified":"2024-03-12T10:31:34","modified_gmt":"2024-03-12T10:31:34","slug":"tutkimus","status":"publish","type":"page","link":"https:\/\/blogs2.abo.fi\/firp-fi\/tutkimus\/","title":{"rendered":"Tutkimuksesta"},"content":{"rendered":"<p><a href=\"https:\/\/blogs2.abo.fi\/firp-fi\/rekisteroidy\/\">Paina t\u00e4st\u00e4 rekister\u00f6ity\u00e4ksesi!<\/a><\/p>\n<h3>Tutkimuksen tavoite<\/h3>\n<p>Tutkimuksen tavoite on katsastella hyvinvoinnin ja ihmissuhteiden p\u00e4ivitt\u00e4ist\u00e4 dynamiikka, sill\u00e4 t\u00e4t\u00e4 ei viel\u00e4 tunneta tarpeeksi hyvin. Sek\u00e4 kliinisess\u00e4 ty\u00f6ss\u00e4 ett\u00e4 ihmisten omassa k\u00e4yt\u00f6ss\u00e4, on mielenkiinto lis\u00e4\u00e4ntynyt puhelinsovelluksiin, joiden avulla voisi mahdollisesti lis\u00e4t\u00e4 ymm\u00e4rryst\u00e4 hyvinvoinnin ja ihmissuhteiden dynamiikasta. Tutkimuksessa halutaan kartoittaa, voidaanko henkil\u00f6kohtaisten palauteprofiilien avulla lis\u00e4t\u00e4 ihmisten ymm\u00e4rryst\u00e4 t\u00e4st\u00e4 dynamiikasta. Toiveena on, ett\u00e4 palauteprofiilit lis\u00e4isiv\u00e4t ymm\u00e4rryst\u00e4 omasta hyvinvoinnista ja\/tai omista ihmissuhteista.<\/p>\n<h3>Miksi osallistua?<\/h3>\n<p>Sinulla on tutkimuksen p\u00e4\u00e4tytty\u00e4 mahdollisuus saada henkil\u00f6kohtainen palauteprofiili, joka perustuu tutkimuksen aikana antamiisi vastauksiin. Profiili lis\u00e4\u00e4 ymm\u00e4rryst\u00e4si hyvinvoinnistasi ja ihmissuhteistasi, ja voi antaa mahdollisuuden:<\/p>\n<ul>\n<li>Itsereflektioon<\/li>\n<li>Lis\u00e4\u00e4ntyneelle itsetuntemukselle<\/li>\n<li>Ymm\u00e4rt\u00e4\u00e4 tekij\u00f6it\u00e4, jotka ovat t\u00e4rkeit\u00e4 hyvinvointisi ja ihmissuhteidesi kannalta<\/li>\n<li>Ymm\u00e4rt\u00e4\u00e4 tekij\u00f6it\u00e4, jotka arjessasi liittyv\u00e4t toisiinsa ja vaikuttavat toisiinsa<\/li>\n<\/ul>\n<p>Mit\u00e4 pidemp\u00e4\u00e4n vastaat p\u00e4ivitt\u00e4isiin kysymyksiin, sit\u00e4 kattavamman profiilin saat. Jotta voimme luoda luotettavan palauteprofiilin, tulee sinun osallistua tutkimukseen v\u00e4hint\u00e4\u00e4n kahden kuukauden ajan. Mik\u00e4li keskeyt\u00e4t tutkimuksen aikaisemmin, on sinulla kumminkin mahdollisuus saada siihen asti antamasi data k\u00e4sittelem\u00e4tt\u00f6m\u00e4ss\u00e4 muodossa<strong>.\u00a0<\/strong>Mik\u00e4li vastaat kysymyksiin tutkimuksen loppuun asti (v\u00e4hint\u00e4\u00e4n 100 vastattua kysely\u00e4 + seurantakysely), tulet my\u00f6s saamaan R-kioskin lahjakortin (arvo 25 euroa). Lahjakortilla voit ostaa mm. elokuva- tai tapahtumalippuja, lahjakortteja esimerkiksi Ikeaan tai Zalandoon tai muita tuotteita. Voit tutustua valikoimaan seuraavan linkin kautta: <a href=\"https:\/\/www.r-kioski.fi\/\">https:\/\/www.r-kioski.fi\/<\/a>. Lis\u00e4ksi tuet tutkimusty\u00f6t\u00e4!<\/p>\n<h4><strong>Henkil\u00f6kohtainen palauteprofiili tutkimuksen lopussa:<\/strong><\/h4>\n<p>Profiili, joka sinulla on mahdollisuus saada tutkimuksen lopussa, \u00a0antaa tietoa ilmi\u00f6iden v\u00e4lisist\u00e4 kuvioista itsess\u00e4si ja\/tai parisuhteessasi. Tieto n\u00e4ist\u00e4 kuvioista voi tuntua yll\u00e4tt\u00e4v\u00e4lt\u00e4 ja her\u00e4tt\u00e4\u00e4 ajatuksia. On muistettava, ett\u00e4 isot ja pienet vaihtelut hyvinvoinnissasi ja parisuhteessasi ovat normaaleja, eiv\u00e4tk\u00e4 v\u00e4ltt\u00e4m\u00e4tt\u00e4 kieli ongelmasta. Tulee my\u00f6s muistaa, ett\u00e4 saamasi profiili ei ole diagnostinen v\u00e4line, vaan tutkimuksen tarkoitus on kartoittaa, mik\u00e4li t\u00e4ll\u00e4isen profiilin luominen on ylip\u00e4\u00e4t\u00e4\u00e4n mahdollista.<\/p>\n<h3>Aikajana<\/h3>\n<p>Alla esittelemme tutkimuksen aikajanan ja rakenteen tarkemmin.<\/p>\n<p><img loading=\"lazy\" decoding=\"async\" class=\"alignnone wp-image-104\" src=\"http:\/\/blogs2.abo.fi\/firp-fi\/wp-content\/uploads\/sites\/258\/2024\/02\/Timeline_forskning-4-300x150.png\" alt=\"\" width=\"732\" height=\"366\" srcset=\"https:\/\/blogs2.abo.fi\/firp-fi\/wp-content\/uploads\/sites\/258\/2024\/02\/Timeline_forskning-4-300x150.png 300w, https:\/\/blogs2.abo.fi\/firp-fi\/wp-content\/uploads\/sites\/258\/2024\/02\/Timeline_forskning-4-1024x512.png 1024w, https:\/\/blogs2.abo.fi\/firp-fi\/wp-content\/uploads\/sites\/258\/2024\/02\/Timeline_forskning-4-768x384.png 768w, https:\/\/blogs2.abo.fi\/firp-fi\/wp-content\/uploads\/sites\/258\/2024\/02\/Timeline_forskning-4-1536x768.png 1536w, https:\/\/blogs2.abo.fi\/firp-fi\/wp-content\/uploads\/sites\/258\/2024\/02\/Timeline_forskning-4-2048x1024.png 2048w\" sizes=\"auto, (max-width: 732px) 100vw, 732px\" \/><\/p>\n<h2>Yhteenveto tutkimuksesta<\/h2>\n<p>Tutkimuksessa osallistujat vastaavat kahdesta nelj\u00e4\u00e4n kuukauteen p\u00e4ivitt\u00e4in muutamaan kysymykseen puhelinsovelluksessa Ethica (Avicenna). Kysymykset ovat saatavilla klo. 21.00 ja 04.00 v\u00e4lill\u00e4 ja vastaaminen kest\u00e4\u00e4 noin 1-2 minuuttia. Parisuhteessa olevat henkil\u00f6t tulevat saamaan kysymyksi\u00e4 hyvinvoinnistaan ja parisuhteestaan. Sinkut tulevat saamaan kysymyksi\u00e4 hyvinvoinnistaan ja sosiaalisista suhteistaan. P\u00e4ivitt\u00e4isten kysymysten lis\u00e4ksi osallistujat vastaavat tutkimuksen alussa ja lopussa hieman pidemp\u00e4\u00e4n kyselyyn taustatiedoistaan, joiden vastaamiseen menee noin 10-20 minuuttia. Osallistujilla on tutkimuksen p\u00e4\u00e4tytty\u00e4 mahdollisuus saada henkil\u00f6kohtainen palauteprofiili, joka pohjautuu vastauksiin tutkimuksen ajalta. Profiilista n\u00e4kee, miten vastaukset ovat vaihdelleet ajan mittaan, ja osallistujat voivat saada paremman k\u00e4sityksen siit\u00e4, miten eri tekij\u00e4t ovat yhteydess\u00e4 toisiinsa ja vaikuttavat toisiinsa.\u00a0 Tulemme my\u00f6s pyyt\u00e4m\u00e4\u00e4n osallistujilta palautetta siit\u00e4, miten on kokenut kysymyksiin vastaamisen ja oman palauteprofiilinsa.<\/p>\n<p>Tarkemmat ohjeet rekister\u00f6itymist\u00e4 varten l\u00f6yd\u00e4t\u00a0<a href=\"https:\/\/blogs2.abo.fi\/firp-fi\/rekisteroidy\/\">painamalla t\u00e4st\u00e4!<\/a><\/p>\n","protected":false},"excerpt":{"rendered":"<p>Paina t\u00e4st\u00e4 rekister\u00f6ity\u00e4ksesi! Tutkimuksen tavoite Tutkimuksen tavoite on katsastella hyvinvoinnin ja ihmissuhteiden p\u00e4ivitt\u00e4ist\u00e4 dynamiikka, sill\u00e4 t\u00e4t\u00e4 ei viel\u00e4 tunneta tarpeeksi hyvin. Sek\u00e4 kliinisess\u00e4 ty\u00f6ss\u00e4 ett\u00e4 ihmisten omassa k\u00e4yt\u00f6ss\u00e4, on mielenkiinto lis\u00e4\u00e4ntynyt puhelinsovelluksiin, joiden avulla voisi mahdollisesti lis\u00e4t\u00e4 ymm\u00e4rryst\u00e4 hyvinvoinnin ja ihmissuhteiden dynamiikasta. Tutkimuksessa halutaan kartoittaa, voidaanko henkil\u00f6kohtaisten palauteprofiilien avulla lis\u00e4t\u00e4 ihmisten ymm\u00e4rryst\u00e4 t\u00e4st\u00e4 dynamiikasta. Toiveena &hellip; <a href=\"https:\/\/blogs2.abo.fi\/firp-fi\/tutkimus\/\" class=\"more-link\">Forts\u00e4tt l\u00e4sa <span class=\"screen-reader-text\">Tutkimuksesta<\/span> <span class=\"meta-nav\">&rarr;<\/span><\/a><\/p>\n","protected":false},"author":860,"featured_media":0,"parent":0,"menu_order":0,"comment_status":"closed","ping_status":"closed","template":"","meta":{"footnotes":""},"class_list":["post-23","page","type-page","status-publish","hentry"],"_links":{"self":[{"href":"https:\/\/blogs2.abo.fi\/firp-fi\/wp-json\/wp\/v2\/pages\/23","targetHints":{"allow":["GET"]}}],"collection":[{"href":"https:\/\/blogs2.abo.fi\/firp-fi\/wp-json\/wp\/v2\/pages"}],"about":[{"href":"https:\/\/blogs2.abo.fi\/firp-fi\/wp-json\/wp\/v2\/types\/page"}],"author":[{"embeddable":true,"href":"https:\/\/blogs2.abo.fi\/firp-fi\/wp-json\/wp\/v2\/users\/860"}],"replies":[{"embeddable":true,"href":"https:\/\/blogs2.abo.fi\/firp-fi\/wp-json\/wp\/v2\/comments?post=23"}],"version-history":[{"count":21,"href":"https:\/\/blogs2.abo.fi\/firp-fi\/wp-json\/wp\/v2\/pages\/23\/revisions"}],"predecessor-version":[{"id":156,"href":"https:\/\/blogs2.abo.fi\/firp-fi\/wp-json\/wp\/v2\/pages\/23\/revisions\/156"}],"wp:attachment":[{"href":"https:\/\/blogs2.abo.fi\/firp-fi\/wp-json\/wp\/v2\/media?parent=23"}],"curies":[{"name":"wp","href":"https:\/\/api.w.org\/{rel}","templated":true}]}}