{"id":21,"date":"2023-12-13T16:09:53","date_gmt":"2023-12-13T16:09:53","guid":{"rendered":"https:\/\/blogs2.abo.fi\/firp-fi\/?page_id=21"},"modified":"2024-05-02T07:18:10","modified_gmt":"2024-05-02T07:18:10","slug":"rekisteroidy","status":"publish","type":"page","link":"https:\/\/blogs2.abo.fi\/firp-fi\/rekisteroidy\/","title":{"rendered":"Rekister\u00f6idy"},"content":{"rendered":"<p><img loading=\"lazy\" decoding=\"async\" class=\"size-medium wp-image-106 aligncenter\" src=\"http:\/\/blogs2.abo.fi\/firp-fi\/wp-content\/uploads\/sites\/258\/2024\/02\/Skarmavbild-2024-02-17-kl.-15.29.28-300x154.png\" alt=\"\" width=\"300\" height=\"154\" srcset=\"https:\/\/blogs2.abo.fi\/firp-fi\/wp-content\/uploads\/sites\/258\/2024\/02\/Skarmavbild-2024-02-17-kl.-15.29.28-300x154.png 300w, https:\/\/blogs2.abo.fi\/firp-fi\/wp-content\/uploads\/sites\/258\/2024\/02\/Skarmavbild-2024-02-17-kl.-15.29.28.png 523w\" sizes=\"auto, (max-width: 300px) 100vw, 300px\" \/><\/p>\n<ol>\n<li>Tutustu suostumukseen ja tietosuojatiedotteeseen\u00a0<a href=\"https:\/\/blogs2.abo.fi\/firp-fi\/suostumus-ja-tietosuojatiedote\/\">t\u00e4\u00e4ll\u00e4.<\/a><\/li>\n<li>Lataa Ethica (Avicenna)- sovellus puhelimellesi. Sovellus l\u00f6ytyy sek\u00e4 Android- ett\u00e4 iOS-versiona.<\/li>\n<li>Luo sovellukseen k\u00e4ytt\u00e4j\u00e4.<\/li>\n<li>Rekister\u00f6idy tutkimukseen antamalla sovelluksessa koodi: (rekister\u00f6ityminen on p\u00e4\u00e4ttynyt).<\/li>\n<li>Heti rekister\u00f6itymisen j\u00e4lkeen tulet t\u00e4ytt\u00e4m\u00e4\u00e4n kyselyn, joka m\u00e4\u00e4rittelee osallistutko sinkuille suunnattuun tutkimukseen tai tutkimukseen, joka on suunnattu parisuhteessa oleville.<\/li>\n<li>Samana p\u00e4iv\u00e4n\u00e4 klo. 21.00 tulet saamaan ilmoituksen taustatietokyselyyn vastaamisesta. Kyselyn vastaamiseen menee noin 10-20 minuuttia.<\/li>\n<li>Seuraavana p\u00e4iv\u00e4n\u00e4 p\u00e4ivitt\u00e4iset kyselyt alkavat ja kysymykset ovat saatavilla klo. 21.00-04.00. Ensimm\u00e4iseen vastauskertaan menee noin 5-10 minuuttia, mutta ajan my\u00f6t\u00e4, kun kysymykset tulevat tutummiksi, kest\u00e4\u00e4 vastaaminen noin 1-2 minuuttia.<\/li>\n<li>Tulet 120 p\u00e4iv\u00e4n j\u00e4lkeen saamaan seurantakyselyn, joka muistuttaa ensimm\u00e4ist\u00e4 t\u00e4ytt\u00e4m\u00e4\u00e4si kysely\u00e4. Sinulla on samalla mahdollisuus antaa s\u00e4hk\u00f6postiosoitteesi, johon l\u00e4het\u00e4mme henkil\u00f6kohtaisen palauteprofiilisi.<\/li>\n<li>Saatuasi henkil\u00f6kohtaisen palauteprofiilisi, tulet saamaan viimeisen kyselyn, jossa sinua pyydet\u00e4\u00e4n arvioimaan itse tutkimus ja saamasi palauteprofiili.<\/li>\n<\/ol>\n<p>Kaikkia antamiasi tietoja k\u00e4ytet\u00e4\u00e4n luottamuksellisesti. Mik\u00e4li tunnet jonkun tutkimustiimist\u00e4, etk\u00e4 halua tulla tunnistetuksi, voit joko luoda t\u00e4ysin uuden s\u00e4hk\u00f6postiosoitteen tutkimusta varten tai k\u00e4ytt\u00e4\u00e4 eri s\u00e4hk\u00f6postiosoitetta, kun pyyd\u00e4t henkil\u00f6kohtaisen palauteprofiilisi tutkimuksen lopussa. Voit siis ilmoittaa eri s\u00e4hk\u00f6postiosoitteen rekister\u00f6itymisen yhteydess\u00e4 ja profiilia pyyt\u00e4ess\u00e4.<\/p>\n","protected":false},"excerpt":{"rendered":"<p>Tutustu suostumukseen ja tietosuojatiedotteeseen\u00a0t\u00e4\u00e4ll\u00e4. Lataa Ethica (Avicenna)- sovellus puhelimellesi. Sovellus l\u00f6ytyy sek\u00e4 Android- ett\u00e4 iOS-versiona. Luo sovellukseen k\u00e4ytt\u00e4j\u00e4. Rekister\u00f6idy tutkimukseen antamalla sovelluksessa koodi: (rekister\u00f6ityminen on p\u00e4\u00e4ttynyt). Heti rekister\u00f6itymisen j\u00e4lkeen tulet t\u00e4ytt\u00e4m\u00e4\u00e4n kyselyn, joka m\u00e4\u00e4rittelee osallistutko sinkuille suunnattuun tutkimukseen tai tutkimukseen, joka on suunnattu parisuhteessa oleville. Samana p\u00e4iv\u00e4n\u00e4 klo. 21.00 tulet saamaan ilmoituksen taustatietokyselyyn vastaamisesta. Kyselyn &hellip; <a href=\"https:\/\/blogs2.abo.fi\/firp-fi\/rekisteroidy\/\" class=\"more-link\">Forts\u00e4tt l\u00e4sa <span class=\"screen-reader-text\">Rekister\u00f6idy<\/span> <span class=\"meta-nav\">&rarr;<\/span><\/a><\/p>\n","protected":false},"author":860,"featured_media":0,"parent":0,"menu_order":0,"comment_status":"closed","ping_status":"closed","template":"","meta":{"footnotes":""},"class_list":["post-21","page","type-page","status-publish","hentry"],"_links":{"self":[{"href":"https:\/\/blogs2.abo.fi\/firp-fi\/wp-json\/wp\/v2\/pages\/21","targetHints":{"allow":["GET"]}}],"collection":[{"href":"https:\/\/blogs2.abo.fi\/firp-fi\/wp-json\/wp\/v2\/pages"}],"about":[{"href":"https:\/\/blogs2.abo.fi\/firp-fi\/wp-json\/wp\/v2\/types\/page"}],"author":[{"embeddable":true,"href":"https:\/\/blogs2.abo.fi\/firp-fi\/wp-json\/wp\/v2\/users\/860"}],"replies":[{"embeddable":true,"href":"https:\/\/blogs2.abo.fi\/firp-fi\/wp-json\/wp\/v2\/comments?post=21"}],"version-history":[{"count":10,"href":"https:\/\/blogs2.abo.fi\/firp-fi\/wp-json\/wp\/v2\/pages\/21\/revisions"}],"predecessor-version":[{"id":159,"href":"https:\/\/blogs2.abo.fi\/firp-fi\/wp-json\/wp\/v2\/pages\/21\/revisions\/159"}],"wp:attachment":[{"href":"https:\/\/blogs2.abo.fi\/firp-fi\/wp-json\/wp\/v2\/media?parent=21"}],"curies":[{"name":"wp","href":"https:\/\/api.w.org\/{rel}","templated":true}]}}